{"id":46,"date":"2019-04-12T11:24:54","date_gmt":"2019-04-12T15:24:54","guid":{"rendered":"http:\/\/portfolio-pre.uqac.ca\/gabarit\/?page_id=46"},"modified":"2020-08-26T16:20:08","modified_gmt":"2020-08-26T20:20:08","slug":"recherche","status":"publish","type":"page","link":"https:\/\/portfolio.uqac.ca\/sebastiengaboury\/recherche\/","title":{"rendered":"Recherche"},"content":{"rendered":"<h2>Financements actifs<\/h2>\n<p><strong><em>2020\/1 &#8211; 2025\/1 &#8211; Chercheur principal<br \/>\n<\/em><\/strong>Chaire de Recherche du Canada en intelligence ambiante et capteurs portatifs pour l\u2019assistance technologique en sant\u00e9<br \/>\nMontant total du financement &#8211;\u00a0520 000 (Dollar canadien)<br \/>\n<em>Sources de financement:<\/em><br \/>\nChaire de Recherche du Canada<\/p>\n<p><strong><em>2020\/5 &#8211; 2025\/5 &#8211; Chercheur principal<br \/>\n<\/em><\/strong> CRSNG-Subvention \u00e0 la d\u00e9couverte: Intelligence ambiante et capteurs mobiles portatifs pour la reconnaissance d&#8217;activit\u00e9s dans les habitats intelligents<br \/>\nMontant total du financement &#8211; 145 000 (Dollar canadien)<br \/>\n<em>Sources de financement:<\/em><br \/>\nConseil de Recherches en Sciences Naturelles et G\u00e9nie du Canada<br \/>\n(CRSNG) &#8211; Subvention \u00e0 la d\u00e9couverte<\/p>\n<p><strong><em>2019\/07 &#8211; 2021\/6 &#8211;\u00a0 Chercheur principal<br \/>\n<\/em><\/strong> Syndrome de n\u00e9gligence de soi: l\u2019habitat intelligent et l\u2019intelligence artificielle comme outil de maintien \u00e0 domicile<br \/>\nMontant total du financement -99 900 (Dollar canadien)<br \/>\nChercheur principal : Gaboury, S\u00e9bastien<br \/>\nSources de financement:<br \/>\nFonds de recherche du Qu\u00e9bec &#8211; Sant\u00e9 (FRQS) Programme Audace<br \/>\nCo-chercheur : Bouchard, K\u00e9vin; Bier, Nathalie; Bottari, Carolina;\u00a0Couture, M\u00e9lanie; Giroux, Sylvain<\/p>\n<p><strong><em>2019\/9 &#8211; 2021\/12 &#8211; Co-chercheur<\/em><\/strong><br \/>\nBien vieillir chez soi: D\u00e9veloppement d\u2019habitations intelligentes pour le maintien \u00e0 domicile des personnes \u00e2g\u00e9es dans le milieu de leur choix<br \/>\nMontant total &#8211; 334 491 (Dollar canadien)<br \/>\nChercheur principal : Bier, Nathalie; Couture, M\u00e9lanie; Giroux, Sylvain;<br \/>\nCo-chercheur : Beauchet, Olivier; Bottari, Carolina; Bouchard, Kevin; Par\u00e9, Guy; Pigot, H\u00e9l\u00e8ne<\/p>\n<p><em><strong>2019\/1 &#8211; 2020\/8 &#8211;\u00a0 Chercheur principal<\/strong><\/em><br \/>\nD\u00e9veloppement d\u2019une technologie d\u2019assistance \u00e0 domicile pour les personnes atteintes de dystrophie myotonique de type 1 visant \u00e0 am\u00e9liorer la capacit\u00e9 musculaire et fonctionnelle<br \/>\nMontant total du financement &#8211; 34 000 (Dollar canadien)<br \/>\nPortion de financement re\u00e7u &#8211; 8 500 (Dollar canadien)<br \/>\n<em>Sources de financement:<\/em><br \/>\nFonds de recherche du Qu\u00e9bec &#8211; Nature et technologies (FRQNT)<br \/>\nINTER-Regroupement Strat\u00e9gique<br \/>\nCo-chercheur : Bouchard, Kevin; Duchesne, Elise; Gagnon, Cynthia<\/p>\n<p><strong><em>2017\/6 &#8211; 2020\/6 &#8211; Chercheur principal<\/em><\/strong><br \/>\nD\u00e9veloppement d\u2019une infrastructure d\u2019habitat intelligent portative<br \/>\n<em>Sources de financement:<\/em><br \/>\nFondation de l&#8217;Univ. du Qu\u00e9bec \u00c0 Chicoutimi &#8211; FUQAC projet sp\u00e9cial<br \/>\nMontant total &#8211; 30 000 (Dollar canadien)<\/p>\n<p><strong><em>2015\/5 &#8211; 2020\/5 &#8211; Chercheur principal<\/em><\/strong><br \/>\nCRSNG-Subvention \u00e0 la d\u00e9couverte: Reconnaissance d&#8217;activit\u00e9s \u00e0 base de capteurs de nature RFID et \u00e9lectrique aux fins d&#8217;assistance cognitive<br \/>\nMontant total du financement &#8211; 115 000 (Dollar canadien)<br \/>\nPortion de financement re\u00e7u &#8211; 115 000 (Dollar canadien)<br \/>\n<em>Sources de financement:<\/em><br \/>\nConseil de Recherches en Sciences Naturelles et G\u00e9nie du Canada<br \/>\n(CRSNG) &#8211; Subvention \u00e0 la d\u00e9couverte<\/p>\n<p><strong><em>2015\/5 &#8211; 2020\/5 &#8211; Chercheur principal<\/em><\/strong><br \/>\nAm\u00e9lioration et mise \u00e0 jour des infrastructures domotiques du laboratoire LIARA<br \/>\nMontant total du financement &#8211; 248 986 (Dollar canadien)<br \/>\nPortion de financement re\u00e7u &#8211; 82 996 (Dollar canadien)<br \/>\n<em>Sources de financement:<\/em><br \/>\nFondation canadienne pour l&#8217;innovation<br \/>\nFonds des leaders John-R.-Evans<br \/>\nCo-chercheur : Abdenour Bouzouane<\/p>\n<p><strong><em>2017\/4 &#8211; 2020\/4 &#8211; Co-chercheur<\/em><\/strong><\/p>\n<p>Maintien \u00e0 domicile des personnes \u00e2g\u00e9es vuln\u00e9rables : co-conception et d\u00e9ploiement de solutions technologiques dans le cadre d\u00b9un laboratoire vivant<br \/>\nMontant total du financement &#8211; 978 000 (Dollar canadien)<br \/>\nPortion de financement re\u00e7u &#8211; 35 208 (Dollar canadien)<br \/>\nSources de financement:<br \/>\nInstituts de Recherche en Sant\u00e9 du Canada (IRSC)<br \/>\nPRCS<br \/>\nMontant total &#8211; 978 000 (Dollar canadien)<br \/>\nChercheur principal : M\u00e9lanie Couture; Nathalie Bier; Sylvain Giroux;<br \/>\nCo-chercheur : Carolina Bottari; Guy Par\u00e9; H\u00e9l\u00e8ne Pigot; K\u00e9vin Bouchard; Maxime<br \/>\nLussier; Patricia Da Cunha Belchior<\/p>\n","protected":false},"excerpt":{"rendered":"<p>Financements actifs 2020\/1 &#8211; 2025\/1 &#8211; Chercheur principal Chaire de Recherche du Canada en intelligence ambiante et capteurs portatifs pour l\u2019assistance technologique en sant\u00e9 Montant total du financement &#8211;\u00a0520 000 (Dollar canadien) Sources de financement: Chaire de Recherche du Canada 2020\/5 &#8211; 2025\/5 &#8211; Chercheur principal CRSNG-Subvention \u00e0 la d\u00e9couverte: Intelligence ambiante et capteurs mobiles &hellip; <a href=\"https:\/\/portfolio.uqac.ca\/sebastiengaboury\/recherche\/\" class=\"more-link\">Continuer la lecture de <span class=\"screen-reader-text\">Recherche<\/span>  <span class=\"meta-nav\">&rarr;<\/span><\/a><\/p>\n","protected":false},"author":89,"featured_media":0,"parent":0,"menu_order":0,"comment_status":"closed","ping_status":"closed","template":"","meta":{"footnotes":""},"tags":[],"_links":{"self":[{"href":"https:\/\/portfolio.uqac.ca\/sebastiengaboury\/wp-json\/wp\/v2\/pages\/46"}],"collection":[{"href":"https:\/\/portfolio.uqac.ca\/sebastiengaboury\/wp-json\/wp\/v2\/pages"}],"about":[{"href":"https:\/\/portfolio.uqac.ca\/sebastiengaboury\/wp-json\/wp\/v2\/types\/page"}],"author":[{"embeddable":true,"href":"https:\/\/portfolio.uqac.ca\/sebastiengaboury\/wp-json\/wp\/v2\/users\/89"}],"replies":[{"embeddable":true,"href":"https:\/\/portfolio.uqac.ca\/sebastiengaboury\/wp-json\/wp\/v2\/comments?post=46"}],"version-history":[{"count":7,"href":"https:\/\/portfolio.uqac.ca\/sebastiengaboury\/wp-json\/wp\/v2\/pages\/46\/revisions"}],"predecessor-version":[{"id":300,"href":"https:\/\/portfolio.uqac.ca\/sebastiengaboury\/wp-json\/wp\/v2\/pages\/46\/revisions\/300"}],"wp:attachment":[{"href":"https:\/\/portfolio.uqac.ca\/sebastiengaboury\/wp-json\/wp\/v2\/media?parent=46"}],"wp:term":[{"taxonomy":"post_tag","embeddable":true,"href":"https:\/\/portfolio.uqac.ca\/sebastiengaboury\/wp-json\/wp\/v2\/tags?post=46"}],"curies":[{"name":"wp","href":"https:\/\/api.w.org\/{rel}","templated":true}]}}