{"id":20,"date":"2018-09-13T11:17:25","date_gmt":"2018-09-13T15:17:25","guid":{"rendered":"http:\/\/portfolio-pre.uqac.ca\/gabarit\/?page_id=20"},"modified":"2026-02-20T11:54:24","modified_gmt":"2026-02-20T16:54:24","slug":"publications","status":"publish","type":"page","link":"https:\/\/portfolio.uqac.ca\/sebastiensimard\/publications\/","title":{"rendered":"Articles (5 derni\u00e8res ann\u00e9es)"},"content":{"rendered":"<p>Pour la liste compl\u00e8te des publications de Professeur Simard, consultez le d\u00e9p\u00f4t institutionnel de l&#8217;UQAC, Constellation &#8211;&gt; <a href=\"https:\/\/constellation.uqac.ca\/view\/people\/Simard=3AS=E9bastien=3A=3A.html\">ICI<\/a><\/p>\n<p>Pulido, L., P\u00e9pin, A., Bergeron-Leclerc, C., Cherblanc, J., Godue-Couture, C., Laprise, C., Paquette, L., Nadeau-Tremblay, S., &amp; Simard, S. (2025). The effects of outdoor teaching on academic achievement and its associated factors\u2014A scoping review. <em>Education Sciences, 15<\/em>(8). <a href=\"https:\/\/doi.org\/10.3390\/educsci15081060\">https:\/\/doi.org\/10.3390\/educsci15081060<\/a><\/p>\n<p>Schellekens, M. P. J., Luigjes-Huizer, Y. L., Smith, A. B., Custers, J. A. E., Simard, S., Lebel, S., &amp; van der Lee, M. L. (2025). The interconnectedness of fear of cancer recurrence components: A network approach. <em>Health Psychology<\/em>.\u00a0Publication en ligne devanc\u00e9e. https:\/\/doi.org\/10.1037\/hea0001528<\/p>\n<p>Langelier, M.-\u00c8., Fortin, J., Gauthier-Boudreau, J., Larouche, A., Mercure, C., Bergeron-Leclerc, C., Simard, S., Cherblanc, J., Brault, M.-C., Laprise, C., &amp; Pulido, L. (2025).\u00a0The impact of nature-based learning on student health: A scoping review.\u00a0<em>Journal of Outdoor and Environmental Education<\/em>. https:\/\/doi.org\/10.1007\/s42322-024-00189-x<\/p>\n<p>Houde, P., Bergeron, P., &amp; Simard, S. (2024).\u00a0Les biais attentionnels associ\u00e9s \u00e0 la peur de la r\u00e9cidive du cancer : une recension des \u00e9crits.\u00a0<em>Psycause : revue scientifique \u00e9tudiante de l\u2019\u00c9cole de psychologie de l\u2019Universit\u00e9 Laval, 14<\/em>(1), 6-15. https:\/\/doi.org\/10.1007\/s42322-024-00189-x<\/p>\n<p>Ju\u00e1rez-Garc\u00eda, D. M., V\u00e1zquez-Esseso, M. B., G\u00e1lvez-Hern\u00e1ndez, L., Bazan, J., &amp; Simard, S. (2024).\u00a0Fear of cancer recurrence inventory (FCRI) in Spanish: Validation in Mexican women with breast cancer.\u00a0<em>Anales de Psicolog\u00eda \/ Annals of Psychology, 40<\/em>(3), 355\u2013363. https:\/\/doi.org\/10.6018\/analesps.590721<\/p>\n<p>Gigu\u00e8re, L., Mutsaers, B., Harris, C., Smith, A. B., Humphris, G. M., Costa, D., Kogan, C. S., Simard, S., &amp; Lebel, S. (2024).\u00a0The Ottawa clinical fear of recurrence instruments: A screener, self-report, and clinical interview.\u00a0<em>Psycho-Oncology, 33<\/em>(6), e6364. https:\/\/doi.org\/10.1002\/pon.6364<\/p>\n<p>Lyhne, J. D., Smith, A. B., Timm, S., Simard, S., Jensen, L. H., Frostholm, L., &amp; Fink, P. (2023).\u00a0<a href=\"https:\/\/constellation.uqac.ca\/id\/eprint\/9847\/\">Validity and screening capacity of the FCR-1r for fear of cancer recurrence in long-term colorectal cancer survivors.\u00a0<\/a>\u00a0<em>Supportive Care in Cancer, 31<\/em>, e690. https:\/\/doi.org\/10.1007\/s00520-023-08159-7<\/p>\n<p>Wu, Y., Levis, B., Daray, F. M., Ioannidis, J. P. A., Patten, S. B., Cuijpers, P., Ziegelstein, R. C., Gilbody, S., Fischer, F. H., Fan, S., Sun, Y., He, C., Krishnan, A., Neupane, D., Bhandari, P. M., Negeri, Z., Riehm, K. E., Rice, D. B., Azar, M., Yan, X. W., \u2026 Thombs, B. D. (2023).\u00a0Comparison of the accuracy of the 7-item HADS Depression subscale and 14-item total HADS for screening for major depression: A systematic review and individual participant data meta-analysis.\u00a0<em>Psychological Assessment, 35<\/em>(2), 95\u2013114. https:\/\/doi.org\/10.1037\/pas0001181<\/p>\n<p>Bergerot, C. D., Ferreira, L. N., Nascimento, L., Molina, M., Pagung, L. B., Pedersen, B. d. S., de Andrade, T. G., Machado, R. H. I., Freitas, A. N. d. S., Barreto, L. H. C. T., de Araujo, L. L., Tumeh, I. B. R. G., Vieira, N. B. S., Lee, D., Philip, E. J., Neto, J. N. M., Buso, M. M., Simard, S., Ozakinci, G., Humphris, G., \u2026 Smith, A. B. (2023).\u00a0<a href=\"https:\/\/constellation.uqac.ca\/id\/eprint\/9805\/\">Fear of cancer recurrence among Brazilian patients with cancer: Translation and cultural adaptation of FCR4\/7 and FCRI-SF measures.<\/a>\u00a0<em>Journal of Psychosomatic Research, 165,<\/em> e111125. https:\/\/doi.org\/10.1016\/j.jpsychores.2022.111125<\/p>\n<p>Tutelman, P. R., Chambers, C. T., Noel, M., Heathcote, L. C., Fernandez, C. V., Flanders, A., MacLeod, J., Sherry, S. B., Simard, S., Stern, M., Stewart, S. H., &amp; Urquhart, R. (2022).\u00a0<a href=\"https:\/\/constellation.uqac.ca\/id\/eprint\/9812\/\">Pain and fear of cancer recurrence in survivors of childhood cancer.<\/a>\u00a0<em>The Clinical Journal of Pain,\u00a038<\/em>(7), 484-491. https:\/\/doi.org\/10.1097\/AJP.0000000000001049<\/p>\n<p>Luigjes-Huizer, Y. L., Tauber, N. M., Humphris, G., Kasparian, N. A., Lam, W. W. T., Lebel, S., Simard, S., Smith, A. B., Zachariae, R., Afiyanti, Y., Bell, K. J. L., Custers, J. A. E., de Wit, N. J., Fisher, P. L., Galica, J., Garland, S. N., Helsper, C. W., Jeppesen, M. M., Liu, J., Mititelu, R., \u2026 van der Lee, M. L. (2022) What is the prevalence of fear of cancer recurrence in cancer survivors and patients? A systematic review and individual participant data meta-analysis.\u00a0<em>Psycho-Oncology,\u00a031<\/em>(6),\u00a0879-892.\u00a0<a href=\"https:\/\/doi.org\/10.1002\/pon.5921\">https:\/\/doi.org\/10.1002\/pon.5921<\/a><\/p>\n<p>Tutelman, P. R., Chambers, C. T., Heathcote, L. C., Fernandez, C. V., Flanders, A., Patton, M., Schulte, F. S. M., Guilcher, G. M. T., Simard, S., MacLeod, J., &amp; Stern, M. (2022).\u00a0<a href=\"https:\/\/constellation.uqac.ca\/id\/eprint\/9806\/\">Measuring fear of cancer recurrence in survivors of childhood cancer: Development and preliminary validation of the Fear of Cancer Recurrence Inventory (FCRI)\u2010Child and Parent versions.<\/a>\u00a0<em>Psycho-Oncology,\u00a031<\/em>(6), 911-919. https:\/\/doi.org\/10.1002\/pon.5879<\/p>\n<p>Aubin, M., V\u00e9zina, L., Verreault, R., Simard, S., Hudon, \u00c9., Desbiens, J.-F., Fillion, L., Dumont, S., Tourigny, A., &amp; Daneault, S. (2022).\u00a0<a href=\"https:\/\/constellation.uqac.ca\/id\/eprint\/9803\/\">Distress experienced by lung cancer patients and their family caregivers in the first year of their cancer journey.<\/a>\u00a0<em>Palliative and Supportive Care,\u00a020<\/em>(1), 15-21. https:\/\/doi.org\/10.1017\/S1478951521000377<\/p>\n<p>Aubin, M., V\u00e9zina, L., Verreault, R., Simard, S., Hudon, \u00c9., Desbiens, J.-F., Fillion, L., Dumont, S., Tourigny, A., &amp; Daneault, S. (2021) Continuity of cancer care and collaboration between family physicians and oncologists: Results of a randomized clinical trial. <em>The Annals of Family Medicine, 19<\/em>(2), 117-125. https:\/\/doi.org\/10.1370\/afm.2643<\/p>\n<p>Brehaut, E., Neupane, D., Levis, B., Wu, Y., Sun, Y., Krishnan, A., He, C., Bhandari, P. M., Negeri, Z., Riehm, K. E., Rice, D. B., Azar, M., Yan, X. W., Imran, M., Chiovitti, M. J., Saadat, N., Cuijpers, P., Ioannidis, J. P. A., Markham, S., Patten, S. B., \u2026 Thombs, B. D. (2020).\u00a0<a href=\"https:\/\/constellation.uqac.ca\/id\/eprint\/6624\/\">Depression prevalence using the HADS-D compared to SCID major depression classification: An individual participant data meta-analysis.<\/a>\u00a0<em>Journal of Psychosomatic Research, 139<\/em>, e110256. https:\/\/doi.org\/10.1016\/j.jpsychores.2020.110256<\/p>\n<p>Aubin, M., V\u00e9zina, L., Verreault, R., Simard, S., Desbiens, J.-F., Tremblay, L., Dumont, S., Dogba, M. J., &amp; Gagnon, P. (2020).\u00a0<a href=\"https:\/\/constellation.uqac.ca\/id\/eprint\/6631\/\">A randomized clinical trial assessing a pragmatic intervention to improve supportive care for family caregivers of patients with lung cancer.<\/a>\u00a0<em>Palliative and Supportive Care<\/em>,\u00a0<em>19<\/em>(2), 146\u2013153. <a href=\"https:\/\/doi.org\/10.1017\/S1478951520000711\">https:\/\/doi.org\/10.1017\/S1478951520000711<\/a><\/p>\n<p>Mahendran, R., Liu, J., Kuparasundram, S., Simard, S., Chan, Y. H., Kua, E. H., &amp; Griva, K. (2020) Fear of cancer recurrence among cancer survivors in Singapore. <em>Singapore Medical Journal, 62<\/em>(6), 305-310. https:\/\/doi.org\/10.11622\/smedj.2020007<\/p>\n","protected":false},"excerpt":{"rendered":"<p>Pour la liste compl\u00e8te des publications de Professeur Simard, consultez le d\u00e9p\u00f4t institutionnel de l&#8217;UQAC, Constellation &#8211;&gt; ICI Pulido, L., P\u00e9pin, A., Bergeron-Leclerc, C., Cherblanc, J., Godue-Couture, C., Laprise, C., Paquette, L., Nadeau-Tremblay, S., &amp; Simard, S. (2025). The effects of outdoor teaching on academic achievement and its associated factors\u2014A scoping review. Education Sciences, 15(8). &hellip; <a href=\"https:\/\/portfolio.uqac.ca\/sebastiensimard\/publications\/\" class=\"more-link\">Continuer la lecture de <span class=\"screen-reader-text\">Articles (5 derni\u00e8res ann\u00e9es)<\/span>  <span class=\"meta-nav\">&rarr;<\/span><\/a><\/p>\n","protected":false},"author":89,"featured_media":0,"parent":0,"menu_order":0,"comment_status":"closed","ping_status":"closed","template":"","meta":{"footnotes":""},"tags":[],"_links":{"self":[{"href":"https:\/\/portfolio.uqac.ca\/sebastiensimard\/wp-json\/wp\/v2\/pages\/20"}],"collection":[{"href":"https:\/\/portfolio.uqac.ca\/sebastiensimard\/wp-json\/wp\/v2\/pages"}],"about":[{"href":"https:\/\/portfolio.uqac.ca\/sebastiensimard\/wp-json\/wp\/v2\/types\/page"}],"author":[{"embeddable":true,"href":"https:\/\/portfolio.uqac.ca\/sebastiensimard\/wp-json\/wp\/v2\/users\/89"}],"replies":[{"embeddable":true,"href":"https:\/\/portfolio.uqac.ca\/sebastiensimard\/wp-json\/wp\/v2\/comments?post=20"}],"version-history":[{"count":49,"href":"https:\/\/portfolio.uqac.ca\/sebastiensimard\/wp-json\/wp\/v2\/pages\/20\/revisions"}],"predecessor-version":[{"id":282,"href":"https:\/\/portfolio.uqac.ca\/sebastiensimard\/wp-json\/wp\/v2\/pages\/20\/revisions\/282"}],"wp:attachment":[{"href":"https:\/\/portfolio.uqac.ca\/sebastiensimard\/wp-json\/wp\/v2\/media?parent=20"}],"wp:term":[{"taxonomy":"post_tag","embeddable":true,"href":"https:\/\/portfolio.uqac.ca\/sebastiensimard\/wp-json\/wp\/v2\/tags?post=20"}],"curies":[{"name":"wp","href":"https:\/\/api.w.org\/{rel}","templated":true}]}}