{"id":225,"date":"2021-08-05T08:58:25","date_gmt":"2021-08-05T12:58:25","guid":{"rendered":"http:\/\/portfolio-pre.uqac.ca\/sebastiensimard\/?page_id=225"},"modified":"2021-08-05T08:59:05","modified_gmt":"2021-08-05T12:59:05","slug":"communications-par-affiche","status":"publish","type":"page","link":"https:\/\/portfolio.uqac.ca\/sebastiensimard\/communications-par-affiche\/","title":{"rendered":"Communications par affichage"},"content":{"rendered":"<p>Gauthier, P., Lemay, C., Simard, S. (2019, 22-24 mars). Portrait de la stigmatisation v\u00e9cue par les patients atteints d\u2019un cancer pulmonaire au Qu\u00e9bec. 41e Congr\u00e8s annuel de la Soci\u00e9t\u00e9 Qu\u00e9b\u00e9coise de la recherche en psychologie (SQRP), Mont-Tremblant, Qu\u00e9bec.<\/p>\n<p>Aubin M, V\u00e9zina L, Verreault R, Simard S, Tremblay L, Desbiens JF, Dumont S, L, Dogba MJ, Gagnon P. (2018, 29 oct.-2 nov.). Stressors and Coping Strategies of Family Caregivers Assisting Their Relative With Lung Cancer. 20th World Congress of Psycho Oncology (IPOS). Aberdeen, Hong Kong.<\/p>\n<p>Aubin M, V\u00e9zina L, Verreault R, Simard S, Tremblay L, Desbiens JF, Dumont S, L, Dogba MJ, Gagnon P. (2017, August 14-18). Preliminary Validation of a Distress Screening Tool for Family caregivers of patients with Lung Cancer. 19th World Congress of Psycho Oncology (IPOS). Berlin, Germany.<\/p>\n<p>Aubin M, V\u00e9zina L, Verreault R, Simard S, Tremblay L, Desbiens JF, Dumont S, Dogba MJ, Gagnon P. (2017, July 23-27). Caregiving for a relative with Lung cancer: How do Seniors Compare to Younger Caregivers? 21th IAGG World Congress of Gerontology and Geriatrics. San Francisco, United States. <\/p>\n","protected":false},"excerpt":{"rendered":"<p>Gauthier, P., Lemay, C., Simard, S. (2019, 22-24 mars). Portrait de la stigmatisation v\u00e9cue par les patients atteints d\u2019un cancer pulmonaire au Qu\u00e9bec. 41e Congr\u00e8s annuel de la Soci\u00e9t\u00e9 Qu\u00e9b\u00e9coise de la recherche en psychologie (SQRP), Mont-Tremblant, Qu\u00e9bec. Aubin M, V\u00e9zina L, Verreault R, Simard S, Tremblay L, Desbiens JF, Dumont S, L, Dogba MJ, &hellip; <a href=\"https:\/\/portfolio.uqac.ca\/sebastiensimard\/communications-par-affiche\/\" class=\"more-link\">Continuer la lecture de <span class=\"screen-reader-text\">Communications par affichage<\/span>  <span class=\"meta-nav\">&rarr;<\/span><\/a><\/p>\n","protected":false},"author":147,"featured_media":0,"parent":0,"menu_order":0,"comment_status":"closed","ping_status":"closed","template":"","meta":{"footnotes":""},"tags":[],"_links":{"self":[{"href":"https:\/\/portfolio.uqac.ca\/sebastiensimard\/wp-json\/wp\/v2\/pages\/225"}],"collection":[{"href":"https:\/\/portfolio.uqac.ca\/sebastiensimard\/wp-json\/wp\/v2\/pages"}],"about":[{"href":"https:\/\/portfolio.uqac.ca\/sebastiensimard\/wp-json\/wp\/v2\/types\/page"}],"author":[{"embeddable":true,"href":"https:\/\/portfolio.uqac.ca\/sebastiensimard\/wp-json\/wp\/v2\/users\/147"}],"replies":[{"embeddable":true,"href":"https:\/\/portfolio.uqac.ca\/sebastiensimard\/wp-json\/wp\/v2\/comments?post=225"}],"version-history":[{"count":2,"href":"https:\/\/portfolio.uqac.ca\/sebastiensimard\/wp-json\/wp\/v2\/pages\/225\/revisions"}],"predecessor-version":[{"id":230,"href":"https:\/\/portfolio.uqac.ca\/sebastiensimard\/wp-json\/wp\/v2\/pages\/225\/revisions\/230"}],"wp:attachment":[{"href":"https:\/\/portfolio.uqac.ca\/sebastiensimard\/wp-json\/wp\/v2\/media?parent=225"}],"wp:term":[{"taxonomy":"post_tag","embeddable":true,"href":"https:\/\/portfolio.uqac.ca\/sebastiensimard\/wp-json\/wp\/v2\/tags?post=225"}],"curies":[{"name":"wp","href":"https:\/\/api.w.org\/{rel}","templated":true}]}}