{"id":27,"date":"2018-09-13T11:17:25","date_gmt":"2018-09-13T15:17:25","guid":{"rendered":"http:\/\/portfolio-pre.uqac.ca\/gabarit\/?page_id=27"},"modified":"2022-11-28T15:45:37","modified_gmt":"2022-11-28T20:45:37","slug":"curriculum-vitae","status":"publish","type":"page","link":"https:\/\/portfolio.uqac.ca\/sebastiensimard\/curriculum-vitae\/","title":{"rendered":"Curriculum vitae"},"content":{"rendered":"<h2><strong>Formation acad\u00e9mique<\/strong><\/h2>\n<p>&nbsp;<\/p>\n<p><strong>Ph.D.<\/strong> Doctorat en psychologie (orientation clinique)<br \/>\n\u00c9cole de psychologie, Universit\u00e9 Laval, Qc (2008).<\/p>\n<p style=\"padding-left: 30px;\">Simard, S.\u00a0(2008). <em><a href=\"https:\/\/hdl.handle.net\/20.500.11794\/19909\" target=\"_blank\">Vers une conceptualisation multidimensionnelle de la peur de la r\u00e9cidive du cancer : \u00e9valuation, nature des pens\u00e9es intrusives et comorbidit\u00e9 psychiatrique<\/a>\u00a0<\/em>[Th\u00e8se de doctorat] . Universit\u00e9 Laval, Qu\u00e9bec, QC.<\/p>\n<p><strong>Internat clinique en psycho-oncologie<\/strong><br \/>\nInstitut Curie, Paris, France.\u00a0 (2006-2007)<\/p>\n<p><strong>M.Ps.\u00a0<\/strong>Ma\u00eetrise en psychologie (type B)\u00a0 \u00a0 \u00a0 \u00a0 \u00a0 \u00a0 \u00a0 \u00a0 \u00a0 \u00a0 \u00a0 \u00a0 \u00a0 \u00a0 \u00a0 \u00a0 \u00a0 \u00a0 \u00a0 \u00a0 \u00a0 \u00a0 \u00a0 \u00a0 \u00a0 \u00a0 \u00a0 \u00a0 \u00c9cole de psychologie, Universit\u00e9 Laval, Qc (2008).<\/p>\n<p style=\"padding-left: 30px;\">Simard, S.\u00a0(1996).\u00a0<em>La pharmacoth\u00e9rapie du trouble panique: les m\u00e9canismes th\u00e9rapeutiques psychologiques<\/em><em>\u00a0<\/em>[M\u00e9moire de ma\u00eetrise]. Universit\u00e9 Laval, Qu\u00e9bec, QC.<\/p>\n<p><strong>B.A.<\/strong> Baccalaur\u00e9at sp\u00e9cialis\u00e9 en psychologie<br \/>\n\u00c9cole de psychologie, Universit\u00e9 Laval, Qc<\/p>\n<h2><strong>Titres de comp\u00e9tences<\/strong><\/h2>\n<p>Membre de l\u2019Ordre des psychologues du Qu\u00e9bec (1997- )<\/p>\n<h2><strong><br \/>\nAffiliations professionnelles<\/strong><\/h2>\n<p>Chercheur r\u00e9gulier, CIUSSS &#8211; Saguenay Lac-St-Jean (2021 &#8211;\u00a0 )<br \/>\nProfesseur et chercheur r\u00e9gulier, D\u00e9partement des sciences de la sant\u00e9, Universit\u00e9 du Qu\u00e9bec \u00e0 Chicoutimi (2017 &#8211;\u00a0 )<br \/>\nChercheur associ\u00e9, Centre de recherche de l&#8217;Institut universitaire de cardiologie et de pneumologie de Qu\u00e9bec (2008 &#8211;\u00a0 )<\/p>\n<h2><strong><br \/>\nDistinctions<br \/>\n<\/strong><\/h2>\n<p>2019 &#8211; Coauteur de l\u2019article s\u00e9lectionn\u00e9 pour l\u2019<em>European Association for Psychosomatic Medicine (EAPM) Young Investigator Award<\/em>, Rotterdam, Hollande.<\/p>\n<p>2018 &#8211; Top 10 des articles les plus t\u00e9l\u00e9charg\u00e9s,\u00a0<em>Journal of Cancer Survivorship<\/em>.<\/p>\n<p>2016 &#8211; Meilleure communication par affiche, <em>Research Day FMF.\u00a0<\/em>Vancouver, Canada<\/p>\n<p>2014 &#8211; Meilleure communication par affiche, <em>World Congress of Psycho-oncology<\/em>. Lisbon, Portugal.<\/p>\n<p>2006 &#8211; Meilleure communication par affiche, <em>Canadian Ass of Psychosocial Oncology<\/em>. Montr\u00e9al, Canada<\/p>\n<p>2006 &#8211; Meilleure communication par affiche, <em>Society of Behavioral Medicine<\/em>, San Francisco, USA.<\/p>\n<p>2004 &#8211; Nomm\u00e9 \u00ab\u00a0Les leaders de demain\u00a0\u00bb, cat\u00e9gorie\u00a0: \u00ab\u00a0Les gu\u00e9risseurs\u00a0\u00bb par le Journal le Soleil, 3 janvier 2004.<\/p>\n<p>2001 &#8211; Meilleure communication par affiche, section psychologie appliqu\u00e9e, <em>Soci\u00e9t\u00e9 qu\u00e9b\u00e9coise pour la recherche en psychologie<\/em>, Chicoutimi, Canada.<\/p>\n<p>1997\u00a0&#8211; Mention honorable pour la deuxi\u00e8me place au prix \u00e9tudiant \u00ab\u00a0Ken Bowers\u00a0\u00bb de la Section clinique de la Soci\u00e9t\u00e9 canadienne de psychologie, Toronto, Canada.<\/p>\n<p>1995\u00a0&#8211; Muse Vari\u00e9t\u00e9s-Conception, Service des activit\u00e9s socioculturelles de l&#8217;Universit\u00e9 Laval. Qu\u00e9bec, Canada.<\/p>\n<p>1991\u00a0&#8211; M\u00e9rite \u00e9tudiant \u00ab\u00a0secteur communautaire\u00a0et socioculturel\u00a0\u00bb, C\u00e9gep de Chicoutimi. Chicoutimi, Canada.<\/p>\n<p>1990\u00a0&#8211; M\u00e9rite \u00e9tudiant \u00ab\u00a0secteur socioculturel\u00a0\u00bb, C\u00e9gep de Chicoutimi. Chicoutimi, Canada<\/p>\n<h2><strong>Bourses<\/strong><\/h2>\n<p>2010 &#8211; Bourse de perfectionnement (20\u00a0000$\/total), Chaire de pneumologie, Fondation J.-D. B\u00e9gin.*<\/p>\n<p>2006-2007\u00a0&#8211; Bourse de perfectionnement (22\u00a0000 Euro\/total), Fondation de l\u2019Institut Curie, Paris, France.<\/p>\n<p>2003-2006\u00a0&#8211; Bourse de recherche (152\u00a0000$\/total), Instituts de Recherche en Sant\u00e9 du Canada.<\/p>\n<p>2003\u00a0&#8211; Bourse de formation de troisi\u00e8me cycle pour les d\u00e9tenteurs d&#8217;un dipl\u00f4me professionnel en sant\u00e9 \u2013 Renouvellement (38 132$\/total), Fonds de la Recherche en Sant\u00e9 du Qu\u00e9bec *.<\/p>\n<p>2001-2002 &#8211; Bourse de formation de troisi\u00e8me cycle pour les d\u00e9tenteurs d&#8217;un dipl\u00f4me professionnel en sant\u00e9 (71 495$\/total), Fonds de la Recherche en Sant\u00e9 du Qu\u00e9bec.<\/p>\n<p>2001-2002\u00a0&#8211; Bourse de doctorat de la Fondation de l\u2019Universit\u00e9 Laval (23 000$\/total), Universit\u00e9 Laval *.<\/p>\n<p>1997-1998\u00a0&#8211; Bourse de doctorat FRSQ-FCAR Sant\u00e9 (34 664$\/total)<strong>, <\/strong>Fonds de la Recherche en Sant\u00e9 du Qu\u00e9bec et Fonds pour la Formation de Chercheurs et l&#8217;Aide \u00e0 la Recherche.<\/p>\n<p>1997\u00a0&#8211; Bourse de doctorat de la Fondation de l\u2019Universit\u00e9 Laval (11 500$\/an), Universit\u00e9 Laval *.<\/p>\n<p>1996\u00a0&#8211; Bourse de ma\u00eetrise FRSQ-FCAR SANT\u00c9 (11 000$\/an), Fonds de la Recherche en Sant\u00e9 du Qu\u00e9bec et Fonds pour la Formation de Chercheurs et l&#8217;Aide \u00e0 la Recherche.<\/p>\n<p><em>*Bourses d\u00e9clin\u00e9es<\/em><\/p>\n<h2><strong><br \/>\nAssociations professionnelles<\/strong><\/h2>\n<ul>\n<li>Canadian Association of Psychosociale Oncology (CAPO)<\/li>\n<li>International Psychosocial Oncology Society (IPOS)<\/li>\n<li>Society of Behavioral Medicine (SBM)<\/li>\n<\/ul>\n<p>&nbsp;<\/p>\n","protected":false},"excerpt":{"rendered":"<p>Formation acad\u00e9mique &nbsp; Ph.D. Doctorat en psychologie (orientation clinique) \u00c9cole de psychologie, Universit\u00e9 Laval, Qc (2008). Simard, S.\u00a0(2008). Vers une conceptualisation multidimensionnelle de la peur de la r\u00e9cidive du cancer : \u00e9valuation, nature des pens\u00e9es intrusives et comorbidit\u00e9 psychiatrique\u00a0[Th\u00e8se de doctorat] . Universit\u00e9 Laval, Qu\u00e9bec, QC. Internat clinique en psycho-oncologie Institut Curie, Paris, France.\u00a0 (2006-2007) &hellip; <a href=\"https:\/\/portfolio.uqac.ca\/sebastiensimard\/curriculum-vitae\/\" class=\"more-link\">Continuer la lecture de <span class=\"screen-reader-text\">Curriculum vitae<\/span>  <span class=\"meta-nav\">&rarr;<\/span><\/a><\/p>\n","protected":false},"author":89,"featured_media":0,"parent":0,"menu_order":0,"comment_status":"closed","ping_status":"closed","template":"","meta":{"footnotes":""},"tags":[],"_links":{"self":[{"href":"https:\/\/portfolio.uqac.ca\/sebastiensimard\/wp-json\/wp\/v2\/pages\/27"}],"collection":[{"href":"https:\/\/portfolio.uqac.ca\/sebastiensimard\/wp-json\/wp\/v2\/pages"}],"about":[{"href":"https:\/\/portfolio.uqac.ca\/sebastiensimard\/wp-json\/wp\/v2\/types\/page"}],"author":[{"embeddable":true,"href":"https:\/\/portfolio.uqac.ca\/sebastiensimard\/wp-json\/wp\/v2\/users\/89"}],"replies":[{"embeddable":true,"href":"https:\/\/portfolio.uqac.ca\/sebastiensimard\/wp-json\/wp\/v2\/comments?post=27"}],"version-history":[{"count":14,"href":"https:\/\/portfolio.uqac.ca\/sebastiensimard\/wp-json\/wp\/v2\/pages\/27\/revisions"}],"predecessor-version":[{"id":243,"href":"https:\/\/portfolio.uqac.ca\/sebastiensimard\/wp-json\/wp\/v2\/pages\/27\/revisions\/243"}],"wp:attachment":[{"href":"https:\/\/portfolio.uqac.ca\/sebastiensimard\/wp-json\/wp\/v2\/media?parent=27"}],"wp:term":[{"taxonomy":"post_tag","embeddable":true,"href":"https:\/\/portfolio.uqac.ca\/sebastiensimard\/wp-json\/wp\/v2\/tags?post=27"}],"curies":[{"name":"wp","href":"https:\/\/api.w.org\/{rel}","templated":true}]}}