{"id":4,"date":"2018-09-13T11:17:25","date_gmt":"2018-09-13T15:17:25","guid":{"rendered":"http:\/\/portfolio-pre.uqac.ca\/gabarit\/?page_id=4"},"modified":"2025-04-01T10:32:28","modified_gmt":"2025-04-01T14:32:28","slug":"presentatio","status":"publish","type":"page","link":"https:\/\/portfolio.uqac.ca\/sebastiensimard\/","title":{"rendered":"Pr\u00e9sentation"},"content":{"rendered":"<p>Je suis docteur en psychologie (PhD, orientation clinique), d\u2019approche cognitive-comportementale, membre de l\u2019Ordre des psychologues du Qu\u00e9bec, sp\u00e9cialis\u00e9 en psychologie clinique et particuli\u00e8rement en psychologie de la sant\u00e9.<br \/>\nPendant mes \u00e9tudes gradu\u00e9es, j\u2019ai \u00e9t\u00e9 r\u00e9cipiendaire de bourses de maitrise et de doctorat par les Fonds de la Recherche en Sant\u00e9 du Qu\u00e9bec et les Fonds pour la Formation de Chercheurs et l&#8217;Aide \u00e0 la Recherche (FRSQ-FCAR), de m\u00eame que par les Instituts de Recherche en Sant\u00e9 du Canada (IRSC).<br \/>\nApr\u00e8s avoir compl\u00e9t\u00e9 une maitrise en psychologie (M.Ps., 1997), j\u2019ai \u0153uvr\u00e9 comme professionnel de recherche et psychologue clinicien au Centre de recherche sur le cancer de l\u2019Universit\u00e9 Laval- CHU de Qu\u00e9bec aupr\u00e8s de diverses client\u00e8les atteints d\u2019un cancer et form\u00e9 plusieurs \u00e9tudiant(e)s \u00e0 l\u2019\u00e9valuation, l\u2019intervention et la recherche en psychologique clinique. J\u2019y ai aussi r\u00e9alis\u00e9 mes \u00e9tudes doctorales.<br \/>\nApr\u00e8s avoir obtenu mon doctorat en psychologie (Ph.D., 2008) et r\u00e9alis\u00e9 un internat clinique \u00e0 l\u2019Institut Curie (France), je suis devenu clinicien-chercheur au sein de l\u2019Institut universitaire de cardiologie et de pneumologie de Qu\u00e9bec (IUCPQ). Dans le cadre de mes fonctions, j\u2019exer\u00e7ais des activit\u00e9s d\u2019\u00e9valuation et de traitements psychologiques adapt\u00e9s aux besoins des patients atteints d\u2019une maladie chronique (cancer pulmonaire, fibrose kystique, fibrose pulmonaire) et leur famille et ce, tout au long de la trajectoire de soins (c.-\u00e0-d., du diagnostic au suivi de deuil, de l\u2019hospitalisation \u00e0 l\u2019ambulatoire). De plus, j\u2019intervenais, comme sp\u00e9cialiste en sant\u00e9 mentale, aupr\u00e8s des \u00e9quipes interdisciplinaires.<br \/>\nDepuis 2017, je suis professeur agr\u00e9g\u00e9 sp\u00e9cialis\u00e9 en \u00e9valuation et en psychologie clinique au d\u00e9partement des sciences de la sant\u00e9 de l\u2019UQAC. Je suis aussi professeur associ\u00e9 en Sciences infirmi\u00e8res \u00e0 l\u2019Universit\u00e9 Laval et professeur associ\u00e9 de clinique \u00e0 la Facult\u00e9 de m\u00e9decine (campus Saguenay) de l\u2019Universit\u00e9 de Sherbrooke. Je suis chercheur r\u00e9gulier au sein du Centre intersectoriel en sant\u00e9 durable de l\u2019UQAC (CISD), au CIUSSS-Saguenay-Lac-St-Jean, et au R\u00e9seau qu\u00e9b\u00e9cois de recherche en soins palliatifs et de fin de vie (RQSPAL).<br \/>\nMes travaux de recherche portent sur les aspects psychologiques de la sant\u00e9 et l\u2019adaptation aux maladies chroniques. Je m\u2019int\u00e9resse particuli\u00e8rement : a) au concept de la peur de la r\u00e9cidive du cancer, une pr\u00e9occupation fr\u00e9quemment rapport\u00e9e par les patients ; b) aux strat\u00e9gies d\u2019\u00e9valuation et d\u2019intervention de la d\u00e9tresse psychologique; c) aux m\u00e9canismes et aux interventions favorisant l\u2019adoption de saines habitudes de vie ; et c) aux strat\u00e9gies et aux mod\u00e8les organisationnels facilitant le travail interdisciplinaire.<\/p>\n<h2>Champs de sp\u00e9cialisation<\/h2>\n<ul>\n<li>Psychologie de la sant\u00e9<\/li>\n<li>Psychologie clinique<\/li>\n<li>Psychom\u00e9trie<\/li>\n<li>\u00c9valuation et psychodiagnostic<\/li>\n<li>Intervention cognitive-comportementale<\/li>\n<li>Psychopathologie<\/li>\n<li>Interdisciplinarit\u00e9<\/li>\n<\/ul>\n","protected":false},"excerpt":{"rendered":"<p>Je suis docteur en psychologie (PhD, orientation clinique), d\u2019approche cognitive-comportementale, membre de l\u2019Ordre des psychologues du Qu\u00e9bec, sp\u00e9cialis\u00e9 en psychologie clinique et particuli\u00e8rement en psychologie de la sant\u00e9. Pendant mes \u00e9tudes gradu\u00e9es, j\u2019ai \u00e9t\u00e9 r\u00e9cipiendaire de bourses de maitrise et de doctorat par les Fonds de la Recherche en Sant\u00e9 du Qu\u00e9bec et les Fonds &hellip; <a href=\"https:\/\/portfolio.uqac.ca\/sebastiensimard\/\" class=\"more-link\">Continuer la lecture de <span class=\"screen-reader-text\">Pr\u00e9sentation<\/span>  <span class=\"meta-nav\">&rarr;<\/span><\/a><\/p>\n","protected":false},"author":89,"featured_media":0,"parent":0,"menu_order":0,"comment_status":"closed","ping_status":"closed","template":"","meta":{"footnotes":""},"tags":[],"_links":{"self":[{"href":"https:\/\/portfolio.uqac.ca\/sebastiensimard\/wp-json\/wp\/v2\/pages\/4"}],"collection":[{"href":"https:\/\/portfolio.uqac.ca\/sebastiensimard\/wp-json\/wp\/v2\/pages"}],"about":[{"href":"https:\/\/portfolio.uqac.ca\/sebastiensimard\/wp-json\/wp\/v2\/types\/page"}],"author":[{"embeddable":true,"href":"https:\/\/portfolio.uqac.ca\/sebastiensimard\/wp-json\/wp\/v2\/users\/89"}],"replies":[{"embeddable":true,"href":"https:\/\/portfolio.uqac.ca\/sebastiensimard\/wp-json\/wp\/v2\/comments?post=4"}],"version-history":[{"count":20,"href":"https:\/\/portfolio.uqac.ca\/sebastiensimard\/wp-json\/wp\/v2\/pages\/4\/revisions"}],"predecessor-version":[{"id":257,"href":"https:\/\/portfolio.uqac.ca\/sebastiensimard\/wp-json\/wp\/v2\/pages\/4\/revisions\/257"}],"wp:attachment":[{"href":"https:\/\/portfolio.uqac.ca\/sebastiensimard\/wp-json\/wp\/v2\/media?parent=4"}],"wp:term":[{"taxonomy":"post_tag","embeddable":true,"href":"https:\/\/portfolio.uqac.ca\/sebastiensimard\/wp-json\/wp\/v2\/tags?post=4"}],"curies":[{"name":"wp","href":"https:\/\/api.w.org\/{rel}","templated":true}]}}