{"id":46,"date":"2018-09-13T11:17:25","date_gmt":"2018-09-13T15:17:25","guid":{"rendered":"http:\/\/portfolio-pre.uqac.ca\/gabarit\/?page_id=46"},"modified":"2022-11-28T15:53:35","modified_gmt":"2022-11-28T20:53:35","slug":"recherche","status":"publish","type":"page","link":"https:\/\/portfolio.uqac.ca\/sebastiensimard\/recherche\/","title":{"rendered":"Recherche"},"content":{"rendered":"<h3>ACTIVES<\/h3>\n<p>2022 &#8211; 2023 : Chercheur principal<br \/>\nFRQS, Minist\u00e8re sant\u00e9 et services sociaux (MSSS), Fondation Graham-Boeckh<br \/>\n<em>Le recours aux technologies dans Aire Ouverte<\/em><br \/>\nValeur : 25 000 $<\/p>\n<p>2021 &#8211; 2023 :\u00a0 Chercheur principal<br \/>\nCentre de recherche du CIUSSS de Chaudi\u00e8re-Appalaches &#8211; Chercheur en \u00e9mergence<br \/>\n<em>\u00c9tude r\u00e9trospective de la d\u00e9tresse psychologique et des besoins biopsychosociaux des patients trait\u00e9s pour un cancer en radioth\u00e9rapie au CIUSSS du Saguenay-Lac-St-Jean (SLSJ)<\/em><br \/>\nValeur : 15 000 $<\/p>\n<p>2019 \u2013 2023 : Chercheur principal<br \/>\nMinist\u00e8re de la sant\u00e9 et des services sociaux du Qu\u00e9bec<br \/>\n<em>Implantation et \u00e9valuation initiale d\u2019un premier r\u00e9seau de services int\u00e9gr\u00e9s jeunesse (Aire ouverte) dans la r\u00e9gion du Saguenay-Lac-Saint-Jean \u2013 RLS de Jonqui\u00e8re<\/em><br \/>\nValeur total du projet d\u2019implantation\u00a0: 1\u00a0400\u00a0000 $<br \/>\nValeur de la portion recherche du projet\u00a0: 225\u00a0000$<\/p>\n<h3>TERMIN\u00c9ES<\/h3>\n<p>2018\u00a0\u2013 2021 : Chercheur principal<br \/>\nFonds institutionnel de d\u00e9marrage de la recherche, UQAC<br \/>\nValeur : 10 000$<\/p>\n<p>2019 \u2013 2020 : Co-chercheur<br \/>\nImpact Grant, University of Ottawa<br \/>\n<em>Identifying survivors with clinical fear of cancer recurrence\u00a0: a multi-tool approach<\/em><br \/>\nValeur : 20 000$<\/p>\n<p>2019 \u2013 2020 : Co-chercheur<br \/>\nFUQAC \u2013 Programme Projets sp\u00e9ciaux<br \/>\n<em>Efficacit\u00e9 des interventions personnalis\u00e9es en r\u00e9adaptation sur la sant\u00e9 physique et la qualit\u00e9 de vie des patients atteints d\u2019un cancer, avant, pendant et apr\u00e8s la chimioth\u00e9rapie \u2013 Phase 1 \u2013 \u00c9tude de faisabilit\u00e9.<\/em><br \/>\nValeur : 30 000$<\/p>\n<p>2016 \u2013 2017 : Co-chercheur<br \/>\nPartenariat de l&#8217;Unit\u00e9 de recherche du Centre d&#8217;excellence sur le vieillissement de Qu\u00e9bec (CEVQ) et l&#8217;\u00e9quipe de recherche Michel-Sarrazin en oncologie psycho-sociale (ERMOS)<br \/>\n<em>Identification des stresseurs et strat\u00e9gies d\u2019adaptation des aidants de personnes atteintes de cancer du poumon pour am\u00e9liorer le soutien \u00e0 leur offrir.<\/em><br \/>\nValeur : 21 000$<\/p>\n<p>2015 \u2013 2018 : Co-chercheur<br \/>\nFonds de recherche en sant\u00e9 du Qu\u00e9bec<br \/>\n<em>Implantation et \u00e9valuation d\u2019une intervention multifacette pour am\u00e9liorer le soutien aux aidants de personnes atteintes d\u2019un cancer du poumon.<\/em><br \/>\nValeur : 199 943$<\/p>\n<p>2015 \u2013 2017 : Chercheur principal<br \/>\n\u00c9quipe de recherche Michel-Sarrazin en oncologie psycho-sociale (ERMOS)<br \/>\n<em>\u00c9tude prospective de la qualit\u00e9 de vie, des besoins psychosociaux et des comportements de sant\u00e9 des patients atteints d\u2019un cancer pulmonaire \u2013 Temps 3<\/em><br \/>\nValeur : 22 503$<\/p>\n<p>2014 \u2013 2017 : Co-chercheur<br \/>\nInstituts de recherche en sant\u00e9 du Canada, Quality of life Grants<br \/>\n<em>Interdisciplinary team in Early Functional Optimization (InTEFO) : introducing a new optimization clinic to improve accessibility and efficiency of quality palliative care in advanced cancer patients<\/em><br \/>\nValeur : 280 851$<\/p>\n","protected":false},"excerpt":{"rendered":"<p>ACTIVES 2022 &#8211; 2023 : Chercheur principal FRQS, Minist\u00e8re sant\u00e9 et services sociaux (MSSS), Fondation Graham-Boeckh Le recours aux technologies dans Aire Ouverte Valeur : 25 000 $ 2021 &#8211; 2023 :\u00a0 Chercheur principal Centre de recherche du CIUSSS de Chaudi\u00e8re-Appalaches &#8211; Chercheur en \u00e9mergence \u00c9tude r\u00e9trospective de la d\u00e9tresse psychologique et des besoins biopsychosociaux &hellip; <a href=\"https:\/\/portfolio.uqac.ca\/sebastiensimard\/recherche\/\" class=\"more-link\">Continuer la lecture de <span class=\"screen-reader-text\">Recherche<\/span>  <span class=\"meta-nav\">&rarr;<\/span><\/a><\/p>\n","protected":false},"author":89,"featured_media":0,"parent":0,"menu_order":0,"comment_status":"closed","ping_status":"closed","template":"","meta":{"footnotes":""},"tags":[],"_links":{"self":[{"href":"https:\/\/portfolio.uqac.ca\/sebastiensimard\/wp-json\/wp\/v2\/pages\/46"}],"collection":[{"href":"https:\/\/portfolio.uqac.ca\/sebastiensimard\/wp-json\/wp\/v2\/pages"}],"about":[{"href":"https:\/\/portfolio.uqac.ca\/sebastiensimard\/wp-json\/wp\/v2\/types\/page"}],"author":[{"embeddable":true,"href":"https:\/\/portfolio.uqac.ca\/sebastiensimard\/wp-json\/wp\/v2\/users\/89"}],"replies":[{"embeddable":true,"href":"https:\/\/portfolio.uqac.ca\/sebastiensimard\/wp-json\/wp\/v2\/comments?post=46"}],"version-history":[{"count":12,"href":"https:\/\/portfolio.uqac.ca\/sebastiensimard\/wp-json\/wp\/v2\/pages\/46\/revisions"}],"predecessor-version":[{"id":245,"href":"https:\/\/portfolio.uqac.ca\/sebastiensimard\/wp-json\/wp\/v2\/pages\/46\/revisions\/245"}],"wp:attachment":[{"href":"https:\/\/portfolio.uqac.ca\/sebastiensimard\/wp-json\/wp\/v2\/media?parent=46"}],"wp:term":[{"taxonomy":"post_tag","embeddable":true,"href":"https:\/\/portfolio.uqac.ca\/sebastiensimard\/wp-json\/wp\/v2\/tags?post=46"}],"curies":[{"name":"wp","href":"https:\/\/api.w.org\/{rel}","templated":true}]}}