{"id":688,"date":"2022-12-19T16:44:13","date_gmt":"2022-12-19T21:44:13","guid":{"rendered":"https:\/\/portfolio.uqac.ca\/sergiorossi\/recrutement\/"},"modified":"2022-12-19T16:44:13","modified_gmt":"2022-12-19T21:44:13","slug":"recrutement","status":"publish","type":"page","link":"https:\/\/portfolio.uqac.ca\/sergiorossi\/fr\/recrutement\/","title":{"rendered":"Recrutement"},"content":{"rendered":"<p>Le recrutement des \u00e9tudiants est toujours en cours. Les candidats dont l&#8217;expertise et les centres d&#8217;int\u00e9r\u00eat sont compatibles avec les activit\u00e9s du laboratoire sont invit\u00e9s \u00e0 soumettre leur candidature pour un ma\u00eetrise ou un doctorat. Les sujets abord\u00e9s incluent des projets en \u00e9cologie foresti\u00e8re, \u00e9cophysiologie, ph\u00e9nologie, anatomie du bois, foresterie, biog\u00e9ographie, changement climatique et mod\u00e9lisation.  <\/p>\n<p><a href=\"https:\/\/portfolio.uqac.ca\/sergiorossi\/files\/2022\/12\/DSCN0322-e1671711256992.jpg\"><img loading=\"lazy\" decoding=\"async\" class=\" wp-image-429 alignright\" src=\"https:\/\/portfolio.uqac.ca\/sergiorossi\/files\/2022\/12\/DSCN0322-e1671711256992-300x225.jpg\" alt=\"\" width=\"219\" height=\"164\" srcset=\"https:\/\/portfolio.uqac.ca\/sergiorossi\/files\/2022\/12\/DSCN0322-e1671711256992-300x225.jpg 300w, https:\/\/portfolio.uqac.ca\/sergiorossi\/files\/2022\/12\/DSCN0322-e1671711256992-768x576.jpg 768w, https:\/\/portfolio.uqac.ca\/sergiorossi\/files\/2022\/12\/DSCN0322-e1671711256992-1024x768.jpg 1024w\" sizes=\"(max-width: 219px) 100vw, 219px\" \/><\/a>Les \u00e9tudiants sont cens\u00e9s d\u00e9velopper leurs recherches de mani\u00e8re autonome, travailler en \u00e9troite collaboration avec des scientifiques et des praticiens, et diffuser leurs connaissances aupr\u00e8s de la communaut\u00e9 scientifique et des partenaires locaux. Les candidats doivent faire preuve de passion, de cr\u00e9ativit\u00e9, d&#8217;esprit critique, de comp\u00e9tences en communication et d&#8217;aptitude au travail en \u00e9quipe. Le permis de conduire est requis pour la plupart des projets.  <\/p>\n<p><a href=\"https:\/\/portfolio.uqac.ca\/sergiorossi\/files\/2022\/12\/rfid.jpg\"><img loading=\"lazy\" decoding=\"async\" class=\" wp-image-438 alignleft\" src=\"https:\/\/portfolio.uqac.ca\/sergiorossi\/files\/2022\/12\/rfid-300x225.jpg\" alt=\"\" width=\"193\" height=\"145\" srcset=\"https:\/\/portfolio.uqac.ca\/sergiorossi\/files\/2022\/12\/rfid-300x225.jpg 300w, https:\/\/portfolio.uqac.ca\/sergiorossi\/files\/2022\/12\/rfid.jpg 580w\" sizes=\"(max-width: 193px) 100vw, 193px\" \/><\/a>Le laboratoire offre un environnement international et collaboratif aux \u00e9tudiants dipl\u00f4m\u00e9s et aux chercheurs d\u00e9sireux de vivre leur passion pour la science, de progresser dans leur carri\u00e8re et de devenir comp\u00e9titifs pour une insertion professionnelle rapide et r\u00e9ussie. Les \u00e9tudiants b\u00e9n\u00e9ficient d&#8217;une large notori\u00e9t\u00e9, de relations \u00e9troites avec les directeurs et les mentors, d&#8217;installations modernes et d&#8217;\u00e9quipements de recherche innovants. Nous formons des scientifiques hautement qualifi\u00e9s et dot\u00e9s d&#8217;un profil adapt\u00e9 pour occuper des postes de chercheur et de professeur d&#8217;universit\u00e9 dans le monde entier.  <\/p>\n<p><a href=\"https:\/\/portfolio.uqac.ca\/sergiorossi\/files\/2022\/12\/panorama-UQAC.jpg\"><img loading=\"lazy\" decoding=\"async\" class=\"size-medium wp-image-427 alignright\" src=\"https:\/\/portfolio.uqac.ca\/sergiorossi\/files\/2022\/12\/panorama-UQAC-300x166.jpg\" alt=\"\" width=\"300\" height=\"166\" srcset=\"https:\/\/portfolio.uqac.ca\/sergiorossi\/files\/2022\/12\/panorama-UQAC-300x166.jpg 300w, https:\/\/portfolio.uqac.ca\/sergiorossi\/files\/2022\/12\/panorama-UQAC-768x425.jpg 768w, https:\/\/portfolio.uqac.ca\/sergiorossi\/files\/2022\/12\/panorama-UQAC-1024x567.jpg 1024w, https:\/\/portfolio.uqac.ca\/sergiorossi\/files\/2022\/12\/panorama-UQAC-672x372.jpg 672w, https:\/\/portfolio.uqac.ca\/sergiorossi\/files\/2022\/12\/panorama-UQAC.jpg 1038w\" sizes=\"(max-width: 300px) 100vw, 300px\" \/><\/a>L&#8217;universit\u00e9 est situ\u00e9e \u00e0 Chicoutimi (Qu\u00e9bec, Canada), dans un territoire forestier, \u00e0 la fronti\u00e8re entre les biomes temp\u00e9r\u00e9 et bor\u00e9al. Nous offrons des bourses de ma\u00eetrise et de doctorat pour la dur\u00e9e des \u00e9tudes. La bourse peut \u00eatre r\u00e9vis\u00e9e en fonction des r\u00e9sultats et des disponibilit\u00e9s financi\u00e8res. Les meilleurs candidats soumettant une candidature sont \u00e9valu\u00e9s par un comit\u00e9 interne compos\u00e9 d&#8217;\u00e9tudiants et de chercheurs experts du laboratoire. Nous favorisons l&#8217;excellence par la diversit\u00e9 : les femmes et les candidats issus d&#8217;autres groupes historiquement sous-repr\u00e9sent\u00e9s sont encourag\u00e9s \u00e0 postuler.    <\/p>\n","protected":false},"excerpt":{"rendered":"<p>Le recrutement des \u00e9tudiants est toujours en cours. Les candidats dont l&#8217;expertise et les centres d&#8217;int\u00e9r\u00eat sont compatibles avec les activit\u00e9s du laboratoire sont invit\u00e9s \u00e0 soumettre leur candidature pour un ma\u00eetrise ou un doctorat. Les sujets abord\u00e9s incluent des projets en \u00e9cologie foresti\u00e8re, \u00e9cophysiologie, ph\u00e9nologie, anatomie du bois, foresterie, biog\u00e9ographie, changement climatique et mod\u00e9lisation. &hellip; <a href=\"https:\/\/portfolio.uqac.ca\/sergiorossi\/fr\/recrutement\/\" class=\"more-link\">Continuer la lecture de <span class=\"screen-reader-text\">Recrutement<\/span>  <span class=\"meta-nav\">&rarr;<\/span><\/a><\/p>\n","protected":false},"author":101,"featured_media":0,"parent":0,"menu_order":0,"comment_status":"closed","ping_status":"closed","template":"","meta":{"footnotes":""},"tags":[],"_links":{"self":[{"href":"https:\/\/portfolio.uqac.ca\/sergiorossi\/fr\/wp-json\/wp\/v2\/pages\/688"}],"collection":[{"href":"https:\/\/portfolio.uqac.ca\/sergiorossi\/fr\/wp-json\/wp\/v2\/pages"}],"about":[{"href":"https:\/\/portfolio.uqac.ca\/sergiorossi\/fr\/wp-json\/wp\/v2\/types\/page"}],"author":[{"embeddable":true,"href":"https:\/\/portfolio.uqac.ca\/sergiorossi\/fr\/wp-json\/wp\/v2\/users\/101"}],"replies":[{"embeddable":true,"href":"https:\/\/portfolio.uqac.ca\/sergiorossi\/fr\/wp-json\/wp\/v2\/comments?post=688"}],"version-history":[{"count":0,"href":"https:\/\/portfolio.uqac.ca\/sergiorossi\/fr\/wp-json\/wp\/v2\/pages\/688\/revisions"}],"wp:attachment":[{"href":"https:\/\/portfolio.uqac.ca\/sergiorossi\/fr\/wp-json\/wp\/v2\/media?parent=688"}],"wp:term":[{"taxonomy":"post_tag","embeddable":true,"href":"https:\/\/portfolio.uqac.ca\/sergiorossi\/fr\/wp-json\/wp\/v2\/tags?post=688"}],"curies":[{"name":"wp","href":"https:\/\/api.w.org\/{rel}","templated":true}]}}