{"id":689,"date":"2012-07-23T17:46:31","date_gmt":"2012-07-23T21:46:31","guid":{"rendered":"https:\/\/portfolio.uqac.ca\/sergiorossi\/sergio-rossi\/"},"modified":"2012-07-23T17:46:31","modified_gmt":"2012-07-23T21:46:31","slug":"sergio-rossi","status":"publish","type":"page","link":"https:\/\/portfolio.uqac.ca\/sergiorossi\/fr\/","title":{"rendered":"Sergio Rossi"},"content":{"rendered":"<p><a href=\"https:\/\/portfolio.uqac.ca\/sergiorossi\/files\/2019\/10\/sergio.jpg\"><img loading=\"lazy\" decoding=\"async\" class=\" wp-image-267 alignleft\" src=\"https:\/\/portfolio.uqac.ca\/sergiorossi\/files\/2019\/10\/sergio-237x300.jpg\" alt=\"\" width=\"158\" height=\"200\" srcset=\"https:\/\/portfolio.uqac.ca\/sergiorossi\/files\/2019\/10\/sergio-237x300.jpg 237w, https:\/\/portfolio.uqac.ca\/sergiorossi\/files\/2019\/10\/sergio-768x973.jpg 768w, https:\/\/portfolio.uqac.ca\/sergiorossi\/files\/2019\/10\/sergio-809x1024.jpg 809w, https:\/\/portfolio.uqac.ca\/sergiorossi\/files\/2019\/10\/sergio.jpg 1224w\" sizes=\"(max-width: 158px) 100vw, 158px\" \/><\/a>Mes recherches portent sur l&#8217;\u00e9cologie et l&#8217;\u00e9cophysiologie foresti\u00e8res, et plus particuli\u00e8rement sur la mod\u00e9lisation des r\u00e9ponses des plantes \u00e0 de multiples facteurs environnementaux et la pr\u00e9diction de l&#8217;adaptation des arbres aux changements climatiques. Ces recherches comprennent des observations de longue dur\u00e9e dans des placettes permanentes r\u00e9parties sur de vastes zones g\u00e9ographiques, des exp\u00e9riences de manipulation en nature, la migration assist\u00e9e d&#8217;\u00e9cotypes et des dispositifs exp\u00e9rimentaux en environnements contr\u00f4l\u00e9s. Mes projets actuels portent sur la dynamique de la croissance et de la reproduction des arbres \u00e0 l&#8217;\u00e9chelle locale et globale, ainsi que sur la mani\u00e8re dont les effets du changement climatique sur la productivit\u00e9 foresti\u00e8re peuvent \u00eatre pris en compte par les nouvelles strat\u00e9gies de gestion foresti\u00e8re. Je suis consid\u00e9r\u00e9 comme un pionnier des \u00e9tudes sur la formation du bois dans les \u00e9cosyst\u00e8mes temp\u00e9r\u00e9s et froids et les \u00e9cotones de la limite foresti\u00e8re. J&#8217;ai r\u00e9alis\u00e9 avec succ\u00e8s plusieurs m\u00e9ta-analyses sur la ph\u00e9nologie de la croissance des arbres dans l&#8217;h\u00e9misph\u00e8re Nord.    <\/p>\n<p>Ordres professionnels: Ordine dei Dottori Agronomi e Forestali di Padova, Italy (520, depuis 2000), et Ordre des Ing\u00e9nieurs Forestiers du Qu\u00e9bec, Canada (2021-025, depuis 2021)<\/p>\n","protected":false},"excerpt":{"rendered":"<p>Mes recherches portent sur l&#8217;\u00e9cologie et l&#8217;\u00e9cophysiologie foresti\u00e8res, et plus particuli\u00e8rement sur la mod\u00e9lisation des r\u00e9ponses des plantes \u00e0 de multiples facteurs environnementaux et la pr\u00e9diction de l&#8217;adaptation des arbres aux changements climatiques. Ces recherches comprennent des observations de longue dur\u00e9e dans des placettes permanentes r\u00e9parties sur de vastes zones g\u00e9ographiques, des exp\u00e9riences de manipulation &hellip; <a href=\"https:\/\/portfolio.uqac.ca\/sergiorossi\/fr\/\" class=\"more-link\">Continuer la lecture de <span class=\"screen-reader-text\">Sergio Rossi<\/span>  <span class=\"meta-nav\">&rarr;<\/span><\/a><\/p>\n","protected":false},"author":87,"featured_media":0,"parent":0,"menu_order":0,"comment_status":"closed","ping_status":"closed","template":"","meta":{"footnotes":""},"tags":[],"_links":{"self":[{"href":"https:\/\/portfolio.uqac.ca\/sergiorossi\/fr\/wp-json\/wp\/v2\/pages\/689"}],"collection":[{"href":"https:\/\/portfolio.uqac.ca\/sergiorossi\/fr\/wp-json\/wp\/v2\/pages"}],"about":[{"href":"https:\/\/portfolio.uqac.ca\/sergiorossi\/fr\/wp-json\/wp\/v2\/types\/page"}],"author":[{"embeddable":true,"href":"https:\/\/portfolio.uqac.ca\/sergiorossi\/fr\/wp-json\/wp\/v2\/users\/87"}],"replies":[{"embeddable":true,"href":"https:\/\/portfolio.uqac.ca\/sergiorossi\/fr\/wp-json\/wp\/v2\/comments?post=689"}],"version-history":[{"count":0,"href":"https:\/\/portfolio.uqac.ca\/sergiorossi\/fr\/wp-json\/wp\/v2\/pages\/689\/revisions"}],"wp:attachment":[{"href":"https:\/\/portfolio.uqac.ca\/sergiorossi\/fr\/wp-json\/wp\/v2\/media?parent=689"}],"wp:term":[{"taxonomy":"post_tag","embeddable":true,"href":"https:\/\/portfolio.uqac.ca\/sergiorossi\/fr\/wp-json\/wp\/v2\/tags?post=689"}],"curies":[{"name":"wp","href":"https:\/\/api.w.org\/{rel}","templated":true}]}}