{"id":690,"date":"2023-03-01T14:50:04","date_gmt":"2023-03-01T19:50:04","guid":{"rendered":"https:\/\/portfolio.uqac.ca\/sergiorossi\/erabliere-intelligente\/"},"modified":"2023-03-01T14:50:04","modified_gmt":"2023-03-01T19:50:04","slug":"erabliere-intelligente","status":"publish","type":"page","link":"https:\/\/portfolio.uqac.ca\/sergiorossi\/fr\/erabliere-intelligente\/","title":{"rendered":"\u00c9rabli\u00e8re intelligente"},"content":{"rendered":"<p>Le professeur Sergio Rossi s&#8217;int\u00e9resse aux \u00e9rables et \u00e0 leur production. Avec ses \u00e9tudiantes et \u00e9tudiants, des travaux de recherche se font directement \u00e0 l&#8217;\u00c9rabli\u00e8re Au Sucre d&#8217;Or. <\/p>\n<h2><span style=\"color: #6b8915;\">Environ 7 000 arbres sont entaill\u00e9s<br \/>\nchaque ann\u00e9e et connect\u00e9s<\/span><\/h2>\n<h4>Projet de recherche<a href=\"https:\/\/portfolio.uqac.ca\/sergiorossi\/files\/2023\/03\/Arbres.png\"><img loading=\"lazy\" decoding=\"async\" class=\"alignright wp-image-473\" src=\"https:\/\/portfolio.uqac.ca\/sergiorossi\/files\/2023\/03\/Arbres-150x150.png\" width=\"190\" height=\"186\" srcset=\"https:\/\/portfolio.uqac.ca\/sergiorossi\/files\/2023\/03\/Arbres-300x293.png 300w, https:\/\/portfolio.uqac.ca\/sergiorossi\/files\/2023\/03\/Arbres.png 664w\" sizes=\"(max-width: 190px) 100vw, 190px\" \/><\/a><\/h4>\n<p>Une s\u00e9rie de capteurs fait le suivi de la production de s\u00e8ve \u00e0 l\u2019entaille et \u00e0 la centrale de r\u00e9colte. Les mesures sont r\u00e9colt\u00e9es toutes les 15 minutes dans un enregistreur de donn\u00e9es pour permettre \u00e0 une \u00e9quipe de recherche de l\u2019UQAC de quantifier l\u2019influence des facteurs m\u00e9t\u00e9orologiques sur le calendrier de la saison des sucres et la qualit\u00e9 de la s\u00e8ve. L\u2019\u00c9rabli\u00e8re intelligente analyse les processus physiologiques \u00e0 la base de la saison des sucres pour pr\u00e9dire l\u2019\u00e9volution de l\u2019ac\u00e9riculture en milieu nordique, dans un contexte de changement climatique.  <\/p>\n<h4><span class=\"ui-provider gp b c d e f g h i j k l m n o p q r s t u v w x y z ab ac ae af ag ah ai aj ak\" dir=\"ltr\">D\u00e9couvrez ce qu&#8217;il se passe sur le terrain! <\/span><\/h4>\n<p><a href=\"https:\/\/youtu.be\/XdjXxlHPeUc\" target=\"_blank\" rel=\"noopener\"><img loading=\"lazy\" decoding=\"async\" class=\"aligncenter wp-image-512 size-full\" src=\"https:\/\/portfolio.uqac.ca\/sergiorossi\/files\/2023\/03\/Graf_VideoSRossi.jpg\" width=\"539\" height=\"300\" srcset=\"https:\/\/portfolio.uqac.ca\/sergiorossi\/files\/2023\/03\/Graf_VideoSRossi.jpg 539w, https:\/\/portfolio.uqac.ca\/sergiorossi\/files\/2023\/03\/Graf_VideoSRossi-300x167.jpg 300w\" sizes=\"(max-width: 539px) 100vw, 539px\" \/><\/a><\/p>\n<h4>\u00c9rabli\u00e8re Au Sucre d&#8217;Or<\/h4>\n<p><strong>Depuis 1965<\/strong><br \/>\nL\u2019\u00c9rabli\u00e8re Au Sucre d\u2019Or est une entreprise familiale en op\u00e9ration depuis 1965 qui accueille deux esp\u00e8ces principales : l\u2019\u00e9rable \u00e0 sucre et l\u2019\u00e9rable rouge.<\/p>\n<p><strong>Le sirop<\/strong><br \/>\nUn m\u00e9lange d\u2019eau d\u2019\u00e9rable permet d\u2019obtenir un sirop au go\u00fbt riche et complet, propre \u00e0 notre terroir.<\/p>\n<p><strong>Les valeurs<\/strong><br \/>\nLa production vise au maintien des esp\u00e8ces compagnes dans l\u2019\u00e9rabli\u00e8re afin de garantir la biodiversit\u00e9 et la sant\u00e9 de l\u2019\u00e9cosyst\u00e8me.<\/p>\n<p><img loading=\"lazy\" decoding=\"async\" class=\"wp-image-502 alignleft\" src=\"https:\/\/portfolio.uqac.ca\/sergiorossi\/files\/2023\/03\/SucreOr-02-1-251x300.png\" width=\"120\" height=\"144\" srcset=\"https:\/\/portfolio.uqac.ca\/sergiorossi\/files\/2023\/03\/SucreOr-02-1-251x300.png 251w, https:\/\/portfolio.uqac.ca\/sergiorossi\/files\/2023\/03\/SucreOr-02-1-768x920.png 768w, https:\/\/portfolio.uqac.ca\/sergiorossi\/files\/2023\/03\/SucreOr-02-1-855x1024.png 855w, https:\/\/portfolio.uqac.ca\/sergiorossi\/files\/2023\/03\/SucreOr-02-1.png 1110w\" sizes=\"(max-width: 120px) 100vw, 120px\" \/><\/p>\n<p>&nbsp;<\/p>\n<p>Visitez le site de l&#8217;\u00e9rabli\u00e8re :<br \/>\n<strong><span style=\"color: #000000;\"><a style=\"color: #000000;\" href=\"https:\/\/ausucredor.com\/\">ausucredor.com <\/a><\/span><\/strong><\/p>\n<p>&nbsp;<\/p>\n<p>&nbsp;<\/p>\n<p>&nbsp;<\/p>\n<p>&nbsp;<\/p>\n<p>&nbsp;<\/p>\n","protected":false},"excerpt":{"rendered":"<p>Le professeur Sergio Rossi s&#8217;int\u00e9resse aux \u00e9rables et \u00e0 leur production. Avec ses \u00e9tudiantes et \u00e9tudiants, des travaux de recherche se font directement \u00e0 l&#8217;\u00c9rabli\u00e8re Au Sucre d&#8217;Or. Environ 7 000 arbres sont entaill\u00e9s chaque ann\u00e9e et connect\u00e9s Projet de recherche Une s\u00e9rie de capteurs fait le suivi de la production de s\u00e8ve \u00e0 l\u2019entaille &hellip; <a href=\"https:\/\/portfolio.uqac.ca\/sergiorossi\/fr\/erabliere-intelligente\/\" class=\"more-link\">Continuer la lecture de <span class=\"screen-reader-text\">\u00c9rabli\u00e8re intelligente<\/span>  <span class=\"meta-nav\">&rarr;<\/span><\/a><\/p>\n","protected":false},"author":101,"featured_media":661,"parent":0,"menu_order":0,"comment_status":"closed","ping_status":"closed","template":"","meta":{"footnotes":""},"tags":[],"_links":{"self":[{"href":"https:\/\/portfolio.uqac.ca\/sergiorossi\/fr\/wp-json\/wp\/v2\/pages\/690"}],"collection":[{"href":"https:\/\/portfolio.uqac.ca\/sergiorossi\/fr\/wp-json\/wp\/v2\/pages"}],"about":[{"href":"https:\/\/portfolio.uqac.ca\/sergiorossi\/fr\/wp-json\/wp\/v2\/types\/page"}],"author":[{"embeddable":true,"href":"https:\/\/portfolio.uqac.ca\/sergiorossi\/fr\/wp-json\/wp\/v2\/users\/101"}],"replies":[{"embeddable":true,"href":"https:\/\/portfolio.uqac.ca\/sergiorossi\/fr\/wp-json\/wp\/v2\/comments?post=690"}],"version-history":[{"count":0,"href":"https:\/\/portfolio.uqac.ca\/sergiorossi\/fr\/wp-json\/wp\/v2\/pages\/690\/revisions"}],"wp:featuredmedia":[{"embeddable":true,"href":"https:\/\/portfolio.uqac.ca\/sergiorossi\/fr\/wp-json\/wp\/v2\/media\/661"}],"wp:attachment":[{"href":"https:\/\/portfolio.uqac.ca\/sergiorossi\/fr\/wp-json\/wp\/v2\/media?parent=690"}],"wp:term":[{"taxonomy":"post_tag","embeddable":true,"href":"https:\/\/portfolio.uqac.ca\/sergiorossi\/fr\/wp-json\/wp\/v2\/tags?post=690"}],"curies":[{"name":"wp","href":"https:\/\/api.w.org\/{rel}","templated":true}]}}