{"id":25,"date":"2012-07-24T12:43:40","date_gmt":"2012-07-24T12:43:40","guid":{"rendered":"http:\/\/portfolio-pre.uqac.ca\/gabarit\/?page_id=25"},"modified":"2025-01-25T13:30:58","modified_gmt":"2025-01-25T18:30:58","slug":"guests","status":"publish","type":"page","link":"https:\/\/portfolio.uqac.ca\/sergiorossi\/guests\/","title":{"rendered":"Guests"},"content":{"rendered":"<p><a href=\"https:\/\/portfolio.uqac.ca\/sergiorossi\/files\/2022\/12\/unnamed.jpg\"><img loading=\"lazy\" decoding=\"async\" class=\" wp-image-421 alignleft\" src=\"https:\/\/portfolio.uqac.ca\/sergiorossi\/files\/2022\/12\/unnamed-278x300.jpg\" alt=\"\" width=\"159\" height=\"172\" srcset=\"https:\/\/portfolio.uqac.ca\/sergiorossi\/files\/2022\/12\/unnamed-278x300.jpg 278w, https:\/\/portfolio.uqac.ca\/sergiorossi\/files\/2022\/12\/unnamed-768x828.jpg 768w, https:\/\/portfolio.uqac.ca\/sergiorossi\/files\/2022\/12\/unnamed-950x1024.jpg 950w\" sizes=\"(max-width: 159px) 100vw, 159px\" \/><\/a><a href=\"david.almagro@inia.csic.es\">David Almagro<\/a><br \/>\nPhD student (INIA-ICIFOR, CSIC, Spain)<br \/>\nMSc in Biodiversity and Conservation Biology (2020, UPO, Spain)<br \/>\nResearch interests: xylogenesis, plant phenology, wood anatomy. I study the wood formation process and cambial phenology in mixed stands of two of the most important Mediterranean species (P. sylvestris and Q. pyrenaica) at their ecotone in central Spain. I investigate the intra-annual growth dynamics of the two species during the last decade, especially the extreme years, and assess the future vulnerability to global change<\/p>\n<p><a href=\"https:\/\/portfolio.uqac.ca\/sergiorossi\/files\/2021\/12\/photo2.jpg\"><img loading=\"lazy\" decoding=\"async\" class=\" wp-image-347 alignleft\" src=\"https:\/\/portfolio.uqac.ca\/sergiorossi\/files\/2021\/12\/photo2-272x300.jpg\" alt=\"\" width=\"121\" height=\"134\" srcset=\"https:\/\/portfolio.uqac.ca\/sergiorossi\/files\/2021\/12\/photo2-272x300.jpg 272w, https:\/\/portfolio.uqac.ca\/sergiorossi\/files\/2021\/12\/photo2-768x847.jpg 768w, https:\/\/portfolio.uqac.ca\/sergiorossi\/files\/2021\/12\/photo2-929x1024.jpg 929w, https:\/\/portfolio.uqac.ca\/sergiorossi\/files\/2021\/12\/photo2.jpg 1092w\" sizes=\"(max-width: 121px) 100vw, 121px\" \/><\/a><a href=\"aya.garfa1@uqac.ca\">Aya Garfa<\/a><br \/>\nPhD student\u00a0in Environmental Sciences (Universit\u00e9 du Qu\u00e9bec \u00e0 Chicoutimi)<br \/>\nMaster\u00a0in Chemistry and Bioindustries<br \/>\nMy research focuses on the metabolomic characterization of the chemical composition of maple sap and maple syrup. My research includes the influence of species, region and harvest time on the chemical contents of sap, a kinetic study of syrup production via three distinct processes, and the identification and suppression of the components causing the modification of syrup quality occurring at the end of the season<\/p>\n<p><a href=\"https:\/\/portfolio.uqac.ca\/sergiorossi\/files\/2021\/10\/Debora.jpg\"><img loading=\"lazy\" decoding=\"async\" class=\"wp-image-338 alignleft\" src=\"https:\/\/portfolio.uqac.ca\/sergiorossi\/files\/2021\/10\/Debora-225x300.jpg\" alt=\"\" width=\"133\" height=\"177\" srcset=\"https:\/\/portfolio.uqac.ca\/sergiorossi\/files\/2021\/10\/Debora-225x300.jpg 225w, https:\/\/portfolio.uqac.ca\/sergiorossi\/files\/2021\/10\/Debora-768x1024.jpg 768w, https:\/\/portfolio.uqac.ca\/sergiorossi\/files\/2021\/10\/Debora.jpg 1500w\" sizes=\"(max-width: 133px) 100vw, 133px\" \/><\/a><a href=\"debora.coelho@unesp.br\">Debora Coelho Da Silva<\/a><br \/>\nPhD student (S\u00e3o Paulo State University, Brazil)<br \/>\nMaster\u00a0in Forest and Environmental Sciences (2020, Federal University of Amazonas, Brazil)<br \/>\nMy research interest is related to xylem anatomy, tree physiology, and plant hydraulics. I work with Amazonian forest species, investigating how the anatomy and physiology of trees vary in response to a light gradient. My aim is to assess how microclimatic variation influences the xylem anatomy, resistance to embolism and whether there is coordination between the functional characteristics of species from different ecological groups.<\/p>\n<p><a href=\"https:\/\/portfolio.uqac.ca\/sergiorossi\/files\/2021\/04\/117590868_306308083923557_6848395178551590616_n.jpg\"><img loading=\"lazy\" decoding=\"async\" class=\" wp-image-318 alignleft\" src=\"https:\/\/portfolio.uqac.ca\/sergiorossi\/files\/2021\/04\/117590868_306308083923557_6848395178551590616_n-232x300.jpg\" alt=\"\" width=\"125\" height=\"161\" srcset=\"https:\/\/portfolio.uqac.ca\/sergiorossi\/files\/2021\/04\/117590868_306308083923557_6848395178551590616_n-232x300.jpg 232w, https:\/\/portfolio.uqac.ca\/sergiorossi\/files\/2021\/04\/117590868_306308083923557_6848395178551590616_n-768x993.jpg 768w, https:\/\/portfolio.uqac.ca\/sergiorossi\/files\/2021\/04\/117590868_306308083923557_6848395178551590616_n-792x1024.jpg 792w, https:\/\/portfolio.uqac.ca\/sergiorossi\/files\/2021\/04\/117590868_306308083923557_6848395178551590616_n.jpg 1584w\" sizes=\"(max-width: 125px) 100vw, 125px\" \/><\/a><a href=\"Samuel.Robin@uqat.ca\">Samuel Robin<\/a><br \/>\nMaster student (Universit\u00e9 du Qu\u00e9bec en Abitibi-T\u00e9miscamingue)<br \/>\nB.Sc\u00a0Agronomy (Universit\u00e9 Laval)<br \/>\nMy research interests are in forestry, ecophysiology, and agronomy. I evaluate the impact of different temperature scenarios representing climate change over the next century on the germination and establishment of boreal species. The results will define the limits of species in the context of climate change. My project improves the strategies of forest management and seedling production for seedlings better adapted to future climate scenarios<\/p>\n","protected":false},"excerpt":{"rendered":"<p>David Almagro PhD student (INIA-ICIFOR, CSIC, Spain) MSc in Biodiversity and Conservation Biology (2020, UPO, Spain) Research interests: xylogenesis, plant phenology, wood anatomy. I study the wood formation process and cambial phenology in mixed stands of two of the most important Mediterranean species (P. sylvestris and Q. pyrenaica) at their ecotone in central Spain. I &hellip; <a href=\"https:\/\/portfolio.uqac.ca\/sergiorossi\/guests\/\" class=\"more-link\">Continue reading <span class=\"screen-reader-text\">Guests<\/span> <span class=\"meta-nav\">&rarr;<\/span><\/a><\/p>\n","protected":false},"author":87,"featured_media":0,"parent":0,"menu_order":0,"comment_status":"closed","ping_status":"closed","template":"","meta":{"footnotes":""},"tags":[],"_links":{"self":[{"href":"https:\/\/portfolio.uqac.ca\/sergiorossi\/wp-json\/wp\/v2\/pages\/25"}],"collection":[{"href":"https:\/\/portfolio.uqac.ca\/sergiorossi\/wp-json\/wp\/v2\/pages"}],"about":[{"href":"https:\/\/portfolio.uqac.ca\/sergiorossi\/wp-json\/wp\/v2\/types\/page"}],"author":[{"embeddable":true,"href":"https:\/\/portfolio.uqac.ca\/sergiorossi\/wp-json\/wp\/v2\/users\/87"}],"replies":[{"embeddable":true,"href":"https:\/\/portfolio.uqac.ca\/sergiorossi\/wp-json\/wp\/v2\/comments?post=25"}],"version-history":[{"count":55,"href":"https:\/\/portfolio.uqac.ca\/sergiorossi\/wp-json\/wp\/v2\/pages\/25\/revisions"}],"predecessor-version":[{"id":560,"href":"https:\/\/portfolio.uqac.ca\/sergiorossi\/wp-json\/wp\/v2\/pages\/25\/revisions\/560"}],"wp:attachment":[{"href":"https:\/\/portfolio.uqac.ca\/sergiorossi\/wp-json\/wp\/v2\/media?parent=25"}],"wp:term":[{"taxonomy":"post_tag","embeddable":true,"href":"https:\/\/portfolio.uqac.ca\/sergiorossi\/wp-json\/wp\/v2\/tags?post=25"}],"curies":[{"name":"wp","href":"https:\/\/api.w.org\/{rel}","templated":true}]}}