{"id":202,"date":"2020-02-19T11:32:03","date_gmt":"2020-02-19T16:32:03","guid":{"rendered":"http:\/\/portfolio-pre.uqac.ca\/silvainrafini\/?page_id=202"},"modified":"2020-06-05T17:14:46","modified_gmt":"2020-06-05T21:14:46","slug":"conferences-2","status":"publish","type":"page","link":"https:\/\/portfolio.uqac.ca\/silvainrafini\/conferences-2\/","title":{"rendered":"Conf\u00e9rences"},"content":{"rendered":"<ul>\n<li><strong>Publications orales et affiches avec <em>peer-review<\/em><\/strong><\/li>\n<\/ul>\n<p><strong>Rafini S.<\/strong>, Chesnaux, R. et Ferroud, A. 2016. Characterizing Complex Aquifers Using Flow Dimension Diagnostic Sequences. IAH conference, Montpellier, France.<\/p>\n<p><strong>Rafini S.<\/strong>, Chesnaux, R. et Ferroud, A. 2015. Characterizing Complex Aquifers Using Flow Dimension Diagnostic Sequences. AGU-GACMAC Joint Assembly, June 3 \u2013 5, Montr\u00e9al, Qu\u00e9bec, Canada.<\/p>\n<p>Ferroud, A., Chesnaux, R. et <strong>Rafini, S.<\/strong> 2015. Pumping test diagnostic plots for the investigation of flow patterns in complex aquifers: numerical results. 42<sup>nd<\/sup> IAH Congress, September 13 \u2013 18, Rome, Italy.<\/p>\n<p>Ferroud, A., Chesnaux, R. et <strong>Rafini, S.<\/strong> 2015. Statistical analysis of flow dimension occurrences in natural aquifers from various geological environments: input on their conceptual interpretation. AGU-GACMAC Joint Assembly, June 3 \u2013 5, Montr\u00e9al, Qu\u00e9bec, Canada.<\/p>\n<p>M\u00e9riaud N., J\u00e9brak, M. et <strong>Rafini S.<\/strong>, 2014, The Cadillac Fault System, focus on the western Rouyn-Noranda Segment\u00a0: The Wasamac deposit, RMCMI Conference and Annual Meeting, Keystone, Colorado, \u00c9tats-Unis.<\/p>\n<p><strong>Rafini, S.<\/strong>, Chesnaux, R. et Dal Soglio, L. 2014. A numerical analysis to illustrate the usefulness of drawdown log-derivative diagnostic plots in characterizing the heterogeneity of non-Theis aquifers. Geologica Society of America (GSA), October 19-October 22, Vancouver, Colombie Britannique, Canada.<\/p>\n<p>Bedeaux P., Pilote P., Daigneault R. et <strong>Rafini S.<\/strong>, 2014, Synthesis of the structural evolution and associated gold mineralization of the Cadillac Fault, Abitibi, Canada, Geologica Society of America (GSA), october 19-october 22, Vancouver, Colombie Britannique, Canada.<\/p>\n<p>Ferroud A, Chesnaux R et <strong>Rafini S.<\/strong>, 2014, Development and application of diagnostic tools for the determination of hydraulic properties in complex aquifers, 41<sup>\u00e8me<\/sup> Congr\u00e8s International de l&#8217;AIH &#8220;Eaux Souterraines: Challenges et Strat\u00e9gies, Marrakech, Maroc.<\/p>\n<p><strong>Rafini, S.<\/strong>, Chesnaux, R. et Dal Soglio, L. 2013. A numerical analysis to illustrate the usefulness of drawdown log-derivative diagnostic plots in characterizing the heterogeneity of non-Theis aquifers. GeoMontreal 2013, the 66th Canadian Geotechnical Conference and the 11th Joint CGS\/IAH-CNC Groundwater Conference, September 29-October 3, 2013, Montreal, Quebec, Canada.<\/p>\n<p><strong>Rafini S.<\/strong>, 2013, Optimisation des donn\u00e9es de g\u00e9ochimie des sols par acides forts, affiche au <em>Congr\u00e8s<\/em> <em>Qu\u00e9bec Mines<\/em>, 11 \u2013 14 nov., Qu\u00e9bec (Qu\u00e9bec), Canada<\/p>\n<p><strong>Rafini S<\/strong>., Chesnaux R., &amp; Dal Salglio L., 2013, A numerical analysis to illustrate the usefulness of drawdown log-derivative diagnostic plots in characterizing the heterogeneity of non-Theis aquifers, <em>GEOMONTREAL Congress<\/em>, 29 sept. \u2013 3 oct., Montr\u00e9al (Qu\u00e9bec), Canada<\/p>\n<p><strong>Rafini S.<\/strong>, 2012, D\u00e9tection des gisements sous couverture glaciaire par la m\u00e9thode MMI : Synth\u00e8se, \u00e9tudes de cas, perspectives, affiche au <em>Congr\u00e8s<\/em> <em>Qu\u00e9bec Mines<\/em>, 21 \u2013 26 nov., Qu\u00e9bec (Qu\u00e9bec), Canada<\/p>\n<p>Chesnaux R., Dal Soglio L. &amp;<strong> Rafini S. <\/strong>(2012) Investigating the impact of hydraulic connections between granular and fractured rock aquifers on hydraulic testing,\u00a0 39<sup>th<\/sup> IAH Congress, September 18<sup>th<\/sup>, Niagara Falls, Canada<\/p>\n<p><strong>Rafini S.<\/strong>, Faure S. &amp; Daigneault R. (2011 &#8211; 2012) Mod\u00e9lisation de la dynamique sismique de la faille Cadillac \u2013 Impact sur la gen\u00e8se des gisements aurif\u00e8res orog\u00e9niques, <em>Projet CONSOREM 2008-01, Ph. 3<\/em><\/p>\n<ul>\n<li><em>Colloque De Launay \u2013 80<sup>\u00e8me<\/sup> congr\u00e8s de l\u2019ACFAS<\/em>, 7 \u2013 11 mai, Montr\u00e9al (Qu\u00e9bec), Canada<\/li>\n<li><em>Congr\u00e8s Qu\u00e9bec-Exploration<\/em>, 21 \u2013 24 nov., Qu\u00e9bec (Qu\u00e9bec), Canada<\/li>\n<\/ul>\n<p><strong>Rafini S.<\/strong>, Faure S. &amp; Daigneault R. (2011) Archean seismic activity and gold mineralization along the Cadillac-Larder Lake fault zone:\u00a0 A numerical modeling approach, <em>GACMAC<\/em>, 25 &#8211; 27 mai, Ottawa (Ontario), Canada<\/p>\n<p><strong>Rafini S. <\/strong>&amp; Larocque M. (2011) Numerical modeling of horizontal and inclined faults responses to pumping test, <em>GACMAC<\/em>, 25 &#8211; 27 mai, Ottawa (Ontario), Canada<em>. <\/em><\/p>\n<p><strong>Rafini S.<\/strong>, Larocque M. &amp; Mercier E. (2007) Insights from time-variant and fractional flow dimensions on the hydrodynamics in faulted reservoirs, <em>AIH Congress<\/em>, Oct. 21-24 th., Ottawa, (Ontario), Canada.<\/p>\n<p><a href=\"https:\/\/www.sciencedirect.com\/science\/article\/pii\/S0191814106000198\">Ahmadi<\/a> R., <a href=\"https:\/\/www.sciencedirect.com\/science\/article\/pii\/S0191814106000198\">Jamel Ouali<\/a> J., <a href=\"https:\/\/www.sciencedirect.com\/science\/article\/pii\/S0191814106000198\">Mercier<\/a> E., <a href=\"https:\/\/www.sciencedirect.com\/science\/article\/pii\/S0191814106000198\">\u00a0Mansy<\/a> J.-L.,<a href=\"https:\/\/www.sciencedirect.com\/science\/article\/pii\/S0191814106000198\">Van-Vliet Lano\u00eb<\/a> B., <a href=\"https:\/\/www.sciencedirect.com\/science\/article\/pii\/S0191814106000198\">Launeau<\/a> P., <a href=\"https:\/\/www.sciencedirect.com\/science\/article\/pii\/S0191814106000198\">Rhekhiss<\/a> F. et <a href=\"https:\/\/www.sciencedirect.com\/science\/article\/pii\/S0191814106000198\"><strong>Rafini<\/strong><\/a> <strong>S.<\/strong>, 2006,The geomorphologic responses to hinge migration in the fault-related folds in the Southern Tunisian Atlas, Journal <em>of structural Geology<\/em>, <a href=\"https:\/\/www.sciencedirect.com\/science\/journal\/01918141\/28\/4\">v. 28, 4<\/a>, p. 721\u2013728.<\/p>\n<p>Faure S. &amp; <strong>Rafini S. <\/strong>(2004) Pal\u00e9opressions tectoniques et min\u00e9ralisations aurif\u00e8res \u00e0 la Mine Sigma, Abitibi. Dans <em>Abitibi 2004<\/em>, P\u00e9riodes m\u00e9tallog\u00e9niques de l\u2019Abitibi\u00a0: du concept \u00e0 l\u2019application. R\u00e9sum\u00e9s de conf\u00e9rence, p. 22-24.<\/p>\n<p><strong>Rafini S.<\/strong>, Ross P.-S. &amp; J\u00e9brak M. (2002) How plutons act as stress localizer, affiche au <em>GAC-MAC congress<\/em>, Saskatoon (Saskatcehwan), Canada.<\/p>\n<p><strong>Rafini S.<\/strong> &amp; Mercier E. (2000) Etude de la cin\u00e9matique des plis par mod\u00e9lisation g\u00e9om\u00e9trique des bassins syntectoniques associ\u00e9s, exemples des bassins de San Lloren\u00e7 de Morunys (Versant sud des Pyr\u00e9n\u00e9es) et du V\u00e9lodrome (Alpes de Haute Provence, France), affiche au 18<sup>\u00e8me<\/sup> RST, Paris.<\/p>\n<p>Platevoet B. &amp; <strong>Rafini S.<\/strong> (1998) Activit\u00e9 filonienne tardive associ\u00e9e aux intrusions peralcalines d\u2019Evisa et du Cinto (Corse), affiche au 17<sup>\u00e8me<\/sup> RST, Brest.<\/p>\n<ul>\n<li><strong>Publications orales sans <em>peer-review<\/em><\/strong><\/li>\n<\/ul>\n<p><strong>Rafini S.<\/strong> 2019, Outils d\u2019interpr\u00e9tation des aquif\u00e8res non-uniformes en essai de pompage : des \u201cdiagnostic plots\u201d aux s\u00e9quences de dimensions d\u2019\u00e9coulement, <em>S\u00e9minaire du R\u00e9seau Qu\u00e9b\u00e9cois des Eaux Souterraines (RQES),<\/em> <em>Webinaire<\/em> 12 d\u00e9c., UQAM, Montr\u00e9al, Qu\u00e9bec (Qu\u00e9bec), Canada<\/p>\n<p><strong>Rafini S.<\/strong> 2019, Footprints of Base Metal Deposits in Canadian Shield Brines: Towards the Use of Groundwater Chemistry in Deep Mineral Exploration, <em>S\u00e9minaire UQAM<\/em>, 26 nov. UQAM, Montr\u00e9al, Qu\u00e9bec (Qu\u00e9bec), Canada<\/p>\n<p><strong>Rafini S. <\/strong>2019, <a href=\"https:\/\/consorem.ca\/production_scientifique\/fiches_projets\/2018-04.pdf\">Optimisation des mailles de forages pour les besoins du calcul de ressources &#8211; Phase 3<\/a><strong>,<\/strong> Projet CONSOREM 2018-04, Atelier CONSOREM, <em>40<sup>\u00e8me<\/sup> Congr\u00e8s Qu\u00e9bec Mines + Energie, <\/em>18 &#8211; 21 nov., Qu\u00e9bec (Qu\u00e9bec), Canada<\/p>\n<p><strong>Rafini S. <\/strong>2019, <a href=\"https:\/\/consorem.ca\/production_scientifique\/fiches_projets\/2018-05.pdf\">Hydrog\u00e9ochimie souterraine appliqu\u00e9e \u00e0 l&#8217;exploration min\u00e9rale, Phase 3 &#8211; Exploration pour l&#8217;or<\/a><strong>,<\/strong> Projet CONSOREM 2018-05, Atelier CONSOREM, <em>40<sup>\u00e8me<\/sup> Congr\u00e8s Qu\u00e9bec Mines + Energie, <\/em>18 &#8211; 21 nov., Qu\u00e9bec (Qu\u00e9bec), Canada<\/p>\n<p><strong>Rafini S. <\/strong>2019,<em> La g\u00e9ochimie des eaux souterraines\u00a0: un outil novateur pour l\u2019exploration min\u00e9rale<\/em>, Affiche au <em>40<sup>\u00e8me<\/sup> Congr\u00e8s Qu\u00e9bec Mines + Energie, <\/em>18 &#8211; 21 nov., Qu\u00e9bec (Qu\u00e9bec), Canada<\/p>\n<p><strong>Rafini S.<\/strong> 2019, <em>La g\u00e9ochimie des eaux souterraines\u00a0: un outil novateur pour l\u2019exploration min\u00e9rale, 40<sup>\u00e8me<\/sup> Congr\u00e8s Qu\u00e9bec Mines + Energie, <\/em>18 &#8211; 21 nov., Qu\u00e9bec (Qu\u00e9bec), Canada<\/p>\n<p><strong>Rafini S<\/strong>. 2019, Pumping tests interpretation in non-uniform aquifers, <em>Critical thinking in aquifer test interpertation \u2013 C. Neville Short Course, <\/em>GAC-MAC-IAH Qu\u00e9bec 2019, 13 \u2013 15 mai, Qu\u00e9bec (Qu\u00e9bec), Canada<\/p>\n<p><strong>Rafini S.<\/strong> 2019,<em> La g\u00e9ochimie des eaux souterraines\u00a0: un outil novateur pour l\u2019exploration min\u00e9rale, 17<sup>\u00e8me<\/sup> forum technologique du CONSOREM-DIVEX<\/em>, Val d\u2019Or (Qu\u00e9bec), Canada<\/p>\n<p><strong>Rafini S.<\/strong> 2018, <a href=\"https:\/\/www.consorem.ca\/presentation_pub\/forum_techno_2018\/2016-05_Rafini_Forum-Techno2018_pres.pdf\">G\u00e9ochimie des eaux souterraines appliqu\u00e9e \u00e0 l&#8217;exploration min\u00e9rale<\/a>,<em> 16<sup>\u00e8me<\/sup> forum technologique du CONSOREM-DIVEX<\/em>, Val d\u2019Or (Qu\u00e9bec), Canada<\/p>\n<p><strong>Rafini S., <\/strong>2018, <a href=\"https:\/\/consorem.ca\/production_scientifique\/fiches_projets\/2017-05.pdf\">Hydrog\u00e9ochimie souterraine appliqu\u00e9e \u00e0 l&#8217;exploration min\u00e9rale \u2013 Phase 2<\/a><strong>, <\/strong>Projet CONSOREM 2017-05, Atelier CONSOREM, <em>39<sup>\u00e8me<\/sup> Congr\u00e8s Qu\u00e9bec Mines + Energie, <\/em>18 &#8211; 21 nov., Qu\u00e9bec (Qu\u00e9bec), Canada<\/p>\n<p><strong>Rafini S., <\/strong>2018, <a href=\"https:\/\/consorem.ca\/presentation_pub\/atelier_uqam_2018\/5_SRafini_MiniForum-UQAM_15fev2018.pptx%20%5bR\u00e9par\u00e9%5d.pdf\">Empreinte hydrothermale des g\u00eetes aurif\u00e8res mesothermaux dans le Sud de l&#8217;Abitibi<\/a><strong>,<\/strong> <em>Forum CONSOREM-UQAM<\/em>, 14 fev. UQAM, Montr\u00e9al (Qu\u00e9bec), Canada<\/p>\n<p><strong>Rafini S.<\/strong> 2017, Guides d\u2019exploration r\u00e9gionale pour les porphyres \u00e0 Cu (Au, Mo) et les skarns en Gasp\u00e9sie, Projet CONSOREM 2014-04<em>, 15<sup>\u00e8me<\/sup> forum technologique du CONSOREM-DIVEX<\/em>, Val d\u2019Or (Qu\u00e9bec), Canada<\/p>\n<p><strong>Rafini S., <\/strong>2017, <a href=\"https:\/\/consorem.ca\/production_scientifique\/fiches_projets\/2016-05.pdf\">Nouvelles perspectives hydrog\u00e9ochimiques pour l&#8217;exploration \u2013 phase 2, les eaux souterraines<\/a>, Projet CONSOREM 2016-05, Atelier CONSOREM, <em>38<sup>\u00e8me<\/sup> Congr\u00e8s Qu\u00e9bec Mines +6 Energie, <\/em>18 &#8211; 21 nov., Qu\u00e9bec (Qu\u00e9bec), Canada<\/p>\n<p><strong>Rafini S.<\/strong> 2017, Hydrog\u00e9ochimie des eaux de surface appliqu\u00e9e \u00e0 l\u2019exploration min\u00e9rale,<em> Projet CONSOREM 2015-05, forum technologique du CONSOREM-DIVEX<\/em>, Val d\u2019Or (Qu\u00e9bec), Canada<\/p>\n<p><strong>Rafini S.<\/strong> 2017, Exploration de l\u2019or orog\u00e9nique en Abitibi \u2013 synth\u00e8se de 15 ann\u00e9es de recherches au CONSOREM, 37<sup>\u00e8me<\/sup> <em>Congr\u00e8s<\/em> <em>Qu\u00e9bec Mines<\/em>, Qu\u00e9bec (Qu\u00e9bec), Canada<\/p>\n<p><strong>Rafini S., <\/strong>2016, <a href=\"https:\/\/consorem.ca\/production_scientifique\/fiches_projets\/2015-05.pdf\">Perspectives hydrog\u00e9ochimiques pour l\u2019exploration min\u00e9rale &#8211; Phase 1<\/a>, Projet CONSOREM 2015-05, Atelier CONSOREM, 37<sup>\u00e8me<\/sup> <em>Congr\u00e8s<\/em> <em>Qu\u00e9bec Mines<\/em>, Qu\u00e9bec (Qu\u00e9bec), Canada<\/p>\n<p><strong>Rafini S., <\/strong>2016, <a href=\"https:\/\/consorem.ca\/production_scientifique\/fiches_projets\/2015-07.pdf\">Int\u00e9gration et synth\u00e8se &#8211; or orog\u00e9nique en Abitibi<\/a><strong>,<\/strong> Projet CONSOREM 2015-07, Atelier CONSOREM, 37<sup>\u00e8me<\/sup> <em>Congr\u00e8s<\/em> <em>Qu\u00e9bec Mines<\/em>, Qu\u00e9bec (Qu\u00e9bec), Canada<\/p>\n<p><strong>Rafini S.<\/strong> 2016. Hydrog\u00e9ochimie appliqu\u00e9e \u00e0 l\u2019exploration min\u00e9rale. Affiche g\u00e9oscientifique, 37<sup>\u00e8me<\/sup> <em>Congr\u00e8s<\/em> <em>Qu\u00e9bec Mines<\/em>, Qu\u00e9bec (Qu\u00e9bec), Canada<\/p>\n<p><strong>Rafini S<\/strong>. 2015, Discrimination g\u00e9ophysique des conducteurs sulfur\u00e9s et graphitiques, <em>Projet CONSOREM 2013-06<\/em>,<\/p>\n<ul>\n<li><em>13<sup>\u00e8me<\/sup> forum technologique du CONSOREM-DIVEX<\/em>, Rouyn-Noranda (Qu\u00e9bec), Canada<\/li>\n<li>Atelier CONSOREM, Congr\u00e8s Qu\u00e9bec Mines, 17 \u2013 21 nov., Qu\u00e9bec (Qu\u00e9bec), Canada<\/li>\n<\/ul>\n<p><strong>Rafini S. <\/strong>2015, Typologie des g\u00eetes aurif\u00e8res associ\u00e9s \u00e0 la Faille Cadillac, <em>Projets CONSOREM 2011-01 et 2012-01<\/em><\/p>\n<ul>\n<li>Atelier CONSOREM, Congr\u00e8s Qu\u00e9bec Mines, Qu\u00e9bec (Qu\u00e9bec), Canada<\/li>\n<li><em>12<sup>\u00e8me<\/sup> forum technologique du CONSOREM-DIVEX<\/em>, Rouyn-Noranda (Qu\u00e9bec), Canada<\/li>\n<\/ul>\n<p><strong>Rafini S. <\/strong>2014, Assurance et contr\u00f4le de la qualit\u00e9 (QA\/QC) en exploration min\u00e9rale\u00a0: synth\u00e8se et \u00e9valuation des usages<strong>,<\/strong> Atelier CONSOREM, Congr\u00e8s Qu\u00e9bec Mines, 17 \u2013 21 nov., \u00a0Qu\u00e9bec (Qu\u00e9bec), Canada<\/p>\n<p><strong>Rafini S.<\/strong> 2014, <strong>Typologie des min\u00e9ralisations aurif\u00e8res associ\u00e9es \u00e0 la Faille de Cadillac<\/strong><strong>, <\/strong><em>Congr\u00e8s<\/em> <em>Qu\u00e9bec Mines<\/em>, 17 \u2013 21 nov., Qu\u00e9bec (Qu\u00e9bec), Canada<\/p>\n<p><strong>Rafini S<\/strong>. 2013, \u00c9valuation de l\u2019efficacit\u00e9 des diff\u00e9rentes techniques de g\u00e9ochimie de l\u2019environnement secondaire, Atelier CONSOREM, Congr\u00e8s Qu\u00e9bec Mines, 11 \u2013 14 nov., \u00a0Qu\u00e9bec (Qu\u00e9bec), Canada<\/p>\n<p><strong>Rafini S<\/strong>. 2013, Typologie des g\u00eetes aurif\u00e8res associ\u00e9s \u00e0 la Faille Cadillac \u2013 Segment Est, <em>Projet CONSOREM 2011-01<\/em><\/p>\n<ul>\n<li><em>11<sup>\u00e8me<\/sup> forum technologique du CONSOREM-DIVEX<\/em>, 14 sept., Val d\u2019Or (Qu\u00e9bec), Canada<\/li>\n<li>Atelier CONSOREM,<em> Congr\u00e8s<\/em> <em>Qu\u00e9bec Mines<\/em>, 11 \u2013 14 nov., <em>Qu\u00e9bec <\/em>(Qu\u00e9bec), Canada<\/li>\n<\/ul>\n<p><strong>Rafini S.<\/strong> (2012) D\u00e9tection des gisements sous couverture glaciaire par la m\u00e9thode MMI : Synth\u00e8se, \u00e9tudes de cas, perspectives, <em>Projet CONSOREM 2010-07<\/em><\/p>\n<ul>\n<li><em>10<sup>\u00e8me<\/sup> forum technologique du CONSOREM-DIVEX<\/em>, 18 sept. Rouyn-Noranda (Qu\u00e9bec), Canada<\/li>\n<li>Atelier CONSOREM <em>G\u00e9ochimie des Environnements secondaires appliqu\u00e9e \u00e0 l\u2019exploration min\u00e9rale<\/em>, 15 f\u00e9v., UQ\u00c0M, Montr\u00e9al (Qu\u00e9bec), Canada<\/li>\n<\/ul>\n<p><strong>Rafini S.<\/strong> Faure S. &amp; Daigneault R. (2010 &#8211; 2011) Mod\u00e9lisation de la dynamique sismique de la faille Cadillac \u2013 Impact sur la gen\u00e8se des gisements aurif\u00e8res orog\u00e9niques,<\/p>\n<ul>\n<li>S\u00e9minaire \u00e0 l\u2019Universit\u00e9 du Qu\u00e9bec \u00e0 Montr\u00e9al (UQ\u00c0M), Montr\u00e9al (Qu\u00e9bec), Canada<\/li>\n<li>S\u00e9minaire \u00e0 l\u2019Universit\u00e9 du Qu\u00e9bec \u00e0 Chicoutimi (UQ\u00c0C), Chicoutimi (Qu\u00e9bec), Canada<\/li>\n<li>9<sup>\u00e8me<\/sup> forum technologique du CONSOREM-DIVEX, 20 sept., Rouyn-Noranda (Qu\u00e9bec), Canada<\/li>\n<li>Carrefour des Sciences de la Terre, 8<sup>\u00e8me<\/sup> \u00e9d., 5 \u2013 7 avril, UQAC<em>, <\/em>Chicoutimi (Qu\u00e9bec), Canada<\/li>\n<\/ul>\n<p>Faure S. &amp; <strong>Rafini S.<\/strong> (2009) Mod\u00e9lisation des pal\u00e9ocontraintes le long de la Faille Destor-Porcupine : implication pour l\u2019exploration aurif\u00e8re, 7<sup>\u00e8me<\/sup> forum technologique du\u00a0 CONSOREM, Val d\u2019Or (Qu\u00e9bec), Canada.<\/p>\n<p><strong>Rafini S.<\/strong> (2005) \u00c9tude du contr\u00f4le structural des \u00e9coulements en milieux fractur\u00e9s : contribution de l\u2019approche mixte simulation de flux \u2013 analyse tectonique, Carrefour des Sciences de la Terre, 2<sup>\u00e8me<\/sup> \u00e9d., <em>16<\/em><em>e <\/em><em>Colloque du REDIST, <\/em>1-4 mars UQAC, Chicoutimi (Qu\u00e9bec), Canada<em>.<\/em><\/p>\n<p>Faure S. &amp; <strong>Rafini S.<\/strong> (2005) Mod\u00e9lisation num\u00e9rique des pal\u00e9opressions tectoniques et min\u00e9ralisation, Carrefour des Sciences de la Terre, 2<sup>\u00e8me<\/sup> \u00e9d., 1-4 mars UQAC<em>, <\/em>Chicoutimi (Qu\u00e9bec), Canada<em>. <\/em><\/p>\n","protected":false},"excerpt":{"rendered":"<p>Publications orales et affiches avec peer-review Rafini S., Chesnaux, R. et Ferroud, A. 2016. Characterizing Complex Aquifers Using Flow Dimension Diagnostic Sequences. IAH conference, Montpellier, France. Rafini S., Chesnaux, R. et Ferroud, A. 2015. Characterizing Complex Aquifers Using Flow Dimension Diagnostic Sequences. AGU-GACMAC Joint Assembly, June 3 \u2013 5, Montr\u00e9al, Qu\u00e9bec, Canada. Ferroud, A., Chesnaux, &hellip; <a href=\"https:\/\/portfolio.uqac.ca\/silvainrafini\/conferences-2\/\" class=\"more-link\">Continuer la lecture de <span class=\"screen-reader-text\">Conf\u00e9rences<\/span>  <span class=\"meta-nav\">&rarr;<\/span><\/a><\/p>\n","protected":false},"author":301,"featured_media":0,"parent":0,"menu_order":0,"comment_status":"closed","ping_status":"closed","template":"","meta":{"footnotes":""},"tags":[],"_links":{"self":[{"href":"https:\/\/portfolio.uqac.ca\/silvainrafini\/wp-json\/wp\/v2\/pages\/202"}],"collection":[{"href":"https:\/\/portfolio.uqac.ca\/silvainrafini\/wp-json\/wp\/v2\/pages"}],"about":[{"href":"https:\/\/portfolio.uqac.ca\/silvainrafini\/wp-json\/wp\/v2\/types\/page"}],"author":[{"embeddable":true,"href":"https:\/\/portfolio.uqac.ca\/silvainrafini\/wp-json\/wp\/v2\/users\/301"}],"replies":[{"embeddable":true,"href":"https:\/\/portfolio.uqac.ca\/silvainrafini\/wp-json\/wp\/v2\/comments?post=202"}],"version-history":[{"count":3,"href":"https:\/\/portfolio.uqac.ca\/silvainrafini\/wp-json\/wp\/v2\/pages\/202\/revisions"}],"predecessor-version":[{"id":218,"href":"https:\/\/portfolio.uqac.ca\/silvainrafini\/wp-json\/wp\/v2\/pages\/202\/revisions\/218"}],"wp:attachment":[{"href":"https:\/\/portfolio.uqac.ca\/silvainrafini\/wp-json\/wp\/v2\/media?parent=202"}],"wp:term":[{"taxonomy":"post_tag","embeddable":true,"href":"https:\/\/portfolio.uqac.ca\/silvainrafini\/wp-json\/wp\/v2\/tags?post=202"}],"curies":[{"name":"wp","href":"https:\/\/api.w.org\/{rel}","templated":true}]}}