{"id":246,"date":"2020-02-26T10:33:43","date_gmt":"2020-02-26T15:33:43","guid":{"rendered":"http:\/\/portfolio-pre.uqac.ca\/silvainrafini\/?page_id=246"},"modified":"2025-01-14T11:48:12","modified_gmt":"2025-01-14T16:48:12","slug":"encadrement","status":"publish","type":"page","link":"https:\/\/portfolio.uqac.ca\/silvainrafini\/encadrement\/","title":{"rendered":"Encadrement"},"content":{"rendered":"<h2>Supervision d&#8217;\u00e9tudiants post-gradu\u00e9s<\/h2>\n<ul>\n<li>2022-2024. Post-doctorat de Dominique Richard\n<ul>\n<li><strong><em>\u00ab\u00a0\u00c9volution g\u00e9ochimique et contenu m\u00e9tallique des saumures continentales profondes du Bouclier canadien\u00a0: niveau de base et empreintes des g\u00eetes m\u00e9tallif\u00e8res \u00bb<\/em> <\/strong>&#8211; collaboration avec le CONSOREM (UQAC)<\/li>\n<\/ul>\n<\/li>\n<li>2021-2022. Post-doctorat de Dominique Richard\n<ul>\n<li><em>\u00ab\u00a0<strong>Mod\u00e9lisation du transport r\u00e9actif<\/strong> <strong>des organismes pathog\u00e8nes dans<\/strong> <strong>l\u2019<\/strong><strong>eau souterraine<\/strong>, <strong>implications sur la<\/strong> <strong>protection des puits r\u00e9sidentiels<\/strong>\u00bb<\/em> &#8211; projet mandat\u00e9 par le Minist\u00e8re Qu\u00e9b\u00e9cois de l\u2019Environnement et de la Lutte contre les Changements Climatiques (MELCC)<\/li>\n<\/ul>\n<\/li>\n<li>2018-2023. <strong>Doctorat<\/strong> de Daouda Meite\n<ul>\n<li><strong>\u00ab\u00a0Dynamique de l\u2019\u00e9coulement h\u00e9t\u00e9rog\u00e8ne en milieu non-uniforme\u00a0\u2013 apport des tests d\u2019interf\u00e9rence \u00bb<\/strong><\/li>\n<\/ul>\n<\/li>\n<\/ul>\n<ul>\n<li>2012 \u00e0 2017. <strong>Doctorat<\/strong> d\u2019Anouck Ferroud\n<ul>\n<li>\u00ab\u00a0C<strong>aract\u00e9risation de l\u2019hydrodynamisme de l&#8217;\u00e9coulement\u00a0h\u00e9t\u00e9rog\u00e8ne en milieu aquif\u00e8re complexe\u00a0: du\u00a0terrain \u00e0 l&#8217;interpr\u00e9tation diagnostique\u00a0\u00bb <\/strong><\/li>\n<\/ul>\n<\/li>\n<\/ul>\n<ul>\n<li>2012 \u00e0 2017. <strong>Doctorat <\/strong>de Pierre Bedeaux\n<ul>\n<li>\u00ab\u00a0<strong>Synth\u00e8se structurale et m\u00e9tallog\u00e9nique de la Faille Cadillac, Abitibi, Qu\u00e9bec\u00a0\u00bb\u00a0; Mod\u00e9lisation num\u00e9rique de la dynamique hydrothermale co-sismique arch\u00e9enne, et relations avec la m\u00e9tallog\u00e9n\u00e8se aurif\u00e8re \u00bb<\/strong><\/li>\n<\/ul>\n<\/li>\n<\/ul>\n<ul>\n<li>2012 \u00e0 2013. <strong>Ma\u00eetrise<\/strong> de Lucie Dal Soglio\n<ul>\n<li><strong>\u00ab Simulation num\u00e9riques d\u2019essai de pompage pour le diagnostic des discontinuit\u00e9s structurales et des h\u00e9t\u00e9rog\u00e9n\u00e9it\u00e9s des aquif\u00e8res de d\u00e9p\u00f4ts \u00bb<br \/>\n<\/strong><\/li>\n<\/ul>\n<\/li>\n<\/ul>\n<h2>Cours intensifs<\/h2>\n<ul>\n<li>\u00ab\u00a0<em>A critical thinking in pumping tests interpretation\u00a0<\/em><strong><em>\u00bb <\/em><\/strong><strong><em>&#8211; <\/em><\/strong>en collaboration avec C. Neville (S.S. Papadopoulos &amp; Associates Inc.), GACMAC-AIH, Qu\u00e9bec, 2019<\/li>\n<li>Atelier \u00ab\u00a0<em>Analyse des veines hydrothermales pour l\u2019exploration min\u00e9rale<\/em>\u00a0\u00bb donn\u00e9 aux compagnies membres du CONSOREM, 2019<\/li>\n<\/ul>\n","protected":false},"excerpt":{"rendered":"<p>Supervision d&#8217;\u00e9tudiants post-gradu\u00e9s 2022-2024. Post-doctorat de Dominique Richard \u00ab\u00a0\u00c9volution g\u00e9ochimique et contenu m\u00e9tallique des saumures continentales profondes du Bouclier canadien\u00a0: niveau de base et empreintes des g\u00eetes m\u00e9tallif\u00e8res \u00bb &#8211; collaboration avec le CONSOREM (UQAC) 2021-2022. Post-doctorat de Dominique Richard \u00ab\u00a0Mod\u00e9lisation du transport r\u00e9actif des organismes pathog\u00e8nes dans l\u2019eau souterraine, implications sur la protection des &hellip; <a href=\"https:\/\/portfolio.uqac.ca\/silvainrafini\/encadrement\/\" class=\"more-link\">Continuer la lecture de <span class=\"screen-reader-text\">Encadrement<\/span>  <span class=\"meta-nav\">&rarr;<\/span><\/a><\/p>\n","protected":false},"author":301,"featured_media":0,"parent":0,"menu_order":0,"comment_status":"closed","ping_status":"closed","template":"","meta":{"footnotes":""},"tags":[],"_links":{"self":[{"href":"https:\/\/portfolio.uqac.ca\/silvainrafini\/wp-json\/wp\/v2\/pages\/246"}],"collection":[{"href":"https:\/\/portfolio.uqac.ca\/silvainrafini\/wp-json\/wp\/v2\/pages"}],"about":[{"href":"https:\/\/portfolio.uqac.ca\/silvainrafini\/wp-json\/wp\/v2\/types\/page"}],"author":[{"embeddable":true,"href":"https:\/\/portfolio.uqac.ca\/silvainrafini\/wp-json\/wp\/v2\/users\/301"}],"replies":[{"embeddable":true,"href":"https:\/\/portfolio.uqac.ca\/silvainrafini\/wp-json\/wp\/v2\/comments?post=246"}],"version-history":[{"count":25,"href":"https:\/\/portfolio.uqac.ca\/silvainrafini\/wp-json\/wp\/v2\/pages\/246\/revisions"}],"predecessor-version":[{"id":299,"href":"https:\/\/portfolio.uqac.ca\/silvainrafini\/wp-json\/wp\/v2\/pages\/246\/revisions\/299"}],"wp:attachment":[{"href":"https:\/\/portfolio.uqac.ca\/silvainrafini\/wp-json\/wp\/v2\/media?parent=246"}],"wp:term":[{"taxonomy":"post_tag","embeddable":true,"href":"https:\/\/portfolio.uqac.ca\/silvainrafini\/wp-json\/wp\/v2\/tags?post=246"}],"curies":[{"name":"wp","href":"https:\/\/api.w.org\/{rel}","templated":true}]}}