{"id":27,"date":"2020-02-18T14:41:04","date_gmt":"2020-02-18T19:41:04","guid":{"rendered":"http:\/\/portfolio-pre.uqac.ca\/gabarit\/?page_id=27"},"modified":"2020-02-25T08:28:09","modified_gmt":"2020-02-25T13:28:09","slug":"curriculum-vitae","status":"publish","type":"page","link":"https:\/\/portfolio.uqac.ca\/silvainrafini\/curriculum-vitae\/","title":{"rendered":"Curriculum vitae"},"content":{"rendered":"<h1><strong>Dipl\u00f4mes<\/strong><\/h1>\n<p><strong>2014, 2016. POST-DOCTORAT <\/strong>\u00e0 l\u2019Universit\u00e9 du Qu\u00e9bec \u00e0 Chicoutimi.<\/p>\n<ul>\n<li><strong>\u00ab\u00a0<em>Mod\u00e9lisation des circulations h\u00e9t\u00e9rog\u00e8nes d\u2019eau souterraine en milieu aquif\u00e8re non-uniforme<\/em>\u00a0: <em>approche diagnostique,<\/em> <em>d\u00e9veloppement d\u2019outils\u00a0<\/em>\u00bb <\/strong>Dir.\u00a0: R. Chesnaux<\/li>\n<\/ul>\n<p><strong>2002 &#8211; 2008. DOCTORAT en G\u00e9osciences <\/strong>\u00e0 l\u2019Universit\u00e9 du Qu\u00e9bec \u00e0 Montr\u00e9al.<\/p>\n<ul>\n<li><strong>\u00ab\u00a0<em>Apport de la mod\u00e9lisation num\u00e9rique exp\u00e9rimentale \u00e0 l\u2019\u00e9tude des circulations de fluide dans les failles<\/em>\u00a0\u00bb <\/strong>Dir.\u00a0: M. Larocque<\/li>\n<\/ul>\n<p><strong>1993-1998. DEUG \u2013 LICENCE \u2013 MA\u00ceTRISE &#8211; DEA en g\u00e9ologie structurale<\/strong> \u00e0 l\u2019Universit\u00e9 Paris Sud (Orsay) et \u00e0 l\u2019\u00c9cole Normale Sup. (ENS-Ulm), France.<\/p>\n<ul>\n<li>M.Sc.\u00a0: \u00ab <em><strong>\u00c9tude des relations chevauchement-plissement par l\u2019enregistrement s\u00e9dimentaire syn-tectonique, Zone Frontale Alpine <\/strong><\/em>\u00bb<\/li>\n<li>Projet de Fin d\u2019\u00c9tudes : \u00ab\u00a0<strong><em>Analyse des \u00e9manations filoniennes hyperalcalines du syst\u00e8me volcanique d\u2019Evisa, en Corse<\/em><\/strong><em>\u00a0<\/em>\u00bb<\/li>\n<\/ul>\n<h2><strong>EXP\u00c9RIENCE P\u00c9DAGOGIQUE<\/strong><\/h2>\n<p><strong>COURS INTENSIFS<\/strong><\/p>\n<ul>\n<li>\u00ab<em>A critical thinking in pumping tests interpretation<\/em>\u00bb &#8211; en collaboration avec C. Neville (S.S. Papadopoulos &amp; Associates Inc.), GACMAC-AIH, Qu\u00e9bec, 2019<\/li>\n<li>Atelier \u00ab<em>Analyse des veines hydrothermales pour l&#8217;exploration min\u00e9rale<\/em>\u00bb donn\u00e9 aux compagnies membres du CONSOREM, 2019<\/li>\n<\/ul>\n<p><strong>DIRECTION D&#8217;\u00c9TUDES POST-GRADU\u00c9ES<\/strong>, Universit\u00e9 du Qu\u00e9bec \u00e0 Chicoutimi<\/p>\n<ul>\n<li><strong>Doctorat<\/strong> de Daouda Meite\u00a0: <em>\u00ab\u00a0Dynamique de l\u2019\u00e9coulement h\u00e9t\u00e9rog\u00e8ne en milieu non-uniforme<\/em><strong><em>\u00a0\u2013 apport des tests d\u2019interf\u00e9rence \u00bb<\/em><\/strong><strong><em> &#8211; <\/em><\/strong>d\u00e9but\u00e9 en automne 2018<\/li>\n<li><strong>Doctorat<\/strong> d\u2019Anouck Ferroud\u00a0: \u00ab\u00a0C<strong><em>aract\u00e9risation de l\u2019hydrodynamisme de l&#8217;\u00e9coulement\u00a0h\u00e9t\u00e9rog\u00e8ne en milieu aquif\u00e8re complexe\u00a0: du\u00a0terrain \u00e0 l&#8217;interpr\u00e9tation diagnostique\u00a0\u00bb <\/em><\/strong>\u2013 2012 \u00e0 2017<\/li>\n<li><strong>Doctorat <\/strong>de Pierre Bedeaux : \u00ab\u00a0<em>Synth\u00e8se structurale et m\u00e9tallog\u00e9nique de la Faille Cadillac, Abitibi, Qu\u00e9bec\u00a0<\/em>\u00bb\u00a0; Mod\u00e9lisation num\u00e9rique de la dynamique hydrothermale co-sismique arch\u00e9enne, et relations avec la m\u00e9tallog\u00e9n\u00e8se aurif\u00e8re\u00a0\u2013 2012 \u00e0 2017<\/li>\n<li><strong>Ma\u00eetrise<\/strong> de Lucie Dal Soglio \u2013 2012 \u00e0 2013<\/li>\n<\/ul>\n<h2>ENSEIGNEMENT<\/h2>\n<p><strong>2010, 2011, 2012, 2013 \u2013 UQ\u00c0M et UQ\u00c0C<\/strong><\/p>\n<ul>\n<li><strong>Interventions r\u00e9guli\u00e8res dans les cours de 3<sup>\u00e8me<\/sup> cycle \u00ab\u00a0<\/strong>Hydrothermalisme\u00a0\u00bb des Prof. M. J\u00e9brak et S. Faure, et \u00ab\u00a0Hydrog\u00e9ologie\u00a0\u00bb du Prof. R. Chesnaux<\/li>\n<\/ul>\n<p><strong>2005 et 2006 \u2013 Universit\u00e9 de Nantes (France)<\/strong><\/p>\n<ul>\n<li><strong>Enseignant<\/strong> en tectonique, g\u00e9ologie g\u00e9n\u00e9rale et cartographie (travaux dirig\u00e9s 1<sup>er<\/sup> cycle)<\/li>\n<li><strong>Enseignant vacataire<\/strong> en hydrog\u00e9ologie (cours magistraux et travaux dirig\u00e9s 2<sup>\u00e8me<\/sup> cycle)<\/li>\n<\/ul>\n<p><strong>Sessions d\u2019hiver 2002, 2003, 2004 \u2013 UQ\u00c0M<\/strong><\/p>\n<ul>\n<li><strong>Moniteur<\/strong> pour les cours d\u2019hydrog\u00e9ologie de la Prof. M. Larocque (3<sup>\u00e8me<\/sup> ann\u00e9e Bac. en Sc. de la Terre et de l\u2019Atmosph\u00e8re) et de mod\u00e9lisation hydrog\u00e9ologique (M.Sc)<\/li>\n<\/ul>\n<h2><strong>EXP\u00c9RIENCE PROFESSIONNELLE<\/strong><\/h2>\n<ul>\n<li><strong>Chercheur senior au Consortium de Recherche en Exploration Min\u00e9rale (CONSOREM), Qu\u00e9bec<\/strong>Depuis f\u00e9vrier 2009.\u00b7 R\u00e9alisation de 20 projets de recherche appliqu\u00e9e : m\u00e9tallog\u00e9nie, hydrothermalisme, g\u00eetologie, g\u00e9ophysique, g\u00e9ochimie, hydrog\u00e9ochimie<\/li>\n<li><strong>Professeur Chercheur sous octroi \u00e0 l\u2019Universit\u00e9 du Qu\u00e9bec \u00e0 Chicoutimi (UQAC), Qu\u00e9bec<\/strong>Depuis mars 2019. Auparavant Professeur associ\u00e9 depuis mai 2011.\u00b7\u00a0 Th\u00e9matiques de recherche\u00a0: dynamique des circulations de fluides dans la cro\u00fbte continentale profonde (r\u00e9servoirs hydrothermaux) \u00e0 superficielle (niveaux phr\u00e9atiques)\u00a0; mod\u00e9lisation num\u00e9rique d\u2019\u00e9coulement en milieu fractur\u00e9\u00a0; mod\u00e9lisation poro-\u00e9lastique du drainage hydrothermal syn-cin\u00e9matique dans la croute moyenne\u00b7\u00a0 Collaborations de recherches (avec les Prof. R. Chesnaux., R. Daigneault, J. Walter), co-supervision d\u2019\u00e9tudes post-gradu\u00e9es<\/li>\n<li><strong>Janv \u00e0 avril 2011. G\u00e9ologue structuraliste pour Alexis Minerals Corp., Qc. Prospection d\u2019or.<\/strong>\u00b7\u00a0 Relev\u00e9s de structures sur carottes de forage, \u00e9tude structurale du gisement du Lac Herbin, Camp de Val d\u2019or, Qu\u00e9bec.<\/li>\n<li><strong>Mars \u00e0 ao\u00fbt 2008. G\u00e9ologue structuraliste pour Gestion Aline Leclerc, Qc. Prospection Ni<\/strong>\u00b7 Charg\u00e9 de projet d\u2019exploration \u2013 d\u00e9veloppement (forage, \u00e9chantillonnage, g\u00e9ophysique) d\u2019un gisement ultramafique.<\/li>\n<li><strong>Nov \u00e0 d\u00e9c 2007. G\u00e9ologue structuraliste pour Uranium Bay Res, Qc. Prospection d\u2019uranium.<\/strong>\u00b7 Charg\u00e9 d\u2019une campagne de diagraphies h\u00e9liport\u00e9e dans la Baie James.<\/li>\n<li><strong>Oct 2005 \u00e0 juin 2006. Attach\u00e9 temporaire d\u2019enseignement et de recherches (ATER) \u00e0 l\u2019Universit\u00e9 de Nantes, France<\/strong>\u00b7 G\u00e9ologie structurale (terrain\/laboratoire)\u00a0: fracturation, g\u00e9omorphologie et s\u00e9dimentation associ\u00e9s \u00e0 la tectonique de chevauchement-plissement.<\/li>\n<li><strong>Juin \u00e0 sept 2005. G\u00e9ologue structuraliste pour IOS Services Geoscientifiques Inc., Qu\u00e9bec. Prospection d\u2019or.<\/strong>\u00b7\u00a0\u00a0 Campagne h\u00e9liport\u00e9e de cartographie et d\u2019\u00e9chantillonnage de till dans la Baie James.<\/li>\n<li><strong>Mai \u00e0 juin 2003, Octobre \u00e0 novembre 2002.\u00a0 Chercheur au CONSOREM, Montr\u00e9al, Qu\u00e9bec.<\/strong>\u00b7\u00a0\u00a0 D\u00e9formation et min\u00e9ralisation de la cro\u00fbte arch\u00e9enne\u00a0\u2013 mod\u00e9lisation num\u00e9rique (code UDEC).<\/li>\n<li><strong>Septembre 2002. G\u00e9ologue pour Anglo-American, Qc. Prospection de fer.<\/strong>\u00b7\u00a0\u00a0 Echantillonnage de sol, mission d&#8217;exploration h\u00e9liport\u00e9e dans le moyen-nord Qu\u00e9b\u00e9cois.<\/li>\n<li><strong>2001 &#8211; 2002. Charg\u00e9 de recherche \u00e0 l\u2019Universit\u00e9 du Qu\u00e9bec \u00e0 Montr\u00e8al (UQ\u00c0M), Qu\u00e9bec<\/strong>\u00b7\u00a0\u00a0 Analyse des modifications tardives des champs de contraintes associ\u00e9s aux intrusions granitiques dans la cro\u00fbte sup\u00e9rieure (mod\u00e9lisation num\u00e9rique aux \u00e9l\u00e9ments distincts), implications sur la fracturation et la min\u00e9ralisation.<\/li>\n<li><strong>F\u00e9vrier 1999 \u00e0 mai 2000. G\u00e9ologue structuraliste pour AREVA<\/strong> (COGEMA), d\u00e9partement Exploration, Saskatoon (Sk).<\/li>\n<li>Prospection d\u2019uranium.\u00b7\u00a0\u00a0 Mission hiver 1999 (7 mois) : relev\u00e9s g\u00e9ologiques et analyse microtectonique (carottes), suivi d\u2019une campagne de forages orient\u00e9s (2 foreuses).<\/li>\n<li>Mission hiver 2000\u00a0(3 mois) : relev\u00e9s g\u00e9ologiques et tectoniques (carottes de forages). Synth\u00e8se microtectonique et relev\u00e9s d\u2019alt\u00e9rations (P.I.M.A.).<\/li>\n<li>Synth\u00e8se structural d\u2019un gisement uranif\u00e8re dans le bassin Athabasca (Canada).<\/li>\n<li>F\u00e9v. \u00e0 juin 1998. G\u00e9ologue structuraliste pour le groupe TOTAL, Paris. Prospection p\u00e9troli\u00e8re.<\/li>\n<li>Analyse d\u2019analogues tectoniques thin-skin dans l\u2019avant-pays alpin de la r\u00e9gion de Digne. Mission de terrain \u2013 1 mois.<\/li>\n<li>Mai \u00e0 septembre 1997. G\u00e9ologue pour le groupe TOTAL, Paris. Prospection p\u00e9troli\u00e8re.<\/li>\n<\/ul>\n<h2><strong>Distinctions et bourses<\/strong><\/h2>\n<ul>\n<li>Co-r\u00e9cipiendaire du Prix Jean-Descarreaux (AEMQ) 2011Bourse d\u2019excellence HydroQu\u00e9bec 2005<\/li>\n<\/ul>\n<h2><strong>Affiliations professionnelles<\/strong><\/h2>\n<ul>\n<li>Ordre des G\u00e9ologues du Qu\u00e9bec #969<\/li>\n<\/ul>\n","protected":false},"excerpt":{"rendered":"<p>Dipl\u00f4mes 2014, 2016. POST-DOCTORAT \u00e0 l\u2019Universit\u00e9 du Qu\u00e9bec \u00e0 Chicoutimi. \u00ab\u00a0Mod\u00e9lisation des circulations h\u00e9t\u00e9rog\u00e8nes d\u2019eau souterraine en milieu aquif\u00e8re non-uniforme\u00a0: approche diagnostique, d\u00e9veloppement d\u2019outils\u00a0\u00bb Dir.\u00a0: R. Chesnaux 2002 &#8211; 2008. DOCTORAT en G\u00e9osciences \u00e0 l\u2019Universit\u00e9 du Qu\u00e9bec \u00e0 Montr\u00e9al. \u00ab\u00a0Apport de la mod\u00e9lisation num\u00e9rique exp\u00e9rimentale \u00e0 l\u2019\u00e9tude des circulations de fluide dans les failles\u00a0\u00bb Dir.\u00a0: &hellip; <a href=\"https:\/\/portfolio.uqac.ca\/silvainrafini\/curriculum-vitae\/\" class=\"more-link\">Continuer la lecture de <span class=\"screen-reader-text\">Curriculum vitae<\/span>  <span class=\"meta-nav\">&rarr;<\/span><\/a><\/p>\n","protected":false},"author":89,"featured_media":0,"parent":0,"menu_order":0,"comment_status":"closed","ping_status":"closed","template":"","meta":{"footnotes":""},"tags":[],"_links":{"self":[{"href":"https:\/\/portfolio.uqac.ca\/silvainrafini\/wp-json\/wp\/v2\/pages\/27"}],"collection":[{"href":"https:\/\/portfolio.uqac.ca\/silvainrafini\/wp-json\/wp\/v2\/pages"}],"about":[{"href":"https:\/\/portfolio.uqac.ca\/silvainrafini\/wp-json\/wp\/v2\/types\/page"}],"author":[{"embeddable":true,"href":"https:\/\/portfolio.uqac.ca\/silvainrafini\/wp-json\/wp\/v2\/users\/89"}],"replies":[{"embeddable":true,"href":"https:\/\/portfolio.uqac.ca\/silvainrafini\/wp-json\/wp\/v2\/comments?post=27"}],"version-history":[{"count":9,"href":"https:\/\/portfolio.uqac.ca\/silvainrafini\/wp-json\/wp\/v2\/pages\/27\/revisions"}],"predecessor-version":[{"id":231,"href":"https:\/\/portfolio.uqac.ca\/silvainrafini\/wp-json\/wp\/v2\/pages\/27\/revisions\/231"}],"wp:attachment":[{"href":"https:\/\/portfolio.uqac.ca\/silvainrafini\/wp-json\/wp\/v2\/media?parent=27"}],"wp:term":[{"taxonomy":"post_tag","embeddable":true,"href":"https:\/\/portfolio.uqac.ca\/silvainrafini\/wp-json\/wp\/v2\/tags?post=27"}],"curies":[{"name":"wp","href":"https:\/\/api.w.org\/{rel}","templated":true}]}}