{"id":4,"date":"2020-02-18T14:41:04","date_gmt":"2020-02-18T19:41:04","guid":{"rendered":"http:\/\/portfolio-pre.uqac.ca\/gabarit\/?page_id=4"},"modified":"2020-06-05T17:09:11","modified_gmt":"2020-06-05T21:09:11","slug":"presentatio","status":"publish","type":"page","link":"https:\/\/portfolio.uqac.ca\/silvainrafini\/","title":{"rendered":"Pr\u00e9sentation"},"content":{"rendered":"<h2>Silvain Rafini<\/h2>\n<p>Professeur-Chercheur Sous Octroi\/<em>Research Professor <\/em>au D\u00e9partement des Sciences Appliqu\u00e9es<\/p>\n<h2>Champs de recherche<\/h2>\n<ul>\n<li>Hydrog\u00e9ologie<\/li>\n<li>M\u00e9tallog\u00e9nie, exploration min\u00e9rale<\/li>\n<li>G\u00e9ologie structurale<\/li>\n<\/ul>\n<h2>Groupes de recherche<\/h2>\n<ul>\n<li>Consortium de Recherches en Exploration Min\u00e9rale (<a href=\"https:\/\/www.consorem.ca\/\" target=\"_blank\">CONSOREM<\/a>)<\/li>\n<li><a href=\"https:\/\/recherche.uqac.ca\/groupe-de-recherche-risque-ressource-eau-r2eau\/\" target=\"_blank\">Groupe de Recherches R2EAU<\/a><\/li>\n<\/ul>\n<p><span class=\"background-details\">\u00a0<\/span><\/p>\n<p>&nbsp;<\/p>\n","protected":false},"excerpt":{"rendered":"<p>Silvain Rafini Professeur-Chercheur Sous Octroi\/Research Professor au D\u00e9partement des Sciences Appliqu\u00e9es Champs de recherche Hydrog\u00e9ologie M\u00e9tallog\u00e9nie, exploration min\u00e9rale G\u00e9ologie structurale Groupes de recherche Consortium de Recherches en Exploration Min\u00e9rale (CONSOREM) Groupe de Recherches R2EAU \u00a0 &nbsp;<\/p>\n","protected":false},"author":89,"featured_media":0,"parent":0,"menu_order":0,"comment_status":"closed","ping_status":"closed","template":"","meta":{"footnotes":""},"tags":[],"_links":{"self":[{"href":"https:\/\/portfolio.uqac.ca\/silvainrafini\/wp-json\/wp\/v2\/pages\/4"}],"collection":[{"href":"https:\/\/portfolio.uqac.ca\/silvainrafini\/wp-json\/wp\/v2\/pages"}],"about":[{"href":"https:\/\/portfolio.uqac.ca\/silvainrafini\/wp-json\/wp\/v2\/types\/page"}],"author":[{"embeddable":true,"href":"https:\/\/portfolio.uqac.ca\/silvainrafini\/wp-json\/wp\/v2\/users\/89"}],"replies":[{"embeddable":true,"href":"https:\/\/portfolio.uqac.ca\/silvainrafini\/wp-json\/wp\/v2\/comments?post=4"}],"version-history":[{"count":22,"href":"https:\/\/portfolio.uqac.ca\/silvainrafini\/wp-json\/wp\/v2\/pages\/4\/revisions"}],"predecessor-version":[{"id":283,"href":"https:\/\/portfolio.uqac.ca\/silvainrafini\/wp-json\/wp\/v2\/pages\/4\/revisions\/283"}],"wp:attachment":[{"href":"https:\/\/portfolio.uqac.ca\/silvainrafini\/wp-json\/wp\/v2\/media?parent=4"}],"wp:term":[{"taxonomy":"post_tag","embeddable":true,"href":"https:\/\/portfolio.uqac.ca\/silvainrafini\/wp-json\/wp\/v2\/tags?post=4"}],"curies":[{"name":"wp","href":"https:\/\/api.w.org\/{rel}","templated":true}]}}