{"id":46,"date":"2020-02-18T14:41:04","date_gmt":"2020-02-18T19:41:04","guid":{"rendered":"http:\/\/portfolio-pre.uqac.ca\/gabarit\/?page_id=46"},"modified":"2025-01-14T11:45:30","modified_gmt":"2025-01-14T16:45:30","slug":"recherche","status":"publish","type":"page","link":"https:\/\/portfolio.uqac.ca\/silvainrafini\/recherche\/","title":{"rendered":"Recherche"},"content":{"rendered":"<div>\n<h1>Th\u00e9matiques g\u00e9n\u00e9rales de recherche<\/h1>\n<\/div>\n<ul>\n<li><span class=\"background-details\">D\u00e9formation et transferts de fluides dans la lithosph\u00e8re continentale <\/span><\/li>\n<li>Formation et d\u00e9formation des g\u00eetes min\u00e9raux hydrothermaux, exploration min\u00e9rale<\/li>\n<li><span class=\"background-details\">Interactions eau\/roche et hydrodynamisme des milieux fractur\u00e9s<br \/>\n<\/span><\/li>\n<li><span class=\"background-details\">Mod\u00e9lisation d&#8217;\u00e9coulement h\u00e9t\u00e9rog\u00e8ne<br \/>\n<\/span><\/li>\n<li><span class=\"background-details\">Hydrog\u00e9ologie du socle<\/span><\/li>\n<\/ul>\n<h1>Projets sp\u00e9cifiques<\/h1>\n<h4>Hydrog\u00e9ologie<\/h4>\n<ul>\n<li>Depuis 2015. <strong><em>\u00ab Hydrog\u00e9ochimie des aquif\u00e8res du Bouclier canadien : interactions eau-roche, contenu m\u00e9tallique et salinisation continentale \u00bb<\/em><\/strong>. Programme de recherche en collaboration avec le CONSOREM (Consortium de recherche en exploration min\u00e9rale, UQAC) visant \u00e0 caract\u00e9riser le fond g\u00e9ochimique et l\u2019empreinte des g\u00eetes m\u00e9tallif\u00e8res dans les saumures continentales profondes du Bouclier, comprenant sept \u00e9tudes de cas sur des secteurs min\u00e9ralis\u00e9s en Abitibi. Stage post-doctoral de Dominique Richard pour la deuxi\u00e8me phase du projet. Publications associ\u00e9es : Richard et al. (2024), Richard et al. (soumis).<\/li>\n<li><span class=\"background-details\">2019-2023. <strong>&#8220;\u00c9valuation des normes d&#8217;am\u00e9nagement et de protection des puits r\u00e9sidentiels d&#8217;alimentation en eau potable&#8221;.\u00a0 <\/strong><\/span>Projet mandat\u00e9 par le Minist\u00e8re de l&#8217;Environnement et de la Lutte contre les Changements Climatiques (MELCC), en collaboration avec l&#8217;\u00c9cole Polytechnique de Montr\u00e9al. Le projet vise \u00e0 mod\u00e9liser le transport et l&#8217;abattement naturel des contaminants organiques dans l&#8217;eau souterraine, en contexte r\u00e9sidentiel autonome. Un accent particulier est port\u00e9 sur l&#8217;analyse de l&#8217;impact de diff\u00e9rents facteurs hydrog\u00e9ologiques (profondeur zone vadoze, milieu fractur\u00e9 etc.), environnementaux (changements climatiques, fonction d&#8217;intrant vertical), et anthropiques (densification r\u00e9sidentielle et effets cumulatifs) sur le devenir des virus, et les distances de retrait requises pour les puits d&#8217;alimentation en eau potable au voisinnage.\u00a0 Stage post-doctoral de Dominique Richard pour la deuxi\u00e8me phase du projet. Publication associ\u00e9e : Rafini et al. (2023), STOTEN, 2023.<\/li>\n<li><span class=\"background-details\">2011 &#8211; 2023. <\/span><em>\u00ab\u00a0<strong>D\u00e9veloppement d\u2019outils\u00a0diagnostiques pour l\u2019interpr\u00e9tation avanc\u00e9e des essais de pompages dans les aquif\u00e8res h\u00e9t\u00e9rog\u00e8nes et non-uniformes du Bouclier canadien<\/strong>\u00bb<\/em>. Programme de recherche incluant notamment la supervision d\u2019une maitrise, des doctorats de Anouck Ferroud (2012-2017) et de Daouda Meite (2018-2023) ainsi que plusieurs partenariats de R&amp;D en collaboration avec des bureaux d\u2019\u00e9tudes qu\u00e9b\u00e9cois (Laforest Nova Aqua, Technorem). Sept publications : Ferroud et al. (2017, 2019, 2019), Meite et al. (2022, 2023, 2024), Rafini et al. (2017).<\/li>\n<\/ul>\n<h4>M\u00e9tallog\u00e9nie et exploration min\u00e9rale<\/h4>\n<ul>\n<li><em>Projet CONSOREM<\/em><em> 2024-02. <\/em>Le lithium au Qu\u00e9bec : ptentiel min\u00e9ral et outils d&#8217;exploration, Phase 2<\/li>\n<li><em>Projet CONSOREM<\/em><em> 2023-05. <\/em>Utilisation des m\u00e9thodes statistiques multivari\u00e9es en g\u00e9ochimie de l&#8217;exploration, Phase 2 &#8211; L&#8217;analyse non-lin\u00e9aire<\/li>\n<li><em>Projet CONSOREM<\/em><em> 2023-05. <\/em>Utilisation des m\u00e9thodes statistiques multivari\u00e9es en g\u00e9ochimie de l&#8217;exploration, Phase 1 &#8211; Revue des m\u00e9thodes et applications pratiques<\/li>\n<li><em>Projet CONSOREM<\/em><em> 2022-01. <\/em>Int\u00e9gration-synth\u00e8se des outils de traitement de l&#8217;environnement secondaire pour l&#8217;exploration min\u00e9rale, Phase 2<\/li>\n<li><em>Projet CONSOREM<\/em><em> 2021-01.\u00a0<\/em>Int\u00e9gration-synth\u00e8se des outils de traitement de l&#8217;environnement secondaire pour l&#8217;exploration min\u00e9rale, Phase 1<\/li>\n<li><em>Projet CONSOREM<\/em><em> 2018-05.\u00a0<\/em>Hydrog\u00e9ochimie souterraine appliqu\u00e9e \u00e0 l&#8217;exploration min\u00e9rale, Phase 5<\/li>\n<li><em>Projet CONSOREM<\/em><em> 2018-05.\u00a0<\/em>Hydrog\u00e9ochimie souterraine appliqu\u00e9e \u00e0 l&#8217;exploration min\u00e9rale, Phase 4<\/li>\n<li><em>Projet CONSOREM<\/em><em> 2018-05.\u00a0<\/em><a class=\"acc2\" title=\"fiche projet\" href=\"https:\/\/consorem2.uqac.ca\/production_scientifique\/fiches_projets\/2018-05.pdf\" target=\"_blank\" rel=\"noopener\">Hydrog\u00e9ochimie souterraine appliqu\u00e9e \u00e0 l&#8217;exploration min\u00e9rale, Phase 3 &#8211; Exploration pour l&#8217;or<\/a><\/li>\n<\/ul>\n<ul>\n<li><em>Projet CONSOREM<\/em><em> 2018-04<\/em>. <a class=\"acc2\" title=\"Fiche projet\" href=\"https:\/\/consorem2.uqac.ca\/production_scientifique\/fiches_projets\/2018-04.pdf\" target=\"_blank\" rel=\"noopener\">Optimisation des mailles de forages pour les besoins du calcul de ressources &#8211; Phase 3<\/a><\/li>\n<\/ul>\n<ul>\n<li><a class=\"acc2\" title=\"fiche projet\" href=\"https:\/\/consorem2.uqac.ca\/production_scientifique\/fiches_projets\/2017-05.pdf\" target=\"_blank\" rel=\"noopener\"><em>Projet CONSOREM<\/em><em> 2017-05<\/em>. Hydrog\u00e9ochimie souterraine appliqu\u00e9e \u00e0 l&#8217;exploration min\u00e9rale \u2013 Phase 2<\/a><\/li>\n<\/ul>\n<ul>\n<li><em>Projet CONSOREM<\/em><em> 2016-05<\/em>. <a class=\"acc2\" title=\"fiche projet\" href=\"https:\/\/consorem2.uqac.ca\/production_scientifique\/fiches_projets\/2016-05.pdf\" target=\"_blank\" rel=\"noopener\">Nouvelles perspectives hydrog\u00e9ochimiques pour l&#8217;exploration \u2013 Les eaux souterraines<\/a><\/li>\n<\/ul>\n<ul>\n<li><em>Projet CONSOREM<\/em><em> 2015-05<\/em>. <a class=\"acc2\" title=\"fiche projet\" href=\"https:\/\/consorem2.uqac.ca\/production_scientifique\/fiches_projets\/2015-05.pdf\" target=\"_blank\" rel=\"noopener\">Perspectives hydrog\u00e9ochimiques pour l\u2019exploration min\u00e9rale &#8211; Les eaux de surface<\/a><\/li>\n<\/ul>\n<ul>\n<li><a class=\"acc2\" title=\"Fiche projet\" href=\"https:\/\/consorem2.uqac.ca\/production_scientifique\/fiches_projets\/2015-07.pdf\" target=\"_blank\" rel=\"noopener\"><em>Projet CONSOREM<\/em><em> 2015-07<\/em>. Int\u00e9gration et synth\u00e8se &#8211; 15 ann\u00e9es de recherches sur l&#8217;exploration de l&#8217;or orog\u00e9nique en Abitibi<\/a><\/li>\n<\/ul>\n<ul>\n<li><em>Projet CONSOREM 2014-05. <\/em><a class=\"acc2\" title=\"Fiche projet\" href=\"https:\/\/consorem2.uqac.ca\/production_scientifique\/fiches_projets\/2014-04.pdf\" target=\"_blank\" rel=\"noopener\">Porphyres et skarns en Gasp\u00e9sie<\/a><em><br \/>\n<\/em><\/li>\n<\/ul>\n<ul>\n<li><em>Projet CONSOREM 2013-05. <\/em><a class=\"acc2\" title=\"fiche projet\" href=\"https:\/\/consorem2.uqac.ca\/production_scientifique\/fiches_projets\/2013-05.pdf\" target=\"_blank\" rel=\"noopener\">Assurance et contr\u00f4le de la qualit\u00e9 (QA\/QC) en exploration min\u00e9rale : synth\u00e8se et \u00e9valuation des usages <\/a><\/li>\n<\/ul>\n<ul>\n<li><em>Projet CONSOREM 2013-06.<\/em> <a class=\"acc2\" title=\"Fiche projet\" href=\"https:\/\/consorem2.uqac.ca\/production_scientifique\/fiches_projets\/2013-06.pdf\" target=\"_blank\" rel=\"noopener\">Discrimination des conducteurs \u00e9lectromagn\u00e9tiques graphitiques et sulfur\u00e9s<\/a><\/li>\n<\/ul>\n<ul>\n<li><em>Projet CONSOREM 2012-04. <\/em><a class=\"acc2\" title=\"Fiche projet\" href=\"https:\/\/consorem2.uqac.ca\/production_scientifique\/fiches_projets\/2012-04.pdf\" target=\"_blank\" rel=\"noopener\">\u00c9valuation de l\u2019efficacit\u00e9 des diff\u00e9rentes techniques de g\u00e9ochimie de l\u2019environnement secondaire au Qu\u00e9bec<\/a><\/li>\n<\/ul>\n<ul>\n<li><em>Projets CONSOREM<\/em> <em>2011-01<\/em> <em>et<\/em> <em>2012-01. <\/em><a class=\"acc2\" title=\"Fiche projet\" href=\"https:\/\/consorem2.uqac.ca\/production_scientifique\/fiches_projets\/2012-01.pdf\" target=\"_blank\" rel=\"noopener\">Typologie des min\u00e9ralisations aurif\u00e8res associ\u00e9es \u00e0 la Faille de Cadillac <\/a><em><br \/>\n<\/em><\/li>\n<\/ul>\n<ul>\n<li><em>Projet CONSOREM 20<\/em><em>11-06. <\/em><a class=\"acc2\" title=\"Fiche projet\" href=\"https:\/\/consorem2.uqac.ca\/production_scientifique\/fiches_projets\/2011-06.pdf\" target=\"_blank\" rel=\"noopener\">Optimisation des donn\u00e9es de g\u00e9ochimie des sols par acides forts<\/a><\/li>\n<\/ul>\n<ul>\n<li><em>Projet CONSOREM 2010-07. <\/em><a class=\"acc2\" title=\"Fiche projet\" href=\"https:\/\/consorem2.uqac.ca\/production_scientifique\/fiches_projets\/2010-07.pdf\" target=\"_blank\" rel=\"noopener\">D\u00e9tection de gisements sous couverture glaciaire par la m\u00e9thode MMI : synth\u00e8se, \u00e9tudes de cas, perspectives<\/a><\/li>\n<\/ul>\n<ul>\n<li><em>Projet CONSOREM 2008-01 \u2013 Phase 3. <\/em><a class=\"acc2\" title=\"Fiche projet\" href=\"https:\/\/consorem2.uqac.ca\/production_scientifique\/fiches_projets\/2008-01.pdf\" target=\"_blank\" rel=\"noopener\">Perm\u00e9abilit\u00e9 crustale et hydrothermalisme :\u00a0<\/a> mod\u00e9lisation de la dynamique sismique de la mfaille Cadillac et implication pour l&#8217;exploration aurif\u00e8re en Abitibi<em><br \/>\n<\/em><\/li>\n<\/ul>\n<ul>\n<li><em>Projet CONSOREM 2008-01 \u2013 Phase 2.<\/em> <a class=\"acc2\" title=\"Fiche projet\" href=\"https:\/\/consorem2.uqac.ca\/production_scientifique\/fiches_projets\/2008-01.pdf\" target=\"_blank\" rel=\"noopener\">Perm\u00e9abilit\u00e9 crustale et hydrothermalisme : i<\/a>mpact de la direction de compression r\u00e9gionale sur les mod\u00e8les de pal\u00e9opressions en Abitibi<\/li>\n<\/ul>\n<ul>\n<li><em>Projet CONSOREM 2008-01 \u2013 Phase 1<\/em>. Pal\u00e9opressions, perm\u00e9abilit\u00e9 crustale et hydrothermalisme\u00a0: implications pour les min\u00e9ralisations aurif\u00e8res orog\u00e9niques en Abitibi<\/li>\n<\/ul>\n<ul>\n<li><em>Projet CONSOREM<\/em>. Cartographie des pal\u00e9opressions tectoniques dans la boutonni\u00e8re prot\u00e9rozo\u00efque de kerdous, anti-atlas, maroc<\/li>\n<\/ul>\n<ul>\n<li><em>Projet <\/em><em>CONSOREM 2003-03<\/em>. <a class=\"acc2\" title=\"Fiche projet\" href=\"https:\/\/consorem2.uqac.ca\/production_scientifique\/fiches_projets\/2003-03.pdf\" target=\"_blank\" rel=\"noopener\">Mod\u00e9lisation des pal\u00e9opressions et pr\u00e9diction des zones min\u00e9ralis\u00e9es aurif\u00e8res le long de la faille Porcupine-Destor, Abitibi.<\/a><em><br \/>\n<\/em><\/li>\n<\/ul>\n","protected":false},"excerpt":{"rendered":"<p>Th\u00e9matiques g\u00e9n\u00e9rales de recherche D\u00e9formation et transferts de fluides dans la lithosph\u00e8re continentale Formation et d\u00e9formation des g\u00eetes min\u00e9raux hydrothermaux, exploration min\u00e9rale Interactions eau\/roche et hydrodynamisme des milieux fractur\u00e9s Mod\u00e9lisation d&#8217;\u00e9coulement h\u00e9t\u00e9rog\u00e8ne Hydrog\u00e9ologie du socle Projets sp\u00e9cifiques Hydrog\u00e9ologie Depuis 2015. \u00ab Hydrog\u00e9ochimie des aquif\u00e8res du Bouclier canadien : interactions eau-roche, contenu m\u00e9tallique et salinisation continentale &hellip; <a href=\"https:\/\/portfolio.uqac.ca\/silvainrafini\/recherche\/\" class=\"more-link\">Continuer la lecture de <span class=\"screen-reader-text\">Recherche<\/span>  <span class=\"meta-nav\">&rarr;<\/span><\/a><\/p>\n","protected":false},"author":89,"featured_media":0,"parent":0,"menu_order":0,"comment_status":"closed","ping_status":"closed","template":"","meta":{"footnotes":""},"tags":[],"_links":{"self":[{"href":"https:\/\/portfolio.uqac.ca\/silvainrafini\/wp-json\/wp\/v2\/pages\/46"}],"collection":[{"href":"https:\/\/portfolio.uqac.ca\/silvainrafini\/wp-json\/wp\/v2\/pages"}],"about":[{"href":"https:\/\/portfolio.uqac.ca\/silvainrafini\/wp-json\/wp\/v2\/types\/page"}],"author":[{"embeddable":true,"href":"https:\/\/portfolio.uqac.ca\/silvainrafini\/wp-json\/wp\/v2\/users\/89"}],"replies":[{"embeddable":true,"href":"https:\/\/portfolio.uqac.ca\/silvainrafini\/wp-json\/wp\/v2\/comments?post=46"}],"version-history":[{"count":17,"href":"https:\/\/portfolio.uqac.ca\/silvainrafini\/wp-json\/wp\/v2\/pages\/46\/revisions"}],"predecessor-version":[{"id":297,"href":"https:\/\/portfolio.uqac.ca\/silvainrafini\/wp-json\/wp\/v2\/pages\/46\/revisions\/297"}],"wp:attachment":[{"href":"https:\/\/portfolio.uqac.ca\/silvainrafini\/wp-json\/wp\/v2\/media?parent=46"}],"wp:term":[{"taxonomy":"post_tag","embeddable":true,"href":"https:\/\/portfolio.uqac.ca\/silvainrafini\/wp-json\/wp\/v2\/tags?post=46"}],"curies":[{"name":"wp","href":"https:\/\/api.w.org\/{rel}","templated":true}]}}