{"id":4,"date":"2018-08-24T11:37:39","date_gmt":"2018-08-24T15:37:39","guid":{"rendered":"http:\/\/portfolio-pre.uqac.ca\/gabarit\/?page_id=4"},"modified":"2026-01-09T17:38:08","modified_gmt":"2026-01-09T22:38:08","slug":"presentatio","status":"publish","type":"page","link":"https:\/\/portfolio.uqac.ca\/soniaboivin\/","title":{"rendered":"Pr\u00e9sentation"},"content":{"rendered":"<h2>Sonia Boivin<\/h2>\n<p>Professeure r\u00e9gulier en management, au d\u00e9partement des sciences \u00e9conomiques et administratives.<\/p>\n<p>Co-responsable du\u00a0<a href=\"https:\/\/www.uqac.ca\/lemcc\/\">Laboratoire d\u2019\u00e9tudes multidisciplinaires sur la co-construction<\/a>\u00a0(LemCC)<\/p>\n<p>Co-pr\u00e9sidente du <a href=\"https:\/\/recherche.uqac.ca\/cer\/\">Comit\u00e9 d&#8217;\u00e9thique de la recherche avec des \u00eatres humains<\/a> (CER-UQAC)<\/p>\n<h2>En r\u00e9sum\u00e9<\/h2>\n<p>Titulaire d\u2019un doctorat en psychologie (Ph. D.) et\u00a0d&#8217;un doctorat en\u00a0management de projets (DMP), je suis professeure en management \u00e0 l\u2019UQAC depuis 2018. Je poss\u00e8de une vingtaine d\u2019ann\u00e9es d\u2019exp\u00e9rience dans le r\u00e9seau de la sant\u00e9 et des services sociaux, principalement comme gestionnaire. La gestion du changement, l\u2019organisation du travail et la gestion de projet, notamment dans une d\u00e9marche de co-construction, s\u2019inscrivent en trame de fond de mon cheminement acad\u00e9mique, professionnel et de recherche. En effet, j&#8217;ai\u00a0\u00e9t\u00e9 responsable de divers projets de r\u00e9organisation de services ayant un impact sur les employ\u00e9s et les usagers. C\u2019est ce qui m\u2019a amen\u00e9 \u00e0 m\u2019int\u00e9resser \u00e0 leur implication dans les changements propos\u00e9s et au processus de co-construction comme approche manag\u00e9riale pour favoriser le succ\u00e8s de ces\u00a0projets. J&#8217;ai\u00a0par cons\u00e9quent choisi d\u2019embrasser la carri\u00e8re de professeure afin de r\u00e9fl\u00e9chir \u00e0 cette probl\u00e9matique et d\u2019identifier des pistes de solutions pouvant \u00eatre mises en \u0153uvre dans la pratique.<\/p>\n<h2>Champs d&#8217;int\u00e9r\u00eat<\/h2>\n<ul>\n<li>Co-construction\/approches participatives<\/li>\n<li>Gestion du changement \/appropriation du changement<\/li>\n<li>Projets de changement<\/li>\n<li>Gestion avec les parties prenantes<\/li>\n<\/ul>\n","protected":false},"excerpt":{"rendered":"<p>Sonia Boivin Professeure r\u00e9gulier en management, au d\u00e9partement des sciences \u00e9conomiques et administratives. Co-responsable du\u00a0Laboratoire d\u2019\u00e9tudes multidisciplinaires sur la co-construction\u00a0(LemCC) Co-pr\u00e9sidente du Comit\u00e9 d&#8217;\u00e9thique de la recherche avec des \u00eatres humains (CER-UQAC) En r\u00e9sum\u00e9 Titulaire d\u2019un doctorat en psychologie (Ph. D.) et\u00a0d&#8217;un doctorat en\u00a0management de projets (DMP), je suis professeure en management \u00e0 l\u2019UQAC depuis &hellip; <a href=\"https:\/\/portfolio.uqac.ca\/soniaboivin\/\" class=\"more-link\">Continuer la lecture de <span class=\"screen-reader-text\">Pr\u00e9sentation<\/span>  <span class=\"meta-nav\">&rarr;<\/span><\/a><\/p>\n","protected":false},"author":89,"featured_media":0,"parent":0,"menu_order":0,"comment_status":"closed","ping_status":"closed","template":"","meta":{"footnotes":""},"tags":[],"_links":{"self":[{"href":"https:\/\/portfolio.uqac.ca\/soniaboivin\/wp-json\/wp\/v2\/pages\/4"}],"collection":[{"href":"https:\/\/portfolio.uqac.ca\/soniaboivin\/wp-json\/wp\/v2\/pages"}],"about":[{"href":"https:\/\/portfolio.uqac.ca\/soniaboivin\/wp-json\/wp\/v2\/types\/page"}],"author":[{"embeddable":true,"href":"https:\/\/portfolio.uqac.ca\/soniaboivin\/wp-json\/wp\/v2\/users\/89"}],"replies":[{"embeddable":true,"href":"https:\/\/portfolio.uqac.ca\/soniaboivin\/wp-json\/wp\/v2\/comments?post=4"}],"version-history":[{"count":42,"href":"https:\/\/portfolio.uqac.ca\/soniaboivin\/wp-json\/wp\/v2\/pages\/4\/revisions"}],"predecessor-version":[{"id":398,"href":"https:\/\/portfolio.uqac.ca\/soniaboivin\/wp-json\/wp\/v2\/pages\/4\/revisions\/398"}],"wp:attachment":[{"href":"https:\/\/portfolio.uqac.ca\/soniaboivin\/wp-json\/wp\/v2\/media?parent=4"}],"wp:term":[{"taxonomy":"post_tag","embeddable":true,"href":"https:\/\/portfolio.uqac.ca\/soniaboivin\/wp-json\/wp\/v2\/tags?post=4"}],"curies":[{"name":"wp","href":"https:\/\/api.w.org\/{rel}","templated":true}]}}