{"id":46,"date":"2018-08-24T11:37:39","date_gmt":"2018-08-24T15:37:39","guid":{"rendered":"http:\/\/portfolio-pre.uqac.ca\/gabarit\/?page_id=46"},"modified":"2026-01-09T17:35:58","modified_gmt":"2026-01-09T22:35:58","slug":"recherche","status":"publish","type":"page","link":"https:\/\/portfolio.uqac.ca\/soniaboivin\/recherche\/","title":{"rendered":"Recherche"},"content":{"rendered":"<ul>\n<li>Co-construction et approches participatives\n<ul>\n<li>Gestion et appropriation du changement<\/li>\n<li>Engagement des parties prenantes<\/li>\n<li>Projets de changement<\/li>\n<\/ul>\n<\/li>\n<\/ul>\n<p><strong>Subventions<\/strong><\/p>\n<p>Boivin, S., Fortin, P. et Leyrie, C. (2025-2028). Explorer la co-construction : voyage interdisciplinaire au c\u0153ur d\u2019un concept flou, \u00e9clair\u00e9 par l\u2019analyse assist\u00e9e par intelligence artificielle. CRSH : subvention institutionnelle. 30 000$<\/p>\n<p>Boivin, S. et Leyrie. C. (2023-2024). \u00c9tude exploratoire sur le choix et les modalit\u00e9s de gestion associ\u00e9es aux parties prenantes dans un projet \u00e0 fortes contraintes: le projet de stationnement du CIUSSS du Saguenay-Lac-Saint-Jean. FUQAC. 10 000$<\/p>\n<p>Boivin, S. et Leyrie, C. (2022-2023). \u00c9tude exploratoire sur les approches participatives dans la gestion d\u2019un projet d\u2019infrastructure publique : quand la co-construction jette un pont. CRSH : subvention institutionnelle. 7 000$<\/p>\n<p>Boivin, S., Tremblay, S., Leyrie, C. (2022-2023). Processus co-constructiviste\u00a0prescrit: gouvernance et engagement des parties prenantes. \u00a0FUQAC. 6 300$<\/p>\n<p>Tremblay, S., Boivin, S. et\u00a0Bizot. (2022-2024). Co-construction et d\u00e9veloppement du pouvoir d&#8217;agir dans la mise en oeuvre des projets Aire ouverte: une \u00e9tude de cas interdisciplinaire dans trois r\u00e9gions du Qu\u00e9bec. CRSH d\u00e9veloppement Savoir. 57 300$<\/p>\n<p>Dion, J., Simard, S., Blackburn, M-E., Boivin, S., C\u00f4t\u00e9, K., Flynn, C. Poitras, M.-E. et Giroux, P.\u00a0(2019-2022).\u00a0Implantation et \u00e9valuation initiale d\u2019un premier r\u00e9seau de services int\u00e9gr\u00e9s jeunesse (Aire ouverte) dans la r\u00e9gion du Saguenay-Lac-Saint-Jean \u2013 RLS de Jonqui\u00e8re.\u00a0Minist\u00e8re de la Sant\u00e9 et des Services sociaux du Qu\u00e9bec. \u00a0 225 000$<\/p>\n<p>Tremblay, S., Boivin, S., Leyrie, C., Sasseville, N., Boigey, P., Riffon, O. et Bizot, D. (2019). PSDRC &#8211; volet E: subvention sp\u00e9ciale de soutien pour la tenue des Premi\u00e8res Journ\u00e9es d\u2019\u00e9tude sur la co-construction. 750$<\/p>\n<p>Boigey, P., Boivin, S. et Leyrie, C. (2019-2020). Cr\u00e9er et enrichir un portail de connaissances en gestion de projet. CRSH: subvention institutionnellle 2019. 7 000$<\/p>\n<p>C\u00f4t\u00e9, K., Boivin, S., Dion, J., &amp; Earls, M. C. (2018-2021). La prostitution juv\u00e9nile chez les\u00a0adolescent(e)s en Centres Jeunesse du Qu\u00e9bec: \u00c9tat de la situation et r\u00e9alit\u00e9s pour mieux\u00a0pr\u00e9venir et intervenir aupr\u00e8s des jeunes \u00e0 risque. Minist\u00e8re de la Justice Canada. 261,219$<\/p>\n","protected":false},"excerpt":{"rendered":"<p>Co-construction et approches participatives Gestion et appropriation du changement Engagement des parties prenantes Projets de changement Subventions Boivin, S., Fortin, P. et Leyrie, C. (2025-2028). Explorer la co-construction : voyage interdisciplinaire au c\u0153ur d\u2019un concept flou, \u00e9clair\u00e9 par l\u2019analyse assist\u00e9e par intelligence artificielle. CRSH : subvention institutionnelle. 30 000$ Boivin, S. et Leyrie. C. (2023-2024). &hellip; <a href=\"https:\/\/portfolio.uqac.ca\/soniaboivin\/recherche\/\" class=\"more-link\">Continuer la lecture de <span class=\"screen-reader-text\">Recherche<\/span>  <span class=\"meta-nav\">&rarr;<\/span><\/a><\/p>\n","protected":false},"author":89,"featured_media":0,"parent":0,"menu_order":0,"comment_status":"closed","ping_status":"closed","template":"","meta":{"footnotes":""},"tags":[],"_links":{"self":[{"href":"https:\/\/portfolio.uqac.ca\/soniaboivin\/wp-json\/wp\/v2\/pages\/46"}],"collection":[{"href":"https:\/\/portfolio.uqac.ca\/soniaboivin\/wp-json\/wp\/v2\/pages"}],"about":[{"href":"https:\/\/portfolio.uqac.ca\/soniaboivin\/wp-json\/wp\/v2\/types\/page"}],"author":[{"embeddable":true,"href":"https:\/\/portfolio.uqac.ca\/soniaboivin\/wp-json\/wp\/v2\/users\/89"}],"replies":[{"embeddable":true,"href":"https:\/\/portfolio.uqac.ca\/soniaboivin\/wp-json\/wp\/v2\/comments?post=46"}],"version-history":[{"count":30,"href":"https:\/\/portfolio.uqac.ca\/soniaboivin\/wp-json\/wp\/v2\/pages\/46\/revisions"}],"predecessor-version":[{"id":397,"href":"https:\/\/portfolio.uqac.ca\/soniaboivin\/wp-json\/wp\/v2\/pages\/46\/revisions\/397"}],"wp:attachment":[{"href":"https:\/\/portfolio.uqac.ca\/soniaboivin\/wp-json\/wp\/v2\/media?parent=46"}],"wp:term":[{"taxonomy":"post_tag","embeddable":true,"href":"https:\/\/portfolio.uqac.ca\/soniaboivin\/wp-json\/wp\/v2\/tags?post=46"}],"curies":[{"name":"wp","href":"https:\/\/api.w.org\/{rel}","templated":true}]}}