{"id":176,"date":"2019-08-09T10:57:08","date_gmt":"2019-08-09T14:57:08","guid":{"rendered":"http:\/\/portfolio-pre.uqac.ca\/stephanbrettschneider\/?page_id=176"},"modified":"2019-08-14T10:28:28","modified_gmt":"2019-08-14T14:28:28","slug":"curriculum-vitae","status":"publish","type":"page","link":"https:\/\/portfolio.uqac.ca\/stephanbrettschneider\/curriculum-vitae\/","title":{"rendered":"Curriculum Vitae"},"content":{"rendered":"<h2><strong>Formation<\/strong><\/h2>\n<p><strong>Doctorat en ing\u00e9nierie <\/strong>(octobre 2000)<br \/>\n<em>Universit\u00e9 du Qu\u00e9bec \u00e0 Chicoutimi en collaboration avec l\u2019Universit\u00e9 de la Colombie-Britannique<\/em><\/p>\n<ul>\n<li>\u00c9tude du d\u00e9veloppement des d\u00e9charges \u00e9lectriques visibles \u00e0 la surface de la glace<\/li>\n<li>Adaptation de la photographie ultra-rapide aux processus de d\u00e9charges \u00e9lectriques surfaciques<\/li>\n<\/ul>\n<p><strong>Dipl\u00f4me d\u2019ing\u00e9nieur en g\u00e9nie \u00e9lectrique <\/strong>(d\u00e9cembre 1996)<br \/>\n<em>Universit\u00e9 de Karlsruhe, Allemagne en collaboration avec l\u2019Universit\u00e9 du Qu\u00e9bec \u00e0 Chicoutimi et l\u2019Institut Burkinab\u00e9 de l\u2019\u00c9nergie<\/em><\/p>\n<ul>\n<li>Sp\u00e9cialisation en haute tension et syst\u00e8mes de transport de l\u2019\u00e9nergie \u00e9lectrique<\/li>\n<li>\u00c9tude de la performance \u00e9lectrique des isolateurs recouverts de glace en courant continu<\/li>\n<li>\u00c9tude des aspects techniques et sociaux lors de l\u2019introduction des syst\u00e8mes solaires dans un milieu rural en Afrique de l\u2019Ouest<\/li>\n<\/ul>\n<h2><strong>Exp\u00e9riences en milieu industriel<\/strong><\/h2>\n<p><strong>\u00a016,5 ans comme ing\u00e9nieur-consultant dans le domaine des r\u00e9seaux \u00e9lectriques<br \/>\n<\/strong><em>Stantec (avant Cegertec Worley Parsons et Cegertec), secteur \u00c9nergie, Chicoutimi, Qu\u00e9bec<\/em><\/p>\n<ul>\n<li>Mod\u00e9lisation et analyse des r\u00e9seaux \u00e9lectriques (calcul des courants de d\u00e9faut et de la r\u00e9partition de puissance, coordination des protections, conceptions des nouveaux postes \u00e9lectriques)<\/li>\n<li>Conception de syst\u00e8mes de protection<\/li>\n<li>Ing\u00e9nierie de concept et d\u00e9taill\u00e9e pour l\u2019int\u00e9gration des parcs \u00e9oliens<\/li>\n<li>R\u00e9alisation de formations pour des clients et \u00e0 l\u2019interne<\/li>\n<\/ul>\n<p><strong>1 an comme ing\u00e9nieur de service dans le domaine de syst\u00e8mes d\u2019essai en haute tension<br \/>\n<\/strong><em>HV Technologies Inc., Manassas, VA, \u00c9tats-Unis<\/em><\/p>\n<ul>\n<li>Installation et r\u00e9paration des nouveaux syst\u00e8mes d\u2019essai \u00e0 haute tension chez les clients<\/li>\n<li>Planification et organisation d\u2019un programme d\u2019\u00e9talonnage des syst\u00e8mes install\u00e9s pr\u00e9c\u00e9demment<\/li>\n<li>D\u00e9veloppement de pr\u00e9sentations et de formations pr\u00e9sent\u00e9es lors de conf\u00e9rences scientifiques et de s\u00e9minaires pour les clients<\/li>\n<li>Support technique pour le d\u00e9partement des ventes<\/li>\n<\/ul>\n<h2><strong>Affiliations professionnelles<\/strong><\/h2>\n<ul>\n<li>Ordre des ing\u00e9nieurs du Qu\u00e9bec (OIQ)<\/li>\n<li>Institute of Electrical and Electronics Engineers (IEEE)<\/li>\n<\/ul>\n","protected":false},"excerpt":{"rendered":"<p>Formation Doctorat en ing\u00e9nierie (octobre 2000) Universit\u00e9 du Qu\u00e9bec \u00e0 Chicoutimi en collaboration avec l\u2019Universit\u00e9 de la Colombie-Britannique \u00c9tude du d\u00e9veloppement des d\u00e9charges \u00e9lectriques visibles \u00e0 la surface de la glace Adaptation de la photographie ultra-rapide aux processus de d\u00e9charges \u00e9lectriques surfaciques Dipl\u00f4me d\u2019ing\u00e9nieur en g\u00e9nie \u00e9lectrique (d\u00e9cembre 1996) Universit\u00e9 de Karlsruhe, Allemagne en collaboration &hellip; <a href=\"https:\/\/portfolio.uqac.ca\/stephanbrettschneider\/curriculum-vitae\/\" class=\"more-link\">Continuer la lecture de <span class=\"screen-reader-text\">Curriculum Vitae<\/span>  <span class=\"meta-nav\">&rarr;<\/span><\/a><\/p>\n","protected":false},"author":242,"featured_media":0,"parent":0,"menu_order":0,"comment_status":"closed","ping_status":"closed","template":"","meta":{"footnotes":""},"tags":[],"_links":{"self":[{"href":"https:\/\/portfolio.uqac.ca\/stephanbrettschneider\/wp-json\/wp\/v2\/pages\/176"}],"collection":[{"href":"https:\/\/portfolio.uqac.ca\/stephanbrettschneider\/wp-json\/wp\/v2\/pages"}],"about":[{"href":"https:\/\/portfolio.uqac.ca\/stephanbrettschneider\/wp-json\/wp\/v2\/types\/page"}],"author":[{"embeddable":true,"href":"https:\/\/portfolio.uqac.ca\/stephanbrettschneider\/wp-json\/wp\/v2\/users\/242"}],"replies":[{"embeddable":true,"href":"https:\/\/portfolio.uqac.ca\/stephanbrettschneider\/wp-json\/wp\/v2\/comments?post=176"}],"version-history":[{"count":3,"href":"https:\/\/portfolio.uqac.ca\/stephanbrettschneider\/wp-json\/wp\/v2\/pages\/176\/revisions"}],"predecessor-version":[{"id":193,"href":"https:\/\/portfolio.uqac.ca\/stephanbrettschneider\/wp-json\/wp\/v2\/pages\/176\/revisions\/193"}],"wp:attachment":[{"href":"https:\/\/portfolio.uqac.ca\/stephanbrettschneider\/wp-json\/wp\/v2\/media?parent=176"}],"wp:term":[{"taxonomy":"post_tag","embeddable":true,"href":"https:\/\/portfolio.uqac.ca\/stephanbrettschneider\/wp-json\/wp\/v2\/tags?post=176"}],"curies":[{"name":"wp","href":"https:\/\/api.w.org\/{rel}","templated":true}]}}