{"id":18,"date":"2019-08-08T16:10:47","date_gmt":"2019-08-08T20:10:47","guid":{"rendered":"http:\/\/portfolio-pre.uqac.ca\/gabarit\/?page_id=18"},"modified":"2025-05-29T15:44:25","modified_gmt":"2025-05-29T19:44:25","slug":"enseignement","status":"publish","type":"page","link":"https:\/\/portfolio.uqac.ca\/stephanbrettschneider\/enseignement\/","title":{"rendered":"Enseignement"},"content":{"rendered":"<h2><strong>Cours<\/strong><\/h2>\n<ul>\n<li>6GEI700 Transport et exploitation de l\u2019\u00e9nergie \u00e9lectrique<\/li>\n<li>6GEI329 S\u00e9curit\u00e9 et protection des r\u00e9seaux<\/li>\n<li>6GEI349 \u00c9nergies renouvelables et r\u00e9seaux intelligents<\/li>\n<li>6GEI448 \u00c9lectricit\u00e9 industrielle et installations \u00e9lectriques<\/li>\n<li>6MIG931 R\u00e9seaux d\u2019\u00e9nergie \u00e9lectrique<\/li>\n<li>6MIG913 Compl\u00e9ment de transport et exploitation de l&#8217;\u00e9nergie \u00e9lectrique<\/li>\n<li>1ECC826 \u00c9nergie et d\u00e9veloppement durable 1<\/li>\n<\/ul>\n<h2><strong>Activit\u00e9s individuelles<\/strong><\/h2>\n<ul>\n<li>6DIG973 \/ 6MIG887 Sujets sp\u00e9ciaux<\/li>\n<li>6MIG889 \/ 6MIG890 Projet d&#8217;application ou stage pour la maitrise professionnelle)<\/li>\n<li>6GIN440-6GIN445 Projet de synth\u00e8se (projets de fin d&#8217;\u00e9tudes pour le programme de baccalaur\u00e9at en g\u00e9nie \u00e9lectrique)<\/li>\n<\/ul>\n","protected":false},"excerpt":{"rendered":"<p>Cours 6GEI700 Transport et exploitation de l\u2019\u00e9nergie \u00e9lectrique 6GEI329 S\u00e9curit\u00e9 et protection des r\u00e9seaux 6GEI349 \u00c9nergies renouvelables et r\u00e9seaux intelligents 6GEI448 \u00c9lectricit\u00e9 industrielle et installations \u00e9lectriques 6MIG931 R\u00e9seaux d\u2019\u00e9nergie \u00e9lectrique 6MIG913 Compl\u00e9ment de transport et exploitation de l&#8217;\u00e9nergie \u00e9lectrique 1ECC826 \u00c9nergie et d\u00e9veloppement durable 1 Activit\u00e9s individuelles 6DIG973 \/ 6MIG887 Sujets sp\u00e9ciaux 6MIG889 \/ 6MIG890 &hellip; <a href=\"https:\/\/portfolio.uqac.ca\/stephanbrettschneider\/enseignement\/\" class=\"more-link\">Continuer la lecture de <span class=\"screen-reader-text\">Enseignement<\/span>  <span class=\"meta-nav\">&rarr;<\/span><\/a><\/p>\n","protected":false},"author":89,"featured_media":0,"parent":0,"menu_order":0,"comment_status":"closed","ping_status":"closed","template":"","meta":{"footnotes":""},"tags":[],"_links":{"self":[{"href":"https:\/\/portfolio.uqac.ca\/stephanbrettschneider\/wp-json\/wp\/v2\/pages\/18"}],"collection":[{"href":"https:\/\/portfolio.uqac.ca\/stephanbrettschneider\/wp-json\/wp\/v2\/pages"}],"about":[{"href":"https:\/\/portfolio.uqac.ca\/stephanbrettschneider\/wp-json\/wp\/v2\/types\/page"}],"author":[{"embeddable":true,"href":"https:\/\/portfolio.uqac.ca\/stephanbrettschneider\/wp-json\/wp\/v2\/users\/89"}],"replies":[{"embeddable":true,"href":"https:\/\/portfolio.uqac.ca\/stephanbrettschneider\/wp-json\/wp\/v2\/comments?post=18"}],"version-history":[{"count":9,"href":"https:\/\/portfolio.uqac.ca\/stephanbrettschneider\/wp-json\/wp\/v2\/pages\/18\/revisions"}],"predecessor-version":[{"id":223,"href":"https:\/\/portfolio.uqac.ca\/stephanbrettschneider\/wp-json\/wp\/v2\/pages\/18\/revisions\/223"}],"wp:attachment":[{"href":"https:\/\/portfolio.uqac.ca\/stephanbrettschneider\/wp-json\/wp\/v2\/media?parent=18"}],"wp:term":[{"taxonomy":"post_tag","embeddable":true,"href":"https:\/\/portfolio.uqac.ca\/stephanbrettschneider\/wp-json\/wp\/v2\/tags?post=18"}],"curies":[{"name":"wp","href":"https:\/\/api.w.org\/{rel}","templated":true}]}}