{"id":189,"date":"2019-08-14T10:21:30","date_gmt":"2019-08-14T14:21:30","guid":{"rendered":"http:\/\/portfolio-pre.uqac.ca\/stephanbrettschneider\/?page_id=189"},"modified":"2020-08-27T16:49:48","modified_gmt":"2020-08-27T20:49:48","slug":"projets-detudiants","status":"publish","type":"page","link":"https:\/\/portfolio.uqac.ca\/stephanbrettschneider\/projets-detudiants\/","title":{"rendered":"Projets d&#8217;\u00e9tudiants"},"content":{"rendered":"<p><em>Sur cette page, je propose des sujets pour des <\/em><strong>\u00ab\u00a0Projets de synth\u00e8se\u00a0\u00bb<\/strong><em> ou des <\/em><strong>\u00ab\u00a0Sujets sp\u00e9ciaux\u00a0\u00bb<\/strong><em>. Si vous ne trouvez rien qui vous int\u00e9resse, mais vous avez des id\u00e9es qui sont en lien avec mes champs d\u2019int\u00e9r\u00eat (indiqu\u00e9s dans la page de pr\u00e9sentation), n\u2019h\u00e9sitez pas \u00e0 me contacter.<\/em><\/p>\n<ul>\n<li>Revue du march\u00e9 des protections d\u2019alternateurs pour de grands centrales (&gt;50MVA) et proposition d\u2019un concept pour un nouveau syst\u00e8me de protection<\/li>\n<\/ul>\n<ul>\n<li>D\u00e9veloppement d\u2019un concept p\u00e9dagogique pour effectuer des exp\u00e9riences pratiques avec les relais num\u00e9riques de protection de la compagnie GE pr\u00e9sents dans le laboratoire P2-2020 (incluant la programmation des relais)<\/li>\n<\/ul>\n<ul>\n<li>Revue critique de la mod\u00e9lisation des c\u00e2bles souterrains \u00e0 haute tension (par exemple dans les logiciels ETAP, EasyPower etc.) et proposition des pistes d\u2019am\u00e9lioration<\/li>\n<\/ul>\n<p>&nbsp;<\/p>\n","protected":false},"excerpt":{"rendered":"<p>Sur cette page, je propose des sujets pour des \u00ab\u00a0Projets de synth\u00e8se\u00a0\u00bb ou des \u00ab\u00a0Sujets sp\u00e9ciaux\u00a0\u00bb. Si vous ne trouvez rien qui vous int\u00e9resse, mais vous avez des id\u00e9es qui sont en lien avec mes champs d\u2019int\u00e9r\u00eat (indiqu\u00e9s dans la page de pr\u00e9sentation), n\u2019h\u00e9sitez pas \u00e0 me contacter. Revue du march\u00e9 des protections d\u2019alternateurs pour &hellip; <a href=\"https:\/\/portfolio.uqac.ca\/stephanbrettschneider\/projets-detudiants\/\" class=\"more-link\">Continuer la lecture de <span class=\"screen-reader-text\">Projets d&#8217;\u00e9tudiants<\/span>  <span class=\"meta-nav\">&rarr;<\/span><\/a><\/p>\n","protected":false},"author":275,"featured_media":0,"parent":0,"menu_order":0,"comment_status":"closed","ping_status":"closed","template":"","meta":{"footnotes":""},"tags":[],"_links":{"self":[{"href":"https:\/\/portfolio.uqac.ca\/stephanbrettschneider\/wp-json\/wp\/v2\/pages\/189"}],"collection":[{"href":"https:\/\/portfolio.uqac.ca\/stephanbrettschneider\/wp-json\/wp\/v2\/pages"}],"about":[{"href":"https:\/\/portfolio.uqac.ca\/stephanbrettschneider\/wp-json\/wp\/v2\/types\/page"}],"author":[{"embeddable":true,"href":"https:\/\/portfolio.uqac.ca\/stephanbrettschneider\/wp-json\/wp\/v2\/users\/275"}],"replies":[{"embeddable":true,"href":"https:\/\/portfolio.uqac.ca\/stephanbrettschneider\/wp-json\/wp\/v2\/comments?post=189"}],"version-history":[{"count":6,"href":"https:\/\/portfolio.uqac.ca\/stephanbrettschneider\/wp-json\/wp\/v2\/pages\/189\/revisions"}],"predecessor-version":[{"id":209,"href":"https:\/\/portfolio.uqac.ca\/stephanbrettschneider\/wp-json\/wp\/v2\/pages\/189\/revisions\/209"}],"wp:attachment":[{"href":"https:\/\/portfolio.uqac.ca\/stephanbrettschneider\/wp-json\/wp\/v2\/media?parent=189"}],"wp:term":[{"taxonomy":"post_tag","embeddable":true,"href":"https:\/\/portfolio.uqac.ca\/stephanbrettschneider\/wp-json\/wp\/v2\/tags?post=189"}],"curies":[{"name":"wp","href":"https:\/\/api.w.org\/{rel}","templated":true}]}}