{"id":4,"date":"2019-08-08T16:10:47","date_gmt":"2019-08-08T20:10:47","guid":{"rendered":"http:\/\/portfolio-pre.uqac.ca\/gabarit\/?page_id=4"},"modified":"2025-09-08T13:32:56","modified_gmt":"2025-09-08T17:32:56","slug":"presentatio","status":"publish","type":"page","link":"https:\/\/portfolio.uqac.ca\/stephanbrettschneider\/","title":{"rendered":"Pr\u00e9sentation"},"content":{"rendered":"<h2>Stephan Brettschneider, ing., Ph. D.<\/h2>\n<p>Professeur en g\u00e9nie \u00e9lectrique<br \/>\nD\u00e9partement des\u00a0sciences appliqu\u00e9es<\/p>\n<ul>\n<li>Membre de l\u2019ordre des ing\u00e9nieurs du Qu\u00e9bec (OIQ)<\/li>\n<li>Membre de l\u2019IEEE<\/li>\n<\/ul>\n<h2>Champs d&#8217;int\u00e9r\u00eat<\/h2>\n<ul>\n<li>Protections des r\u00e9seaux \u00e9lectriques<\/li>\n<li>Analyse et mod\u00e9lisation des r\u00e9seaux \u00e9lectriques<\/li>\n<li>Int\u00e9gration des \u00e9nergies renouvelables (entre autres \u00e9nergie \u00e9olienne et \u00e9nergie solaire)<\/li>\n<li>Ing\u00e9nierie de la transition \u00e9nerg\u00e9tique<\/li>\n<li>Essais pratiques en haute tension (g\u00e9n\u00e9rateur de choc, sources CA et CC, syst\u00e8mes des mesures, d\u00e9charges partielles)<\/li>\n<\/ul>\n","protected":false},"excerpt":{"rendered":"<p>Stephan Brettschneider, ing., Ph. D. Professeur en g\u00e9nie \u00e9lectrique D\u00e9partement des\u00a0sciences appliqu\u00e9es Membre de l\u2019ordre des ing\u00e9nieurs du Qu\u00e9bec (OIQ) Membre de l\u2019IEEE Champs d&#8217;int\u00e9r\u00eat Protections des r\u00e9seaux \u00e9lectriques Analyse et mod\u00e9lisation des r\u00e9seaux \u00e9lectriques Int\u00e9gration des \u00e9nergies renouvelables (entre autres \u00e9nergie \u00e9olienne et \u00e9nergie solaire) Ing\u00e9nierie de la transition \u00e9nerg\u00e9tique Essais pratiques en haute &hellip; <a href=\"https:\/\/portfolio.uqac.ca\/stephanbrettschneider\/\" class=\"more-link\">Continuer la lecture de <span class=\"screen-reader-text\">Pr\u00e9sentation<\/span>  <span class=\"meta-nav\">&rarr;<\/span><\/a><\/p>\n","protected":false},"author":89,"featured_media":0,"parent":0,"menu_order":0,"comment_status":"closed","ping_status":"closed","template":"","meta":{"footnotes":""},"tags":[],"_links":{"self":[{"href":"https:\/\/portfolio.uqac.ca\/stephanbrettschneider\/wp-json\/wp\/v2\/pages\/4"}],"collection":[{"href":"https:\/\/portfolio.uqac.ca\/stephanbrettschneider\/wp-json\/wp\/v2\/pages"}],"about":[{"href":"https:\/\/portfolio.uqac.ca\/stephanbrettschneider\/wp-json\/wp\/v2\/types\/page"}],"author":[{"embeddable":true,"href":"https:\/\/portfolio.uqac.ca\/stephanbrettschneider\/wp-json\/wp\/v2\/users\/89"}],"replies":[{"embeddable":true,"href":"https:\/\/portfolio.uqac.ca\/stephanbrettschneider\/wp-json\/wp\/v2\/comments?post=4"}],"version-history":[{"count":19,"href":"https:\/\/portfolio.uqac.ca\/stephanbrettschneider\/wp-json\/wp\/v2\/pages\/4\/revisions"}],"predecessor-version":[{"id":225,"href":"https:\/\/portfolio.uqac.ca\/stephanbrettschneider\/wp-json\/wp\/v2\/pages\/4\/revisions\/225"}],"wp:attachment":[{"href":"https:\/\/portfolio.uqac.ca\/stephanbrettschneider\/wp-json\/wp\/v2\/media?parent=4"}],"wp:term":[{"taxonomy":"post_tag","embeddable":true,"href":"https:\/\/portfolio.uqac.ca\/stephanbrettschneider\/wp-json\/wp\/v2\/tags?post=4"}],"curies":[{"name":"wp","href":"https:\/\/api.w.org\/{rel}","templated":true}]}}