{"id":46,"date":"2019-08-08T16:10:47","date_gmt":"2019-08-08T20:10:47","guid":{"rendered":"http:\/\/portfolio-pre.uqac.ca\/gabarit\/?page_id=46"},"modified":"2021-02-16T09:44:28","modified_gmt":"2021-02-16T14:44:28","slug":"recherche","status":"publish","type":"page","link":"https:\/\/portfolio.uqac.ca\/stephanbrettschneider\/recherche\/","title":{"rendered":"Communications"},"content":{"rendered":"<h2><strong>Conf\u00e9rences<\/strong><\/h2>\n<p>S. Brettschneider, <em>Validation of Network Simulations with System-Based Testing Software and with Power System Analysis Software.<\/em> Canadien Protection Symposium (CPS), Toronto, Canada, d\u00e9cembre 2019.<\/p>\n<p>S. Brettschneider, <em>Specific Testing Features for Software Alarm Signals in order to Satisfy the Different Involved Parties in a Small Utility.<\/em> International Protection Testing Symposium (IPTS), Boston, \u00c9tats-Unis, septembre 2013.<\/p>\n<p>F. Plumptre, S. Brettschneider, A. Hiebert, M. J. Thompson, M. Mynam, <em>Validation of Out-of-Step Protection With a Real Time Digital Simulator.<\/em> 60th Annual Georgia Tech Protective Relaying Conference, Atlanta et 33rd Annual Western Protective Relay Conference, Spokane, \u00c9tats-Unis, mai et octobre 2006.<\/p>\n<h2><strong>Rapports<\/strong><\/h2>\n<p>Co-auteur dans l\u2019\u00e9quipe de travail H9 du Power System Relaying Committee (PSRC), <em>Communications Technology for Protection Systems.<\/em> IEEE PES janvier 2013.<\/p>\n<p>Co-auteur dans l\u2019\u00e9quipe de travail C17 du Power System Relaying Committee (PSRC), <em>Fault Current Contributions from Wind Plants.<\/em> IEEE PES janvier 2013.<\/p>\n<p>Environ 120 rapports de protection pour Hydro-Qu\u00e9bec de 2007 \u00e0 2019.<\/p>\n<p>Environ 15 rapports et \u00e9tudes pour Rio Tinto \u00c9nergie de 2003 \u00e0 2019.<\/p>\n<h2><strong>Domaine des d\u00e9charges partielles<\/strong><\/h2>\n<p>Quatre communications en 2002.<br \/>\n<em>(Veuillez me contacter si vous voulez avoir plus de d\u00e9tail.)<\/em><\/p>\n<h2><strong>Domaine des d\u00e9charges \u00e0 la surface de la glace<\/strong><\/h2>\n<p>20 communications, articles et affiches de 1997 \u00e0 2006.<br \/>\n<em>(Veuillez me contacter si vous voulez avoir plus de d\u00e9tail.)<\/em><\/p>\n","protected":false},"excerpt":{"rendered":"<p>Conf\u00e9rences S. Brettschneider, Validation of Network Simulations with System-Based Testing Software and with Power System Analysis Software. Canadien Protection Symposium (CPS), Toronto, Canada, d\u00e9cembre 2019. S. Brettschneider, Specific Testing Features for Software Alarm Signals in order to Satisfy the Different Involved Parties in a Small Utility. International Protection Testing Symposium (IPTS), Boston, \u00c9tats-Unis, septembre 2013. &hellip; <a href=\"https:\/\/portfolio.uqac.ca\/stephanbrettschneider\/recherche\/\" class=\"more-link\">Continuer la lecture de <span class=\"screen-reader-text\">Communications<\/span>  <span class=\"meta-nav\">&rarr;<\/span><\/a><\/p>\n","protected":false},"author":89,"featured_media":0,"parent":0,"menu_order":0,"comment_status":"closed","ping_status":"closed","template":"","meta":{"footnotes":""},"tags":[],"_links":{"self":[{"href":"https:\/\/portfolio.uqac.ca\/stephanbrettschneider\/wp-json\/wp\/v2\/pages\/46"}],"collection":[{"href":"https:\/\/portfolio.uqac.ca\/stephanbrettschneider\/wp-json\/wp\/v2\/pages"}],"about":[{"href":"https:\/\/portfolio.uqac.ca\/stephanbrettschneider\/wp-json\/wp\/v2\/types\/page"}],"author":[{"embeddable":true,"href":"https:\/\/portfolio.uqac.ca\/stephanbrettschneider\/wp-json\/wp\/v2\/users\/89"}],"replies":[{"embeddable":true,"href":"https:\/\/portfolio.uqac.ca\/stephanbrettschneider\/wp-json\/wp\/v2\/comments?post=46"}],"version-history":[{"count":6,"href":"https:\/\/portfolio.uqac.ca\/stephanbrettschneider\/wp-json\/wp\/v2\/pages\/46\/revisions"}],"predecessor-version":[{"id":211,"href":"https:\/\/portfolio.uqac.ca\/stephanbrettschneider\/wp-json\/wp\/v2\/pages\/46\/revisions\/211"}],"wp:attachment":[{"href":"https:\/\/portfolio.uqac.ca\/stephanbrettschneider\/wp-json\/wp\/v2\/media?parent=46"}],"wp:term":[{"taxonomy":"post_tag","embeddable":true,"href":"https:\/\/portfolio.uqac.ca\/stephanbrettschneider\/wp-json\/wp\/v2\/tags?post=46"}],"curies":[{"name":"wp","href":"https:\/\/api.w.org\/{rel}","templated":true}]}}