{"id":18,"date":"2018-02-02T08:06:05","date_gmt":"2018-02-02T13:06:05","guid":{"rendered":"http:\/\/portfolio-pre.uqac.ca\/gabarit\/?page_id=18"},"modified":"2026-02-17T08:19:35","modified_gmt":"2026-02-17T13:19:35","slug":"enseignement","status":"publish","type":"page","link":"https:\/\/portfolio.uqac.ca\/stephaneallaire\/enseignement\/","title":{"rendered":"Enseignement"},"content":{"rendered":"<h2>Enseignement au premier cycle<\/h2>\n<p>Je mets en priorit\u00e9 les cours et les stages de premier cycle dans mon choix d&#8217;enseignement. J&#8217;interviens principalement\u00a0dans le baccalaur\u00e9at en enseignement au secondaire. Les principales activit\u00e9s que je dispense sont les suivantes.<\/p>\n<ul>\n<li><a href=\"https:\/\/cours.uqac.ca\/3PDG460\" target=\"_blank\" rel=\"noopener\">Intervention \u00e9ducative en classe (3PDG460)<\/a><\/li>\n<li><a href=\"https:\/\/cours.uqac.ca\/3ESR116\" target=\"_blank\" rel=\"noopener\">Stage d&#8217;initiation \u00e0 l&#8217;enseignement au secondaire (3ESR116)<\/a><\/li>\n<li><a href=\"https:\/\/cours.uqac.ca\/3ESR126\" target=\"_blank\" rel=\"noopener\">Stage de consolidation des comp\u00e9tences en enseignement au secondaire (3ESR126)<\/a><\/li>\n<li><a href=\"https:\/\/cours.uqac.ca\/3ESR136\" target=\"_blank\" rel=\"noopener\">Stage de qualification \u00e0 l&#8217;enseignement au secondaire (3ESR136)<\/a><\/li>\n<li><a href=\"https:\/\/cours.uqac.ca\/3ESR142\" target=\"_blank\" rel=\"noopener\">Activit\u00e9 de fin d&#8217;\u00e9tudes (3ESR142)<\/a><\/li>\n<\/ul>\n<p>Mon approche d&#8217;enseignement pr\u00e9conise la communaut\u00e9 d&#8217;apprenants, l&#8217;analyse r\u00e9flexive en collaboration et la co\u00e9laboration de connaissances. \u00a0Partant de situations de pratique r\u00e9elles, de cas ou de questionnements authentiques, les \u00e9tudiants apprennent par la voie de l&#8217;investigation collective. Les contenus conceptuels et les connaissances issues de la recherche sont en appui \u00e0 la d\u00e9marche.<\/p>\n<p>Le num\u00e9rique fait partie int\u00e9grante de mes activit\u00e9s d&#8217;enseignement. En particulier, j&#8217;utilise le Forum de co\u00e9laboration de connaissances (Knowledge Forum) et les outils d&#8217;organisation de la pens\u00e9e (r\u00e9seaux de concepts). L&#8217;accompagnement aux \u00e9tudiants est dispens\u00e9 autant en face \u00e0 face qu&#8217;en ligne.<\/p>\n<h2>Enseignement aux cycles sup\u00e9rieurs<\/h2>\n<p>Cette activit\u00e9 passe principalement par l&#8217;encadrement d&#8217;\u00e9tudiants-chercheurs \u00e0 la maitrise ou au doctorat en \u00e9ducation. Plusieurs d&#8217;entre eux ont la possibilit\u00e9 de participer aux projets de recherche dans lesquels je suis impliqu\u00e9. Cela leur procure une exp\u00e9rience concr\u00e8te de la recherche, et ce, t\u00f4t dans leur cheminement d&#8217;apprenti-chercheur.<\/p>\n<p>En outre, je suis responsable d&#8217;un sujet sp\u00e9cial intitul\u00e9 <em>Co\u00e9laboration de connaissances en \u00e9ducation: fondements et pratiques<\/em>.<\/p>\n<p>Par ailleurs, en collaboration avec des coll\u00e8gues de l&#8217;UQAT et de l&#8217;UQO, j\u2019ai con\u00e7u le <a href=\"https:\/\/programmes.uqac.ca\/0548\" target=\"_blank\" rel=\"noopener\">Programme court conjoint de deuxi\u00e8me cycle en intervention dans les petites \u00e9coles et les classes multi\u00e2ges en r\u00e9seau<\/a>. Ce programme s&#8217;adresse \u00e0 tout enseignant ou conseiller p\u00e9dagogique intervenant dans ce contexte \u00e9ducatif.<\/p>\n<p>Je suis aussi le concepteur du <a href=\"https:\/\/www.uqac.ca\/programme\/9051\/\" target=\"_blank\" rel=\"noopener\">Programme court de deuxi\u00e8me en d\u00e9veloppement professionnel par la recherche participative<\/a>.<\/p>\n<h2>\u00c9tudiants-chercheurs actuels<\/h2>\n<p>J&#8217;accompagne pr\u00e9sentement les \u00e9tudiants suivants \u00e0 la maitrise ou au doctorat en \u00e9ducation.<\/p>\n<p><strong>Martin Langevin. Maitrise en \u00e9ducation (essai).<\/strong><br \/>\nLa gestion de la r\u00e9sistance au changement.<\/p>\n<p><strong>Mireille Boutin. Maitrise en \u00e9ducation (essai).<\/strong><br \/>\nL&#8217;utilisation de processus de coconstruction par les gestionnaires d&#8217;\u00e9tablissement scolaires.<\/p>\n<p><strong>J\u00e9r\u00f4me Train. Doctorat en \u00e9ducation (th\u00e8se).<br \/>\n<\/strong>D\u00e9veloppement professionnel continu des enseignants: recension des dispositifs hybrides de formation et analyse de leur contribution au changement de pratiques enseignantes.<\/p>\n<p><strong>Natacha Gagn\u00e9. Maitrise en \u00e9ducation (essai).<br \/>\n<\/strong>Natacha s&#8217;int\u00e9resse aux pratiques d\u2019enseignants en insertion professionnel qui contribuent \u00e0 un climat de classe propice aux apprentissages.<\/p>\n<p><strong>Seydou Ouattara. Maitrise en \u00e9ducation (m\u00e9moire).<br \/>\n<\/strong>La comp\u00e9tence num\u00e9rique des \u00e9tudiants universitaires.<\/p>\n<p><strong>Samuel Beau-Gard Dometo. Maitrise en \u00e9ducation (m\u00e9moire).<br \/>\n<\/strong>Samuel s&#8217;int\u00e9resse au lien \u00e9cole-famille-communaut\u00e9 par l&#8217;entremise du num\u00e9rique.<\/p>\n<p><strong>Serge-Didier Kengne Talling. Doctorat en \u00e9ducation (th\u00e8se).<\/strong><br \/>\nSerge-Didier s&#8217;int\u00e9resse au d\u00e9veloppement des comp\u00e9tences professionnelles dans le cadre de la formation en ligne.<\/p>\n<h2>\u00c9tudiants-chercheurs ant\u00e9rieurs qui ont compl\u00e9t\u00e9 leur cheminement<\/h2>\n<p><strong>Sophie Nadeau-Tremblay. Doctorat en \u00e9ducation (th\u00e8se).<\/strong><br \/>\nLes pratiques d&#8217;accompagnement en soutien \u00e0 une p\u00e9dagogie de co\u00e9laboration de connaissances.<\/p>\n<p><strong>Josianne Bilodeau. Maitrise en \u00e9ducation (m\u00e9moire).<\/strong><br \/>\nLes communaut\u00e9s de pratique en formation g\u00e9n\u00e9rale des adultes.<\/p>\n<p><strong>Laura Soulat. Doctorat en \u00e9ducation (stage).<\/strong><br \/>\nStage doctoral sur l&#8217;agr\u00e9gation de donn\u00e9es de recherche.<\/p>\n<p><strong>Camille Godue-Couture. Maitrise en \u00e9ducation (m\u00e9moire).<br \/>\n<\/strong>Camille s&#8217;int\u00e9resse \u00e0 la fa\u00e7on dont l&#8217;intervention par le plein air peut contribuer \u00e0 l&#8217;atteinte des orientations du Programme de formation de l&#8217;\u00e9cole qu\u00e9b\u00e9coise.<\/p>\n<p><strong>Julie Courcy. Doctorat en \u00e9ducation (stage).<\/strong><br \/>\nStage doctoral sur la recherche participative.<\/p>\n<p><strong>Vincent Gagnon. \u00c9tudiant au doctorat en \u00e9ducation (th\u00e8se).<\/strong><br \/>\nLa reconnaissance vocale en soutien aux processus de r\u00e9vision et de correction d&#8217;\u00e9l\u00e8ves du primaire.<\/p>\n<p><strong>Marie-Pier Forest. Doctorat en \u00e9ducation (stage).<br \/>\n<\/strong>Stage doctoral sur le partenariat recherche-pratique en \u00e9ducation.<\/p>\n<p><strong>Maryliz Racine. Postdoctorat en \u00e9ducation (stage).<\/strong><br \/>\n\u00c9tude de la pers\u00e9v\u00e9rance et de la r\u00e9ussite scolaires sous l&#8217;angle des approches socioculturelles.<\/p>\n<p><strong>Alexandre Oligny. Maitrise en arts (m\u00e9moire).<\/strong><br \/>\nCr\u00e9ation d&#8217;ateliers en d\u00e9veloppement de jeu vid\u00e9o pour adolescents fond\u00e9s sur des principes de motivation\u00a0et de r\u00e9ussite.<\/p>\n<p><strong>Raoul Kamga Kouamkam. Postdoctorat en \u00e9ducation (stage).<\/strong><br \/>\nLe partenariat recherche-pratique en \u00e9ducation.<\/p>\n<p><strong>M\u00e9lanie Gaudreault. Maitrise en \u00e9ducation (m\u00e9moire).<\/strong><br \/>\nLes orthographes approch\u00e9es \u00e0 la maternelle cinq ans soutenues par un outil technologique collaboratif.<\/p>\n<p><strong>David Martel. Maitrise en \u00e9ducation (essai).<\/strong><br \/>\nT\u00e9l\u00e9pr\u00e9sence et d\u00e9veloppement de la comp\u00e9tence \u00e0 communiquer oralement<\/p>\n<p><strong>Vincent Gagnon. Maitrise en \u00e9ducation (m\u00e9moire).<\/strong><br \/>\nL&#8217;utilisation de la reconnaissance vocale en soutien \u00e0 la r\u00e9vision et \u00e0 la correction de textes d&#8217;\u00e9l\u00e8ves en difficult\u00e9 d&#8217;apprentissage au primaire.<\/p>\n<p><strong>Claudine Lapointe. Maitrise en \u00e9ducation (m\u00e9moire).<\/strong><br \/>\nCroyances, forces et difficult\u00e9s d&#8217;\u00e9tudiants de quatri\u00e8me ann\u00e9e en enseignement pr\u00e9scolaire-primaire relativement \u00e0 la comp\u00e9tence \u00e0 g\u00e9rer un groupe-classe.<\/p>\n<p><strong>Sophie Lavoie. Maitrise en \u00e9ducation (essai).<\/strong><br \/>\nAppr\u00e9cier des \u0153uvres litt\u00e9raires : collaboration \u00e0 l\u2019enseignement de la lecture litt\u00e9raire au 3e cycle du primaire.<\/p>\n","protected":false},"excerpt":{"rendered":"<p>Enseignement au premier cycle Je mets en priorit\u00e9 les cours et les stages de premier cycle dans mon choix d&#8217;enseignement. J&#8217;interviens principalement\u00a0dans le baccalaur\u00e9at en enseignement au secondaire. Les principales activit\u00e9s que je dispense sont les suivantes. Intervention \u00e9ducative en classe (3PDG460) Stage d&#8217;initiation \u00e0 l&#8217;enseignement au secondaire (3ESR116) Stage de consolidation des comp\u00e9tences en &hellip; <a href=\"https:\/\/portfolio.uqac.ca\/stephaneallaire\/enseignement\/\" class=\"more-link\">Continuer la lecture de <span class=\"screen-reader-text\">Enseignement<\/span>  <span class=\"meta-nav\">&rarr;<\/span><\/a><\/p>\n","protected":false},"author":89,"featured_media":0,"parent":0,"menu_order":0,"comment_status":"closed","ping_status":"closed","template":"page-templates\/full-width.php","meta":{"footnotes":""},"tags":[],"_links":{"self":[{"href":"https:\/\/portfolio.uqac.ca\/stephaneallaire\/wp-json\/wp\/v2\/pages\/18"}],"collection":[{"href":"https:\/\/portfolio.uqac.ca\/stephaneallaire\/wp-json\/wp\/v2\/pages"}],"about":[{"href":"https:\/\/portfolio.uqac.ca\/stephaneallaire\/wp-json\/wp\/v2\/types\/page"}],"author":[{"embeddable":true,"href":"https:\/\/portfolio.uqac.ca\/stephaneallaire\/wp-json\/wp\/v2\/users\/89"}],"replies":[{"embeddable":true,"href":"https:\/\/portfolio.uqac.ca\/stephaneallaire\/wp-json\/wp\/v2\/comments?post=18"}],"version-history":[{"count":56,"href":"https:\/\/portfolio.uqac.ca\/stephaneallaire\/wp-json\/wp\/v2\/pages\/18\/revisions"}],"predecessor-version":[{"id":1030,"href":"https:\/\/portfolio.uqac.ca\/stephaneallaire\/wp-json\/wp\/v2\/pages\/18\/revisions\/1030"}],"wp:attachment":[{"href":"https:\/\/portfolio.uqac.ca\/stephaneallaire\/wp-json\/wp\/v2\/media?parent=18"}],"wp:term":[{"taxonomy":"post_tag","embeddable":true,"href":"https:\/\/portfolio.uqac.ca\/stephaneallaire\/wp-json\/wp\/v2\/tags?post=18"}],"curies":[{"name":"wp","href":"https:\/\/api.w.org\/{rel}","templated":true}]}}