{"id":20,"date":"2018-02-02T08:06:05","date_gmt":"2018-02-02T13:06:05","guid":{"rendered":"http:\/\/portfolio-pre.uqac.ca\/gabarit\/?page_id=20"},"modified":"2026-02-17T09:07:09","modified_gmt":"2026-02-17T14:07:09","slug":"publications","status":"publish","type":"page","link":"https:\/\/portfolio.uqac.ca\/stephaneallaire\/publications\/","title":{"rendered":"Publications et communications"},"content":{"rendered":"<p>On peut consulter la\u00a0liste compl\u00e8te de mes publications et communications \u00e0 partir du document suivant.<\/p>\n<p>Derni\u00e8re mise \u00e0 jour: \u00a017 f\u00e9vrier 2026<br \/>\n<a href=\"https:\/\/portfolio.uqac.ca\/stephaneallaire\/files\/2026\/02\/Publications.pdf\" target=\"_blank\" rel=\"noopener\">Publications<\/a><\/p>\n","protected":false},"excerpt":{"rendered":"<p>On peut consulter la\u00a0liste compl\u00e8te de mes publications et communications \u00e0 partir du document suivant. Derni\u00e8re mise \u00e0 jour: \u00a017 f\u00e9vrier 2026 Publications<\/p>\n","protected":false},"author":89,"featured_media":0,"parent":0,"menu_order":0,"comment_status":"closed","ping_status":"closed","template":"page-templates\/full-width.php","meta":{"footnotes":""},"tags":[],"_links":{"self":[{"href":"https:\/\/portfolio.uqac.ca\/stephaneallaire\/wp-json\/wp\/v2\/pages\/20"}],"collection":[{"href":"https:\/\/portfolio.uqac.ca\/stephaneallaire\/wp-json\/wp\/v2\/pages"}],"about":[{"href":"https:\/\/portfolio.uqac.ca\/stephaneallaire\/wp-json\/wp\/v2\/types\/page"}],"author":[{"embeddable":true,"href":"https:\/\/portfolio.uqac.ca\/stephaneallaire\/wp-json\/wp\/v2\/users\/89"}],"replies":[{"embeddable":true,"href":"https:\/\/portfolio.uqac.ca\/stephaneallaire\/wp-json\/wp\/v2\/comments?post=20"}],"version-history":[{"count":129,"href":"https:\/\/portfolio.uqac.ca\/stephaneallaire\/wp-json\/wp\/v2\/pages\/20\/revisions"}],"predecessor-version":[{"id":1033,"href":"https:\/\/portfolio.uqac.ca\/stephaneallaire\/wp-json\/wp\/v2\/pages\/20\/revisions\/1033"}],"wp:attachment":[{"href":"https:\/\/portfolio.uqac.ca\/stephaneallaire\/wp-json\/wp\/v2\/media?parent=20"}],"wp:term":[{"taxonomy":"post_tag","embeddable":true,"href":"https:\/\/portfolio.uqac.ca\/stephaneallaire\/wp-json\/wp\/v2\/tags?post=20"}],"curies":[{"name":"wp","href":"https:\/\/api.w.org\/{rel}","templated":true}]}}