{"id":27,"date":"2018-02-02T08:06:05","date_gmt":"2018-02-02T13:06:05","guid":{"rendered":"http:\/\/portfolio-pre.uqac.ca\/gabarit\/?page_id=27"},"modified":"2026-02-17T08:05:53","modified_gmt":"2026-02-17T13:05:53","slug":"curriculum-vitae","status":"publish","type":"page","link":"https:\/\/portfolio.uqac.ca\/stephaneallaire\/curriculum-vitae\/","title":{"rendered":"Curriculum vitae"},"content":{"rendered":"<h2><strong>Dipl\u00f4mes<\/strong><\/h2>\n<p><strong>2012<\/strong>. Attestation Activity Theory and Formative Interventions. University of Helsinki.<\/p>\n<p><strong>2006<\/strong>. Doctorat en technologie \u00e9ducative. Universit\u00e9 Laval.<\/p>\n<p><strong>2001<\/strong>. Maitrise en technologie \u00e9ducative. Universit\u00e9 Laval.<\/p>\n<p><strong>1999<\/strong>. Brevet d&#8217;enseignement. Minist\u00e8re de l&#8217;\u00c9ducation du Qu\u00e9bec.<\/p>\n<p><strong>1999<\/strong>. Baccalaur\u00e9at en enseignement secondaire (fran\u00e7ais et vie \u00e9conomique). Universit\u00e9 Laval.<\/p>\n<h2><strong>Prix et reconnaissances<br \/>\n<\/strong><\/h2>\n<p><strong>2024<\/strong>. <a href=\"https:\/\/rire.ctreq.qc.ca\/top-5-vos-articles-preferes-2023-2024\/\" target=\"_blank\" rel=\"noopener\">Article pr\u00e9f\u00e9r\u00e9 #2<\/a> du lectorat du RIRE-CTREQ<\/p>\n<p><strong>2023<\/strong>. <a href=\"https:\/\/rire.ctreq.qc.ca\/top-5-vos-articles-preferes-2022-2023\/\" target=\"_blank\" rel=\"noopener\">Article pr\u00e9f\u00e9r\u00e9 #1<\/a> du lectorat du RIRE-CTREQ<\/p>\n<p><strong>2010<\/strong>. Prix de la Fondation Asselin &#8211; Groupe Pagex. M\u00e9rite scientifique r\u00e9gional du Saguenay-Lac-St-Jean.<\/p>\n<p><strong>2006<\/strong>. Silver Award of Excellence. Canadian Information Productivity Awards.<\/p>\n<p><strong>2006<\/strong>. Partenariat strat\u00e9gique OBSL. Gala des OCTAS.<\/p>\n<h2><strong>Affiliations professionnelles<\/strong><\/h2>\n<p>Chercheur associ\u00e9 au <a href=\"https:\/\/crires.ulaval.ca\/\" target=\"_blank\" rel=\"noopener\">Centre de recherche et d&#8217;intervention pour la r\u00e9ussite scolaire (CRIRES)<br \/>\n<\/a>Chercheur associ\u00e9 au <a href=\"https:\/\/recherche-education.ca\/\" target=\"_blank\" rel=\"noopener\">Consortium r\u00e9gional de recherche en \u00e9ducation (CRRE)<br \/>\n<\/a>Chercheur associ\u00e9 au <a href=\"https:\/\/www.ctreq.qc.ca\/\" target=\"_blank\" rel=\"noopener\">Centre de transfert pour la r\u00e9ussite \u00e9ducative du Qu\u00e9bec (CTREQ)<br \/>\n<\/a>Membre de la <a href=\"https:\/\/periscope-r.quebec\/fr\" target=\"_blank\" rel=\"noopener\">Plateforme \u00c9change, Recherche et Intervention sur la SCOlarit\u00e9: Pers\u00e9v\u00e9rance Et R\u00e9ussite (P\u00c9RISCOPE)<\/a><\/p>\n<h2><strong>Quelques implications actuelles et ant\u00e9rieures<br \/>\n<\/strong><\/h2>\n<p><strong>Ao\u00fbt 2025-Mai 2027.<\/strong> Coordonnateur p\u00e9dagogique. Bureau de la formation pratique \u00e0 l&#8217;enseignement.<\/p>\n<p><strong>Juin 2025<\/strong>&#8211; Cotitulaire. Chaire de leadership en enseignement sur les pratiques \u00e9valuatives innovantes \u00e0 l&#8217;\u00e8re de l&#8217;intelligence artificielle et de la co\u00e9laboration de connaissances.<\/p>\n<p><strong>Janvier 2025-<\/strong> Coresponsable par int\u00e9rim. <a href=\"https:\/\/www.uqac.ca\/lemcc\/\" target=\"_blank\" rel=\"noopener\">Laboratoire d&#8217;\u00e9tudes multidisciplinaires sur la coconstruction de connaissances.<\/a><\/p>\n<p><strong>Juin 2023-<\/strong>\u00a0Directeur. <a href=\"https:\/\/revues.uqac.ca\/index.php\/rhe\" target=\"_blank\" rel=\"noopener\">Revue hybride de l&#8217;\u00e9ducation.<\/a><\/p>\n<p><strong>Mai 2020-<\/strong> Membre.\u00a0<a href=\"https:\/\/gis-2if.shs.parisdescartes.fr\/\" target=\"_blank\" rel=\"noopener\">Groupement d&#8217;int\u00e9r\u00eat scientifique Innovation, Interdisciplinarit\u00e9 et formation<\/a> de l&#8217;Universit\u00e9 Paris-Descartes.<\/p>\n<p><strong>Ao\u00fbt 2019-<\/strong> Membre. Comit\u00e9 de la rel\u00e8ve de l&#8217;ACFAS.<\/p>\n<p><strong>2018-<\/strong>\u00a0Mentor.\u00a0<a href=\"https:\/\/www.academos.qc.ca\" target=\"_blank\" rel=\"noopener\">Acadamos<\/a>.<\/p>\n<p><strong>2016-<\/strong>\u00a0Membre du comit\u00e9 directeur. <a href=\"https:\/\/periscope-r.quebec\/fr\" target=\"_blank\" rel=\"noopener\">R\u00e9seau P\u00c9RISCOPE<\/a>.<\/p>\n<p><strong>2019-2025.<\/strong> Responsable. <a href=\"https:\/\/www.uqac.ca\/prpe\/\" target=\"_blank\" rel=\"noopener\">\u00c9quipe FRQSC sur le partenariat recherche-pratique en \u00e9ducation<\/a>.<\/p>\n<p><strong>F\u00e9vrier 2024-Octobre 2024.<\/strong> Membre. Comit\u00e9 directeur de Debout pour l&#8217;\u00e9cole.<\/p>\n<p><strong>Octobre 2022-Juillet 2024.<\/strong>\u00a0Membre du CA et vice-pr\u00e9sident Saguenay. <a href=\"https:\/\/www.afsaglac.com\" target=\"_blank\" rel=\"noopener\">Association foresti\u00e8re du Saguenay-Lac-St-Jean<\/a>.<\/p>\n<p><strong>Ao\u00fbt 2022-Juillet 2024.<\/strong> Copr\u00e9sident.\u00a0Comit\u00e9 d&#8217;\u00e9thique de la recherche avec des \u00eatres humains de l&#8217;UQAC.<\/p>\n<p><strong>Juin 2020-Juillet 2024.<\/strong> Directeur. Programme de doctorat en \u00e9ducation.<\/p>\n<p><strong>Janvier 2022-Septembre 2022.<\/strong> Responsable. Comit\u00e9 sur la valorisation de l&#8217;enseignement \u00e0 l&#8217;UQAC.<\/p>\n<p><strong>Mai 2021-Janvier 2022.<\/strong> Membre. Comit\u00e9 d&#8217;\u00e9valuation mi-parcours du Plan d&#8217;action num\u00e9rique en \u00e9ducation et en enseignement sup\u00e9rieur.<\/p>\n<p><strong>Ao\u00fbt 2021-Juillet 2022.<\/strong> Vice-pr\u00e9sident.\u00a0Comit\u00e9 d&#8217;\u00e9thique de la recherche avec des \u00eatres humains de l&#8217;UQAC.<\/p>\n<p><strong>Ao\u00fbt 2019-Juillet 2021.<\/strong>\u00a0Pr\u00e9sident.\u00a0Comit\u00e9 d&#8217;\u00e9thique de la recherche avec des \u00eatres humains de l&#8217;UQAC.<\/p>\n<p><strong>2019-2022.<\/strong> Membre. Comit\u00e9 d&#8217;\u00e9thique de la recherche de l&#8217;UQAC.<\/p>\n<p><strong>Avril 2018-D\u00e9cembre\u00a02018.<\/strong>\u00a0Vice-pr\u00e9sident et membre du CA. COlab: innovation sociale et culture num\u00e9rique.<\/p>\n<p><strong>2016-2021.<\/strong>\u00a0Membre. Commission de l&#8217;enseignement secondaire. <a href=\"https:\/\/www.cse.gouv.qc.ca\" target=\"_blank\" rel=\"noopener\">Conseil sup\u00e9rieur de l&#8217;\u00e9ducation<\/a>.<\/p>\n<p><strong>2017-2019<\/strong>. Membre.\u00a0<a href=\"https:\/\/www.saguenayvi.ca\" target=\"_blank\" rel=\"noopener\">Regroupement Saguenay Ville intelligente<\/a>.<\/p>\n<p><strong>2015-2018.<\/strong>\u00a0Membre. Groupe de travail sur le num\u00e9rique. <a href=\"https:\/\/www.mamot.gouv.qc.ca\/sommet-economique-regional-2015\/groupes-de-travail\/\" target=\"_blank\" rel=\"noopener\">Sommet \u00e9conomique r\u00e9gional du Saguenay-Lac-St-Jean<\/a>.<\/p>\n<p><strong>2017-2017<\/strong>. Membre du CA. <a href=\"https:\/\/www.pulperie.com\/fr\/\" target=\"_blank\" rel=\"noopener\">Mus\u00e9e La Pulperie de Chicoutimi<\/a>.<\/p>\n<p><strong>2015-2017<\/strong>. Membre du CA. <a href=\"https:\/\/www.cqrda.ca\" target=\"_blank\" rel=\"noopener\">Centre qu\u00e9b\u00e9cois de recherche et de d\u00e9veloppement de l&#8217;aluminium<\/a>.<\/p>\n<p><strong>2015-2017<\/strong>. Membre du CA. <a href=\"https:\/\/www.uqac.ca\/ceeuqac\/index\/accueil\" target=\"_blank\" rel=\"noopener\">Centre d&#8217;entrepreneuriat et d&#8217;essaimage de l&#8217;UQAC<\/a>.<\/p>\n<p><strong>2008-2015<\/strong>. Membre du comit\u00e9 ex\u00e9cutif. <a href=\"https:\/\/aforme.org\" target=\"_blank\" rel=\"noopener\">Association pour la formation \u00e0 l&#8217;enseignement<\/a>.<\/p>\n<p><strong>2013-2017<\/strong>. Doyen \u00e0 la recherche et \u00e0 la cr\u00e9ation. UQAC.<\/p>\n<p><strong>2013-2017<\/strong>. Membre du CA. <a href=\"https:\/\/www.consorem.ca\" target=\"_blank\" rel=\"noopener\">Consortium de recherche en exploration min\u00e9rale<\/a>.<\/p>\n<p><strong>2013-2016<\/strong>. Membre du CA. Consortium de recherche sur la for\u00eat bor\u00e9ale commerciale.<\/p>\n<p><strong>2010-2013<\/strong>. Directeur. <a href=\"https:\/\/recherche-education.ca\" target=\"_blank\" rel=\"noopener\">Consortium r\u00e9gional de recherche en \u00e9ducation<\/a>.<\/p>\n<p><strong>2007-2012<\/strong>. Directeur. <a href=\"https:\/\/journals.sfu.ca\/cje\/index.php\/cje-rce\/index\" target=\"_blank\" rel=\"noopener\">Revue canadienne de l&#8217;\u00e9ducation<\/a>.<\/p>\n<p><strong>2011-2011<\/strong>. Professeur invit\u00e9. <a href=\"https:\/\/www.ens-cachan.fr\" target=\"_blank\" rel=\"noopener\">\u00c9cole normale sup\u00e9rieure de Cachan<\/a>.<\/p>\n<h2>Organisation d&#8217;\u00e9v\u00e9nements<\/h2>\n<p><strong>ACFAS 2026<\/strong>. P\u00c9RISCOPE: de la r\u00e9trospective \u00e0 la prospective.<\/p>\n<p><strong>ACFAS 2025.<\/strong> R\u00e9seau P\u00c9RISCOPE: Le point sur l&#8217;interpr\u00e9tation des r\u00e9sultats de recherche pour la pers\u00e9v\u00e9rance et la r\u00e9ussite scolaires.<\/p>\n<p><strong>ACFAS 2024.<\/strong> Connaissances scientifiques en contexte au b\u00e9n\u00e9fice du d\u00e9veloppement professionnel des enseignants et de la r\u00e9ussite scolaire et \u00e9ducative: quel avenir?<\/p>\n<p><strong>ACFAS 2023.<\/strong>\u00a0Rechercher l\u2019\u00e9quit\u00e9 et la valeur ajout\u00e9e (\u00c9VA) des usages du num\u00e9rique : la participation contributive des chercheur\u00b7euse\u00b7s pour la pers\u00e9v\u00e9rance et la r\u00e9ussite scolaires.<\/p>\n<p><strong>ACFAS 2023.<\/strong> Processus en jeu entre chercheurs et intervenants des milieux scolaires dans des projets de recherche participative.<\/p>\n<p><strong>ACFAS 2020 (annul\u00e9).<\/strong> Colloque sur les Enjeux \u00e9thiques de la recherche participative et partenariale en \u00e9ducation.<\/p>\n<p><strong>ACFAS 2018<\/strong>. Membre du comit\u00e9 organisateur du congr\u00e8s.<\/p>\n<p><strong>ACFAS 2018<\/strong>. Colloque sur les Pratiques, enjeux, d\u00e9fis et avenir de la collaboration universit\u00e9- c\u00e9gep en recherche.<\/p>\n<p><strong>ACFAS 2018<\/strong>. Colloque sur le Bilan sur les recherches participatives: contributions th\u00e9oriques et m\u00e9thodologiques majeures et nouveaux d\u00e9fis.<\/p>\n<p><strong>ACFAS 2018<\/strong>. Colloque P\u00c9RISCOPE: Favoriser l&#8217;engagement des \u00e9l\u00e8ves, un enjeu de participation collective.<\/p>\n<p><strong>ACFAS 2017<\/strong>. Colloque P\u00c9RISCOPE : les passages frontaliers (boundary crossing) entre les pratiques collaboratives de recherche et d\u2019enseignement.<\/p>\n<p><strong>ACFAS 2016<\/strong>. Colloque P\u00c9RISCOPE : m\u00e9thodologies d\u00e9riv\u00e9es de perspectives socioculturelles pour composer avec les enjeux de la recherche en partenariat.<\/p>\n<p><strong>Congr\u00e8s 2013 du Centre de recherche en \u00e9ducation de Nantes<\/strong>. Colloque sur Les usages et pratiques des TIC dans l&#8217;\u00e9ducation.<\/p>\n<p><strong>ACFAS 2013<\/strong>. \u00a0Colloque sur l&#8217;Innovation dans la tradition de Vygotsky.<\/p>\n<p><strong>ACFAS 2008<\/strong>. Responsable de la discipline 504: Formation des maitres.<\/p>\n<p><strong>AFORME 2008<\/strong>. Colloque Du t\u00e2tonnement \u00e0 l&#8217;acte professionnel.<\/p>\n<p><strong>ACFAS 2006<\/strong>. Responsable de la discipline 518: TIC en \u00e9ducation.<\/p>\n","protected":false},"excerpt":{"rendered":"<p>Dipl\u00f4mes 2012. Attestation Activity Theory and Formative Interventions. University of Helsinki. 2006. Doctorat en technologie \u00e9ducative. Universit\u00e9 Laval. 2001. Maitrise en technologie \u00e9ducative. Universit\u00e9 Laval. 1999. Brevet d&#8217;enseignement. Minist\u00e8re de l&#8217;\u00c9ducation du Qu\u00e9bec. 1999. Baccalaur\u00e9at en enseignement secondaire (fran\u00e7ais et vie \u00e9conomique). Universit\u00e9 Laval. Prix et reconnaissances 2024. Article pr\u00e9f\u00e9r\u00e9 #2 du lectorat du RIRE-CTREQ &hellip; <a href=\"https:\/\/portfolio.uqac.ca\/stephaneallaire\/curriculum-vitae\/\" class=\"more-link\">Continuer la lecture de <span class=\"screen-reader-text\">Curriculum vitae<\/span>  <span class=\"meta-nav\">&rarr;<\/span><\/a><\/p>\n","protected":false},"author":89,"featured_media":0,"parent":0,"menu_order":0,"comment_status":"closed","ping_status":"closed","template":"page-templates\/full-width.php","meta":{"footnotes":""},"tags":[],"_links":{"self":[{"href":"https:\/\/portfolio.uqac.ca\/stephaneallaire\/wp-json\/wp\/v2\/pages\/27"}],"collection":[{"href":"https:\/\/portfolio.uqac.ca\/stephaneallaire\/wp-json\/wp\/v2\/pages"}],"about":[{"href":"https:\/\/portfolio.uqac.ca\/stephaneallaire\/wp-json\/wp\/v2\/types\/page"}],"author":[{"embeddable":true,"href":"https:\/\/portfolio.uqac.ca\/stephaneallaire\/wp-json\/wp\/v2\/users\/89"}],"replies":[{"embeddable":true,"href":"https:\/\/portfolio.uqac.ca\/stephaneallaire\/wp-json\/wp\/v2\/comments?post=27"}],"version-history":[{"count":64,"href":"https:\/\/portfolio.uqac.ca\/stephaneallaire\/wp-json\/wp\/v2\/pages\/27\/revisions"}],"predecessor-version":[{"id":1029,"href":"https:\/\/portfolio.uqac.ca\/stephaneallaire\/wp-json\/wp\/v2\/pages\/27\/revisions\/1029"}],"wp:attachment":[{"href":"https:\/\/portfolio.uqac.ca\/stephaneallaire\/wp-json\/wp\/v2\/media?parent=27"}],"wp:term":[{"taxonomy":"post_tag","embeddable":true,"href":"https:\/\/portfolio.uqac.ca\/stephaneallaire\/wp-json\/wp\/v2\/tags?post=27"}],"curies":[{"name":"wp","href":"https:\/\/api.w.org\/{rel}","templated":true}]}}