{"id":4,"date":"2018-02-02T08:06:05","date_gmt":"2018-02-02T13:06:05","guid":{"rendered":"http:\/\/portfolio-pre.uqac.ca\/gabarit\/?page_id=4"},"modified":"2026-02-17T09:57:54","modified_gmt":"2026-02-17T14:57:54","slug":"presentatio","status":"publish","type":"page","link":"https:\/\/portfolio.uqac.ca\/stephaneallaire\/","title":{"rendered":"Pr\u00e9sentation"},"content":{"rendered":"<h2>St\u00e9phane\u00a0Allaire<\/h2>\n<p>Professeur en pratiques \u00e9ducatives<br \/>\nD\u00e9partement des sciences de l&#8217;\u00e9ducation<\/p>\n<p>Directeur de la <a href=\"https:\/\/revues.uqac.ca\/index.php\/rhe\" target=\"_blank\" rel=\"noopener\">Revue hybride de l&#8217;\u00e9ducation<\/a><br \/>\nCotitulaire de la Chaire de leadership en enseignement sur les pratiques \u00e9valuatives innovantes \u00e0 l&#8217;\u00e8re de l&#8217;intelligence artificielle et de la co\u00e9laboration de connaissances<br \/>\nCoresponsable par int\u00e9rim du Laboratoire d&#8217;\u00e9tudes multidisciplinaires sur la coconstruction<\/p>\n<p>Co\u00e9diteur du collectif \u00ab <a href=\"https:\/\/portfolio.uqac.ca\/stephaneallaire\/releve-professorale\/\" target=\"_blank\" rel=\"noopener\">R\u00e9cits de professeurs d&#8217;universit\u00e9 \u00e0 mi-carri\u00e8re<\/a> \u00bb<br \/>\nCo\u00e9diteur du collectif \u00ab <a href=\"https:\/\/portfolio.uqac.ca\/stephaneallaire\/luniversite-du-futur\/\" target=\"_blank\" rel=\"noopener\">L&#8217;universit\u00e9 du futur: id\u00e9es et r\u00e9flexions \u00e0 l&#8217;intention des professeurs de demain<\/a>\u00a0\u00bb<\/p>\n<blockquote>\n<pre>Professeur r\u00e9gulier depuis 2005, je suis un enseignant orient\u00e9 sur la coconstruction d'id\u00e9es avec les \u00e9tudiants. Chercheur soucieux des retomb\u00e9es de ses travaux pour le milieu scolaire et la soci\u00e9t\u00e9, mes recherches portent notamment sur des dispositifs d'innovation \u00e0 des fins d'am\u00e9lioration de la formation des enseignants et de l'apprentissage des \u00e9l\u00e8ves du primaire et du secondaire. J'ai \u00e0 mon actif quelque 500 publications et communications, dont pr\u00e8s d'une soixantaine d'articles dans des revues avec comit\u00e9 d'experts. Je suis disponible rapidement pour contribuer au travail des m\u00e9dias.<\/pre>\n<\/blockquote>\n<h2>Expertises et int\u00e9r\u00eats (ordre alphab\u00e9tique)<\/h2>\n<p>Analyse r\u00e9flexive<br \/>\nApprentissage collaboratif et en r\u00e9seau<br \/>\nCo\u00e9laboration de connaissances (knowledge building)<br \/>\nCommunaut\u00e9s d&#8217;apprentissage et communaut\u00e9 de pratique<br \/>\nConstruction sociale des connaissances<br \/>\nD\u00e9veloppement professionnel<br \/>\n\u00c9criture avec le num\u00e9rique<br \/>\nEnvironnements d&#8217;apprentissage hybrides<br \/>\n\u00c9tude de la dynamique collaborative et partenariale<br \/>\nFormation pratique et stages<br \/>\nIntelligence artificielle en soutien \u00e0 l&#8217;enseignement et \u00e0 l&#8217;apprentissage<br \/>\nIntervention p\u00e9dagogique et gestion de classe<br \/>\nRecherche participative<br \/>\nTechnologie \u00e9ducative<br \/>\nTh\u00e9orie de l&#8217;activit\u00e9<br \/>\nTransformation des pratiques professionnelles<\/p>\n","protected":false},"excerpt":{"rendered":"<p>St\u00e9phane\u00a0Allaire Professeur en pratiques \u00e9ducatives D\u00e9partement des sciences de l&#8217;\u00e9ducation Directeur de la Revue hybride de l&#8217;\u00e9ducation Cotitulaire de la Chaire de leadership en enseignement sur les pratiques \u00e9valuatives innovantes \u00e0 l&#8217;\u00e8re de l&#8217;intelligence artificielle et de la co\u00e9laboration de connaissances Coresponsable par int\u00e9rim du Laboratoire d&#8217;\u00e9tudes multidisciplinaires sur la coconstruction Co\u00e9diteur du collectif \u00ab &hellip; <a href=\"https:\/\/portfolio.uqac.ca\/stephaneallaire\/\" class=\"more-link\">Continuer la lecture de <span class=\"screen-reader-text\">Pr\u00e9sentation<\/span>  <span class=\"meta-nav\">&rarr;<\/span><\/a><\/p>\n","protected":false},"author":89,"featured_media":0,"parent":0,"menu_order":0,"comment_status":"closed","ping_status":"closed","template":"","meta":{"footnotes":""},"tags":[],"_links":{"self":[{"href":"https:\/\/portfolio.uqac.ca\/stephaneallaire\/wp-json\/wp\/v2\/pages\/4"}],"collection":[{"href":"https:\/\/portfolio.uqac.ca\/stephaneallaire\/wp-json\/wp\/v2\/pages"}],"about":[{"href":"https:\/\/portfolio.uqac.ca\/stephaneallaire\/wp-json\/wp\/v2\/types\/page"}],"author":[{"embeddable":true,"href":"https:\/\/portfolio.uqac.ca\/stephaneallaire\/wp-json\/wp\/v2\/users\/89"}],"replies":[{"embeddable":true,"href":"https:\/\/portfolio.uqac.ca\/stephaneallaire\/wp-json\/wp\/v2\/comments?post=4"}],"version-history":[{"count":87,"href":"https:\/\/portfolio.uqac.ca\/stephaneallaire\/wp-json\/wp\/v2\/pages\/4\/revisions"}],"predecessor-version":[{"id":1034,"href":"https:\/\/portfolio.uqac.ca\/stephaneallaire\/wp-json\/wp\/v2\/pages\/4\/revisions\/1034"}],"wp:attachment":[{"href":"https:\/\/portfolio.uqac.ca\/stephaneallaire\/wp-json\/wp\/v2\/media?parent=4"}],"wp:term":[{"taxonomy":"post_tag","embeddable":true,"href":"https:\/\/portfolio.uqac.ca\/stephaneallaire\/wp-json\/wp\/v2\/tags?post=4"}],"curies":[{"name":"wp","href":"https:\/\/api.w.org\/{rel}","templated":true}]}}