{"id":577,"date":"2020-10-20T12:37:41","date_gmt":"2020-10-20T16:37:41","guid":{"rendered":"http:\/\/portfolio-pre.uqac.ca\/stephaneallaire\/?page_id=577"},"modified":"2022-01-18T21:01:26","modified_gmt":"2022-01-19T02:01:26","slug":"releve-professorale","status":"publish","type":"page","link":"https:\/\/portfolio.uqac.ca\/stephaneallaire\/releve-professorale\/","title":{"rendered":"R\u00e9cits de professeurs d\u2019universit\u00e9 \u00e0 mi-carri\u00e8re"},"content":{"rendered":"<blockquote><p><a href=\"https:\/\/portfolio.uqac.ca\/stephaneallaire\/files\/2020\/10\/PUQ-Allaire-Couverture.jpg\"><img loading=\"lazy\" decoding=\"async\" class=\"aligncenter size-medium wp-image-698\" src=\"https:\/\/portfolio.uqac.ca\/stephaneallaire\/files\/2020\/10\/PUQ-Allaire-Couverture-200x300.jpg\" alt=\"\" width=\"200\" height=\"300\" srcset=\"https:\/\/portfolio.uqac.ca\/stephaneallaire\/files\/2020\/10\/PUQ-Allaire-Couverture-200x300.jpg 200w, https:\/\/portfolio.uqac.ca\/stephaneallaire\/files\/2020\/10\/PUQ-Allaire-Couverture.jpg 432w\" sizes=\"(max-width: 200px) 100vw, 200px\" \/><\/a><\/p>\n<p>Ce collectif souhaite donner acc\u00e8s aux coulisses de la vie d\u2019un professeur d\u2019universite\u0301 aux doctorants qui aspirent \u00e0 la profession et aux professeurs en d\u00e9but de carri\u00e8re. Dans un style qui contraste avec le classicisme scientifique, une vingtaine de professeurs \u00e0 la mi-carri\u00e8re provenant de divers champs disciplinaires et de plusieurs universit\u00e9s qu\u00e9b\u00e9coises prennent la parole pour raconter un \u00e9v\u00e9nement marquant de leur carri\u00e8re afin d\u2019en d\u00e9gager des constats et des le\u00e7ons. Si c\u2019\u00e9tait \u00e0 refaire, que feraient-ils diff\u00e9remment ? Comment se projettent-ils dans l\u2019avenir ? Comment envisagent-ils le futur de l\u2019universit\u00e9 ?<\/p><\/blockquote>\n<div class=\"page\" title=\"Page 1\">\n<div class=\"section\">\n<div class=\"layoutArea\">\n<div class=\"column\">\n<p>Consulter le\u00a0<a href=\"https:\/\/portfolio.uqac.ca\/stephaneallaire\/files\/2020\/10\/D5608-FP.pdf\" target=\"_blank\">Feuillet promotionnel<\/a>, incluant la table des mati\u00e8res compl\u00e8te<\/p>\n<p><a href=\"https:\/\/www.puq.ca\/catalogue\/livres\/recits-professeurs-universite-carriere-4070.html\" target=\"_blank\">Acheter le livre (format papier ou num\u00e9rique)<\/a><\/p>\n<p>Consulter un exemple de r\u00e9cit: <a href=\"https:\/\/portfolio.uqac.ca\/stephaneallaire\/files\/2020\/10\/R\u00e9cit-Allaire-v3.pdf\" target=\"_blank\">Un plan divin pour une carri\u00e8re de prof.<\/a><\/p>\n<\/div>\n<\/div>\n<\/div>\n<\/div>\n","protected":false},"excerpt":{"rendered":"<p>Ce collectif souhaite donner acc\u00e8s aux coulisses de la vie d\u2019un professeur d\u2019universite\u0301 aux doctorants qui aspirent \u00e0 la profession et aux professeurs en d\u00e9but de carri\u00e8re. Dans un style qui contraste avec le classicisme scientifique, une vingtaine de professeurs \u00e0 la mi-carri\u00e8re provenant de divers champs disciplinaires et de plusieurs universit\u00e9s qu\u00e9b\u00e9coises prennent la &hellip; <a href=\"https:\/\/portfolio.uqac.ca\/stephaneallaire\/releve-professorale\/\" class=\"more-link\">Continuer la lecture de <span class=\"screen-reader-text\">R\u00e9cits de professeurs d\u2019universit\u00e9 \u00e0 mi-carri\u00e8re<\/span>  <span class=\"meta-nav\">&rarr;<\/span><\/a><\/p>\n","protected":false},"author":204,"featured_media":0,"parent":0,"menu_order":0,"comment_status":"closed","ping_status":"closed","template":"page-templates\/full-width.php","meta":{"footnotes":""},"tags":[],"_links":{"self":[{"href":"https:\/\/portfolio.uqac.ca\/stephaneallaire\/wp-json\/wp\/v2\/pages\/577"}],"collection":[{"href":"https:\/\/portfolio.uqac.ca\/stephaneallaire\/wp-json\/wp\/v2\/pages"}],"about":[{"href":"https:\/\/portfolio.uqac.ca\/stephaneallaire\/wp-json\/wp\/v2\/types\/page"}],"author":[{"embeddable":true,"href":"https:\/\/portfolio.uqac.ca\/stephaneallaire\/wp-json\/wp\/v2\/users\/204"}],"replies":[{"embeddable":true,"href":"https:\/\/portfolio.uqac.ca\/stephaneallaire\/wp-json\/wp\/v2\/comments?post=577"}],"version-history":[{"count":23,"href":"https:\/\/portfolio.uqac.ca\/stephaneallaire\/wp-json\/wp\/v2\/pages\/577\/revisions"}],"predecessor-version":[{"id":699,"href":"https:\/\/portfolio.uqac.ca\/stephaneallaire\/wp-json\/wp\/v2\/pages\/577\/revisions\/699"}],"wp:attachment":[{"href":"https:\/\/portfolio.uqac.ca\/stephaneallaire\/wp-json\/wp\/v2\/media?parent=577"}],"wp:term":[{"taxonomy":"post_tag","embeddable":true,"href":"https:\/\/portfolio.uqac.ca\/stephaneallaire\/wp-json\/wp\/v2\/tags?post=577"}],"curies":[{"name":"wp","href":"https:\/\/api.w.org\/{rel}","templated":true}]}}