{"id":909,"date":"2024-05-06T10:03:15","date_gmt":"2024-05-06T14:03:15","guid":{"rendered":"http:\/\/portfolio-pre.uqac.ca\/stephaneallaire\/?page_id=909"},"modified":"2024-05-06T10:03:15","modified_gmt":"2024-05-06T14:03:15","slug":"luniversite-du-futur","status":"publish","type":"page","link":"https:\/\/portfolio.uqac.ca\/stephaneallaire\/luniversite-du-futur\/","title":{"rendered":"L&#8217;universit\u00e9 du futur"},"content":{"rendered":"<p><a href=\"https:\/\/portfolio.uqac.ca\/stephaneallaire\/files\/2024\/05\/D5985_argu.jpg\"><img loading=\"lazy\" decoding=\"async\" class=\"aligncenter size-medium wp-image-910\" src=\"https:\/\/portfolio.uqac.ca\/stephaneallaire\/files\/2024\/05\/D5985_argu-200x300.jpg\" alt=\"\" width=\"200\" height=\"300\" srcset=\"https:\/\/portfolio.uqac.ca\/stephaneallaire\/files\/2024\/05\/D5985_argu-200x300.jpg 200w, https:\/\/portfolio.uqac.ca\/stephaneallaire\/files\/2024\/05\/D5985_argu.jpg 591w\" sizes=\"(max-width: 200px) 100vw, 200px\" \/><\/a><\/p>\n<blockquote><p>Cet ouvrage collectif rassemble une dizaine de textes qui, sous des angles tout aussi diversifi\u00e9s que compl\u00e9mentaires, proposent des r\u00e9flexions sur l\u2019avenir de l\u2019universit\u00e9. On y aborde notamment des th\u00e8mes comme l\u2019insertion professionnelle, l\u2019\u00e9quit\u00e9 entre les genres, les fronti\u00e8res entre les disciplines, la collaboration, le bien-\u00eatre et la pers\u00e9v\u00e9rance dans les \u00e9tudes, la place du num\u00e9rique et de l\u2019intelligence artificielle, etc.<\/p>\n<p>Nous reprenons la formule \u00e9prouv\u00e9e dans le cadre d\u2019un pr\u00e9c\u00e9dent ouvrage collectif, \u00e0 savoir un format d\u2019\u00e9criture d\u00e9contract\u00e9, en comparaison avec le classicisme des articles de recherche.<\/p>\n<p>Le pr\u00e9sent ouvrage se veut une invitation \u00e0 l\u2019intention particuli\u00e8re de la rel\u00e8ve professorale, mais concerne \u00e9videmment toute personne int\u00e9ress\u00e9e par le futur de l\u2019universit\u00e9. Il propose des jalons pour alimenter \u00e9changes et d\u00e9bats sur les finalit\u00e9s qu\u2019on devrait y poursuivre ainsi que les modalit\u00e9s pour les atteindre. Le tout, esp\u00e9rons-le, dans une conviviale coll\u00e9gialit\u00e9.<\/p><\/blockquote>\n<p>Consulter le <a href=\"https:\/\/portfolio.uqac.ca\/stephaneallaire\/files\/2024\/05\/D5985-FP.pdf\" target=\"_blank\">feuillet promotionnel<\/a>, incluant la table des mati\u00e8res.<\/p>\n<p><a href=\"https:\/\/www.puq.ca\/catalogue\/livres\/universite-futur-4382.html\" target=\"_blank\">Acheter le livre (format papier ou num\u00e9rique).<\/a><\/p>\n","protected":false},"excerpt":{"rendered":"<p>Cet ouvrage collectif rassemble une dizaine de textes qui, sous des angles tout aussi diversifi\u00e9s que compl\u00e9mentaires, proposent des r\u00e9flexions sur l\u2019avenir de l\u2019universit\u00e9. On y aborde notamment des th\u00e8mes comme l\u2019insertion professionnelle, l\u2019\u00e9quit\u00e9 entre les genres, les fronti\u00e8res entre les disciplines, la collaboration, le bien-\u00eatre et la pers\u00e9v\u00e9rance dans les \u00e9tudes, la place du &hellip; <a href=\"https:\/\/portfolio.uqac.ca\/stephaneallaire\/luniversite-du-futur\/\" class=\"more-link\">Continuer la lecture de <span class=\"screen-reader-text\">L&#8217;universit\u00e9 du futur<\/span>  <span class=\"meta-nav\">&rarr;<\/span><\/a><\/p>\n","protected":false},"author":204,"featured_media":0,"parent":0,"menu_order":0,"comment_status":"closed","ping_status":"closed","template":"","meta":{"footnotes":""},"tags":[],"_links":{"self":[{"href":"https:\/\/portfolio.uqac.ca\/stephaneallaire\/wp-json\/wp\/v2\/pages\/909"}],"collection":[{"href":"https:\/\/portfolio.uqac.ca\/stephaneallaire\/wp-json\/wp\/v2\/pages"}],"about":[{"href":"https:\/\/portfolio.uqac.ca\/stephaneallaire\/wp-json\/wp\/v2\/types\/page"}],"author":[{"embeddable":true,"href":"https:\/\/portfolio.uqac.ca\/stephaneallaire\/wp-json\/wp\/v2\/users\/204"}],"replies":[{"embeddable":true,"href":"https:\/\/portfolio.uqac.ca\/stephaneallaire\/wp-json\/wp\/v2\/comments?post=909"}],"version-history":[{"count":1,"href":"https:\/\/portfolio.uqac.ca\/stephaneallaire\/wp-json\/wp\/v2\/pages\/909\/revisions"}],"predecessor-version":[{"id":912,"href":"https:\/\/portfolio.uqac.ca\/stephaneallaire\/wp-json\/wp\/v2\/pages\/909\/revisions\/912"}],"wp:attachment":[{"href":"https:\/\/portfolio.uqac.ca\/stephaneallaire\/wp-json\/wp\/v2\/media?parent=909"}],"wp:term":[{"taxonomy":"post_tag","embeddable":true,"href":"https:\/\/portfolio.uqac.ca\/stephaneallaire\/wp-json\/wp\/v2\/tags?post=909"}],"curies":[{"name":"wp","href":"https:\/\/api.w.org\/{rel}","templated":true}]}}