{"id":18,"date":"2019-02-28T16:35:04","date_gmt":"2019-02-28T21:35:04","guid":{"rendered":"http:\/\/portfolio-pre.uqac.ca\/gabarit\/?page_id=18"},"modified":"2025-06-30T14:41:32","modified_gmt":"2025-06-30T18:41:32","slug":"enseignement","status":"publish","type":"page","link":"https:\/\/portfolio.uqac.ca\/suzyngomo\/enseignement\/","title":{"rendered":"Enseignement"},"content":{"rendered":"<p><strong>114,3 cr\u00e9dits de cours soit 1 714,5 heures en classe :<\/strong> <em><strong>des<\/strong> <strong>centaines d\u2019\u00e9tudiants form\u00e9s dans les divers domaines de la neurologie.<\/strong><\/em><\/p>\n<p><strong>114.3 cr., or 1,714.5 classroom hours: hundreds of students trained in various areas of neurology.<\/strong><\/p>\n<p><strong>Cours mont\u00e9s pour l\u2019Unit\u00e9 d\u2019Enseignement en Physioth\u00e9rapie (UQAC)<\/strong><\/p>\n<table style=\"height: 270px\" width=\"640\">\n<tbody>\n<tr>\n<td width=\"61\">2019<\/td>\n<td width=\"431\">Approche int\u00e9gr\u00e9e du traitement de la douleur (Neurologie et prise en charge de la douleur)<\/td>\n<td width=\"227\">Deuxi\u00e8me cycle (3 cr.)<\/td>\n<\/tr>\n<tr>\n<td width=\"61\">2015<\/td>\n<td width=\"431\">Approche int\u00e9gr\u00e9e du traitement de la douleur\u00a0(Neurologie et prise en charge de la douleur)<\/td>\n<td width=\"227\">Deuxi\u00e8me cycle (2 cr.)<\/td>\n<\/tr>\n<tr>\n<td width=\"61\">2015<\/td>\n<td width=\"431\">Approche int\u00e9gr\u00e9e des interventions de physioth\u00e9rapie en neuror\u00e9adaptation<\/td>\n<td width=\"227\">Premier cycle (5 cr.)<\/td>\n<\/tr>\n<tr>\n<td width=\"61\">2014<\/td>\n<td width=\"431\">Pratique de la physioth\u00e9rapie en neuro-r\u00e9adaptation<\/td>\n<td width=\"227\">Premier cycle (4 cr.)<\/td>\n<\/tr>\n<tr>\n<td width=\"61\">2013<\/td>\n<td width=\"431\">Neurophysiologie<\/td>\n<td width=\"227\">Premier cycle (3 cr.)<\/td>\n<\/tr>\n<tr>\n<td width=\"61\">2013<\/td>\n<td width=\"431\">Neuroanatomie<\/td>\n<td width=\"227\">Premier cycle (3 cr.)<\/td>\n<\/tr>\n<\/tbody>\n<\/table>\n<p><strong>Cours enseign\u00e9s \u00e0 l\u2019UQAC depuis l\u2019embauche<\/strong><\/p>\n<table width=\"633\">\n<tbody>\n<tr>\n<td width=\"61\"><strong>2021A<\/strong><\/td>\n<td width=\"431\">Approche int\u00e9gr\u00e9e du traitement de la douleur \u2013SPHTH632<\/td>\n<td width=\"142\">Deuxi\u00e8me cycle (3 cr.)<\/td>\n<\/tr>\n<tr>\n<td width=\"61\"><strong>2021H<\/strong><\/td>\n<td width=\"431\">Sujets sp\u00e9ciaux I &#8211; SMEG807<\/td>\n<td width=\"142\">Deuxi\u00e8me cycle (2 cr.)<\/td>\n<\/tr>\n<tr>\n<td width=\"61\"><strong>2021H<\/strong><\/td>\n<td width=\"431\">Sujets sp\u00e9ciaux II &#8211; SMEG815<\/td>\n<td width=\"142\">Deuxi\u00e8me cycle (3 cr.)<\/td>\n<\/tr>\n<tr>\n<td width=\"61\"><strong>2020A<\/strong><\/td>\n<td width=\"431\">Approche int\u00e9gr\u00e9e du traitement de la douleur \u2013SPHTH632<\/td>\n<td width=\"142\">Deuxi\u00e8me cycle (3 cr.)<\/td>\n<\/tr>\n<tr>\n<td width=\"61\"><strong>2019A<\/strong><\/td>\n<td width=\"431\">Approche int\u00e9gr\u00e9e du traitement de la douleur \u2013SPHTH632<\/td>\n<td width=\"142\">Deuxi\u00e8me cycle (3 cr.)<\/td>\n<\/tr>\n<tr>\n<td width=\"61\"><strong>2019E<\/strong><\/td>\n<td width=\"431\">Projet de recherche \u2013 SPOTH644<\/td>\n<td width=\"142\">Deuxi\u00e8me cycle (1 cr.)<\/td>\n<\/tr>\n<tr>\n<td width=\"61\"><strong>2019H<\/strong><\/td>\n<td width=\"431\">Approche int\u00e9gr\u00e9e des interventions de physioth\u00e9rapie en neuror\u00e9adaptation- SPHTH670<\/td>\n<td width=\"142\">Premier cycle (3 cr.)<\/td>\n<\/tr>\n<tr>\n<td width=\"61\"><strong>2018A<\/strong><\/td>\n<td width=\"431\">Introduction \u00e0 la physioth\u00e9rapie p\u00e9diatrique \u2013 SPHTH606<\/td>\n<td width=\"142\">Deuxi\u00e8me cycle (0.2 cr.)<\/td>\n<\/tr>\n<tr>\n<td width=\"61\"><strong>2018A<\/strong><\/td>\n<td width=\"431\">Neurophysiologie-SPOTH350<\/td>\n<td width=\"142\">Premier cycle (3 cr.)<\/td>\n<\/tr>\n<tr>\n<td width=\"61\"><strong>2018A<\/strong><\/td>\n<td width=\"431\">Neuroanatomie \u2013 SANAT324<\/td>\n<td width=\"142\">Premier cycle (3 cr.)<\/td>\n<\/tr>\n<tr>\n<td width=\"61\"><strong>2018A<\/strong><\/td>\n<td width=\"431\">Protocole de recherche \u2013SPOTH611<\/td>\n<td width=\"142\">Deuxi\u00e8me cycle (0.6 cr.)<\/td>\n<\/tr>\n<tr>\n<td width=\"61\"><strong>2018A<\/strong><\/td>\n<td width=\"431\">Physiologie humaine \u2013 SPHGY209<\/td>\n<td width=\"142\">Premier cycle (0.8 cr.)<\/td>\n<\/tr>\n<tr>\n<td width=\"61\"><strong>2018H<\/strong><\/td>\n<td width=\"431\">Approche int\u00e9gr\u00e9e des interventions de physioth\u00e9rapie en neuror\u00e9adaptation- SPHTH670<\/td>\n<td width=\"142\">Premier cycle (3.4 cr.)<\/td>\n<\/tr>\n<tr>\n<td width=\"61\"><strong>2018H<\/strong><\/td>\n<td width=\"431\">SMEG815-01 \u2013 Sujets sp\u00e9ciaux II<\/td>\n<td width=\"142\">Deuxi\u00e8me cycle (3 cr.)<\/td>\n<\/tr>\n<tr>\n<td width=\"61\"><strong>2017A<\/strong><\/td>\n<td width=\"431\">Physiologie humaine \u2013 SPHGY209<\/td>\n<td width=\"142\">Deuxi\u00e8me cycle (0.8 cr.)<\/td>\n<\/tr>\n<tr>\n<td width=\"61\"><strong>2017A<\/strong><\/td>\n<td width=\"431\">Pratique de la physioth\u00e9rapie en<br \/>\nneuro-r\u00e9adaptation \u2013 SPHTH551<\/td>\n<td width=\"142\">Premier cycle (4 cr.)<\/td>\n<\/tr>\n<tr>\n<td width=\"61\"><strong>2017A<\/strong><\/td>\n<td width=\"431\">Neurophysiologie-SPOTH455<\/td>\n<td width=\"142\">Premier cycle (3 cr.)<\/td>\n<\/tr>\n<tr>\n<td width=\"61\"><strong>2017A<\/strong><\/td>\n<td width=\"431\">Neuroanatomie \u2013 SANAT323<\/td>\n<td width=\"142\">Premier cycle (3 cr.)<\/td>\n<\/tr>\n<tr>\n<td width=\"61\"><strong>2017E<\/strong><\/td>\n<td width=\"431\">Approche int\u00e9gr\u00e9e du traitement de la douleur \u2013 SPHTH622<\/td>\n<td width=\"142\">Deuxi\u00e8me cycle (2 cr.)<\/td>\n<\/tr>\n<tr>\n<td width=\"61\"><strong>2017E<\/strong><\/td>\n<td width=\"431\">Sujets sp\u00e9ciaux II en m\u00e9decine exp\u00e9rimentale &#8211; SMEG815\u00a0 \u2013<\/td>\n<td width=\"142\">Deuxi\u00e8me cycle (3 cr.)<\/td>\n<\/tr>\n<tr>\n<td width=\"61\"><strong>2017E<\/strong><\/td>\n<td width=\"431\">Sujets sp\u00e9ciaux en ing\u00e9nierie I &#8211; 6MIG887<\/td>\n<td width=\"142\">Deuxi\u00e8me cycle (3 cr.)<\/td>\n<\/tr>\n<tr>\n<td width=\"61\"><strong>2017H<\/strong><\/td>\n<td width=\"431\">Approche int\u00e9gr\u00e9e des interventions de physioth\u00e9rapie en neuror\u00e9adaptation \u2013 SPHTH561<\/td>\n<td width=\"142\">Premier cycle (5 cr.)<\/td>\n<\/tr>\n<tr>\n<td width=\"61\"><strong>2016A<\/strong><\/td>\n<td width=\"431\">Projet de recherche \u2013 SPOTH644<\/td>\n<td width=\"142\">Deuxi\u00e8me cycle (1.5 cr.)<\/td>\n<\/tr>\n<tr>\n<td width=\"61\"><strong>2016A<\/strong><\/td>\n<td width=\"431\">Pratique de la physioth\u00e9rapie en neuro-r\u00e9adaptation \u2013 SPHTH551<\/td>\n<td width=\"142\">Premier cycle (4 cr.)<\/td>\n<\/tr>\n<tr>\n<td width=\"61\"><strong>2016A<\/strong><\/td>\n<td width=\"431\">Neurophysiologie-SPOTH455<\/td>\n<td width=\"142\">Premier cycle (3 cr.)<\/td>\n<\/tr>\n<tr>\n<td width=\"61\"><strong>2016A<\/strong><\/td>\n<td width=\"431\">Neuroanatomie \u2013 SANAT323<\/td>\n<td width=\"142\">Premier cycle (3 cr.)<\/td>\n<\/tr>\n<tr>\n<td width=\"61\"><strong>2016E<\/strong><\/td>\n<td width=\"431\">Approche int\u00e9gr\u00e9e du traitement de la douleur \u2013 SPHTH622<\/td>\n<td width=\"142\">Deuxi\u00e8me cycle (2 cr.)<\/td>\n<\/tr>\n<tr>\n<td width=\"61\"><strong>2016H<\/strong><\/td>\n<td width=\"431\">Sujets sp\u00e9ciaux II en ing\u00e9nierie &#8211; 6DIG983<\/td>\n<td width=\"142\">Troisi\u00e8me Cycle (3 cr.)<\/td>\n<\/tr>\n<tr>\n<td width=\"61\"><strong>2016H<\/strong><\/td>\n<td width=\"431\">Approche int\u00e9gr\u00e9e des interventions de physioth\u00e9rapie en neuror\u00e9adaptation \u2013 SPHTH561<\/td>\n<td width=\"142\">Premier cycle (5 cr.)<\/td>\n<\/tr>\n<tr>\n<td width=\"61\"><strong>2015A<\/strong><\/td>\n<td width=\"431\">Protocole de recherche \u2013SPOTH611<\/td>\n<td width=\"142\">Deuxi\u00e8me cycle (1 cr.)<\/td>\n<\/tr>\n<tr>\n<td width=\"61\"><strong>2015A<\/strong><\/td>\n<td width=\"431\">Pratique de la physioth\u00e9rapie en neuro-r\u00e9adaptation \u2013 SPHTH551<\/td>\n<td width=\"142\">Premier cycle (4 cr.)<\/td>\n<\/tr>\n<tr>\n<td width=\"61\"><strong>2015A<\/strong><\/td>\n<td width=\"431\">Neurophysiologie-SPOTH611<\/td>\n<td width=\"142\">Premier cycle (3 cr.)<\/td>\n<\/tr>\n<tr>\n<td width=\"61\"><strong>2015A<\/strong><\/td>\n<td width=\"431\">Neuroanatomie \u2013 SANAT323<\/td>\n<td width=\"142\">Premier cycle (3 cr.)<\/td>\n<\/tr>\n<tr>\n<td width=\"61\"><strong>2015E<\/strong><\/td>\n<td width=\"431\">Approche int\u00e9gr\u00e9e du traitement de la douleur \u2013 SPHTH622<\/td>\n<td width=\"142\">Deuxi\u00e8me cycle (2 cr.)<\/td>\n<\/tr>\n<tr>\n<td width=\"61\"><strong>2015H<\/strong><\/td>\n<td width=\"431\">Approche int\u00e9gr\u00e9e des interventions de physioth\u00e9rapie en neuror\u00e9adaptation \u2013 SPHTH561<\/td>\n<td width=\"142\">Premier cycle (5 cr.)<\/td>\n<\/tr>\n<tr>\n<td width=\"61\"><strong>2015H<\/strong><\/td>\n<td width=\"431\">Sujets sp\u00e9ciaux en ing\u00e9nierie I &#8211; 6MIG887<\/td>\n<td width=\"142\">Deuxi\u00e8me cycle (3 cr.)<\/td>\n<\/tr>\n<tr>\n<td width=\"61\"><strong>2014A<\/strong><\/td>\n<td width=\"431\">Neurophysiologie \u2013 SPOTH455<\/td>\n<td width=\"142\">Premier cycle (3 cr.)<\/td>\n<\/tr>\n<tr>\n<td width=\"61\"><strong>2014A<\/strong><\/td>\n<td width=\"431\">Neuroanatomie \u2013SANAT323<\/td>\n<td width=\"142\">Premier cycle (3 cr.)<\/td>\n<\/tr>\n<tr>\n<td width=\"61\"><strong>2014A<\/strong><\/td>\n<td width=\"431\">Pratique de la physioth\u00e9rapie en neuro-r\u00e9adaptation \u2013 SPHTH551<\/td>\n<td width=\"142\">Premier cycle (4 cr.)<\/td>\n<\/tr>\n<tr>\n<td width=\"61\"><strong>2013A<\/strong><\/td>\n<td width=\"431\">Neurophysiologie-SPOTH455<\/td>\n<td width=\"142\">Premier cycle (3 cr.)<\/td>\n<\/tr>\n<tr>\n<td width=\"61\"><strong>2013A<\/strong><\/td>\n<td width=\"431\">Neuroanatomie \u2013 SANAT323<\/td>\n<td width=\"142\">Premier cycle (3 cr.)<\/td>\n<\/tr>\n<\/tbody>\n<\/table>\n<p>&nbsp;<\/p>\n","protected":false},"excerpt":{"rendered":"<p>114,3 cr\u00e9dits de cours soit 1 714,5 heures en classe : des centaines d\u2019\u00e9tudiants form\u00e9s dans les divers domaines de la neurologie. 114.3 cr., or 1,714.5 classroom hours: hundreds of students trained in various areas of neurology. Cours mont\u00e9s pour l\u2019Unit\u00e9 d\u2019Enseignement en Physioth\u00e9rapie (UQAC) 2019 Approche int\u00e9gr\u00e9e du traitement de la douleur (Neurologie et &hellip; <a href=\"https:\/\/portfolio.uqac.ca\/suzyngomo\/enseignement\/\" class=\"more-link\">Continuer la lecture de <span class=\"screen-reader-text\">Enseignement<\/span>  <span class=\"meta-nav\">&rarr;<\/span><\/a><\/p>\n","protected":false},"author":89,"featured_media":0,"parent":0,"menu_order":0,"comment_status":"closed","ping_status":"closed","template":"","meta":{"footnotes":""},"tags":[],"_links":{"self":[{"href":"https:\/\/portfolio.uqac.ca\/suzyngomo\/wp-json\/wp\/v2\/pages\/18"}],"collection":[{"href":"https:\/\/portfolio.uqac.ca\/suzyngomo\/wp-json\/wp\/v2\/pages"}],"about":[{"href":"https:\/\/portfolio.uqac.ca\/suzyngomo\/wp-json\/wp\/v2\/types\/page"}],"author":[{"embeddable":true,"href":"https:\/\/portfolio.uqac.ca\/suzyngomo\/wp-json\/wp\/v2\/users\/89"}],"replies":[{"embeddable":true,"href":"https:\/\/portfolio.uqac.ca\/suzyngomo\/wp-json\/wp\/v2\/comments?post=18"}],"version-history":[{"count":15,"href":"https:\/\/portfolio.uqac.ca\/suzyngomo\/wp-json\/wp\/v2\/pages\/18\/revisions"}],"predecessor-version":[{"id":283,"href":"https:\/\/portfolio.uqac.ca\/suzyngomo\/wp-json\/wp\/v2\/pages\/18\/revisions\/283"}],"wp:attachment":[{"href":"https:\/\/portfolio.uqac.ca\/suzyngomo\/wp-json\/wp\/v2\/media?parent=18"}],"wp:term":[{"taxonomy":"post_tag","embeddable":true,"href":"https:\/\/portfolio.uqac.ca\/suzyngomo\/wp-json\/wp\/v2\/tags?post=18"}],"curies":[{"name":"wp","href":"https:\/\/api.w.org\/{rel}","templated":true}]}}