{"id":20,"date":"2019-02-28T16:35:04","date_gmt":"2019-02-28T21:35:04","guid":{"rendered":"http:\/\/portfolio-pre.uqac.ca\/gabarit\/?page_id=20"},"modified":"2026-03-03T17:35:14","modified_gmt":"2026-03-03T22:35:14","slug":"publications","status":"publish","type":"page","link":"https:\/\/portfolio.uqac.ca\/suzyngomo\/publications\/","title":{"rendered":"Recherche"},"content":{"rendered":"<p><strong>Projets en cours:<\/strong><\/p>\n<ul>\n<li>Identification et quantification de la douleur\u00a0 chez l&#8217;humain\u00a0 \u00a0\u00a0\u00a0\u00a0\u00a0\u00a0\u00a0\u00a0\u00a0\u00a0\u00a0\u00a0\u00a0 &#8211;\u00a0<a href=\"https:\/\/patentscope.wipo.int\/search\/en\/WO2024182890\"> Demande de Brevet &#8211; PCT<\/a> \u00a0\u00a0&#8211; <a href=\"https:\/\/www.canva.com\/design\/DAGgaBGPtKE\/Vq3yAjTTIw_IeYgyMMyqwQ\/watch?utm_content=DAGgaBGPtKE&amp;utm_campaign=designshare&amp;utm_medium=link2&amp;utm_source=uniquelinks&amp;utlId=hb6aae0ee50\">Piq en 2min30s d&#8217;images<\/a><\/li>\n<li>Identification et quantification de la douleur\u00a0 chez les animaux<\/li>\n<\/ul>\n<p><strong>Publications r\u00e9centes s\u00e9lectionn\u00e9es:<\/strong><\/p>\n<ul>\n<li><a class=\"gsc_a_at\" href=\"https:\/\/scholar.google.com\/citations?view_op=view_citation&amp;hl=fr&amp;user=4OuvdVMAAAAJ&amp;sortby=pubdate&amp;citation_for_view=4OuvdVMAAAAJ:4OULZ7Gr8RgC\">EEG-Based quantification of chronic pain in cats: A Proof-of-concept study using the Piq algorithm (2026)<\/a><\/li>\n<li><a class=\"gsc_a_at\" href=\"https:\/\/scholar.google.com\/citations?view_op=view_citation&amp;hl=fr&amp;user=4OuvdVMAAAAJ&amp;sortby=pubdate&amp;citation_for_view=4OuvdVMAAAAJ:ZHo1McVdvXMC\">Bridging the Gap in Pain Measurement with a Brain-Based Index (2025)<\/a><\/li>\n<li><a href=\"https:\/\/scholar.google.fr\/citations?view_op=view_citation&amp;hl=fr&amp;user=4OuvdVMAAAAJ&amp;sortby=pubdate&amp;citation_for_view=4OuvdVMAAAAJ:70eg2SAEIzsC\" target=\"_blank\" rel=\"noopener\">Living successfully with chronic pain: Identifying the pivotal conditions needed to make it happen (2025)<\/a><\/li>\n<li><a href=\"https:\/\/scholar.google.fr\/citations?view_op=view_citation&amp;hl=fr&amp;user=4OuvdVMAAAAJ&amp;sortby=pubdate&amp;citation_for_view=4OuvdVMAAAAJ:35N4QoGY0k4C\" target=\"_blank\" rel=\"noopener\">Impact of Reduced Vitamin D Levels on Pain, Function, and Severity in Knee or Hip Osteoarthritis (2025)<\/a><\/li>\n<li><a href=\"https:\/\/scholar.google.fr\/citations?view_op=view_citation&amp;hl=fr&amp;user=4OuvdVMAAAAJ&amp;sortby=pubdate&amp;citation_for_view=4OuvdVMAAAAJ:J_g5lzvAfSwC\" target=\"_blank\" rel=\"noopener\">An Innovative EEG-Based Pain Identification and Quantification: A Pilot Study (2024)<\/a><\/li>\n<\/ul>\n<p><a href=\"https:\/\/scholar.google.fr\/citations?hl=fr&amp;user=4OuvdVMAAAAJ&amp;view_op=list_works&amp;sortby=pubdate\"><strong>Voir toutes les publications<\/strong><\/a><\/p>\n","protected":false},"excerpt":{"rendered":"<p>Projets en cours: Identification et quantification de la douleur\u00a0 chez l&#8217;humain\u00a0 \u00a0\u00a0\u00a0\u00a0\u00a0\u00a0\u00a0\u00a0\u00a0\u00a0\u00a0\u00a0\u00a0 &#8211;\u00a0 Demande de Brevet &#8211; PCT \u00a0\u00a0&#8211; Piq en 2min30s d&#8217;images Identification et quantification de la douleur\u00a0 chez les animaux Publications r\u00e9centes s\u00e9lectionn\u00e9es: EEG-Based quantification of chronic pain in cats: A Proof-of-concept study using the Piq algorithm (2026) Bridging the Gap in Pain &hellip; <a href=\"https:\/\/portfolio.uqac.ca\/suzyngomo\/publications\/\" class=\"more-link\">Continuer la lecture de <span class=\"screen-reader-text\">Recherche<\/span>  <span class=\"meta-nav\">&rarr;<\/span><\/a><\/p>\n","protected":false},"author":89,"featured_media":0,"parent":0,"menu_order":0,"comment_status":"closed","ping_status":"closed","template":"","meta":{"footnotes":""},"tags":[],"_links":{"self":[{"href":"https:\/\/portfolio.uqac.ca\/suzyngomo\/wp-json\/wp\/v2\/pages\/20"}],"collection":[{"href":"https:\/\/portfolio.uqac.ca\/suzyngomo\/wp-json\/wp\/v2\/pages"}],"about":[{"href":"https:\/\/portfolio.uqac.ca\/suzyngomo\/wp-json\/wp\/v2\/types\/page"}],"author":[{"embeddable":true,"href":"https:\/\/portfolio.uqac.ca\/suzyngomo\/wp-json\/wp\/v2\/users\/89"}],"replies":[{"embeddable":true,"href":"https:\/\/portfolio.uqac.ca\/suzyngomo\/wp-json\/wp\/v2\/comments?post=20"}],"version-history":[{"count":49,"href":"https:\/\/portfolio.uqac.ca\/suzyngomo\/wp-json\/wp\/v2\/pages\/20\/revisions"}],"predecessor-version":[{"id":293,"href":"https:\/\/portfolio.uqac.ca\/suzyngomo\/wp-json\/wp\/v2\/pages\/20\/revisions\/293"}],"wp:attachment":[{"href":"https:\/\/portfolio.uqac.ca\/suzyngomo\/wp-json\/wp\/v2\/media?parent=20"}],"wp:term":[{"taxonomy":"post_tag","embeddable":true,"href":"https:\/\/portfolio.uqac.ca\/suzyngomo\/wp-json\/wp\/v2\/tags?post=20"}],"curies":[{"name":"wp","href":"https:\/\/api.w.org\/{rel}","templated":true}]}}