{"id":27,"date":"2019-02-28T16:35:04","date_gmt":"2019-02-28T21:35:04","guid":{"rendered":"http:\/\/portfolio-pre.uqac.ca\/gabarit\/?page_id=27"},"modified":"2025-06-30T14:45:38","modified_gmt":"2025-06-30T18:45:38","slug":"curriculum-vitae","status":"publish","type":"page","link":"https:\/\/portfolio.uqac.ca\/suzyngomo\/curriculum-vitae\/","title":{"rendered":"Curriculum vitae"},"content":{"rendered":"<h2><strong>\u00c9ducation<\/strong><\/h2>\n<table style=\"height: 557px\" width=\"336\">\n<tbody>\n<tr>\n<td width=\"322\">2013<\/td>\n<td width=\"322\"><strong>Postdoctoral, <\/strong>McGill University, Jewish Rehabilitation Hospital, School of Physical and Occupational Therapy<br \/>\nResearch topic: Effects of repetitive upper limb work on muscle co-contraction and predictors of pain.<\/td>\n<\/tr>\n<tr>\n<td width=\"322\">2012<\/td>\n<td width=\"322\"><strong>PhD. en M\u00e9decine Exp\u00e9rimentale<br \/>\n<\/strong>Universit\u00e9 Laval, Qu\u00e9bec, QC<br \/>\nTh\u00e8se: Plasticit\u00e9 c\u00e9r\u00e9brale associ\u00e9e \u00e0 une l\u00e9sion musculosquelettique<\/td>\n<\/tr>\n<tr>\n<td width=\"322\">2006<\/td>\n<td width=\"322\"><strong>M.Sc. en Biologie, <\/strong>Universit\u00e9 du Qu\u00e9bec \u00e0 Montr\u00e9al, QC \u00a0 \u00a0 \u00a0 \u00a0 \u00a0 \u00a0\u00a0 M\u00e9moire: Sympt\u00f4mes musculo-squelettiques et param\u00e8tres circulatoires chez les personnes qui travaillent debout.<\/td>\n<\/tr>\n<tr>\n<td width=\"322\">1999<\/td>\n<td width=\"322\"><strong>Doctorat en M\u00e9decine G\u00e9n\u00e9rale<br \/>\n<\/strong>Universit\u00e9 Omar Bongo, Libreville, Gabon<br \/>\nThesis: Sickle cell disease and public health<\/td>\n<\/tr>\n<\/tbody>\n<\/table>\n<h3>Advanced Training<\/h3>\n<ul>\n<li data-start=\"169\" data-end=\"256\">\n<p data-start=\"171\" data-end=\"256\"><em data-start=\"171\" data-end=\"230\">Quantitative Analysis of Statistical and Demographic Data<\/em>, Universit\u00e9 de Montr\u00e9al<\/p>\n<\/li>\n<li data-start=\"257\" data-end=\"326\">\n<p data-start=\"259\" data-end=\"326\"><em data-start=\"259\" data-end=\"307\">Signal Processing and Neuromodulation with TMS<\/em>, Magstim Society<\/p>\n<\/li>\n<li data-start=\"327\" data-end=\"386\">\n<p data-start=\"329\" data-end=\"386\"><em data-start=\"329\" data-end=\"365\">Interdisciplinary Research Methods<\/em>, REPAR Summer School<\/p>\n<\/li>\n<\/ul>\n<h2><strong>Nominations acad\u00e9miques significatives<br \/>\n<\/strong><\/h2>\n<table style=\"height: 620px\" width=\"638\">\n<tbody>\n<tr>\n<td width=\"141\">F\u00e9v. 2022 &#8211;<\/td>\n<td width=\"472\">Doyenne de la recherche, de la cr\u00e9ation et de l&#8217;innovation, UQAC<\/td>\n<\/tr>\n<tr>\n<td width=\"141\">Oct. 2021 \u2013 f\u00e9v. 2022<\/td>\n<td width=\"472\">Directrice de la clinique universitaire de physioth\u00e9rapie (int\u00e9rim), UQAC<\/td>\n<\/tr>\n<tr>\n<td width=\"141\">Jan 2019 \u2013 f\u00e9v. 2022<\/td>\n<td width=\"472\">Directrice du D\u00e9partement des Sciences de la Sant\u00e9, UQAC<\/td>\n<\/tr>\n<tr>\n<td width=\"141\">2021<\/td>\n<td width=\"472\">Professeure titulaire, UQAC<\/td>\n<\/tr>\n<tr>\n<td width=\"141\">2017 \u2013 2021<\/td>\n<td width=\"472\">Professeure agr\u00e9g\u00e9e, UQAC<\/td>\n<\/tr>\n<tr>\n<td width=\"141\">2020 \u2013 2022<\/td>\n<td width=\"472\">Professeure facilitatrice &#8211; Consortium interr\u00e9gionale en sant\u00e9: INTERS4_Comit\u00e9 de coordination<\/td>\n<\/tr>\n<tr>\n<td width=\"141\">2019 \u2013 2022<\/td>\n<td width=\"472\">Repr\u00e9sentante de l\u2019UQAC \u00e0 la Table r\u00e9gionale pour l\u2019ad\u00e9quation formation emploi du r\u00e9seau de la sant\u00e9 et des services sociaux<\/td>\n<\/tr>\n<tr>\n<td width=\"141\">F\u00e9v. 2019 \u2013 Juin 2020<\/td>\n<td width=\"472\">Directrice (int\u00e9rim) des programmes de premier cycle en sciences infirmi\u00e8res, UQAC<\/td>\n<\/tr>\n<tr>\n<td width=\"141\">2018 \u2013<\/td>\n<td width=\"472\">Professeure associ\u00e9e, Programme de Formation M\u00e9dicale \u00e0 Saguenay &#8211; doctorat en m\u00e9decine, Universit\u00e9 de Sherbrooke<\/td>\n<\/tr>\n<tr>\n<td width=\"141\">2017 \u2013 2021<\/td>\n<td width=\"472\">Professeure associ\u00e9e, \u00c9cole de Physioth\u00e9rapie et d\u2019Ergoth\u00e9rapie, McGill<\/td>\n<\/tr>\n<tr>\n<td width=\"141\">2013 \u2013 2018<\/td>\n<td width=\"472\">Responsable du comit\u00e9 curriculaire de neurologie, Unit\u00e9 d\u2019Enseignement en Physioth\u00e9rapie, D\u00e9partement des Sciences de la Sant\u00e9, UQAC<\/td>\n<\/tr>\n<tr>\n<td width=\"141\">2013 \u2013 2017<\/td>\n<td width=\"472\">Professeure adjointe, Unit\u00e9 d\u2019Enseignement en Physioth\u00e9rapie, D\u00e9partement des Sciences de la Sant\u00e9, UQAC<\/td>\n<\/tr>\n<\/tbody>\n<\/table>\n<h2>R\u00e9alisations d&#8217;importance<\/h2>\n<table width=\"665\">\n<tbody>\n<tr>\n<td width=\"89\">2025<\/td>\n<td width=\"576\">Mandat: Soutien au d\u00e9veloppement du centre de recherche intersectoriel en sant\u00e9 durable<\/td>\n<\/tr>\n<tr>\n<td width=\"89\">2024<\/td>\n<td width=\"576\">Mandat: Soutien au d\u00e9veloppement du consortium r\u00e9gional en recherche et en enseignement en sant\u00e9<\/td>\n<\/tr>\n<tr>\n<td width=\"89\">2023<\/td>\n<td width=\"576\">Brevet<\/td>\n<\/tr>\n<tr>\n<td width=\"89\">2023<\/td>\n<td width=\"576\">Artisane de la r\u00e9vision du plan strat\u00e9gique institutionnel de la recherche et de la cr\u00e9ation 2024-2029<\/td>\n<\/tr>\n<tr>\n<td width=\"89\">2020<\/td>\n<td width=\"576\">Artisane de la planification strat\u00e9gique du d\u00e9partement des sciences de la sant\u00e9 2020-2025<\/td>\n<\/tr>\n<tr>\n<td width=\"89\">2019<\/td>\n<td width=\"576\">Artisane de la planification strat\u00e9gique du Module des sciences infirmi\u00e8res 2019-2024<\/td>\n<\/tr>\n<tr>\n<td width=\"89\">2019<\/td>\n<td width=\"576\">Artisane de l\u2019entente des stages \u00e0 l\u2019international (Londrina, Br\u00e9sil) pour les programmes de physioth\u00e9rapie et de sciences infirmi\u00e8res<\/td>\n<\/tr>\n<tr>\n<td width=\"89\">2019<\/td>\n<td width=\"576\">Collaboration significative au red\u00e9marrage du DESS et de la Maitrise en sciences infirmi\u00e8res &#8211;\u00a0 Soins de premi\u00e8re ligne<\/td>\n<\/tr>\n<tr>\n<td width=\"89\">2019<\/td>\n<td width=\"576\">Experte UQAC du projet canadien \u00ab Pain Education in Physiotherapy (PEP) \u00bb des 15 programmes de formation en physioth\u00e9rapie du Canada<\/td>\n<\/tr>\n<tr>\n<td width=\"89\">2018<\/td>\n<td width=\"576\">Co-fondatrice du laboratoire de recherche accr\u00e9dit\u00e9, le Lab. BioNR<\/td>\n<\/tr>\n<tr>\n<td width=\"89\"><\/td>\n<td width=\"576\"><\/td>\n<\/tr>\n<tr>\n<td width=\"89\"><\/td>\n<td width=\"576\"><\/td>\n<\/tr>\n<tr>\n<td width=\"89\"><\/td>\n<td width=\"576\"><\/td>\n<\/tr>\n<tr>\n<td width=\"89\"><\/td>\n<td width=\"576\"><\/td>\n<\/tr>\n<\/tbody>\n<\/table>\n","protected":false},"excerpt":{"rendered":"<p>\u00c9ducation 2013 Postdoctoral, McGill University, Jewish Rehabilitation Hospital, School of Physical and Occupational Therapy Research topic: Effects of repetitive upper limb work on muscle co-contraction and predictors of pain. 2012 PhD. en M\u00e9decine Exp\u00e9rimentale Universit\u00e9 Laval, Qu\u00e9bec, QC Th\u00e8se: Plasticit\u00e9 c\u00e9r\u00e9brale associ\u00e9e \u00e0 une l\u00e9sion musculosquelettique 2006 M.Sc. en Biologie, Universit\u00e9 du Qu\u00e9bec \u00e0 Montr\u00e9al, &hellip; <a href=\"https:\/\/portfolio.uqac.ca\/suzyngomo\/curriculum-vitae\/\" class=\"more-link\">Continuer la lecture de <span class=\"screen-reader-text\">Curriculum vitae<\/span>  <span class=\"meta-nav\">&rarr;<\/span><\/a><\/p>\n","protected":false},"author":89,"featured_media":0,"parent":0,"menu_order":0,"comment_status":"closed","ping_status":"closed","template":"","meta":{"footnotes":""},"tags":[],"_links":{"self":[{"href":"https:\/\/portfolio.uqac.ca\/suzyngomo\/wp-json\/wp\/v2\/pages\/27"}],"collection":[{"href":"https:\/\/portfolio.uqac.ca\/suzyngomo\/wp-json\/wp\/v2\/pages"}],"about":[{"href":"https:\/\/portfolio.uqac.ca\/suzyngomo\/wp-json\/wp\/v2\/types\/page"}],"author":[{"embeddable":true,"href":"https:\/\/portfolio.uqac.ca\/suzyngomo\/wp-json\/wp\/v2\/users\/89"}],"replies":[{"embeddable":true,"href":"https:\/\/portfolio.uqac.ca\/suzyngomo\/wp-json\/wp\/v2\/comments?post=27"}],"version-history":[{"count":26,"href":"https:\/\/portfolio.uqac.ca\/suzyngomo\/wp-json\/wp\/v2\/pages\/27\/revisions"}],"predecessor-version":[{"id":284,"href":"https:\/\/portfolio.uqac.ca\/suzyngomo\/wp-json\/wp\/v2\/pages\/27\/revisions\/284"}],"wp:attachment":[{"href":"https:\/\/portfolio.uqac.ca\/suzyngomo\/wp-json\/wp\/v2\/media?parent=27"}],"wp:term":[{"taxonomy":"post_tag","embeddable":true,"href":"https:\/\/portfolio.uqac.ca\/suzyngomo\/wp-json\/wp\/v2\/tags?post=27"}],"curies":[{"name":"wp","href":"https:\/\/api.w.org\/{rel}","templated":true}]}}