{"id":4,"date":"2019-03-26T13:40:15","date_gmt":"2019-03-26T17:40:15","guid":{"rendered":"http:\/\/portfolio-pre.uqac.ca\/gabarit\/?page_id=4"},"modified":"2019-03-26T17:03:04","modified_gmt":"2019-03-26T21:03:04","slug":"presentatio","status":"publish","type":"page","link":"https:\/\/portfolio.uqac.ca\/sylvainmenard\/","title":{"rendered":"Pr\u00e9sentation"},"content":{"rendered":"<h2>Sylvain M\u00e9nard, ing., Ph.D.<\/h2>\n<p>Professeur au d\u00e9partement des\u00a0sciences appliqu\u00e9es<br \/>\nG\u00e9nie civil, structure bois<\/p>\n<h2>Formation<\/h2>\n<ul>\n<li>Ph.D. G\u00e9nie Civil Structure bois (\u00c9cole Polytechnique F\u00e9d\u00e9rale de Lausanne, Lausanne, Suisse)<\/li>\n<li>Dipl\u00f4me d&#8217;\u00c9tudes Approfondies Sciences du Bois (Universit\u00e9 de Nancy I, Nancy, France)<\/li>\n<li>Ma\u00eetrise des Sciences et techniques du bois (\u00c9cole Nationale Sup\u00e9rieure des Technologies et Industries du Bois, \u00c9pinal, France)<\/li>\n<\/ul>\n<h1><strong>Champs d&#8217;int\u00e9r\u00eat<\/strong><\/h1>\n<ul>\n<li>Structure bois<\/li>\n<li>Produits d&#8217;ing\u00e9nierie du bois<\/li>\n<li>Multi\u00e9tages<\/li>\n<li>Structures hybrides<\/li>\n<li>Vibration, acoustique<\/li>\n<li>Gestion manufacturi\u00e8re<\/li>\n<\/ul>\n","protected":false},"excerpt":{"rendered":"<p>Sylvain M\u00e9nard, ing., Ph.D. Professeur au d\u00e9partement des\u00a0sciences appliqu\u00e9es G\u00e9nie civil, structure bois Formation Ph.D. G\u00e9nie Civil Structure bois (\u00c9cole Polytechnique F\u00e9d\u00e9rale de Lausanne, Lausanne, Suisse) Dipl\u00f4me d&#8217;\u00c9tudes Approfondies Sciences du Bois (Universit\u00e9 de Nancy I, Nancy, France) Ma\u00eetrise des Sciences et techniques du bois (\u00c9cole Nationale Sup\u00e9rieure des Technologies et Industries du Bois, \u00c9pinal, &hellip; <a href=\"https:\/\/portfolio.uqac.ca\/sylvainmenard\/\" class=\"more-link\">Continuer la lecture de <span class=\"screen-reader-text\">Pr\u00e9sentation<\/span>  <span class=\"meta-nav\">&rarr;<\/span><\/a><\/p>\n","protected":false},"author":89,"featured_media":0,"parent":0,"menu_order":0,"comment_status":"closed","ping_status":"closed","template":"","meta":{"footnotes":""},"tags":[],"_links":{"self":[{"href":"https:\/\/portfolio.uqac.ca\/sylvainmenard\/wp-json\/wp\/v2\/pages\/4"}],"collection":[{"href":"https:\/\/portfolio.uqac.ca\/sylvainmenard\/wp-json\/wp\/v2\/pages"}],"about":[{"href":"https:\/\/portfolio.uqac.ca\/sylvainmenard\/wp-json\/wp\/v2\/types\/page"}],"author":[{"embeddable":true,"href":"https:\/\/portfolio.uqac.ca\/sylvainmenard\/wp-json\/wp\/v2\/users\/89"}],"replies":[{"embeddable":true,"href":"https:\/\/portfolio.uqac.ca\/sylvainmenard\/wp-json\/wp\/v2\/comments?post=4"}],"version-history":[{"count":14,"href":"https:\/\/portfolio.uqac.ca\/sylvainmenard\/wp-json\/wp\/v2\/pages\/4\/revisions"}],"predecessor-version":[{"id":178,"href":"https:\/\/portfolio.uqac.ca\/sylvainmenard\/wp-json\/wp\/v2\/pages\/4\/revisions\/178"}],"wp:attachment":[{"href":"https:\/\/portfolio.uqac.ca\/sylvainmenard\/wp-json\/wp\/v2\/media?parent=4"}],"wp:term":[{"taxonomy":"post_tag","embeddable":true,"href":"https:\/\/portfolio.uqac.ca\/sylvainmenard\/wp-json\/wp\/v2\/tags?post=4"}],"curies":[{"name":"wp","href":"https:\/\/api.w.org\/{rel}","templated":true}]}}