{"id":18,"date":"2012-07-23T20:05:15","date_gmt":"2012-07-23T20:05:15","guid":{"rendered":"http:\/\/portfolio-pre.uqac.ca\/gabarit\/?page_id=18"},"modified":"2016-09-26T17:28:37","modified_gmt":"2016-09-26T21:28:37","slug":"enseignement","status":"publish","type":"page","link":"https:\/\/portfolio.uqac.ca\/sylvieturcotte\/enseignement\/","title":{"rendered":"Enseignement"},"content":{"rendered":"<h1><strong><span style=\"text-decoration: underline\">Cours dispens\u00e9s \u00e0 l&#8217;UQAC<\/span><\/strong><\/h1>\n<p>Module d&#8217;enseignement en adaptation scolaire<\/p>\n<p>Module d&#8217;\u00e9ducation pr\u00e9scolaire et d&#8217;enseignement au primaire<\/p>\n<p>Module d&#8217;enseignement secondaire et professionnel<\/p>\n<p>Module de psychologie<\/p>\n<ul>\n<li>3PPG140: \u00c9tude du d\u00e9veloppement intellectuel<\/li>\n<li><span style=\"line-height: 1.5\">3PPG150: Fondements des apprentissages scolaires<\/span><\/li>\n<li><span style=\"line-height: 1.5\">3PRS212: P\u00e9dagogie pr\u00e9scolaire<\/span><\/li>\n<li><span style=\"line-height: 1.5\">3AIS102: Activit\u00e9 d&#8217;introduction au programme et d\u00e9veloppement professionnel<\/span><\/li>\n<li>3DME206: \u00c9valuation des apprentissages<\/li>\n<li>3PRS313: Environnement \u00e9ducatif au pr\u00e9scolaire<\/li>\n<li>3PDG250: Approches p\u00e9dagogique<\/li>\n<li>SPSY120: Psychologie du d\u00e9veloppement de l&#8217;enfant<\/li>\n<\/ul>\n","protected":false},"excerpt":{"rendered":"<p>Cours dispens\u00e9s \u00e0 l&#8217;UQAC Module d&#8217;enseignement en adaptation scolaire Module d&#8217;\u00e9ducation pr\u00e9scolaire et d&#8217;enseignement au primaire Module d&#8217;enseignement secondaire et professionnel Module de psychologie 3PPG140: \u00c9tude du d\u00e9veloppement intellectuel 3PPG150: Fondements des apprentissages scolaires 3PRS212: P\u00e9dagogie pr\u00e9scolaire 3AIS102: Activit\u00e9 d&#8217;introduction au programme et d\u00e9veloppement professionnel 3DME206: \u00c9valuation des apprentissages 3PRS313: Environnement \u00e9ducatif au pr\u00e9scolaire 3PDG250: &hellip; <a href=\"https:\/\/portfolio.uqac.ca\/sylvieturcotte\/enseignement\/\" class=\"more-link\">Continuer la lecture de <span class=\"screen-reader-text\">Enseignement<\/span>  <span class=\"meta-nav\">&rarr;<\/span><\/a><\/p>\n","protected":false},"author":39,"featured_media":0,"parent":0,"menu_order":0,"comment_status":"closed","ping_status":"closed","template":"","meta":{"footnotes":""},"tags":[],"_links":{"self":[{"href":"https:\/\/portfolio.uqac.ca\/sylvieturcotte\/wp-json\/wp\/v2\/pages\/18"}],"collection":[{"href":"https:\/\/portfolio.uqac.ca\/sylvieturcotte\/wp-json\/wp\/v2\/pages"}],"about":[{"href":"https:\/\/portfolio.uqac.ca\/sylvieturcotte\/wp-json\/wp\/v2\/types\/page"}],"author":[{"embeddable":true,"href":"https:\/\/portfolio.uqac.ca\/sylvieturcotte\/wp-json\/wp\/v2\/users\/39"}],"replies":[{"embeddable":true,"href":"https:\/\/portfolio.uqac.ca\/sylvieturcotte\/wp-json\/wp\/v2\/comments?post=18"}],"version-history":[{"count":7,"href":"https:\/\/portfolio.uqac.ca\/sylvieturcotte\/wp-json\/wp\/v2\/pages\/18\/revisions"}],"predecessor-version":[{"id":130,"href":"https:\/\/portfolio.uqac.ca\/sylvieturcotte\/wp-json\/wp\/v2\/pages\/18\/revisions\/130"}],"wp:attachment":[{"href":"https:\/\/portfolio.uqac.ca\/sylvieturcotte\/wp-json\/wp\/v2\/media?parent=18"}],"wp:term":[{"taxonomy":"post_tag","embeddable":true,"href":"https:\/\/portfolio.uqac.ca\/sylvieturcotte\/wp-json\/wp\/v2\/tags?post=18"}],"curies":[{"name":"wp","href":"https:\/\/api.w.org\/{rel}","templated":true}]}}