{"id":20,"date":"2012-07-23T20:20:59","date_gmt":"2012-07-23T20:20:59","guid":{"rendered":"http:\/\/portfolio-pre.uqac.ca\/gabarit\/?page_id=20"},"modified":"2014-04-29T15:06:45","modified_gmt":"2014-04-29T19:06:45","slug":"publications","status":"publish","type":"page","link":"https:\/\/portfolio.uqac.ca\/sylvieturcotte\/publications\/","title":{"rendered":"Publications"},"content":{"rendered":"<h2>Livres<\/h2>\n<p>D\u00e9tails du livre 1.<\/p>\n<p>D\u00e9tails\u00a0du livre\u00a02.<\/p>\n<p>D\u00e9tails\u00a0du livre\u00a03.<\/p>\n<h2><strong>Monographies <\/strong><\/h2>\n<p>D\u00e9tails de la monographie 1.<\/p>\n<p>D\u00e9tails de la monographie 2.<\/p>\n<p>D\u00e9tails de la monographie 3.<\/p>\n<h2><strong>Articles\u00a0<\/strong><\/h2>\n<p>D\u00e9tails de l&#8217;article 1.<\/p>\n<p>D\u00e9tails de l&#8217;article 2.<\/p>\n<p>D\u00e9tails de l&#8217;article 3.<\/p>\n","protected":false},"excerpt":{"rendered":"<p>Livres D\u00e9tails du livre 1. D\u00e9tails\u00a0du livre\u00a02. D\u00e9tails\u00a0du livre\u00a03. Monographies D\u00e9tails de la monographie 1. D\u00e9tails de la monographie 2. D\u00e9tails de la monographie 3. Articles\u00a0 D\u00e9tails de l&#8217;article 1. D\u00e9tails de l&#8217;article 2. D\u00e9tails de l&#8217;article 3.<\/p>\n","protected":false},"author":39,"featured_media":0,"parent":0,"menu_order":0,"comment_status":"closed","ping_status":"closed","template":"","meta":{"footnotes":""},"tags":[],"_links":{"self":[{"href":"https:\/\/portfolio.uqac.ca\/sylvieturcotte\/wp-json\/wp\/v2\/pages\/20"}],"collection":[{"href":"https:\/\/portfolio.uqac.ca\/sylvieturcotte\/wp-json\/wp\/v2\/pages"}],"about":[{"href":"https:\/\/portfolio.uqac.ca\/sylvieturcotte\/wp-json\/wp\/v2\/types\/page"}],"author":[{"embeddable":true,"href":"https:\/\/portfolio.uqac.ca\/sylvieturcotte\/wp-json\/wp\/v2\/users\/39"}],"replies":[{"embeddable":true,"href":"https:\/\/portfolio.uqac.ca\/sylvieturcotte\/wp-json\/wp\/v2\/comments?post=20"}],"version-history":[{"count":11,"href":"https:\/\/portfolio.uqac.ca\/sylvieturcotte\/wp-json\/wp\/v2\/pages\/20\/revisions"}],"predecessor-version":[{"id":85,"href":"https:\/\/portfolio.uqac.ca\/sylvieturcotte\/wp-json\/wp\/v2\/pages\/20\/revisions\/85"}],"wp:attachment":[{"href":"https:\/\/portfolio.uqac.ca\/sylvieturcotte\/wp-json\/wp\/v2\/media?parent=20"}],"wp:term":[{"taxonomy":"post_tag","embeddable":true,"href":"https:\/\/portfolio.uqac.ca\/sylvieturcotte\/wp-json\/wp\/v2\/tags?post=20"}],"curies":[{"name":"wp","href":"https:\/\/api.w.org\/{rel}","templated":true}]}}