{"id":25,"date":"2012-07-24T12:43:40","date_gmt":"2012-07-24T12:43:40","guid":{"rendered":"http:\/\/portfolio-pre.uqac.ca\/gabarit\/?page_id=25"},"modified":"2016-04-28T17:04:51","modified_gmt":"2016-04-28T21:04:51","slug":"communications","status":"publish","type":"page","link":"https:\/\/portfolio.uqac.ca\/sylvieturcotte\/communications\/","title":{"rendered":"Communications"},"content":{"rendered":"<p style=\"text-align: justify\">\n<p style=\"text-align: justify\"><strong>Doucet, M., et <\/strong>Turcotte, S.<strong> (2013). <\/strong>L&#8217;\u00e9quilibre entre le cognitif et l\u2019affectif. 33 i\u00e8me Congr\u00e8s l\u2019Association de l\u2019\u00e9ducation Pr\u00e9scolaire au Qu\u00e9bec (AEPQ),\u00a0 En \u00c9quilibre. 15 et 16 novembre 2013, L\u00e9vis. Qu\u00e9bec.<\/p>\n<p style=\"text-align: justify\">\n","protected":false},"excerpt":{"rendered":"<p>Doucet, M., et Turcotte, S. (2013). L&#8217;\u00e9quilibre entre le cognitif et l\u2019affectif. 33 i\u00e8me Congr\u00e8s l\u2019Association de l\u2019\u00e9ducation Pr\u00e9scolaire au Qu\u00e9bec (AEPQ),\u00a0 En \u00c9quilibre. 15 et 16 novembre 2013, L\u00e9vis. Qu\u00e9bec.<\/p>\n","protected":false},"author":39,"featured_media":0,"parent":0,"menu_order":0,"comment_status":"closed","ping_status":"closed","template":"","meta":{"footnotes":""},"tags":[],"_links":{"self":[{"href":"https:\/\/portfolio.uqac.ca\/sylvieturcotte\/wp-json\/wp\/v2\/pages\/25"}],"collection":[{"href":"https:\/\/portfolio.uqac.ca\/sylvieturcotte\/wp-json\/wp\/v2\/pages"}],"about":[{"href":"https:\/\/portfolio.uqac.ca\/sylvieturcotte\/wp-json\/wp\/v2\/types\/page"}],"author":[{"embeddable":true,"href":"https:\/\/portfolio.uqac.ca\/sylvieturcotte\/wp-json\/wp\/v2\/users\/39"}],"replies":[{"embeddable":true,"href":"https:\/\/portfolio.uqac.ca\/sylvieturcotte\/wp-json\/wp\/v2\/comments?post=25"}],"version-history":[{"count":10,"href":"https:\/\/portfolio.uqac.ca\/sylvieturcotte\/wp-json\/wp\/v2\/pages\/25\/revisions"}],"predecessor-version":[{"id":128,"href":"https:\/\/portfolio.uqac.ca\/sylvieturcotte\/wp-json\/wp\/v2\/pages\/25\/revisions\/128"}],"wp:attachment":[{"href":"https:\/\/portfolio.uqac.ca\/sylvieturcotte\/wp-json\/wp\/v2\/media?parent=25"}],"wp:term":[{"taxonomy":"post_tag","embeddable":true,"href":"https:\/\/portfolio.uqac.ca\/sylvieturcotte\/wp-json\/wp\/v2\/tags?post=25"}],"curies":[{"name":"wp","href":"https:\/\/api.w.org\/{rel}","templated":true}]}}