{"id":4,"date":"2012-07-23T17:46:31","date_gmt":"2012-07-23T17:46:31","guid":{"rendered":"http:\/\/portfolio-pre.uqac.ca\/gabarit\/?page_id=4"},"modified":"2016-09-26T17:30:07","modified_gmt":"2016-09-26T21:30:07","slug":"presentatio","status":"publish","type":"page","link":"https:\/\/portfolio.uqac.ca\/sylvieturcotte\/","title":{"rendered":"Pr\u00e9sentation"},"content":{"rendered":"<h2>Sylvie Turcotte<\/h2>\n<p>Charg\u00e9e de cours<br \/>\nD\u00e9partement des sciences de l&#8217;\u00e9ducation<\/p>\n<p>D\u00e9partement des sciences de la sant\u00e9<\/p>\n<h2>Champs d&#8217;int\u00e9r\u00eat<\/h2>\n<ul>\n<li>D\u00e9veloppement\u00a0cognitif de l&#8217;enfant;<\/li>\n<li>L&#8217;approche d\u00e9veloppementale;<\/li>\n<li>P\u00e9dagogie pr\u00e9scolaire;<\/li>\n<li>D\u00e9veloppement global de l&#8217;enfant;<\/li>\n<li>Apprentissage et enseignement;<\/li>\n<li>Th\u00e9ories de l&#8217;apprentissages;<\/li>\n<li>Diff\u00e9renciation.<\/li>\n<\/ul>\n","protected":false},"excerpt":{"rendered":"<p>Sylvie Turcotte Charg\u00e9e de cours D\u00e9partement des sciences de l&#8217;\u00e9ducation D\u00e9partement des sciences de la sant\u00e9 Champs d&#8217;int\u00e9r\u00eat D\u00e9veloppement\u00a0cognitif de l&#8217;enfant; L&#8217;approche d\u00e9veloppementale; P\u00e9dagogie pr\u00e9scolaire; D\u00e9veloppement global de l&#8217;enfant; Apprentissage et enseignement; Th\u00e9ories de l&#8217;apprentissages; Diff\u00e9renciation.<\/p>\n","protected":false},"author":39,"featured_media":0,"parent":0,"menu_order":0,"comment_status":"closed","ping_status":"closed","template":"","meta":{"footnotes":""},"tags":[10,7,9,11,8],"_links":{"self":[{"href":"https:\/\/portfolio.uqac.ca\/sylvieturcotte\/wp-json\/wp\/v2\/pages\/4"}],"collection":[{"href":"https:\/\/portfolio.uqac.ca\/sylvieturcotte\/wp-json\/wp\/v2\/pages"}],"about":[{"href":"https:\/\/portfolio.uqac.ca\/sylvieturcotte\/wp-json\/wp\/v2\/types\/page"}],"author":[{"embeddable":true,"href":"https:\/\/portfolio.uqac.ca\/sylvieturcotte\/wp-json\/wp\/v2\/users\/39"}],"replies":[{"embeddable":true,"href":"https:\/\/portfolio.uqac.ca\/sylvieturcotte\/wp-json\/wp\/v2\/comments?post=4"}],"version-history":[{"count":21,"href":"https:\/\/portfolio.uqac.ca\/sylvieturcotte\/wp-json\/wp\/v2\/pages\/4\/revisions"}],"predecessor-version":[{"id":132,"href":"https:\/\/portfolio.uqac.ca\/sylvieturcotte\/wp-json\/wp\/v2\/pages\/4\/revisions\/132"}],"wp:attachment":[{"href":"https:\/\/portfolio.uqac.ca\/sylvieturcotte\/wp-json\/wp\/v2\/media?parent=4"}],"wp:term":[{"taxonomy":"post_tag","embeddable":true,"href":"https:\/\/portfolio.uqac.ca\/sylvieturcotte\/wp-json\/wp\/v2\/tags?post=4"}],"curies":[{"name":"wp","href":"https:\/\/api.w.org\/{rel}","templated":true}]}}