{"id":20,"date":"2012-07-23T20:20:59","date_gmt":"2012-07-23T20:20:59","guid":{"rendered":"http:\/\/portfolio-pre.uqac.ca\/gabarit\/?page_id=20"},"modified":"2025-01-29T13:44:39","modified_gmt":"2025-01-29T18:44:39","slug":"publications","status":"publish","type":"page","link":"https:\/\/portfolio.uqac.ca\/vakhtangmshvildadze\/publications\/","title":{"rendered":"Publications choisies"},"content":{"rendered":"<p>Teona Korkotadze, Dali Berashvili, Sopio Gokadze, Malkhaz Jokhadze, Anna Bozhadze, Tsiala Gviniashvili, Malkhaz Getia, Andr\u00e9 Pichette, Jean Legault and Vakhtang Mshvildadze. Phytochemical Characterization of the Aerial Parts of Teucrium nuchense K. Koch: An Endemic Species of Caucasian Flora. The Natural Products Journal. 2024. Accepted.<\/p>\n<p>Nanuli Nadaraia, Meri Kakhabrishvili, Nana Barbakadze, Vakhtang Mshvildadze, Jean Legault, Karen Mulkijanyan. Modification of Pregnenolone to some Nitrogen Containing Steroids. Bulletin of Georgian Nation Academy of Sciences. 2023, 17, 2, 103-108. <\/p>\n<p>M. Getia, T. Korkotadze, T. Korkotadze, G. Moshiashvili, J. Legault, V. Mshvildadze. Investigation of chemical constituents and cytotoxicity of essential oils from Thymus tiflisiensis and Thymus collinus, growing in Georgia. Chemistry of Natural Compounds. 2022, 58, 5, 959-961.<\/p>\n<p>Serge Lavoie, Julie Pierra, Jean Legault, Diamondra Raminoson, Quentin Lion, Vakhtang Mshvildadze, Andr\u00e9 Pichette. Isolation and characterisation of triterpenoid saponins from leaves of Aralia nudicaulis L. Phytochemistry Letters. 2021, 43, 184-189.<\/p>\n<p>Quentin Lion, Andre Pichette, Mouadh Mihoub, Vakhtang Mshvildadze, Jean Legault. Phenolic extract from Aralia nudicaulis L. rhizomes inhibits cellular oxidative stresses. Molecules. 2021, 26 (15), 4458-4472.<\/p>\n<p>Mariem Saada, Hanen Wasli, In\u00e8s Jallali, Rim Kbouki, Karl Girard-Lalancette, Vakhtang Mshvildadze, Riadh Ksouri, Jean Legault, Susana M. Cardoso. Bio-guided  fractionation of Retama raetam (Forssk.) Webb &amp; Berthel polar extract.  Molecules. 2021, 26(19), 1-16.<\/p>\n<p>N. Sh. Nadaraia, N. N. Barbakadze, V. D. Mshvildadze, B. Sylla, J. Legault,  and A. Pichette. Synthesis and cytotoxicity of epiandrosterone hydrazones. Chemistry of Natural Compounds. 2020, 2(56), 274-277.<\/p>\n<p>Giorgi Moshiashvili, Nino Tabatadze, Vakhtang Mshvildadze. The genus Daphne: A review of its traditional uses, phytochemistry and pharmacology. Fitoterapia, 2020, 143 (6), 1-39.<\/p>\n<p>K. Mchedlidze, M. Churadze, J. Aneli, G. Moshiashvili and V. Mshvildadze. Anatomical structure of the stem and leaf of Daphne glomerata Lam. Journal of  Pharmacognosy and Phytochemistry. 2019, 8(4), 3241-3244.<\/p>\n<p>L. Kintsurashvili, K. Mchedlidze, M. Churadze, V. Mshvildadze. Microstructural specificities of Taxus bacata L. (Taxaceae). Experimental and Clinical Medicine.<br \/>\n2018, 5, 41-44.<\/p>\n<p>N.SH. Nadaia, M.L. Kakhabrishvili, N.N. Barbakadze, V.D. Mshvildadze, B. Sylla, J. Legault, A. Pichette. Synthesis and biological activity of steroidal Tigogenin<br \/>\nhydrazones and pyrazolines. Chemistry of Natural Compounds. 2018, 54, 5, 926-929.<\/p>\n<p>Kintsurashvili L., Mshvildadze V., Gorgaslidze N. Biologically active alkaloids from the  bark of Taxus baccata growing in Georgia. International Journal of<br \/>\nPharmacy and Pharmaceutical Research. 2018, 12\/ 3, 212-2014.<\/p>\n<p>E.Kemertelidze, G. Dekanosidze, V. Mshvildadze, N. Tabatadze, Z. Kemoklidze, B.Tabidze. Chemical composition and pharmaceutical effectiveness of triterpene<br \/>\nglycosides of certain plants growing in Georgia. Monograph, 2018, Georgian National Academy of Sciences, Tbilisi, Georgia.<\/p>\n<p>Fatma Pehlivan Karakasa, Arzu Ucar Turker, Alper Karakas, Vakhtang Mshvildadze, Andre Pichette, Jean Legault. In vitro cytotoxic, antibacterial, anti- inflammatory and antioxidant activities and phenolic content in wild-grown flowers of common daisy\u2014A medicinal plant. <em>Journal of Herbal Medicine<\/em>. 2017. 8, 31-39.<\/p>\n<p>M. Getia , V. Mshvildadze , A. Pichette ,G. Dekanosidze , Z. Kemoklidze. Development of Analytical Procedure for the Quantification of \u201cFatsiflogin\u201d.  <em>IOSR Journal of Pharmacy<\/em>. 2017. 7(3), pp. 96-99.<\/p>\n<p>Serge Lavoie, Isabelle C\u00f4t\u00e9, Andr\u00e9 Pichette, Charles Gauthier, Micha\u00ebl Ouellet, Francine Nagau-Lavoie,  Vakhtang Mshvildadze and Jean Legault. Chemical composition and anti-herpes 3 simplex virus type 1 (HSV-1) activity of 4 extracts from Cornus Canadensis. <em>BMC Complementary and Alternative Medicine<\/em>. 2017. DOI 10.1186\/s12906-017-1618-2. <\/p>\n<p>&nbsp;<\/p>\n<p>Simard F, Gauthier C, Legault J, Lavoie S, Mshvildadze V. et Pichette A.\u00a0Structure elucidation on anti-methicillin resistant Staphylococcus aureus\u00a0(MRSA) flavonoids from balsam poplar buds. <em>Bioorganic and Medicinal Chemistry<\/em>, 2016; 24 : 4188-4198.<\/p>\n<p>Lasha Mskhiladze, David Chincharadze, Alexis St-Gelais, Vakhtang Mshvildadze,Andr\u00e9 Pichette, Allison Ledoux, Monique Tits, Michel Fr\u00e9d\u00e9rich. Isolation and\u00a0 Identification of Steroid and Flavonoid Glycosides from the Flowers of <em>Allium <\/em><em>gramineum<\/em><em>. <\/em><em>International Journal of Pharmaceutical Sciences and Drug Research<\/em> 2016; 8(4): 240-243.<\/p>\n<p>Mshvildadze, Andr\u00e9 Pichette, Allison Ledoux, Monique Tits, Michel Fr\u00e9d\u00e9rich. Isolation and\u00a0Identification of Steroid and Flavonoid Glycosides from the Flowers of <em>Allium <\/em><em>gramineum<\/em><em>. <\/em><em>International Journal of Pharmaceutical Sciences and Drug Research<\/em>\u00a0 2016; 8(4): 240-243.<\/p>\n<p>Lavoie S, Gauthier C, Mshvildadze V, Legault J, Roger B, Pichette A. (2015). \u00a0DFT Calculations and ROESY NMR Data for the Diastereochemical Characterization of Cytotoxic Tetraterpenoids from the Oleoresin of <em>Abies balsamea<\/em>. <em>J. Nat. Prod.<\/em> 78, 2896\u22122907.<\/p>\n<p>Alexis St-Gelais, Jean Legault, Vakhtang Mshvildadze, and Andre\u0301 Pichette (2015). Dirchromones: Cytotoxic Organic Sulfur Compounds Isolated from \u00a0Dirca palustris. <em>Journal of Natural Products,<\/em>\u00a0 78(8), 1904-1909.<\/p>\n<p>Fran\u00e7ois Simard, Charles Gauthier, \u00c9ric Chiasson, Serge Lavoie, Vakhtang\u00a0 Mshvildadze, Jean Legault, and Andr\u00e9 Pichette\u00a0(2015). Antibacterial Balsacones J\u2013M,\u00a0<a href=\"https:\/\/pubs.acs.org\/doi\/abs\/10.1021\/acs.jnatprod.5b00155\"><span style=\"text-decoration: underline\"><span style=\"color: #0066cc\">Hydroxycinnamoylated dihydrochalcones from <em>Populus balsamifera<\/em><\/span><span style=\"color: #0066cc\"> buds<\/span><\/span><\/a>.\u00a0 <em>Journal of\u00a0\u00a0<\/em><em>Natural Products.<\/em>\u00a0 78, 1147-1153.<\/p>\n<p>Balla Sylla, Charles Gauthier, Jean Legault, Pierre-Yves Fleury, Serge Lavoie, Vakhtang Mshvildadze, Tamar Muzashvili, Eter Kemertelidze, Andr\u00e9 Pichette (\u00a02014) .\u00a0Isolation of a New Disaccharide Nucleoside from <em>Helleborus caucasicus<\/em>: Structure \u00a0Elucidation and Total Synthesis of Hellecaucaside A and its \u03b2-Anomer. <em>Carbohydrate Research<\/em> , 398, 80-89.<\/p>\n<p>Oueslati, Samia; Ksouri, Riadh; Pichette, Andre; Lavoie, Serge; Girard-Lalancette, Karl; Mshvildadze, Vakhtang; Abdelly, Chedly; Legault, Jean ( 2014 ). A new flavonol glycoside from the medicinal halophyte <em>Suaeda\u00a0\u00a0 fruticosa<\/em>. <em>Natural Product\u00a0\u00a0Research <\/em>, Vol. 28, No. 13, 960\u2013966.<\/p>\n<p>Serge Lavoie, Charles Gauthier, Jean Legault, Sylvain Mercier,\u00a0Vakhtang Mshvildadze and Andr\u00e9 Pichette (2013). Lanostane- and cycloartane-type\u00a0triterpenoids from <em>Abies balsamea <\/em>oleoresin. <em>Beilstein Journal of Organic\u00a0 <\/em><em>Chemistry<\/em> , <em>9, <\/em>1333\u20131339.<\/p>\n<p class=\"lastNode\">Saha S., Kocaefe D., Boluk Y., Mshvildadze V., Legault J., Pichette A. (2013). Boreal forest conifer extracts: potential natural additives for acrylic polyurethane coatings for the protection of heat-treated jack pine. <em>J. Coat. Technol. Res<\/em>., 10 (1), 109-122.<\/p>\n<p class=\"lastNode\">Lavoie S., Legault J., Gauthier C., Mshvildadze V., Mercier S., Pichette A. (2012). Abibalsamins A and B, two new tetraterpenoids from <em>Abies balsamea<\/em> oleoresin. <em>Organic Letters<\/em>, 14 (6), 1504-1507.<\/p>\n<p class=\"lastNode\">Bellila A., Tremblay C., Pichette A., Marzouk B., Mshvildadze V., Lavoie S. (2011). Cytotoxic activity of withanolides isolated from tunisian <em>Datura metel<\/em> L. <em>Phytochemistry<\/em>, 72 (16), 2031-2036.<\/p>\n<p class=\"lastNode\">Legault J., Perron T., Mshvildadze V., Girard-Lalancette K., Perron S., Laprise C. (2011). Antioxidant and anti-inflammatory activities of quercetin 7-O-b\u00eata-D-glucanopyranoside from the leaves of <em>Brasenia schreberi<\/em>. <em>Journal of medicinal food<\/em>, 14 (10), 1127-1134.<\/p>\n<p>Pichette A., Eftekhari A., Georges P., Lavoie S., Mshvildadze V. and Legault J. (2010). Cytotoxic phenolic compounds in leaf buds of <em>Populus tremuloides<\/em>. <em>Canadian Journal of Chemistry<\/em>, 88 (2), 104-110.<\/p>\n<p>Gauthier C., Legault J., Girard-Lalancette K., Mshvildadze V., Pichette A. (2009). Haemolitic activity, cytotoxicity, and membrane cell permeabilization of semi-synthetic and natural lupane and oleanane-type saponins. <em>Bioorganic &amp; Medicinal Chemistry<\/em>, 17 (5), 2002-2008.<\/p>\n","protected":false},"excerpt":{"rendered":"<p>Teona Korkotadze, Dali Berashvili, Sopio Gokadze, Malkhaz Jokhadze, Anna Bozhadze, Tsiala Gviniashvili, Malkhaz Getia, Andr\u00e9 Pichette, Jean Legault and Vakhtang Mshvildadze. Phytochemical Characterization of the Aerial Parts of Teucrium nuchense K. Koch: An Endemic Species of Caucasian Flora. The Natural Products Journal. 2024. Accepted. Nanuli Nadaraia, Meri Kakhabrishvili, Nana Barbakadze, Vakhtang Mshvildadze, Jean Legault, Karen &hellip; <a href=\"https:\/\/portfolio.uqac.ca\/vakhtangmshvildadze\/publications\/\" class=\"more-link\">Continuer la lecture de <span class=\"screen-reader-text\">Publications choisies<\/span>  <span class=\"meta-nav\">&rarr;<\/span><\/a><\/p>\n","protected":false},"author":233,"featured_media":0,"parent":0,"menu_order":0,"comment_status":"closed","ping_status":"closed","template":"","meta":{"footnotes":""},"tags":[],"_links":{"self":[{"href":"https:\/\/portfolio.uqac.ca\/vakhtangmshvildadze\/wp-json\/wp\/v2\/pages\/20"}],"collection":[{"href":"https:\/\/portfolio.uqac.ca\/vakhtangmshvildadze\/wp-json\/wp\/v2\/pages"}],"about":[{"href":"https:\/\/portfolio.uqac.ca\/vakhtangmshvildadze\/wp-json\/wp\/v2\/types\/page"}],"author":[{"embeddable":true,"href":"https:\/\/portfolio.uqac.ca\/vakhtangmshvildadze\/wp-json\/wp\/v2\/users\/233"}],"replies":[{"embeddable":true,"href":"https:\/\/portfolio.uqac.ca\/vakhtangmshvildadze\/wp-json\/wp\/v2\/comments?post=20"}],"version-history":[{"count":25,"href":"https:\/\/portfolio.uqac.ca\/vakhtangmshvildadze\/wp-json\/wp\/v2\/pages\/20\/revisions"}],"predecessor-version":[{"id":149,"href":"https:\/\/portfolio.uqac.ca\/vakhtangmshvildadze\/wp-json\/wp\/v2\/pages\/20\/revisions\/149"}],"wp:attachment":[{"href":"https:\/\/portfolio.uqac.ca\/vakhtangmshvildadze\/wp-json\/wp\/v2\/media?parent=20"}],"wp:term":[{"taxonomy":"post_tag","embeddable":true,"href":"https:\/\/portfolio.uqac.ca\/vakhtangmshvildadze\/wp-json\/wp\/v2\/tags?post=20"}],"curies":[{"name":"wp","href":"https:\/\/api.w.org\/{rel}","templated":true}]}}