{"id":27,"date":"2012-07-24T12:57:18","date_gmt":"2012-07-24T12:57:18","guid":{"rendered":"http:\/\/portfolio-pre.uqac.ca\/gabarit\/?page_id=27"},"modified":"2018-11-01T09:48:27","modified_gmt":"2018-11-01T13:48:27","slug":"formationacademique","status":"publish","type":"page","link":"https:\/\/portfolio.uqac.ca\/vakhtangmshvildadze\/formationacademique\/","title":{"rendered":"Formation acad\u00e9mique"},"content":{"rendered":"<ul>\n<li>\u00c9tudes post-doctorales \u00e0 l&#8217;Universit\u00e9\u00a0Aix-Marseille ( Marseille, France),\u00a0 \u00e0 \u00a0l&#8217;Universit\u00e9\u00a0 de Clermont-Ferrand I (Clermont-Ferrand , France), \u00a0\u00e0 l&#8217;Institut de Chimie Pharmaceutique (Graz\u00a0, Autriche ) et \u00e0 l&#8217;UQAC (Chicoutimi, Qc, Canada);<\/li>\n<\/ul>\n<ul>\n<li>Ph. D. en Pharmacognosie-Chimie Pharmaceutique\u00a0(Institut de Pharmacochimie, l&#8217;Universit\u00e9 M\u00e9dicale de Tbilissi, G\u00e9orgie);<\/li>\n<\/ul>\n<ul>\n<li>Bac. et M. Sc. en Pharmacie (Facult\u00e9 de Pharmacie, Universit\u00e9 M\u00e9dicale de Tbilissi, G\u00e9orgie).<\/li>\n<\/ul>\n","protected":false},"excerpt":{"rendered":"<p>\u00c9tudes post-doctorales \u00e0 l&#8217;Universit\u00e9\u00a0Aix-Marseille ( Marseille, France),\u00a0 \u00e0 \u00a0l&#8217;Universit\u00e9\u00a0 de Clermont-Ferrand I (Clermont-Ferrand , France), \u00a0\u00e0 l&#8217;Institut de Chimie Pharmaceutique (Graz\u00a0, Autriche ) et \u00e0 l&#8217;UQAC (Chicoutimi, Qc, Canada); Ph. D. en Pharmacognosie-Chimie Pharmaceutique\u00a0(Institut de Pharmacochimie, l&#8217;Universit\u00e9 M\u00e9dicale de Tbilissi, G\u00e9orgie); Bac. et M. Sc. en Pharmacie (Facult\u00e9 de Pharmacie, Universit\u00e9 M\u00e9dicale de Tbilissi, G\u00e9orgie).<\/p>\n","protected":false},"author":233,"featured_media":0,"parent":0,"menu_order":0,"comment_status":"closed","ping_status":"closed","template":"","meta":{"footnotes":""},"tags":[],"_links":{"self":[{"href":"https:\/\/portfolio.uqac.ca\/vakhtangmshvildadze\/wp-json\/wp\/v2\/pages\/27"}],"collection":[{"href":"https:\/\/portfolio.uqac.ca\/vakhtangmshvildadze\/wp-json\/wp\/v2\/pages"}],"about":[{"href":"https:\/\/portfolio.uqac.ca\/vakhtangmshvildadze\/wp-json\/wp\/v2\/types\/page"}],"author":[{"embeddable":true,"href":"https:\/\/portfolio.uqac.ca\/vakhtangmshvildadze\/wp-json\/wp\/v2\/users\/233"}],"replies":[{"embeddable":true,"href":"https:\/\/portfolio.uqac.ca\/vakhtangmshvildadze\/wp-json\/wp\/v2\/comments?post=27"}],"version-history":[{"count":10,"href":"https:\/\/portfolio.uqac.ca\/vakhtangmshvildadze\/wp-json\/wp\/v2\/pages\/27\/revisions"}],"predecessor-version":[{"id":124,"href":"https:\/\/portfolio.uqac.ca\/vakhtangmshvildadze\/wp-json\/wp\/v2\/pages\/27\/revisions\/124"}],"wp:attachment":[{"href":"https:\/\/portfolio.uqac.ca\/vakhtangmshvildadze\/wp-json\/wp\/v2\/media?parent=27"}],"wp:term":[{"taxonomy":"post_tag","embeddable":true,"href":"https:\/\/portfolio.uqac.ca\/vakhtangmshvildadze\/wp-json\/wp\/v2\/tags?post=27"}],"curies":[{"name":"wp","href":"https:\/\/api.w.org\/{rel}","templated":true}]}}