{"id":4,"date":"2012-07-23T17:46:31","date_gmt":"2012-07-23T17:46:31","guid":{"rendered":"http:\/\/portfolio-pre.uqac.ca\/gabarit\/?page_id=4"},"modified":"2025-01-29T13:59:50","modified_gmt":"2025-01-29T18:59:50","slug":"presentatio","status":"publish","type":"page","link":"https:\/\/portfolio.uqac.ca\/vakhtangmshvildadze\/","title":{"rendered":"Pr\u00e9sentation"},"content":{"rendered":"<h2>Vakhtang Mshvildadze<\/h2>\n<p>Professeur au D\u00e9partement des Sciences Fondamentales<\/p>\n<h2>Champs d&#8217;int\u00e9r\u00eat<\/h2>\n<ul>\n<li>Pharmacognosie-Phytochimie.<\/li>\n<li>Plantes m\u00e9dicinales et produits naturels bioactives de m\u00e9dicine traditionnelle d&#8217;Am\u00e9rique du Nord.<\/li>\n<li>d\u00e9veloppent des produits pharmaceutiques ou cosm\u00e9tiques a base des sources naturels.\n<li>\n","protected":false},"excerpt":{"rendered":"<p>Vakhtang Mshvildadze Professeur au D\u00e9partement des Sciences Fondamentales Champs d&#8217;int\u00e9r\u00eat Pharmacognosie-Phytochimie. Plantes m\u00e9dicinales et produits naturels bioactives de m\u00e9dicine traditionnelle d&#8217;Am\u00e9rique du Nord. d\u00e9veloppent des produits pharmaceutiques ou cosm\u00e9tiques a base des sources naturels.<\/p>\n","protected":false},"author":233,"featured_media":0,"parent":0,"menu_order":0,"comment_status":"closed","ping_status":"closed","template":"","meta":{"footnotes":""},"tags":[7,6],"_links":{"self":[{"href":"https:\/\/portfolio.uqac.ca\/vakhtangmshvildadze\/wp-json\/wp\/v2\/pages\/4"}],"collection":[{"href":"https:\/\/portfolio.uqac.ca\/vakhtangmshvildadze\/wp-json\/wp\/v2\/pages"}],"about":[{"href":"https:\/\/portfolio.uqac.ca\/vakhtangmshvildadze\/wp-json\/wp\/v2\/types\/page"}],"author":[{"embeddable":true,"href":"https:\/\/portfolio.uqac.ca\/vakhtangmshvildadze\/wp-json\/wp\/v2\/users\/233"}],"replies":[{"embeddable":true,"href":"https:\/\/portfolio.uqac.ca\/vakhtangmshvildadze\/wp-json\/wp\/v2\/comments?post=4"}],"version-history":[{"count":18,"href":"https:\/\/portfolio.uqac.ca\/vakhtangmshvildadze\/wp-json\/wp\/v2\/pages\/4\/revisions"}],"predecessor-version":[{"id":154,"href":"https:\/\/portfolio.uqac.ca\/vakhtangmshvildadze\/wp-json\/wp\/v2\/pages\/4\/revisions\/154"}],"wp:attachment":[{"href":"https:\/\/portfolio.uqac.ca\/vakhtangmshvildadze\/wp-json\/wp\/v2\/media?parent=4"}],"wp:term":[{"taxonomy":"post_tag","embeddable":true,"href":"https:\/\/portfolio.uqac.ca\/vakhtangmshvildadze\/wp-json\/wp\/v2\/tags?post=4"}],"curies":[{"name":"wp","href":"https:\/\/api.w.org\/{rel}","templated":true}]}}