{"id":46,"date":"2012-07-24T14:17:13","date_gmt":"2012-07-24T14:17:13","guid":{"rendered":"http:\/\/portfolio-pre.uqac.ca\/gabarit\/?page_id=46"},"modified":"2025-01-29T13:51:33","modified_gmt":"2025-01-29T18:51:33","slug":"recherche","status":"publish","type":"page","link":"https:\/\/portfolio.uqac.ca\/vakhtangmshvildadze\/recherche\/","title":{"rendered":"Th\u00e8mes de recherche"},"content":{"rendered":"<ul>\n<li>Expertise pharmaceutique de plantes m\u00e9dicinales;<\/li>\n<\/ul>\n<ul>\n<li>Valorisation pharmaceutique des plantes utilis\u00e9es par la m\u00e9decine traditionnelle en Am\u00e9rique du Nord;<\/li>\n<\/ul>\n<ul>\n<li>Standardisation pharmaceutique des produits naturels bioactives isol\u00e9s de plantes end\u00e9miques de la flore bor\u00e9al Canadienne.<\/li>\n<\/ul>\n","protected":false},"excerpt":{"rendered":"<p>Expertise pharmaceutique de plantes m\u00e9dicinales; Valorisation pharmaceutique des plantes utilis\u00e9es par la m\u00e9decine traditionnelle en Am\u00e9rique du Nord; Standardisation pharmaceutique des produits naturels bioactives isol\u00e9s de plantes end\u00e9miques de la flore bor\u00e9al Canadienne.<\/p>\n","protected":false},"author":233,"featured_media":0,"parent":0,"menu_order":0,"comment_status":"closed","ping_status":"closed","template":"","meta":{"footnotes":""},"tags":[],"_links":{"self":[{"href":"https:\/\/portfolio.uqac.ca\/vakhtangmshvildadze\/wp-json\/wp\/v2\/pages\/46"}],"collection":[{"href":"https:\/\/portfolio.uqac.ca\/vakhtangmshvildadze\/wp-json\/wp\/v2\/pages"}],"about":[{"href":"https:\/\/portfolio.uqac.ca\/vakhtangmshvildadze\/wp-json\/wp\/v2\/types\/page"}],"author":[{"embeddable":true,"href":"https:\/\/portfolio.uqac.ca\/vakhtangmshvildadze\/wp-json\/wp\/v2\/users\/233"}],"replies":[{"embeddable":true,"href":"https:\/\/portfolio.uqac.ca\/vakhtangmshvildadze\/wp-json\/wp\/v2\/comments?post=46"}],"version-history":[{"count":8,"href":"https:\/\/portfolio.uqac.ca\/vakhtangmshvildadze\/wp-json\/wp\/v2\/pages\/46\/revisions"}],"predecessor-version":[{"id":151,"href":"https:\/\/portfolio.uqac.ca\/vakhtangmshvildadze\/wp-json\/wp\/v2\/pages\/46\/revisions\/151"}],"wp:attachment":[{"href":"https:\/\/portfolio.uqac.ca\/vakhtangmshvildadze\/wp-json\/wp\/v2\/media?parent=46"}],"wp:term":[{"taxonomy":"post_tag","embeddable":true,"href":"https:\/\/portfolio.uqac.ca\/vakhtangmshvildadze\/wp-json\/wp\/v2\/tags?post=46"}],"curies":[{"name":"wp","href":"https:\/\/api.w.org\/{rel}","templated":true}]}}