{"id":167,"date":"2021-05-20T15:09:25","date_gmt":"2021-05-20T19:09:25","guid":{"rendered":"http:\/\/portfolio-pre.uqac.ca\/gabarit\/?page_id=167"},"modified":"2021-06-14T14:15:55","modified_gmt":"2021-06-14T18:15:55","slug":"autres-publications","status":"publish","type":"page","link":"https:\/\/portfolio.uqac.ca\/veroniqueroberge\/autres-publications\/","title":{"rendered":"Communications"},"content":{"rendered":"<p>Olivier d&#8217;Avignon, M., Couture, V., Roberge, V., &amp; Tapp, D. (2020). <em>Cartographie des connaissances par rapport \u00e0 l&#8217;offre de soins palliatifs p\u00e9rinataux dans le cadre d&#8217;un diagnostic ant\u00e9natal avec pronostic r\u00e9serv\u00e9<\/em>. Communication pr\u00e9sent\u00e9e au 30i\u00e8me congr\u00e8s annuel Association Qu\u00e9b\u00e9coise de soins palliatifs, Saint-Hyacinthe, Canada.<\/p>\n<p>Dauwe, V., Roberge, V., &amp; Poitras, M-E. (2019). <em>L&#8217;\u00e9quipe d&#8217;intervention rapide dans un contexte hospitalier supra-r\u00e9gional: une \u00e9tude de cas unique<\/em>. Communication pr\u00e9sent\u00e9e \u00e0 la\u00a0 Journ\u00e9e scientifique du Centre intersectoriel en sant\u00e9 durable, Chicoutimi, Canada.<\/p>\n<p>Toupin, I., Roberge, V., &amp; Ouellet, N.\u00a0(2018). <em>La gestion familiale des soins \u00e0 l&#8217;adolescent vivant avec une maladie chronique en milieu rural<\/em>. Communication pr\u00e9sent\u00e9e au Congr\u00e8s mondial du SIDIIEF, Bordeaux, France.<\/p>\n<p>B\u00e9rub\u00e9, S., Bouchard, A., &amp; Roberge, V. (2018). <em>La recherche en soins palliatifs p\u00e9diatriques: programme d&#8217;interventions cliniques interdisciplinaire afin de pr\u00e9venir et r\u00e9tablir les s\u00e9quelles biopsychosociales et spirituelles d&#8217;un cancer chez l&#8217;enfant et sa famille<\/em>.\u00a0Communication pr\u00e9sent\u00e9e au Congr\u00e8s annuel de l&#8217;Association qu\u00e9b\u00e9coise de soins palliatifs, Drumondville, Canada.<\/p>\n<p>Roberge, V. (2017). <em>Imagine une fois &#8230; <\/em>Communication pr\u00e9sent\u00e9e \u00e0 l&#8217;Universit\u00e9 populaire de l&#8217;Universit\u00e9 du Qu\u00e9bec \u00e0 Chicoutimi, Saguenay, Canada.<\/p>\n<p>Godin, M-P,\u00ad Roberge, V.,\u00a0 &amp; Tremblay, M. (2015). <em>L&#8217;espoir v\u00e9cu par les parents ayant un enfant atteint de la fibrose kystique.<\/em> Communication pr\u00e9sent\u00e9e au Colloque en sciences infirmi\u00e8res, Jonqui\u00e8re, Canada.<\/p>\n<p>Roberge, V., &amp; Simard, C. (2015). Q<em>uand la mort est une \u00e9ventualit\u00e9: de la reconnaissance de l&#8217;enfant et sa famille \u00e0 leur consid\u00e9ration.\u00a0<\/em>Communication pr\u00e9sent\u00e9e au Colloque en sciences infirmi\u00e8res, Jonqui\u00e8re, Canada.<\/p>\n<p>Godin, M-P., Roberge, V., &amp; Tremblay, M. (2015). <em>L&#8217;espoir v\u00e9cu par les parents ayant un enfant atteint de la fibrose kystique.\u00a0<\/em> Communication pr\u00e9sent\u00e9e au Colloque provincial des comit\u00e9s de programmes de deuxi\u00e8me cycle en sciences infirmi\u00e8res des Universit\u00e9s du Qu\u00e9bec, Montr\u00e9al, Canada.<\/p>\n<p>Godin, M-P., Roberge, V., &amp; Tremblay, M. (2015). <em>L&#8217;espoir v\u00e9cu par les parents ayant un enfant atteint de la fibrose kystique<\/em>. Communication pr\u00e9sent\u00e9e au\u00a0Congr\u00e8s de l&#8217;ACFAS, Rimouski, Canada.<\/p>\n<p>Godin, M-P., Roberge, V., &amp; Tremblay, M. (2014). <em>L&#8217;espoir v\u00e9cu par les parents ayant un enfant atteint de la\u00a0fibrose kystique<\/em>. Communication pr\u00e9sent\u00e9e au\u00a0Colloque en sciences infirmi\u00e8res, Jonqui\u00e8re, Canada.<\/p>\n<p>Lavoie, M., &amp; Roberge, V. (2013). <em>Commenter documenter l\u2019exp\u00e9rience de la maladie du point de vue de la personne malade : mieux comprendre les exp\u00e9riences v\u00e9cues de l\u2019autonomie et de l\u2019espoir selon une approche ph\u00e9nom\u00e9nologique<\/em>. Communication pr\u00e9sent\u00e9e au\u00a02i\u00e8me congr\u00e8s international francophone de soins palliatifs et\u00a0 au 23i\u00e8me congr\u00e8s annuel du r\u00e9seau de soins palliatifs du Qu\u00e9bec, Montr\u00e9al, Canada.<\/p>\n<p>Bouchard, J-B., &amp; Roberge, V. (2013). <em>Soins palliatifs p\u00e9diatriques<\/em>.\u00a0Communication pr\u00e9sent\u00e9e \u00e0 Palli-Aide colloque r\u00e9gional en soins palliatifs, Saguenay, Canada.<\/p>\n<p>Roberge, V., &amp; Olivier d&#8217;Avignon, M. (2013). <em>La recherche aupr\u00e8s d\u2019enfants en contexte de soins palliatifs : d\u00e9fis, enjeux et strat\u00e9gies<\/em>. Communication pr\u00e9sent\u00e9e au 7i\u00e8me colloque annuel en sciences infirmi\u00e8res de l\u2019Universit\u00e9 du Qu\u00e9bec \u00e0 Chicoutimi, Saguenay, Canada.<\/p>\n<p>Roberge, V., &amp; Olivier d&#8217;Avignon, M. (2012). <em>La recherche aupr\u00e8s des enfants en contexte de soins palliatifs : D\u00e9fis, enjeux et strat\u00e9gies<\/em>. Communication pr\u00e9sent\u00e9e au 22i\u00e8me congr\u00e8s annuel du R\u00e9seau de soins palliatifs du Qu\u00e9bec, Saint-Hyacinthe, Canada<\/p>\n<p>Roberge, V., Blondeau, D., &amp; Lavoie, M. (2012). <em>Influencer l\u2019exp\u00e9rience de l\u2019espoir v\u00e9cue par des enfants atteints d\u2019un cancer.<\/em> Communication pr\u00e9sent\u00e9e au 6i\u00e8me colloque en sciences infirmi\u00e8res de l\u2019Universit\u00e9 du Qu\u00e9bec \u00e0 Chicoutimi, Saguenay, Canada.<\/p>\n<p>Roberge, V., Blondeau, D., &amp; Lavoie, M. (2011). <em>L\u2019exp\u00e9rience de l\u2019espoir aupr\u00e8s d\u2019enfants atteints d\u2019un cancer : relation entre le pass\u00e9, le pr\u00e9sent et le futur.<\/em> Communication pr\u00e9sent\u00e9e au 79i\u00e8me Congr\u00e8s de l\u2019ACFAS, Universit\u00e9 de Sherbrooke, Sherbrooke, Canada<\/p>\n<p>Roberge, V., Blondeau, D, &amp; Lavoie, M. (2011). <em>Exp\u00e9rience de l\u2019espoir v\u00e9cue aupr\u00e8s des enfants atteints d\u2019un cancer<\/em>. Communication pr\u00e9sent\u00e9e \u00e0 l&#8217;\u00c9quipe de recherche de la maison Michel-Sarrazin, Qu\u00e9bec, Canada.<\/p>\n<p>Blondeau, D., Vonarx, N., Roy, L., Roberge, V., &amp; Roberge, G. (2010). Une d\u00e9finition de la souffrance existentielle : r\u00e9sultats pr\u00e9liminaires. Communication pr\u00e9sent\u00e9e au 18i\u00e8me Congr\u00e8s international sur les soins palliatifs, Palais des Congr\u00e8s, Montr\u00e9al, Canada.<\/p>\n<p>Roberge, V., Blondeau, D., &amp; Lavoie, M. (2010). <em>Exp\u00e9rience de l\u2019espoir v\u00e9cue par des enfants atteints d\u2019un cancer : une \u00e9tude ph\u00e9nom\u00e9nologique<\/em>.\u00a0Communication pr\u00e9sent\u00e9e au Congr\u00e8s annuel de l\u2019Ordre des infirmi\u00e8res et infirmiers du Qu\u00e9bec, Montr\u00e9al, Canada<\/p>\n<p>Roberge, V., Blondeau, D.,\u00a0&amp; Lavoie, M. (2010). <em>L\u2019exp\u00e9rience de l\u2019espoir v\u00e9cue par des enfants atteints d\u2019un cancer : r\u00e9sultats pr\u00e9liminaires<\/em>. Communication pr\u00e9sent\u00e9e au 20i\u00e8me Congr\u00e8s du R\u00e9seau de soins palliatifs du Qu\u00e9bec, Qu\u00e9bec, Canada.<\/p>\n<p>Roberge, V., Blondeau, D., &amp; Lavoie, M. (2009). <em>L\u2019espoir chez les enfants atteints d\u2019un cancer.<\/em> Communication pr\u00e9sent\u00e9e \u00e0 la 8i\u00e8me Journ\u00e9e de sociologie de l\u2019enfance, Qu\u00e9bec, Canada.<\/p>\n<p>Roberge, V., Blondeau, D., &amp; Lavoie, M. (2009). <em>\u00c9tude de l\u2019exp\u00e9rience de l\u2019espoir chez les enfants \u00e2g\u00e9s de 10 \u00e0 14 ans et atteints d\u2019un cancer<\/em>. Communication pr\u00e9sent\u00e9e au IVe Congr\u00e8s des infirmi\u00e8res et infirmiers francophones : Le savoir infirmier, promoteur du d\u00e9veloppement humain, Marrakech, Maroc.<\/p>\n<p>Roberge, V., Blondeau, D., &amp; Lavoie, M. (2008). <em>\u00c9tude de l\u2019exp\u00e9rience de l\u2019espoir chez les enfants \u00e2g\u00e9s et atteints d\u2019un cancer<\/em>. Communication pr\u00e9sent\u00e9e \u00e0 la Journ\u00e9e scientifique du Programme strat\u00e9gique de formation en recherche dans le domaine des soins palliatifs, Montr\u00e9al, Canada.<\/p>\n<p>Blondeau, D., Lavoie, M., Vonarx, N., &amp; Roberge, V. (2008). <em>\u00c9tude de l\u2019exp\u00e9rience de l\u2019espoir chez les enfants \u00e2g\u00e9s de 10 \u00e0 14 ans et atteints d\u2019un cancer.<\/em> Communication pr\u00e9sent\u00e9e \u00e0 la Journ\u00e9e scientifique \u00e0 l\u2019\u00e9cole des sciences infirmi\u00e8res de l\u2019Universit\u00e9 McGill ayant pour titre \u00ab Ethically speaking \u2013 the moral dilemmas of nursing leadership and practice, Montr\u00e9al, Canada.<\/p>\n<p>Roberge, V., &amp; Patenaude, H. (2007). <em>Les interventions infirmi\u00e8res utiles visant \u00e0 promouvoir le r\u00f4le et la place de parent \u00e0 l\u2019unit\u00e9 n\u00e9onatale : perceptions de parents d\u2019enfants pr\u00e9matur\u00e9s et d\u2019infirmi\u00e8res.<\/em> Communication pr\u00e9sent\u00e9e au Congr\u00e8s de l&#8217;ACFAS, Trois-Rivi\u00e8res, Canada.<\/p>\n","protected":false},"excerpt":{"rendered":"<p>Olivier d&#8217;Avignon, M., Couture, V., Roberge, V., &amp; Tapp, D. (2020). Cartographie des connaissances par rapport \u00e0 l&#8217;offre de soins palliatifs p\u00e9rinataux dans le cadre d&#8217;un diagnostic ant\u00e9natal avec pronostic r\u00e9serv\u00e9. Communication pr\u00e9sent\u00e9e au 30i\u00e8me congr\u00e8s annuel Association Qu\u00e9b\u00e9coise de soins palliatifs, Saint-Hyacinthe, Canada. Dauwe, V., Roberge, V., &amp; Poitras, M-E. (2019). L&#8217;\u00e9quipe d&#8217;intervention rapide &hellip; <a href=\"https:\/\/portfolio.uqac.ca\/veroniqueroberge\/autres-publications\/\" class=\"more-link\">Continuer la lecture de <span class=\"screen-reader-text\">Communications<\/span>  <span class=\"meta-nav\">&rarr;<\/span><\/a><\/p>\n","protected":false},"author":317,"featured_media":0,"parent":0,"menu_order":0,"comment_status":"closed","ping_status":"closed","template":"","meta":{"footnotes":""},"tags":[],"_links":{"self":[{"href":"https:\/\/portfolio.uqac.ca\/veroniqueroberge\/wp-json\/wp\/v2\/pages\/167"}],"collection":[{"href":"https:\/\/portfolio.uqac.ca\/veroniqueroberge\/wp-json\/wp\/v2\/pages"}],"about":[{"href":"https:\/\/portfolio.uqac.ca\/veroniqueroberge\/wp-json\/wp\/v2\/types\/page"}],"author":[{"embeddable":true,"href":"https:\/\/portfolio.uqac.ca\/veroniqueroberge\/wp-json\/wp\/v2\/users\/317"}],"replies":[{"embeddable":true,"href":"https:\/\/portfolio.uqac.ca\/veroniqueroberge\/wp-json\/wp\/v2\/comments?post=167"}],"version-history":[{"count":9,"href":"https:\/\/portfolio.uqac.ca\/veroniqueroberge\/wp-json\/wp\/v2\/pages\/167\/revisions"}],"predecessor-version":[{"id":245,"href":"https:\/\/portfolio.uqac.ca\/veroniqueroberge\/wp-json\/wp\/v2\/pages\/167\/revisions\/245"}],"wp:attachment":[{"href":"https:\/\/portfolio.uqac.ca\/veroniqueroberge\/wp-json\/wp\/v2\/media?parent=167"}],"wp:term":[{"taxonomy":"post_tag","embeddable":true,"href":"https:\/\/portfolio.uqac.ca\/veroniqueroberge\/wp-json\/wp\/v2\/tags?post=167"}],"curies":[{"name":"wp","href":"https:\/\/api.w.org\/{rel}","templated":true}]}}