{"id":18,"date":"2021-05-20T15:09:25","date_gmt":"2021-05-20T19:09:25","guid":{"rendered":"http:\/\/portfolio-pre.uqac.ca\/gabarit\/?page_id=18"},"modified":"2021-06-14T13:30:16","modified_gmt":"2021-06-14T17:30:16","slug":"enseignement","status":"publish","type":"page","link":"https:\/\/portfolio.uqac.ca\/veroniqueroberge\/enseignement\/","title":{"rendered":"Enseignement"},"content":{"rendered":"<p>Au <a href=\"https:\/\/www.uqac.ca\/programme\/7452\/\">baccalaur\u00e9at en sciences infirmi\u00e8res (volet int\u00e9gr\u00e9)<\/a> et\/ou au <a href=\"https:\/\/www.uqac.ca\/programme\/7450\/\">baccalaur\u00e9at en sciences infirmi\u00e8res (cheminement initial)<\/a>  :<\/p>\n<ul>\n<li><span style=\"line-height: 1.5;\"><a href=\"https:\/\/cours.uqac.ca\/SSOI450\">SSOI450<\/a> : Pratique infirmi\u00e8re et probl\u00e8mes de sant\u00e9 courants : consolidation <\/li>\n<p><\/span><\/p>\n<li><span style=\"line-height: 1.5;\"><a href=\"https:\/\/cours.uqac.ca\/SSOI477\">SSOI477<\/a> : Pratique infirmi\u00e8re en soins palliatifs<\/a><br \/>\n<\/span><\/li>\n<\/ul>\n<p>Responsable du plan de cours :<\/p>\n<ul>\n<li><a href=\"https:\/\/cours.uqac.ca\/SSOI402\">SSOI402<\/a> : Aspects \u00e9thiques et l\u00e9gaux dans la pratique infirmi\u00e8re<\/li>\n<\/ul>\n<p>\u00c0 la <a href=\"https:\/\/www.uqac.ca\/programme\/3576-maitrise-en-sciences-infirmieres\/\">Ma\u00eetrise en sciences infirmi\u00e8res (profil recherche)<\/a>, \u00e0 la <a href=\"https:\/\/www.uqac.ca\/programme\/2210\/\">Ma\u00eetrise en sciences infirmi\u00e8res (profil clinique)<\/a> et au <a href=\"https:\/\/www.uqac.ca\/programme\/2299\/\">Dipl\u00f4me d&#8217;\u00e9tudes sup\u00e9rieures sp\u00e9cialis\u00e9es en sciences infirmi\u00e8res (IPS soins de premi\u00e8re ligne)<\/a> :<\/p>\n<ul>\n<li><span style=\"line-height: 1.5;\"><a href=\"https:\/\/cours.uqac.ca\/MSI6043S\">MSI6043S<\/a> : Sant\u00e9 familiale et pratique infirmi\u00e8re avanc\u00e9e<\/li>\n<p><\/span><\/p>\n<li><span style=\"line-height: 1.5;\"><a href=\"https:\/\/cours.uqac.ca\/MSI6015S\">MSI6015S<\/a> : Sujets sp\u00e9ciaux en pratique avanc\u00e9e I<\/li>\n<p><\/span><\/p>\n<li><span style=\"line-height: 1.5;\"><a href=\"https:\/\/cours.uqac.ca\/MSI6016S\">MSI6016S<\/a> : Sujets sp\u00e9ciaux en pratique avanc\u00e9e II <\/li>\n<p><\/span>\n<\/ul>\n","protected":false},"excerpt":{"rendered":"<p>Au baccalaur\u00e9at en sciences infirmi\u00e8res (volet int\u00e9gr\u00e9) et\/ou au baccalaur\u00e9at en sciences infirmi\u00e8res (cheminement initial) : SSOI450 : Pratique infirmi\u00e8re et probl\u00e8mes de sant\u00e9 courants : consolidation SSOI477 : Pratique infirmi\u00e8re en soins palliatifs Responsable du plan de cours : SSOI402 : Aspects \u00e9thiques et l\u00e9gaux dans la pratique infirmi\u00e8re \u00c0 la Ma\u00eetrise en sciences &hellip; <a href=\"https:\/\/portfolio.uqac.ca\/veroniqueroberge\/enseignement\/\" class=\"more-link\">Continuer la lecture de <span class=\"screen-reader-text\">Enseignement<\/span>  <span class=\"meta-nav\">&rarr;<\/span><\/a><\/p>\n","protected":false},"author":317,"featured_media":0,"parent":0,"menu_order":0,"comment_status":"closed","ping_status":"closed","template":"","meta":{"footnotes":""},"tags":[],"_links":{"self":[{"href":"https:\/\/portfolio.uqac.ca\/veroniqueroberge\/wp-json\/wp\/v2\/pages\/18"}],"collection":[{"href":"https:\/\/portfolio.uqac.ca\/veroniqueroberge\/wp-json\/wp\/v2\/pages"}],"about":[{"href":"https:\/\/portfolio.uqac.ca\/veroniqueroberge\/wp-json\/wp\/v2\/types\/page"}],"author":[{"embeddable":true,"href":"https:\/\/portfolio.uqac.ca\/veroniqueroberge\/wp-json\/wp\/v2\/users\/317"}],"replies":[{"embeddable":true,"href":"https:\/\/portfolio.uqac.ca\/veroniqueroberge\/wp-json\/wp\/v2\/comments?post=18"}],"version-history":[{"count":13,"href":"https:\/\/portfolio.uqac.ca\/veroniqueroberge\/wp-json\/wp\/v2\/pages\/18\/revisions"}],"predecessor-version":[{"id":256,"href":"https:\/\/portfolio.uqac.ca\/veroniqueroberge\/wp-json\/wp\/v2\/pages\/18\/revisions\/256"}],"wp:attachment":[{"href":"https:\/\/portfolio.uqac.ca\/veroniqueroberge\/wp-json\/wp\/v2\/media?parent=18"}],"wp:term":[{"taxonomy":"post_tag","embeddable":true,"href":"https:\/\/portfolio.uqac.ca\/veroniqueroberge\/wp-json\/wp\/v2\/tags?post=18"}],"curies":[{"name":"wp","href":"https:\/\/api.w.org\/{rel}","templated":true}]}}