{"id":188,"date":"2021-05-21T11:11:15","date_gmt":"2021-05-21T15:11:15","guid":{"rendered":"http:\/\/portfolio-pre.uqac.ca\/veroniqueroberge\/?page_id=188"},"modified":"2021-06-09T08:50:26","modified_gmt":"2021-06-09T12:50:26","slug":"encadrementsupervision","status":"publish","type":"page","link":"https:\/\/portfolio.uqac.ca\/veroniqueroberge\/encadrementsupervision\/","title":{"rendered":"Encadrement\/Supervision"},"content":{"rendered":"<p><strong>En cours (Ma\u00eetrise)<\/strong><\/p>\n<p>V\u00e9ronique Dauwe (2018- ) , Universit\u00e9 du Qu\u00e9bec \u00e0 Chicoutimi<br \/>\nTitre du projet: L&#8217;\u00e9quipe d&#8217;intervention rapide dans un contexte hospitalier supra-r\u00e9gional: une analyse des besoins<\/p>\n<p>Myl\u00e8ne Tapin-Cyr (2018- ), Universit\u00e9 du Qu\u00e9bec \u00e0 Chicoutimi<\/p>\n<p><strong>En cours (Doctorat)<\/strong><\/p>\n<p>Dominique Labb\u00e9e (2016- ), Universit\u00e9 Laval<\/p>\n","protected":false},"excerpt":{"rendered":"<p>En cours (Ma\u00eetrise) V\u00e9ronique Dauwe (2018- ) , Universit\u00e9 du Qu\u00e9bec \u00e0 Chicoutimi Titre du projet: L&#8217;\u00e9quipe d&#8217;intervention rapide dans un contexte hospitalier supra-r\u00e9gional: une analyse des besoins Myl\u00e8ne Tapin-Cyr (2018- ), Universit\u00e9 du Qu\u00e9bec \u00e0 Chicoutimi En cours (Doctorat) Dominique Labb\u00e9e (2016- ), Universit\u00e9 Laval<\/p>\n","protected":false},"author":147,"featured_media":0,"parent":0,"menu_order":0,"comment_status":"closed","ping_status":"closed","template":"","meta":{"footnotes":""},"tags":[],"_links":{"self":[{"href":"https:\/\/portfolio.uqac.ca\/veroniqueroberge\/wp-json\/wp\/v2\/pages\/188"}],"collection":[{"href":"https:\/\/portfolio.uqac.ca\/veroniqueroberge\/wp-json\/wp\/v2\/pages"}],"about":[{"href":"https:\/\/portfolio.uqac.ca\/veroniqueroberge\/wp-json\/wp\/v2\/types\/page"}],"author":[{"embeddable":true,"href":"https:\/\/portfolio.uqac.ca\/veroniqueroberge\/wp-json\/wp\/v2\/users\/147"}],"replies":[{"embeddable":true,"href":"https:\/\/portfolio.uqac.ca\/veroniqueroberge\/wp-json\/wp\/v2\/comments?post=188"}],"version-history":[{"count":5,"href":"https:\/\/portfolio.uqac.ca\/veroniqueroberge\/wp-json\/wp\/v2\/pages\/188\/revisions"}],"predecessor-version":[{"id":222,"href":"https:\/\/portfolio.uqac.ca\/veroniqueroberge\/wp-json\/wp\/v2\/pages\/188\/revisions\/222"}],"wp:attachment":[{"href":"https:\/\/portfolio.uqac.ca\/veroniqueroberge\/wp-json\/wp\/v2\/media?parent=188"}],"wp:term":[{"taxonomy":"post_tag","embeddable":true,"href":"https:\/\/portfolio.uqac.ca\/veroniqueroberge\/wp-json\/wp\/v2\/tags?post=188"}],"curies":[{"name":"wp","href":"https:\/\/api.w.org\/{rel}","templated":true}]}}