{"id":27,"date":"2021-05-20T15:09:25","date_gmt":"2021-05-20T19:09:25","guid":{"rendered":"http:\/\/portfolio-pre.uqac.ca\/gabarit\/?page_id=27"},"modified":"2021-06-22T08:50:50","modified_gmt":"2021-06-22T12:50:50","slug":"curriculum-vitae","status":"publish","type":"page","link":"https:\/\/portfolio.uqac.ca\/veroniqueroberge\/curriculum-vitae\/","title":{"rendered":"Curriculum vitae"},"content":{"rendered":"<h2><strong>Dipl\u00f4mes<\/strong><\/h2>\n<p>Doctorat en sciences infirmi\u00e8res &#8211; Universit\u00e9 Laval (2011)<\/p>\n<p>Roberge, V. (2011).\u00a0<em><a href=\"https:\/\/hdl.handle.net\/20.500.11794\/23135\">L&#8217;exp\u00e9rience de l&#8217;espoir v\u00e9cue par des enfants atteints d&#8217;un cancer et \u00e2g\u00e9s de neuf \u00e0 15 ans<\/a><\/em>. (Th\u00e8se de doctorat in\u00e9dite). Universit\u00e9 Laval, Qu\u00e9bec, QC.<\/p>\n<p>Ma\u00eetrise en sciences infirmi\u00e8res &#8211; Universit\u00e9 Laval\u00a0 (2005)<br \/>\nTitre du m\u00e9moire : Interventions infirmi\u00e8res utiles visant \u00e0 promouvoir le r\u00f4le et la place de parent \u00e0 l&#8217;unit\u00e9 n\u00e9onatale : perspectives de parents d&#8217;enfants pr\u00e9matur\u00e9s et d&#8217;infirmi\u00e8res.<\/p>\n<p>Baccalaur\u00e9at en sciences infirmi\u00e8res (soins critiques) &#8211; Universit\u00e9 de Sherbrooke (2003)<\/p>\n<h2><strong>Titres de comp\u00e9tences<\/strong><\/h2>\n<p>Infirmi\u00e8re, Ordre des infirmi\u00e8res et infirmiers du Qu\u00e9bec (2000)<\/p>\n<h2><strong>Affiliations<\/strong><\/h2>\n<p>Directrice du Module des sciences infirmi\u00e8res, Universit\u00e9 du Qu\u00e9bec \u00e0 Chicoutimi (2020- )<\/p>\n<p>Directrice des programmes IPSPL, Universit\u00e9 du Qu\u00e9bec \u00e0 Chicoutimi (2019- )<\/p>\n<p>Professeure associ\u00e9e, Universit\u00e9 Laval (2018- )<\/p>\n<p>Chercheure r\u00e9guli\u00e8re &#8211; R\u00e9seau qu\u00e9b\u00e9cois de recherche en soins palliatifs et de fin de vie (2017- )<\/p>\n<p>Chercheure r\u00e9guli\u00e8re, R\u00e9seau de recherche en interventions en sciences infirmi\u00e8res du Qu\u00e9bec (2013- )<\/p>\n<p>Professeure, Sciences de la sant\u00e9, Universit\u00e9 du Qu\u00e9bec \u00e0 Chicoutimi (2011- )<\/p>\n<h2><strong>Distinctions et bourses<br \/>\n<\/strong><\/h2>\n<p>M\u00e9rite acad\u00e9mique au tableau d\u2019honneur pour l\u2019excellence de son dossier dans le cadre de l\u2019obtention du dipl\u00f4me de doctorat en sciences infirmi\u00e8res &#8211; Universit\u00e9 Laval (2011-2012)<\/p>\n<p>Bourse d&#8217;\u00e9tudes doctorales &#8211; Minist\u00e8re de l&#8217;\u00c9ducation, du Loisir et du Sport (2010-2011)<\/p>\n<p>Bourse d&#8217;\u00e9tudes doctorales &#8211; Minist\u00e8re de l&#8217;\u00c9ducation, du Loisir et du Sport (2009-2010)<\/p>\n<p>Bourse de recherche du programme strat\u00e9gique de formation en recherche domaine : soins palliatifs &#8211; Institut de recherche en sant\u00e9 du Canada et institut de recherche de la soci\u00e9t\u00e9 canadienne du cancer (2008-2009)<\/p>\n<p>Bourse Denise L\u00e9vesque-Boudreau, Bourse d&#8217;\u00e9tudes &#8211; Ordre r\u00e9gional des infirmi\u00e8res et infirmiers du Qu\u00e9bec (2008-2009)<\/p>\n<p>Bourse au soutien \u00e0 la mobilit\u00e9 et \u00e0 la diffusion scientifique &#8211; Facult\u00e9 des sciences infirmi\u00e8res de l&#8217;Universit\u00e9 Laval (2008-2009)<\/p>\n<p>Bourse d&#8217;\u00e9tudes doctorales &#8211; Minist\u00e8re de l&#8217;\u00c9ducation, du Loisir et du Sport (2007-2008)<\/p>\n<p>Bourse d&#8217;\u00e9tudes Jacqueline Pelletier &#8211; Centre hospitalier Universitaire de Qu\u00e9bec (2005-2006)<\/p>\n<p>M\u00e9rite acad\u00e9mique au tableau d\u2019honneur pour l\u2019excellence de son dossier dans le cadre de l\u2019obtention du dipl\u00f4me de ma\u00eetrise en sciences infirmi\u00e8res : profil m\u00e9moire &#8211; Universit\u00e9 Laval (2005-2006)<\/p>\n<p>Prix reconnaissance mission recherche &#8211; CII CHUQ (2005)<\/p>\n<p>Bourse AFDU Qu\u00e9bec Pierrette L\u00e9vesque en sciences infirmi\u00e8res &#8211; Association des femmes dipl\u00f4m\u00e9es des Universit\u00e9 (2004-2005)<\/p>\n<p>Bourse d&#8217;excellence pour le m\u00e9rite acad\u00e9mique &#8211; Facult\u00e9 des sciences infirmi\u00e8res de l&#8217;Universit\u00e9 Laval (2003-2004)<\/p>\n<p>Prix de la Fondation Marc-Chouinard &#8211; Universit\u00e9 de Sherbrooke (2002-2003)<\/p>\n<p>Prix Denise Lalancette &#8211; Universit\u00e9 de Sherbrooke (2002-2003)<\/p>\n<p>Bourse PH Desrosiers &#8211;\u00a0Universit\u00e9 de Sherbrooke (2001-2002)<\/p>\n<p>Bourse d&#8217;excellence pour le m\u00e9rite acad\u00e9mique &#8211;\u00a0Universit\u00e9 de Sherbrooke (2000-2001)<\/p>\n<h2><strong> Activit\u00e9s professionnelles<\/strong><\/h2>\n<p>&nbsp;<\/p>\n","protected":false},"excerpt":{"rendered":"<p>Dipl\u00f4mes Doctorat en sciences infirmi\u00e8res &#8211; Universit\u00e9 Laval (2011) Roberge, V. (2011).\u00a0L&#8217;exp\u00e9rience de l&#8217;espoir v\u00e9cue par des enfants atteints d&#8217;un cancer et \u00e2g\u00e9s de neuf \u00e0 15 ans. (Th\u00e8se de doctorat in\u00e9dite). Universit\u00e9 Laval, Qu\u00e9bec, QC. Ma\u00eetrise en sciences infirmi\u00e8res &#8211; Universit\u00e9 Laval\u00a0 (2005) Titre du m\u00e9moire : Interventions infirmi\u00e8res utiles visant \u00e0 promouvoir le &hellip; <a href=\"https:\/\/portfolio.uqac.ca\/veroniqueroberge\/curriculum-vitae\/\" class=\"more-link\">Continuer la lecture de <span class=\"screen-reader-text\">Curriculum vitae<\/span>  <span class=\"meta-nav\">&rarr;<\/span><\/a><\/p>\n","protected":false},"author":317,"featured_media":0,"parent":0,"menu_order":0,"comment_status":"closed","ping_status":"closed","template":"","meta":{"footnotes":""},"tags":[],"_links":{"self":[{"href":"https:\/\/portfolio.uqac.ca\/veroniqueroberge\/wp-json\/wp\/v2\/pages\/27"}],"collection":[{"href":"https:\/\/portfolio.uqac.ca\/veroniqueroberge\/wp-json\/wp\/v2\/pages"}],"about":[{"href":"https:\/\/portfolio.uqac.ca\/veroniqueroberge\/wp-json\/wp\/v2\/types\/page"}],"author":[{"embeddable":true,"href":"https:\/\/portfolio.uqac.ca\/veroniqueroberge\/wp-json\/wp\/v2\/users\/317"}],"replies":[{"embeddable":true,"href":"https:\/\/portfolio.uqac.ca\/veroniqueroberge\/wp-json\/wp\/v2\/comments?post=27"}],"version-history":[{"count":17,"href":"https:\/\/portfolio.uqac.ca\/veroniqueroberge\/wp-json\/wp\/v2\/pages\/27\/revisions"}],"predecessor-version":[{"id":250,"href":"https:\/\/portfolio.uqac.ca\/veroniqueroberge\/wp-json\/wp\/v2\/pages\/27\/revisions\/250"}],"wp:attachment":[{"href":"https:\/\/portfolio.uqac.ca\/veroniqueroberge\/wp-json\/wp\/v2\/media?parent=27"}],"wp:term":[{"taxonomy":"post_tag","embeddable":true,"href":"https:\/\/portfolio.uqac.ca\/veroniqueroberge\/wp-json\/wp\/v2\/tags?post=27"}],"curies":[{"name":"wp","href":"https:\/\/api.w.org\/{rel}","templated":true}]}}