{"id":4,"date":"2021-05-20T15:09:25","date_gmt":"2021-05-20T19:09:25","guid":{"rendered":"http:\/\/portfolio-pre.uqac.ca\/gabarit\/?page_id=4"},"modified":"2021-06-09T08:48:51","modified_gmt":"2021-06-09T12:48:51","slug":"presentatio","status":"publish","type":"page","link":"https:\/\/portfolio.uqac.ca\/veroniqueroberge\/","title":{"rendered":"Pr\u00e9sentation"},"content":{"rendered":"<h2><\/h2>\n<p>Professeure associ\u00e9e au d\u00e9partement des\u00a0sciences de la sant\u00e9<\/p>\n<p>Directrice du Module des sciences infirmi\u00e8res<\/p>\n<p>Directrice des programmes IPSPL<\/p>\n<h2>Champs d&#8217;int\u00e9r\u00eat<\/h2>\n<ul>\n<li>Soins palliatifs p\u00e9diatriques<\/li>\n<li>Oncologie p\u00e9diatrique<\/li>\n<li>Soins intensifs aupr\u00e8s des nouveau-n\u00e9s, des enfants et des adultes<\/li>\n<li>M\u00e9thodes qualitatives<\/li>\n<li>Approche de soins centr\u00e9e sur la famille.<\/li>\n<\/ul>\n","protected":false},"excerpt":{"rendered":"<p>Professeure associ\u00e9e au d\u00e9partement des\u00a0sciences de la sant\u00e9 Directrice du Module des sciences infirmi\u00e8res Directrice des programmes IPSPL Champs d&#8217;int\u00e9r\u00eat Soins palliatifs p\u00e9diatriques Oncologie p\u00e9diatrique Soins intensifs aupr\u00e8s des nouveau-n\u00e9s, des enfants et des adultes M\u00e9thodes qualitatives Approche de soins centr\u00e9e sur la famille.<\/p>\n","protected":false},"author":317,"featured_media":0,"parent":0,"menu_order":0,"comment_status":"closed","ping_status":"closed","template":"","meta":{"footnotes":""},"tags":[],"_links":{"self":[{"href":"https:\/\/portfolio.uqac.ca\/veroniqueroberge\/wp-json\/wp\/v2\/pages\/4"}],"collection":[{"href":"https:\/\/portfolio.uqac.ca\/veroniqueroberge\/wp-json\/wp\/v2\/pages"}],"about":[{"href":"https:\/\/portfolio.uqac.ca\/veroniqueroberge\/wp-json\/wp\/v2\/types\/page"}],"author":[{"embeddable":true,"href":"https:\/\/portfolio.uqac.ca\/veroniqueroberge\/wp-json\/wp\/v2\/users\/317"}],"replies":[{"embeddable":true,"href":"https:\/\/portfolio.uqac.ca\/veroniqueroberge\/wp-json\/wp\/v2\/comments?post=4"}],"version-history":[{"count":16,"href":"https:\/\/portfolio.uqac.ca\/veroniqueroberge\/wp-json\/wp\/v2\/pages\/4\/revisions"}],"predecessor-version":[{"id":221,"href":"https:\/\/portfolio.uqac.ca\/veroniqueroberge\/wp-json\/wp\/v2\/pages\/4\/revisions\/221"}],"wp:attachment":[{"href":"https:\/\/portfolio.uqac.ca\/veroniqueroberge\/wp-json\/wp\/v2\/media?parent=4"}],"wp:term":[{"taxonomy":"post_tag","embeddable":true,"href":"https:\/\/portfolio.uqac.ca\/veroniqueroberge\/wp-json\/wp\/v2\/tags?post=4"}],"curies":[{"name":"wp","href":"https:\/\/api.w.org\/{rel}","templated":true}]}}