{"id":46,"date":"2021-05-20T15:09:25","date_gmt":"2021-05-20T19:09:25","guid":{"rendered":"http:\/\/portfolio-pre.uqac.ca\/gabarit\/?page_id=46"},"modified":"2021-06-29T08:28:37","modified_gmt":"2021-06-29T12:28:37","slug":"recherche","status":"publish","type":"page","link":"https:\/\/portfolio.uqac.ca\/veroniqueroberge\/recherche\/","title":{"rendered":"Recherche"},"content":{"rendered":"<p><strong>Financements de\u00a0 recherche<\/strong><\/p>\n<p>2021 &#8211; 2023 : \u00c9tude r\u00e9trospective de la d\u00e9tresse psychologique et des besoins biopsychosociaux des patients trait\u00e9s pour un cancer en radioth\u00e9rapie au CIUSSS du SLSJ. \u00a0 \u00a0 \u00a0 \u00a0 \u00a0 \u00a0 \u00a0 \u00a0 \u00a0 \u00a0 \u00a0 \u00a0 \u00a0 \u00a0 \u00a0 \u00a0 \u00a0 \u00a0 \u00a0 \u00a0 \u00a0 \u00a0 \u00a0 \u00a0 \u00a0 \u00a0 \u00a0Programme de soutien au d\u00e9veloppement de la mission universitaire &#8211; Subventions recherche &#8211; 2021. \u00a0 \u00a0 \u00a0 \u00a0 \u00a0 \u00a0 \u00a0 \u00a0 \u00a0 \u00a0 \u00a0 \u00a0 \u00a0 \u00a0 \u00a0 \u00a0 \u00a0 \u00a0 \u00a0 \u00a0 \u00a0 \u00a0 \u00a0 \u00a0 \u00a0 \u00a0 \u00a0 \u00a0 \u00a0 \u00a0 \u00a0 \u00a0 \u00a0 \u00a0 \u00a0 Source de financement: Direction enseignement recherche et cr\u00e9ation CIUSSS Saguenay-Lac-St-Jean \u00a0 \u00a0 \u00a0 \u00a0 \u00a0 \u00a0 \u00a0 \u00a0 \u00a0 \u00a0 \u00a0 \u00a0 \u00a0 \u00a0 \u00a0 \u00a0 \u00a0 \u00a0 \u00a0 \u00a0 \u00a0 \u00a0 \u00a0 \u00a0 \u00a0 \u00a0 \u00a0 \u00a0 \u00a0 Co-chercheure<\/p>\n<p>2019 \u2013 2022 : \u00c9valuation de la d\u00e9marche d\u2019harmonisation des pratiques cliniques et d\u2019optimisation de l\u2019\u00e9tendue de la pratique des infirmi\u00e8res au CIUSSS du Saguenay-Lac-Saint-Jean.<br \/>\nSource de financement : Fondation de l\u2019Universit\u00e9 du Qu\u00e9bec \u00e0 Chicoutimi (FUQAC)<br \/>\nCo-chercheure<\/p>\n<p>2019\/12 \u2013 2022\/3 : Concours RRISIQ &#8211; Projets int\u00e9grateurs 2019.<br \/>\nSource de financement :\u00a0 R\u00e9seau de recherche en interventons en sciences infirmi\u00e8res du Qu\u00e9bec (RRISIQ)<br \/>\nCo-chercheure<\/p>\n<p>2020\/1 &#8211; 2020\/12 :\u00a0Financement d&#8217;initiatives de projets pilotes structurants\u00a0du RQSPAL 2019.<br \/>\nSource de financement :\u00a0 R\u00e9seau qu\u00e9b\u00e9cois de recherche en soins palliatifs et de fin de vie (RSQPAL)<br \/>\nCo-chercheure<\/p>\n<p>2016\/6 &#8211; 2020\/5 : Subvention.<br \/>\nSource de financement : Leucan-Association pour les Enfants Atteint Leuc\u00e9mie-Cancer<br \/>\nCo-chercheure<\/p>\n","protected":false},"excerpt":{"rendered":"<p>Financements de\u00a0 recherche 2021 &#8211; 2023 : \u00c9tude r\u00e9trospective de la d\u00e9tresse psychologique et des besoins biopsychosociaux des patients trait\u00e9s pour un cancer en radioth\u00e9rapie au CIUSSS du SLSJ. \u00a0 \u00a0 \u00a0 \u00a0 \u00a0 \u00a0 \u00a0 \u00a0 \u00a0 \u00a0 \u00a0 \u00a0 \u00a0 \u00a0 \u00a0 \u00a0 \u00a0 \u00a0 \u00a0 \u00a0 \u00a0 \u00a0 \u00a0 \u00a0 \u00a0 \u00a0 &hellip; <a href=\"https:\/\/portfolio.uqac.ca\/veroniqueroberge\/recherche\/\" class=\"more-link\">Continuer la lecture de <span class=\"screen-reader-text\">Recherche<\/span>  <span class=\"meta-nav\">&rarr;<\/span><\/a><\/p>\n","protected":false},"author":147,"featured_media":0,"parent":0,"menu_order":0,"comment_status":"closed","ping_status":"closed","template":"","meta":{"footnotes":""},"tags":[],"_links":{"self":[{"href":"https:\/\/portfolio.uqac.ca\/veroniqueroberge\/wp-json\/wp\/v2\/pages\/46"}],"collection":[{"href":"https:\/\/portfolio.uqac.ca\/veroniqueroberge\/wp-json\/wp\/v2\/pages"}],"about":[{"href":"https:\/\/portfolio.uqac.ca\/veroniqueroberge\/wp-json\/wp\/v2\/types\/page"}],"author":[{"embeddable":true,"href":"https:\/\/portfolio.uqac.ca\/veroniqueroberge\/wp-json\/wp\/v2\/users\/147"}],"replies":[{"embeddable":true,"href":"https:\/\/portfolio.uqac.ca\/veroniqueroberge\/wp-json\/wp\/v2\/comments?post=46"}],"version-history":[{"count":8,"href":"https:\/\/portfolio.uqac.ca\/veroniqueroberge\/wp-json\/wp\/v2\/pages\/46\/revisions"}],"predecessor-version":[{"id":255,"href":"https:\/\/portfolio.uqac.ca\/veroniqueroberge\/wp-json\/wp\/v2\/pages\/46\/revisions\/255"}],"wp:attachment":[{"href":"https:\/\/portfolio.uqac.ca\/veroniqueroberge\/wp-json\/wp\/v2\/media?parent=46"}],"wp:term":[{"taxonomy":"post_tag","embeddable":true,"href":"https:\/\/portfolio.uqac.ca\/veroniqueroberge\/wp-json\/wp\/v2\/tags?post=46"}],"curies":[{"name":"wp","href":"https:\/\/api.w.org\/{rel}","templated":true}]}}