{"id":107,"date":"2015-09-01T18:27:35","date_gmt":"2015-09-01T22:27:35","guid":{"rendered":"http:\/\/portfolio-pre.uqac.ca\/vincentarnaud\/?page_id=107"},"modified":"2024-12-04T15:14:08","modified_gmt":"2024-12-04T20:14:08","slug":"enseignement","status":"publish","type":"page","link":"https:\/\/portfolio.uqac.ca\/vincentarnaud\/enseignement\/","title":{"rendered":"Enseignement &amp; encadrement"},"content":{"rendered":"<blockquote>\n<p style=\"text-align: right\">\u00ab Ils ont essay\u00e9 de vous enterrer. Ils ne savaient pas que vous \u00e9tiez des graines. \u00bb (inspir\u00e9 d&#8217;un proverbe mexicain)<\/p>\n<\/blockquote>\n<h2>Cours de 1<sup>er<\/sup>\u00a0cycle<\/h2>\n<ul style=\"list-style-type: square\">\n<li><a title=\"Descriptif du cours\" href=\"https:\/\/cours.uqac.ca\/7LNG145\">7LNG145<\/a>\u00a0&#8211; Phon\u00e9tique (3 cr\u00e9dits, 45 heures)<\/li>\n<li><a title=\"Descriptif du cours\" href=\"https:\/\/cours.uqac.ca\/7LNG406\">7LNG406<\/a>\u00a0&#8211; Phon\u00e9tique exp\u00e9rimentale (3 cr\u00e9dits, 45 heures)<\/li>\n<li><a title=\"Descriptif du cours\" href=\"https:\/\/cours.uqac.ca\/7INF517\">7INF517<\/a>\u00a0&#8211; Traitement automatique des langues\u00a0 (3 cr\u00e9dits, 45 heures)<\/li>\n<li><a title=\"Descriptif du cours\" href=\"https:\/\/cours.uqac.ca\/7LNG450\">7LNG450<\/a>\u00a0&#8211; Sociolinguistique (3 cr\u00e9dits, 45 heures)<\/li>\n<li><a href=\"https:\/\/cours.uqac.ca\/7LNG238\" target=\"_blank\" rel=\"noopener\">7LNG238\u00a0<\/a>&#8211; R\u00e9daction et outils informatiques (3 cr\u00e9dits, 45 heures)<\/li>\n<li><a title=\"Descriptif du cours\" href=\"https:\/\/cours.uqac.ca\/7LNG160\">7LNG160<\/a>\u00a0&#8211; Grammaire du fran\u00e7ais (3 cr\u00e9dits, 45 heures)<\/li>\n<li><a title=\"Descriptif du cours\" href=\"https:\/\/cours.uqac.ca\/7LNG452\">7LNG452<\/a>\u00a0&#8211; Recherche en linguistique I (activit\u00e9 de supervision, 3 cr\u00e9dits, enseignement individualis\u00e9)<\/li>\n<li><a title=\"Descriptif du cours\" href=\"https:\/\/cours.uqac.ca\/7LNG462\">7LNG462<\/a>\u00a0&#8211; Recherche en linguistique II (activit\u00e9 de supervision, 3 cr\u00e9dits, enseignement individualis\u00e9)<\/li>\n<\/ul>\n<h2>Cours de ma\u00eetrise<\/h2>\n<ul style=\"list-style-type: square\">\n<li><a title=\"Descriptif du cours\" href=\"https:\/\/cours.uqac.ca\/7LNG134\">7LNG134<\/a>\u00a0&#8211; Sociophon\u00e9tique et prosodie (3 cr\u00e9dits, 45 heures)<\/li>\n<li><a title=\"Descriptif du cours\" href=\"https:\/\/cours.uqac.ca\/7LNG132\">7LNG132<\/a>\u00a0&#8211; Th\u00e9ories linguistiques (3 cr\u00e9dits, 45 heures)<\/li>\n<li><a title=\"Descriptif du cours\" href=\"https:\/\/cours.uqac.ca\/7LNG152\">7LNG152<\/a>\u00a0&#8211; M\u00e9thodologie de la recherche (3 cr\u00e9dits, 45 heures, enseignement en \u00e9quipe,\u00a0 2 s\u00e9ances)<\/li>\n<\/ul>\n<h2>Anciens cours<\/h2>\n<ul style=\"list-style-type: square\">\n<li><a title=\"Descriptif du cours\" href=\"https:\/\/cours.uqac.ca\/7INF512\">7INF512<\/a>\u00a0&#8211; Applications en linguistique informatique (3 cr\u00e9dits, 45 heures, de 2009 \u00e0 2017)<\/li>\n<li><a title=\"Descriptif du cours\" href=\"https:\/\/cours.uqac.ca\/7LNG141\">7LNG141<\/a>\u00a0&#8211; Phon\u00e9tique et langue orale (3 cr\u00e9dits, 45 heures, de 2009 \u00e0 2018)<\/li>\n<li><a title=\"Descriptif du cours\" href=\"https:\/\/cours.uqac.ca\/7LNG155\">7LNG155<\/a>\u00a0&#8211; Fondements de la grammaire nouvelle (3 cr\u00e9dits, 45 heures, de 2009 \u00e0 2018)<\/li>\n<li><a title=\"Descriptif du cours\" href=\"https:\/\/cours.uqac.ca\/7LNG120\">7LNG120<\/a>\u00a0&#8211; Int\u00e9gration au programme et outils disciplinaires (1 cr\u00e9dit, 15 heures)<\/li>\n<li><a href=\"https:\/\/cours.uqac.ca\/7LNG121\" target=\"_blank\" rel=\"noopener\">7LNG121\u00a0<\/a>&#8211; Lectures fondamentales en linguistique (1 cr\u00e9dit, 15 heures)<\/li>\n<\/ul>\n<p>Se connecter \u00e0 l\u2019environnement d\u2019apprentissage en ligne\u00a0<a href=\"https:\/\/moodle.uqac.ca\/course\/index.php?categoryid=3&amp;browse=courses&amp;perpage=25\">Moodle<\/a>.<\/p>\n<hr \/>\n<h2>\u00c9tudiants de ma\u00eetrise<\/h2>\n<ul style=\"list-style-type: square\">\n<li>St\u00e9phanie Bergeron (septembre 2011, juillet 2020).\u00a0<a href=\"https:\/\/constellation.uqac.ca\/5746\/\" target=\"_blank\" rel=\"noopener\">Variation intra-individuelle du chant de la Paruline \u00e0 gorge grise<\/a>, D\u00e9partement des sciences fondamentales, UQAC. (co-direction avec Jacques Ibarzabal, UQAC)<\/li>\n<li>Xavier St-Gelais (janvier 2016, avril 2019),\u00a0<a href=\"https:\/\/constellation.uqac.ca\/5087\/\">L&#8217;ant\u00e9riorisation de \/\u0254\/ en fran\u00e7ais contemporain : \u00e9tude acoustique comparative entre Qu\u00e9bec et France<\/a>, UQAC. (r\u00e9cipiendaire des bourses du\u00a0<abbr title=\"Conseil de Recherches en Sciences Humaines du Canada\">CRSH,<\/abbr>\u00a0du\u00a0<abbr title=\"Fonds qu\u00e9b\u00e9cois de la recherche sur la soci\u00e9t\u00e9 et la culture\">FQRSC<\/abbr>\u00a0et du suppl\u00e9ment pour \u00e9tudes \u00e0 l&#8217;\u00e9tranger Michael-Smith, co-direction avec Egidio Marsico, CNRS, Lyon)<\/li>\n<li>Josiane Riverin-Coutl\u00e9e (septembre 2012, novembre 2014).\u00a0<a href=\"https:\/\/constellation.uqac.ca\/3217\/\">D&#8217;une ouverture de la voyelle \/\u03b5\/ en finale absolue en fran\u00e7ais qu\u00e9b\u00e9cois: analyse acoustique et perceptive<\/a>, UQAC. (r\u00e9cipiendaire des bourses du\u00a0<abbr title=\"Conseil de Recherches en Sciences Humaines du Canada\">CRSH<\/abbr>\u00a0et du\u00a0<abbr title=\"Fonds qu\u00e9b\u00e9cois de la recherche sur la soci\u00e9t\u00e9 et la culture\">FQRSC<\/abbr>)<\/li>\n<li>Caroline Sigouin (janvier 2011 &#8211; novembre 2013).\u00a0<a href=\"https:\/\/hdl.handle.net\/20.500.11794\/24580\">Caract\u00e9ristiques acoustiques des voyelles ferm\u00e9es tendues, rel\u00e2ch\u00e9es et allong\u00e9es en fran\u00e7ais qu\u00e9b\u00e9cois<\/a>, UQAC. (r\u00e9cipiendaire des bourses du\u00a0<abbr title=\"Conseil de Recherches en Sciences Humaines du Canada\">CRSH<\/abbr>\u00a0et du\u00a0<abbr title=\"Fonds qu\u00e9b\u00e9cois de la recherche sur la soci\u00e9t\u00e9 et la culture\">FQRSC<\/abbr>)<\/li>\n<li>Marie-H\u00e9l\u00e8ne Fortier (septembre 2012 &#8211; avril 2018),\u00a0<a href=\"https:\/\/hdl.handle.net\/20.500.11794\/29805\" target=\"_blank\" rel=\"noopener\">Utilisation de la dynamique spectrale dans la description des paroles pathologiques<\/a>, Universit\u00e9 Laval. (r\u00e9cipiendaire de la bourse du\u00a0<abbr title=\"Conseil de Recherches en Sciences Humaines du Canada\">CRSH<\/abbr>, co-direction avec Johanna-Pascale Roy, Universit\u00e9 Laval, Qu\u00e9bec)<\/li>\n<li>Guillaume Leblanc (septembre 2008 &#8211; avril 2012).\u00a0<a href=\"https:\/\/hdl.handle.net\/20.500.11794\/23300\">Une \u00e9tude acoustique des voyelles orales susceptibles d\u2019\u00eatre diphtongu\u00e9es en fran\u00e7ais qu\u00e9b\u00e9cois<\/a>, Universit\u00e9 Laval. (co-direction avec Johanna-Pascale Roy, Universit\u00e9 Laval, Qu\u00e9bec)<\/li>\n<\/ul>\n<h2>Stagiaire doctorale<\/h2>\n<p>Supervision de M\u00e9lanie Lancien (aout 2019, f\u00e9vrier 2020), Universit\u00e9 de Lausanne (doctorat dirig\u00e9 par Marie-H\u00e9l\u00e8ne C\u00f4t\u00e9, UNIL), Bourse\u00a0Mobility du\u00a0Fonds national suisse (FNS) : Accueil au laboratoire de phon\u00e9tique exp\u00e9rimentale de l&#8217;UQAC (collecte de donn\u00e9es de th\u00e8se, points de m\u00e9thode et\u00a0 statistiques).<\/p>\n<p><strong>Supervision d&#8217;un article arbitr\u00e9 dans le cadre du s\u00e9minaire\u00a0Sociophon\u00e9tique et prosodie\u00a0(7LNG134)<\/strong><\/p>\n<ul style=\"list-style-type: square\">\n<li>Carter Nathalie, Catherine Leblanc, Marie-Jos\u00e9e Olsen, Caroline Sigouin et Vicky Tremblay (2012)\u00a0<a href=\"https:\/\/clsl.recherche.usherbrooke.ca\/vol6no1\/CARTER_LEBLANC_OLSEN_SIGOUIN_TREMBLAY_vol6_no1_2012.html\" target=\"_blank\" rel=\"noopener\">Un potentiel effet de l\u2019origine g\u00e9ographique sur le d\u00e9lai d\u2019\u00e9tablissement du voisement en fran\u00e7ais,<\/a>\u00a0Communication, lettres et sciences du langage, 6 (1), 41-56<\/li>\n<\/ul>\n<hr \/>\n<h2>Prix et distinctions<\/h2>\n<ul style=\"list-style-type: square\">\n<li>2015, R\u00e9cipiendaire du\u00a0prix de l&#8217;excellence en enseignement, Universit\u00e9 du Qu\u00e9bec \u00e0 Chicoutimi<\/li>\n<li>2013, Candidat au\u00a0The Student Council Mentoring Award,\u00a0The Acoustical Society of America\u00a0(candidature soumise par trois \u00e9tudiants de ma\u00eetrise : Caroline Sigouin, Josiane Riverin-Coutl\u00e9e et Guillaume Leblanc et soutenue par une coll\u00e8gue)<\/li>\n<\/ul>\n","protected":false},"excerpt":{"rendered":"<p>\u00ab Ils ont essay\u00e9 de vous enterrer. Ils ne savaient pas que vous \u00e9tiez des graines. \u00bb (inspir\u00e9 d&#8217;un proverbe mexicain) Cours de 1er\u00a0cycle 7LNG145\u00a0&#8211; Phon\u00e9tique (3 cr\u00e9dits, 45 heures) 7LNG406\u00a0&#8211; Phon\u00e9tique exp\u00e9rimentale (3 cr\u00e9dits, 45 heures) 7INF517\u00a0&#8211; Traitement automatique des langues\u00a0 (3 cr\u00e9dits, 45 heures) 7LNG450\u00a0&#8211; Sociolinguistique (3 cr\u00e9dits, 45 heures) 7LNG238\u00a0&#8211; R\u00e9daction et &hellip; <a href=\"https:\/\/portfolio.uqac.ca\/vincentarnaud\/enseignement\/\" class=\"more-link\">Continuer la lecture de <span class=\"screen-reader-text\">Enseignement &amp; encadrement<\/span>  <span class=\"meta-nav\">&rarr;<\/span><\/a><\/p>\n","protected":false},"author":129,"featured_media":0,"parent":0,"menu_order":0,"comment_status":"closed","ping_status":"closed","template":"","meta":{"footnotes":""},"tags":[],"_links":{"self":[{"href":"https:\/\/portfolio.uqac.ca\/vincentarnaud\/wp-json\/wp\/v2\/pages\/107"}],"collection":[{"href":"https:\/\/portfolio.uqac.ca\/vincentarnaud\/wp-json\/wp\/v2\/pages"}],"about":[{"href":"https:\/\/portfolio.uqac.ca\/vincentarnaud\/wp-json\/wp\/v2\/types\/page"}],"author":[{"embeddable":true,"href":"https:\/\/portfolio.uqac.ca\/vincentarnaud\/wp-json\/wp\/v2\/users\/129"}],"replies":[{"embeddable":true,"href":"https:\/\/portfolio.uqac.ca\/vincentarnaud\/wp-json\/wp\/v2\/comments?post=107"}],"version-history":[{"count":53,"href":"https:\/\/portfolio.uqac.ca\/vincentarnaud\/wp-json\/wp\/v2\/pages\/107\/revisions"}],"predecessor-version":[{"id":1034,"href":"https:\/\/portfolio.uqac.ca\/vincentarnaud\/wp-json\/wp\/v2\/pages\/107\/revisions\/1034"}],"wp:attachment":[{"href":"https:\/\/portfolio.uqac.ca\/vincentarnaud\/wp-json\/wp\/v2\/media?parent=107"}],"wp:term":[{"taxonomy":"post_tag","embeddable":true,"href":"https:\/\/portfolio.uqac.ca\/vincentarnaud\/wp-json\/wp\/v2\/tags?post=107"}],"curies":[{"name":"wp","href":"https:\/\/api.w.org\/{rel}","templated":true}]}}