{"id":147,"date":"2016-04-27T07:05:12","date_gmt":"2016-04-27T11:05:12","guid":{"rendered":"http:\/\/portfolio-pre.uqac.ca\/vincentarnaud\/?page_id=147"},"modified":"2024-12-05T08:01:48","modified_gmt":"2024-12-05T13:01:48","slug":"laboratoire-de-phonetique","status":"publish","type":"page","link":"https:\/\/portfolio.uqac.ca\/vincentarnaud\/laboratoire-de-phonetique\/","title":{"rendered":"Laboratoire de phon\u00e9tique exp\u00e9rimentale"},"content":{"rendered":"<blockquote>\n<p style=\"text-align: right\">\u00ab Un v\u00e9ritable savant, qui travaille dans son laboratoire, n&#8217;\u00e9crit point <em>science<\/em> avec un grand S. \u00bb \u2014 Charles P\u00e9guy<\/p>\n<\/blockquote>\n<p>Le laboratoire de phon\u00e9tique exp\u00e9rimentale offre un lieu convivial de recherche aux \u00e9tudiants prenant part aux cours de phon\u00e9tique ou ayant choisi de poursuivre une ma\u00eetrise en phon\u00e9tique exp\u00e9rimentale ayant qu&#8217;aux chercheurs associ\u00e9s aux diff\u00e9rents projets de recherche.<\/p>\n<p>Le laboratoire de phon\u00e9tique offre une infrastructure moderne permettant aux \u00e9tudiants et aux chercheurs de collecter des donn\u00e9es, de d\u00e9velopper des protocoles exp\u00e9rimentaux et de manipuler diff\u00e9rents outils d\u00e9di\u00e9s \u00e0 l&#8217;acoustique de la parole et la bioacoustique.<\/p>\n<p><img loading=\"lazy\" decoding=\"async\" class=\"alignnone wp-image-333 size-large\" src=\"https:\/\/portfolio.uqac.ca\/vincentarnaud\/files\/2016\/11\/20161105_145626-1024x330.jpg\" alt=\"\" width=\"474\" height=\"153\" \/><\/p>\n<p>Le laboratoire de phon\u00e9tique est notamment\u00a0dot\u00e9 de :<\/p>\n<ul style=\"list-style-type: square\">\n<li>trois stations de travail PC (bi-\u00e9crans) destin\u00e9es au traitement acoustique des donn\u00e9es sonores (cartes sonores externes <em>Edirol FA-66<\/em> ou <em>Roland Quad-Capture<\/em>)\u00a0;<\/li>\n<li>diff\u00e9rents logiciels d\u2019analyse acoustique (<em>Praat, GoldWave<\/em>&#8230;), de synth\u00e8se de parole, de passation de tests de perception et de traitements statistiques (R stats, SAS, Systat)\u00a0;<\/li>\n<li>diff\u00e9rents enregistreurs num\u00e9riques (T<em>ascam HD-PD2, ZOOM H2<\/em>\u2026) et une vaste gamme de microphones (micros-cravates, micros de t\u00eate et de table).<\/li>\n<\/ul>\n<p><img loading=\"lazy\" decoding=\"async\" class=\"alignnone size-large wp-image-332\" src=\"https:\/\/portfolio.uqac.ca\/vincentarnaud\/files\/2016\/11\/20161105_145752-1024x425.jpg\" alt=\"\" width=\"474\" height=\"197\" srcset=\"https:\/\/portfolio.uqac.ca\/vincentarnaud\/files\/2016\/11\/20161105_145752-1024x425.jpg 1024w, https:\/\/portfolio.uqac.ca\/vincentarnaud\/files\/2016\/11\/20161105_145752-150x62.jpg 150w, https:\/\/portfolio.uqac.ca\/vincentarnaud\/files\/2016\/11\/20161105_145752-300x124.jpg 300w, https:\/\/portfolio.uqac.ca\/vincentarnaud\/files\/2016\/11\/20161105_145752-768x319.jpg 768w\" sizes=\"(max-width: 474px) 100vw, 474px\" \/><\/p>\n<p>Le D\u00e9partement des arts, des lettres et du langage dispose \u00e9galement d\u2019une chambre an\u00e9cho\u00efque. Cette cabine de son acoustiquement isol\u00e9e r\u00e9pond \u00e0 de bonnes exigences en ce qui a trait \u00e0 la qualit\u00e9 sonore des enregistrements. Cette ressource est accessible sur simple r\u00e9servation.<\/p>\n<hr \/>\n<h2>Orientations de recherche<\/h2>\n<h3>Attitudes face \u00e0 la variation<\/h3>\n<p><img loading=\"lazy\" decoding=\"async\" class=\"alignright wp-image-286 size-thumbnail\" src=\"https:\/\/portfolio.uqac.ca\/vincentarnaud\/files\/2016\/04\/IMG_1475496090531-150x150.jpg\" alt=\"\" width=\"150\" height=\"150\" \/>Dans le cadre de l&#8217;\u00e9quipe <a href=\"https:\/\/www.ddl.cnrs.fr\/equipes\/index.asp?Langue=FR&amp;Equipe=7&amp;Page=Presentation\" target=\"_blank\" rel=\"noopener\">DENDY <\/a>du laboratoire CNRS <em><a title=\"Laboratoire Dynamique du langage\" href=\"https:\/\/www.ddl.ish-lyon.cnrs.fr\/\" target=\"_blank\" rel=\"noopener\">Dynamique du langage<\/a><\/em> de Lyon, ce projet men\u00e9 en collaboration avec <a href=\"https:\/\/sites.google.com\/site\/annaghimenton\/home\" target=\"_blank\" rel=\"noopener\">Anna Ghimenton<\/a>, professeure \u00e0 l&#8217;Universit\u00e9 de <span class=\"C9DxTc \">Grenoble &#8211; Alpes<\/span>, a pour objectif de mieux saisir le d\u00e9veloppement, chez les enfants, des attitudes \u00e0 l\u2019\u00e9gard de la variation .<\/p>\n<p>Les pr\u00e9f\u00e9rences d&#8217;une large cohorte d&#8217;enfants fran\u00e7ais \u00e2g\u00e9s de 5 \u00e0 12 ans concernant diff\u00e9rentes variables linguistiques ont \u00e9t\u00e9 analys\u00e9es en tenant compte de l&#8217;\u00e2ge, du sexe et du statut (monolingue\/bilingue). Le paradigme exp\u00e9rimental utilis\u00e9 (<em>matched guise<\/em>) vise \u00e0 tester si leurs pr\u00e9f\u00e9rences s&#8217;orientent vers les variantes standards ou plus socialement marqu\u00e9es.<\/p>\n<h3>Analyse de la dynamique acoustique<br \/>\ndes voyelles<\/h3>\n<p><img loading=\"lazy\" decoding=\"async\" class=\"alignright size-thumbnail wp-image-288\" src=\"https:\/\/portfolio.uqac.ca\/vincentarnaud\/files\/2016\/04\/IMG_1475510993765-150x150.jpg\" alt=\"\" width=\"150\" height=\"150\" \/>Cette orientation de recherche vise \u00e0 \u00e9prouver la pertinence d\u2019un paradigme d\u2019analyse acoustique des voyelles o\u00f9 ces derni\u00e8res ne sont plus r\u00e9duites \u00e0 des configurations acoustiques statiques, mais sont envisag\u00e9es comme des patrons \u00e9voluant au cours du temps. Ce positionnement th\u00e9orique permet d&#8217;offrir des descriptions alternatives des faits de variation affectant le syst\u00e8me vocalique du fran\u00e7ais qu\u00e9b\u00e9cois. Les caract\u00e9ristiques acoustiques des voyelles les plus \u00e9tudi\u00e9es sont la fr\u00e9quence centrale des deux premiers formants. Les premi\u00e8res descriptions acoustiques des voyelles (Joos, 1948; Delattre, 1948) ont propag\u00e9 l\u2019interpr\u00e9tation selon laquelle une augmentation de la fr\u00e9quence de F<sub>1<\/sub> est corollaire \u00e0 une augmentation du degr\u00e9 d\u2019aperture et qu\u2019une augmentation de la fr\u00e9quence de F<sub>2<\/sub> est corollaire \u00e0 une ant\u00e9riorisation dudit segment.<\/p>\n<p>Delattre <em>et al.<\/em> (1952) ont aussi contribu\u00e9 \u00e0 diffuser ce paradigme d\u2019analyse en montrant qu\u2019il \u00e9tait possible de synth\u00e9tiser, \u00e0 partir des valeurs de leurs deux premiers formants, 16 voyelles orales pouvant \u00eatre transcrites \u00e0 l\u2019aide d\u2019un symbole de l\u2019alphabet phon\u00e9tique international et identifiables comme telles par des \u00e9tudiants en phon\u00e9tique lors d\u2019un test d\u2019identification (il s\u2019agissait de locuteurs anglophones \u00e9tudiant le fran\u00e7ais). Cette relation entre indices acoustiques et param\u00e8tres articulatoires a popularis\u00e9 une repr\u00e9sentation du syst\u00e8me vocalique d\u2019une langue ou de variantes de prononciation au sein d\u2019un simple espace acoustique bidimensionnel F<sub>1<\/sub>\u00d7F<sub>2<\/sub>.\u00a0 C\u2019est ainsi qu\u2019une vaste majorit\u00e9 des \u00e9tudes consacr\u00e9es \u00e0 l\u2019analyse acoustique des voyelles ont adopt\u00e9 un paradigme d\u2019analyse et de repr\u00e9sentation fond\u00e9 sur la prise en compte d\u2019une seule estimation de la fr\u00e9quence centrale des deux premiers formants. Cependant, si l\u2019\u00e9l\u00e9gante correspondance entre la repr\u00e9sentation des voyelles par leurs deux premiers formants et le quadrilat\u00e8re stylis\u00e9 propos\u00e9 par l\u2019alphabet phon\u00e9tique international est d\u2019int\u00e9r\u00eat p\u00e9dagogique majeur, elle reste acoustiquement impr\u00e9cise. En effet, cette repr\u00e9sentation partielle de la structure acoustique des voyelles n\u00e9glige l\u2019effet d\u00e9cisif que la dur\u00e9e, la f<sub>0<\/sub>, les formants sup\u00e9rieurs \u00e0\u00a0F<sub>2<\/sub> et leur dynamique temporelle respective peuvent avoir sur le timbre des voyelles.<\/p>\n<p style=\"padding-left: 30px\"><small>Delattre, Pierre. 1948. Un triangle acoustique des voyelles orales du fran\u00e7ais. <em>The French Review<\/em> 21(6). 477\u2013484.<br \/>\nDelattre, Pierre, Alvin M. Liberman, Franklin S. Cooper &amp; Louis J. Gerstman. 1952. An experimental study of the acoustic determinants of vowel color; observations on one- and two-formant vowels synthesized from spectrographic patterns. <em>Word<\/em> 8(3). 195\u2013210.<br \/>\nJoos, Martin. 1948. Acoustic Phonetics. <em>Language<\/em> 24(2). 1\u2013136.<\/small><\/p>\n<h3>Bioacoustique : paruline et bonobo<\/h3>\n<p><img loading=\"lazy\" decoding=\"async\" class=\"size-thumbnail wp-image-289 alignleft\" src=\"https:\/\/portfolio.uqac.ca\/vincentarnaud\/files\/2016\/04\/IMG_1475495829014-150x150.jpg\" alt=\"\" width=\"150\" height=\"150\" \/>De 2010 \u00e0 2012, un premier projet pilote s&#8217;int\u00e9ressait au chant d&#8217;une esp\u00e8ce d\u2019oiseau chanteur peu commune au Qu\u00e9bec : la Paruline \u00e0 gorge grise (<em>Oporornis agilis<\/em>). Ce projet, men\u00e9 sous la responsabilit\u00e9 de <a href=\"https:\/\/creb-uqac.ca\/equipes\/jacques-ibarzabal\/\" rel=\"noopener\">Jacques Ibarzabal<\/a> (d\u00e9partement des sciences fondamentales, UQAC) avait pour objectif final de d\u00e9velopper un outil de conservation non invasif permettant d\u2019identifier les individus de cette esp\u00e8ce au moyen de leur chant. Il a principalement permis d&#8217;\u00e9valuer les algorithmes d&#8217;extraction de la fr\u00e9quence fondamentale utilis\u00e9s dans le logiciel d&#8217;analyse acoustique Praat dans le cadre d&#8217;\u00e9tudes en bioacoustique et de financer le m\u00e9moire de maitrise de <a href=\"https:\/\/constellation.uqac.ca\/5746\/\" target=\"_blank\" rel=\"noopener\">St\u00e9phanie Bergeron<\/a> consacr\u00e9e \u00e0 la variation intra-individuelle du chant de cet oiseau.<\/p>\n<p>Depuis 2016, un projet consacr\u00e9 \u00e0\u00a0 la\u00a0 description\u00a0 de\u00a0 la\u00a0 communication\u00a0 vocale\u00a0 chez\u00a0 le\u00a0 bonobo\u00a0 (<em>Pan\u00a0 paniscus<\/em>) est en cours. Ce projet r\u00e9alis\u00e9 en collaboration avec <a href=\"https:\/\/www.ddl.ish-lyon.cnrs.fr\/Annuaires\/Index.asp?Langue=FR&amp;Page=Francois%20PELLEGRINO\" target=\"_blank\" rel=\"noopener\">Fran\u00e7ois Pellegrino<\/a> du laboratoire CNRS <em><a title=\"Laboratoire Dynamique du langage\" href=\"https:\/\/www.ddl.ish-lyon.cnrs.fr\/\" target=\"_blank\" rel=\"noopener\">Dynamique du langage<\/a><\/em> de Lyon, <a href=\"https:\/\/www.hdt.arts.hku.hk\/team-1\/dr.-christophe-coup%C3%A9\" target=\"_blank\" rel=\"noopener\">Christophe Coup\u00e9<\/a> de Hong Kong University, <a href=\"https:\/\/sites.google.com\/site\/florencelevrero\" target=\"_blank\" rel=\"noopener\">Florence Levr\u00e9ro<\/a> et <a href=\"https:\/\/www.eneslab.com\/nicolas-mathevon\" target=\"_blank\" rel=\"noopener\">Nicolas Mathevon<\/a> de l\u2019<a href=\"https:\/\/www.eneslab.com\/\" target=\"_blank\" rel=\"noopener\">ENES <\/a>\u00e0 Saint-\u00c9tienne propose\u00a0 une approche pluridisciplinaire m\u00ealant \u00e9thologie, phon\u00e9tique acoustique et apprentissage-machine. Les objectifs sont d\u2019obtenir\u00a0 une\u00a0 meilleure caract\u00e9risation\u00a0 acoustique\u00a0 des\u00a0 cris\u00a0 des\u00a0 bonobos et une compr\u00e9hension\u00a0 plus\u00a0 pouss\u00e9e\u00a0 du syst\u00e8me de communication dans son ensemble (analyse des s\u00e9quences de cris, de leur flexibilit\u00e9 fonctionnelle et de leur complexit\u00e9).<\/p>\n<p>Le r\u00e9pertoire vocal du bonobo a \u00e9t\u00e9, \u00e0 la fois, \u00e9tudi\u00e9 chez des individus en captivit\u00e9 et \u00e0 l\u2019\u00e9tat sauvage (de Waal,\u00a0 1988 ; Bermejo et Omedes, 1999). Il comprend une quinzaine de types de cris parmi lesquels les <em>peep-yelps<\/em>,\u00a0les <em>barks<\/em>, les <em>whistles\u00a0<\/em> ou\u00a0 les <em>peeps<\/em>,\u00a0 ces\u00a0 derniers\u00a0 \u00e9tant\u00a0 les\u00a0 plus\u00a0 fr\u00e9quents. Le r\u00e9pertoire de cette esp\u00e8ce est donc bien \u00e9tabli, mais il se r\u00e9v\u00e8le complexe. Ainsi, les cris peuvent s\u2019organiser sous forme de s\u00e9quences qui ont chacune leur structure et leur dur\u00e9e propres. De plus, les cris des bonobos ne sont pas tous st\u00e9r\u00e9otyp\u00e9s. La structure des cris peut changer subtilement entre chaque production, selon l\u2019identit\u00e9 du bonobo, le contexte (\u00e9pouillage,\u00a0 nourrissage, comportement\u00a0 antagoniste&#8230;), et la position du cri dans la s\u00e9quence.<\/p>\n<p>Nous avons, en premier lieu, cherch\u00e9 \u00e0 savoir s\u2019il \u00e9tait possible, en utilisant diff\u00e9rents algorithmes de classification (comme <em>xgboost<\/em>, <em>svm<\/em> ou <em>r\u00e9seaux de neurones<\/em>), de parvenir \u00e0 classer automatiquement les cris \u00e9mis dans les diff\u00e9rentes cat\u00e9gories de cris. Nous montrons \u00e9galement, qu\u2019en utilisant ces diff\u00e9rents algorithmes d\u2019apprentissage automatique, il est aussi possible de rep\u00e9rer une signature individuelle dans les cris \u00e9mis. Nous ouvrons \u00e9galement la voie \u00e0 l\u2019\u00e9tude des cris en s\u00e9quence et non plus seulement en analysant chaque cri de fa\u00e7on isol\u00e9e. Qui plus est, les m\u00e9thodes d\u2019analyse utilis\u00e9es pourraient \u00eatre g\u00e9n\u00e9ralis\u00e9es \u00e0 d&#8217;autres syst\u00e8mes de communication animale.<\/p>\n<p>Les enregistrements sonores de bonobos sont malheureusement peu nombreux. Cet animal est difficile \u00e0 enregistrer en libert\u00e9, car les individus sont difficilement identifiables. M\u00eame en captivit\u00e9, les enregistrements sont souvent perturb\u00e9s par les bruits ambiants, et d\u00e9s\u00e9quilibr\u00e9s selon les individus et les types de cris enregistr\u00e9s.<\/p>\n<p style=\"padding-left: 30px\"><small>Bermejo, M. &amp; A. Omedes. 1999. Preliminary vocal repertoire and vocal communication of wild bonobos (<em>Pan paniscus<\/em>) at Lilungu (Democratic Republic of Congo). <i>Folia Primatologica: International Journal of Primatology<\/i> 70(6). 328\u2013357.<br \/>\nde Waal, F. B. M. 1988. The communicative repertoire of captive bonobos (Pan paniscus), compared to that of chimpanzees. <i>Behaviour<\/i> 106(3). 183\u2013251.<\/small><\/p>\n","protected":false},"excerpt":{"rendered":"<p>\u00ab Un v\u00e9ritable savant, qui travaille dans son laboratoire, n&#8217;\u00e9crit point science avec un grand S. \u00bb \u2014 Charles P\u00e9guy Le laboratoire de phon\u00e9tique exp\u00e9rimentale offre un lieu convivial de recherche aux \u00e9tudiants prenant part aux cours de phon\u00e9tique ou ayant choisi de poursuivre une ma\u00eetrise en phon\u00e9tique exp\u00e9rimentale ayant qu&#8217;aux chercheurs associ\u00e9s aux diff\u00e9rents &hellip; <a href=\"https:\/\/portfolio.uqac.ca\/vincentarnaud\/laboratoire-de-phonetique\/\" class=\"more-link\">Continuer la lecture de <span class=\"screen-reader-text\">Laboratoire de phon\u00e9tique exp\u00e9rimentale<\/span>  <span class=\"meta-nav\">&rarr;<\/span><\/a><\/p>\n","protected":false},"author":129,"featured_media":0,"parent":0,"menu_order":0,"comment_status":"closed","ping_status":"closed","template":"","meta":{"footnotes":""},"tags":[],"_links":{"self":[{"href":"https:\/\/portfolio.uqac.ca\/vincentarnaud\/wp-json\/wp\/v2\/pages\/147"}],"collection":[{"href":"https:\/\/portfolio.uqac.ca\/vincentarnaud\/wp-json\/wp\/v2\/pages"}],"about":[{"href":"https:\/\/portfolio.uqac.ca\/vincentarnaud\/wp-json\/wp\/v2\/types\/page"}],"author":[{"embeddable":true,"href":"https:\/\/portfolio.uqac.ca\/vincentarnaud\/wp-json\/wp\/v2\/users\/129"}],"replies":[{"embeddable":true,"href":"https:\/\/portfolio.uqac.ca\/vincentarnaud\/wp-json\/wp\/v2\/comments?post=147"}],"version-history":[{"count":118,"href":"https:\/\/portfolio.uqac.ca\/vincentarnaud\/wp-json\/wp\/v2\/pages\/147\/revisions"}],"predecessor-version":[{"id":1039,"href":"https:\/\/portfolio.uqac.ca\/vincentarnaud\/wp-json\/wp\/v2\/pages\/147\/revisions\/1039"}],"wp:attachment":[{"href":"https:\/\/portfolio.uqac.ca\/vincentarnaud\/wp-json\/wp\/v2\/media?parent=147"}],"wp:term":[{"taxonomy":"post_tag","embeddable":true,"href":"https:\/\/portfolio.uqac.ca\/vincentarnaud\/wp-json\/wp\/v2\/tags?post=147"}],"curies":[{"name":"wp","href":"https:\/\/api.w.org\/{rel}","templated":true}]}}