{"id":4,"date":"2012-07-23T17:46:31","date_gmt":"2012-07-23T17:46:31","guid":{"rendered":"http:\/\/portfolio-pre.uqac.ca\/gabarit\/?page_id=4"},"modified":"2025-09-30T14:22:33","modified_gmt":"2025-09-30T18:22:33","slug":"presentatio","status":"publish","type":"page","link":"https:\/\/portfolio.uqac.ca\/vincentarnaud\/","title":{"rendered":"Vincent Arnaud"},"content":{"rendered":"<p style=\"padding-left: 30px\">Professeur agr\u00e9g\u00e9<br \/>\nResponsable du <a href=\"https:\/\/portfolio.uqac.ca\/vincentarnaud\/laboratoire-de-phonetique\/\">laboratoire de phon\u00e9tique exp\u00e9rimentale<br \/>\n<\/a>D<sup>r<\/sup> en linguistique (Universit\u00e9 de Franche-Comt\u00e9)<br \/>\nPh.D. (Universit\u00e9 Laval)<\/p>\n<h3>Affiliations<\/h3>\n<ul style=\"list-style-type: square\">\n<li>Chercheur r\u00e9gulier,\u00a0 <a href=\"https:\/\/www.cirodd.org\" target=\"_blank\" rel=\"noopener\">Centre interdisciplinaire de recherche en op\u00e9rationnalisation du d\u00e9veloppement durable<\/a><\/li>\n<li>Membre du comit\u00e9 ex\u00e9cutif et chercheur r\u00e9gulier,\u00a0<a href=\"https:\/\/www.crihn.org\/\" target=\"_blank\" rel=\"noopener\">Centre de recherche interuniversitaire sur les humanit\u00e9s num\u00e9riques<\/a><\/li>\n<li>Professeur associ\u00e9 \u00e0 la <a href=\"https:\/\/ecoconseil.uqac.ca\/\" target=\"_blank\" rel=\"noopener\">chaire en \u00e9co-conseil<\/a>, UQAC<\/li>\n<li>Membre associ\u00e9, <a href=\"https:\/\/www.uqac.ca\/santedurable\" target=\"_blank\" rel=\"noopener\">Centre intersectoriel en sant\u00e9 durable<\/a>, UQAC<\/li>\n<li>Chercheur associ\u00e9, Laboratoire Dynamique du langage, UMR 5596 (CNRS, Universit\u00e9 Lumi\u00e8re Lyon 2, France) (2017-2019)<\/li>\n<li>Professeur associ\u00e9, Universit\u00e9 Laval (2017-2020)<\/li>\n<\/ul>\n<h3>Int\u00e9r\u00eats de recherche<\/h3>\n<ul style=\"list-style-type: square\">\n<li>Phon\u00e9tique exp\u00e9rimentale<\/li>\n<li>Sociophon\u00e9tique<\/li>\n<li>Acoustique de la parole<\/li>\n<li>Perception de la parole<\/li>\n<li>Sociolinguistique variationniste<\/li>\n<li>Bioacoustique<\/li>\n<li>Traitement automatique des langues<\/li>\n<li>Sciences des donn\u00e9es et statistiques avec R (mod\u00e8les de r\u00e9gression mixtes, classifications, <em>Text mining, Bag of words, Topic Modelling<\/em>&#8230;)<\/li>\n<\/ul>\n<h3>Quelques souvenirs<\/h3>\n<div id='gallery-1' class='gallery galleryid-4 gallery-columns-3 gallery-size-medium'><figure class='gallery-item'>\n\t\t\t<div class='gallery-icon landscape'>\n\t\t\t\t<a href='https:\/\/portfolio.uqac.ca\/vincentarnaud\/files\/2016\/04\/Sans-titre-11-e1478552549746.jpg'><img loading=\"lazy\" decoding=\"async\" width=\"300\" height=\"225\" src=\"https:\/\/portfolio.uqac.ca\/vincentarnaud\/files\/2016\/04\/Sans-titre-11-300x225.jpg\" class=\"attachment-medium size-medium\" alt=\"\" aria-describedby=\"gallery-1-185\" srcset=\"https:\/\/portfolio.uqac.ca\/vincentarnaud\/files\/2016\/04\/Sans-titre-11-300x225.jpg 300w, https:\/\/portfolio.uqac.ca\/vincentarnaud\/files\/2016\/04\/Sans-titre-11-1024x768.jpg 1024w, https:\/\/portfolio.uqac.ca\/vincentarnaud\/files\/2016\/04\/Sans-titre-11-e1478552549746.jpg 600w\" sizes=\"(max-width: 300px) 100vw, 300px\" \/><\/a>\n\t\t\t<\/div>\n\t\t\t\t<figcaption class='wp-caption-text gallery-caption' id='gallery-1-185'>\n\t\t\t\tACFAS, Montr\u00e9al, 2014\n\t\t\t\t<\/figcaption><\/figure><figure class='gallery-item'>\n\t\t\t<div class='gallery-icon landscape'>\n\t\t\t\t<a href='https:\/\/portfolio.uqac.ca\/vincentarnaud\/files\/2016\/04\/Sans-titre-1-e1478552563907.jpg'><img loading=\"lazy\" decoding=\"async\" width=\"300\" height=\"225\" src=\"https:\/\/portfolio.uqac.ca\/vincentarnaud\/files\/2016\/04\/Sans-titre-1-300x225.jpg\" class=\"attachment-medium size-medium\" alt=\"\" aria-describedby=\"gallery-1-175\" srcset=\"https:\/\/portfolio.uqac.ca\/vincentarnaud\/files\/2016\/04\/Sans-titre-1-300x225.jpg 300w, https:\/\/portfolio.uqac.ca\/vincentarnaud\/files\/2016\/04\/Sans-titre-1-1024x768.jpg 1024w, https:\/\/portfolio.uqac.ca\/vincentarnaud\/files\/2016\/04\/Sans-titre-1-e1478552563907.jpg 600w\" sizes=\"(max-width: 300px) 100vw, 300px\" \/><\/a>\n\t\t\t<\/div>\n\t\t\t\t<figcaption class='wp-caption-text gallery-caption' id='gallery-1-175'>\n\t\t\t\tLes fran\u00e7ais d\u2019ici, Moncton, 2014\n\t\t\t\t<\/figcaption><\/figure><figure class='gallery-item'>\n\t\t\t<div class='gallery-icon landscape'>\n\t\t\t\t<a href='https:\/\/portfolio.uqac.ca\/vincentarnaud\/files\/2012\/07\/DSCN4538-e1478552576593.jpg'><img loading=\"lazy\" decoding=\"async\" width=\"300\" height=\"225\" src=\"https:\/\/portfolio.uqac.ca\/vincentarnaud\/files\/2012\/07\/DSCN4538-300x225.jpg\" class=\"attachment-medium size-medium\" alt=\"\" aria-describedby=\"gallery-1-173\" srcset=\"https:\/\/portfolio.uqac.ca\/vincentarnaud\/files\/2012\/07\/DSCN4538-300x225.jpg 300w, https:\/\/portfolio.uqac.ca\/vincentarnaud\/files\/2012\/07\/DSCN4538-1024x768.jpg 1024w, https:\/\/portfolio.uqac.ca\/vincentarnaud\/files\/2012\/07\/DSCN4538-e1478552576593.jpg 600w\" sizes=\"(max-width: 300px) 100vw, 300px\" \/><\/a>\n\t\t\t<\/div>\n\t\t\t\t<figcaption class='wp-caption-text gallery-caption' id='gallery-1-173'>\n\t\t\t\tICPhS, Glasgow, 2015\n\t\t\t\t<\/figcaption><\/figure><figure class='gallery-item'>\n\t\t\t<div class='gallery-icon landscape'>\n\t\t\t\t<a href='https:\/\/portfolio.uqac.ca\/vincentarnaud\/files\/2016\/04\/DSC02022-e1478552512483.jpg'><img loading=\"lazy\" decoding=\"async\" width=\"300\" height=\"199\" src=\"https:\/\/portfolio.uqac.ca\/vincentarnaud\/files\/2016\/04\/DSC02022-300x199.jpg\" class=\"attachment-medium size-medium\" alt=\"\" aria-describedby=\"gallery-1-308\" srcset=\"https:\/\/portfolio.uqac.ca\/vincentarnaud\/files\/2016\/04\/DSC02022-300x199.jpg 300w, https:\/\/portfolio.uqac.ca\/vincentarnaud\/files\/2016\/04\/DSC02022-1024x681.jpg 1024w, https:\/\/portfolio.uqac.ca\/vincentarnaud\/files\/2016\/04\/DSC02022-e1478552512483.jpg 600w\" sizes=\"(max-width: 300px) 100vw, 300px\" \/><\/a>\n\t\t\t<\/div>\n\t\t\t\t<figcaption class='wp-caption-text gallery-caption' id='gallery-1-308'>\n\t\t\t\tLaboratoire DDL (Lyon), mai 2016\n\t\t\t\t<\/figcaption><\/figure><figure class='gallery-item'>\n\t\t\t<div class='gallery-icon landscape'>\n\t\t\t\t<a href='https:\/\/portfolio.uqac.ca\/vincentarnaud\/files\/2016\/04\/DSC02018-e1478552532777.jpg'><img loading=\"lazy\" decoding=\"async\" width=\"300\" height=\"199\" src=\"https:\/\/portfolio.uqac.ca\/vincentarnaud\/files\/2016\/04\/DSC02018-300x199.jpg\" class=\"attachment-medium size-medium\" alt=\"\" aria-describedby=\"gallery-1-307\" srcset=\"https:\/\/portfolio.uqac.ca\/vincentarnaud\/files\/2016\/04\/DSC02018-300x199.jpg 300w, https:\/\/portfolio.uqac.ca\/vincentarnaud\/files\/2016\/04\/DSC02018-1024x681.jpg 1024w, https:\/\/portfolio.uqac.ca\/vincentarnaud\/files\/2016\/04\/DSC02018-e1478552532777.jpg 600w\" sizes=\"(max-width: 300px) 100vw, 300px\" \/><\/a>\n\t\t\t<\/div>\n\t\t\t\t<figcaption class='wp-caption-text gallery-caption' id='gallery-1-307'>\n\t\t\t\tLaboratoire DDL (Lyon), mai 2016\n\t\t\t\t<\/figcaption><\/figure><figure class='gallery-item'>\n\t\t\t<div class='gallery-icon landscape'>\n\t\t\t\t<a href='https:\/\/portfolio.uqac.ca\/vincentarnaud\/files\/2017\/12\/542.jpg'><img loading=\"lazy\" decoding=\"async\" width=\"300\" height=\"200\" src=\"https:\/\/portfolio.uqac.ca\/vincentarnaud\/files\/2017\/12\/542-300x200.jpg\" class=\"attachment-medium size-medium\" alt=\"\" aria-describedby=\"gallery-1-462\" srcset=\"https:\/\/portfolio.uqac.ca\/vincentarnaud\/files\/2017\/12\/542-300x200.jpg 300w, https:\/\/portfolio.uqac.ca\/vincentarnaud\/files\/2017\/12\/542-150x100.jpg 150w, https:\/\/portfolio.uqac.ca\/vincentarnaud\/files\/2017\/12\/542.jpg 600w\" sizes=\"(max-width: 300px) 100vw, 300px\" \/><\/a>\n\t\t\t<\/div>\n\t\t\t\t<figcaption class='wp-caption-text gallery-caption' id='gallery-1-462'>\n\t\t\t\tM\u00e9daille d&#8217;or du Gouv. g\u00e9n\u00e9ral, d\u00e9c. 2017\n\t\t\t\t<\/figcaption><\/figure><figure class='gallery-item'>\n\t\t\t<div class='gallery-icon landscape'>\n\t\t\t\t<a href='https:\/\/portfolio.uqac.ca\/vincentarnaud\/files\/2018\/05\/acfas2018.jpg'><img loading=\"lazy\" decoding=\"async\" width=\"300\" height=\"200\" src=\"https:\/\/portfolio.uqac.ca\/vincentarnaud\/files\/2018\/05\/acfas2018-300x200.jpg\" class=\"attachment-medium size-medium\" alt=\"\" aria-describedby=\"gallery-1-493\" srcset=\"https:\/\/portfolio.uqac.ca\/vincentarnaud\/files\/2018\/05\/acfas2018-300x200.jpg 300w, https:\/\/portfolio.uqac.ca\/vincentarnaud\/files\/2018\/05\/acfas2018-150x100.jpg 150w, https:\/\/portfolio.uqac.ca\/vincentarnaud\/files\/2018\/05\/acfas2018.jpg 600w\" sizes=\"(max-width: 300px) 100vw, 300px\" \/><\/a>\n\t\t\t<\/div>\n\t\t\t\t<figcaption class='wp-caption-text gallery-caption' id='gallery-1-493'>\n\t\t\t\tACFAS 2018\n\t\t\t\t<\/figcaption><\/figure><figure class='gallery-item'>\n\t\t\t<div class='gallery-icon landscape'>\n\t\t\t\t<a href='https:\/\/portfolio.uqac.ca\/vincentarnaud\/files\/2019\/05\/raquebec2019.jpg'><img loading=\"lazy\" decoding=\"async\" width=\"300\" height=\"200\" src=\"https:\/\/portfolio.uqac.ca\/vincentarnaud\/files\/2019\/05\/raquebec2019-300x200.jpg\" class=\"attachment-medium size-medium\" alt=\"\" aria-describedby=\"gallery-1-595\" srcset=\"https:\/\/portfolio.uqac.ca\/vincentarnaud\/files\/2019\/05\/raquebec2019-300x200.jpg 300w, https:\/\/portfolio.uqac.ca\/vincentarnaud\/files\/2019\/05\/raquebec2019-150x100.jpg 150w, https:\/\/portfolio.uqac.ca\/vincentarnaud\/files\/2019\/05\/raquebec2019.jpg 600w\" sizes=\"(max-width: 300px) 100vw, 300px\" \/><\/a>\n\t\t\t<\/div>\n\t\t\t\t<figcaption class='wp-caption-text gallery-caption' id='gallery-1-595'>\n\t\t\t\tR \u00e0 Qu\u00e9bec 2019\n\t\t\t\t<\/figcaption><\/figure>\n\t\t<\/div>\n\n","protected":false},"excerpt":{"rendered":"<p>Professeur agr\u00e9g\u00e9 Responsable du laboratoire de phon\u00e9tique exp\u00e9rimentale Dr en linguistique (Universit\u00e9 de Franche-Comt\u00e9) Ph.D. (Universit\u00e9 Laval) Affiliations Chercheur r\u00e9gulier,\u00a0 Centre interdisciplinaire de recherche en op\u00e9rationnalisation du d\u00e9veloppement durable Membre du comit\u00e9 ex\u00e9cutif et chercheur r\u00e9gulier,\u00a0Centre de recherche interuniversitaire sur les humanit\u00e9s num\u00e9riques Professeur associ\u00e9 \u00e0 la chaire en \u00e9co-conseil, UQAC Membre associ\u00e9, Centre intersectoriel &hellip; <a href=\"https:\/\/portfolio.uqac.ca\/vincentarnaud\/\" class=\"more-link\">Continuer la lecture de <span class=\"screen-reader-text\">Vincent Arnaud<\/span>  <span class=\"meta-nav\">&rarr;<\/span><\/a><\/p>\n","protected":false},"author":129,"featured_media":0,"parent":0,"menu_order":0,"comment_status":"closed","ping_status":"closed","template":"","meta":{"footnotes":""},"tags":[],"_links":{"self":[{"href":"https:\/\/portfolio.uqac.ca\/vincentarnaud\/wp-json\/wp\/v2\/pages\/4"}],"collection":[{"href":"https:\/\/portfolio.uqac.ca\/vincentarnaud\/wp-json\/wp\/v2\/pages"}],"about":[{"href":"https:\/\/portfolio.uqac.ca\/vincentarnaud\/wp-json\/wp\/v2\/types\/page"}],"author":[{"embeddable":true,"href":"https:\/\/portfolio.uqac.ca\/vincentarnaud\/wp-json\/wp\/v2\/users\/129"}],"replies":[{"embeddable":true,"href":"https:\/\/portfolio.uqac.ca\/vincentarnaud\/wp-json\/wp\/v2\/comments?post=4"}],"version-history":[{"count":104,"href":"https:\/\/portfolio.uqac.ca\/vincentarnaud\/wp-json\/wp\/v2\/pages\/4\/revisions"}],"predecessor-version":[{"id":1100,"href":"https:\/\/portfolio.uqac.ca\/vincentarnaud\/wp-json\/wp\/v2\/pages\/4\/revisions\/1100"}],"wp:attachment":[{"href":"https:\/\/portfolio.uqac.ca\/vincentarnaud\/wp-json\/wp\/v2\/media?parent=4"}],"wp:term":[{"taxonomy":"post_tag","embeddable":true,"href":"https:\/\/portfolio.uqac.ca\/vincentarnaud\/wp-json\/wp\/v2\/tags?post=4"}],"curies":[{"name":"wp","href":"https:\/\/api.w.org\/{rel}","templated":true}]}}