{"id":562,"date":"2019-03-30T09:44:47","date_gmt":"2019-03-30T13:44:47","guid":{"rendered":"http:\/\/portfolio-pre.uqac.ca\/vincentarnaud\/?page_id=562"},"modified":"2025-10-03T12:45:19","modified_gmt":"2025-10-03T16:45:19","slug":"medias","status":"publish","type":"page","link":"https:\/\/portfolio.uqac.ca\/vincentarnaud\/medias\/","title":{"rendered":"Presse \/ M\u00e9dias"},"content":{"rendered":"<h2>Vulgarisation scientifique<\/h2>\n<p><strong>26 septembre 2025<\/strong>, Reportage consacr\u00e9 au colloque \u00ab Linguistique, traduction et humanit\u00e9s num\u00e9riques \u00e0 l&#8217;\u00e8re de l&#8217;intelligence artificielle \u00bb au t\u00e9l\u00e9journal r\u00e9gional,<a href=\"https:\/\/ici.radio-canada.ca\/nouvelle\/2195532\/intelligence-artificielle-universite-recherche\" target=\"_blank\" rel=\"noopener\"><em> L\u2019IA au c\u0153ur d\u2019un colloque de linguistique \u00e0 l\u2019UQAC<\/em><\/a>, Ici Radio-Canada Saguenay (diffusion r\u00e9gionale).<\/p>\n<p><strong>6 juillet 2023<\/strong>, Entrevue radiophonique avec Catherine Doucet, <em>Un chercheur de l\u2019UQAC s\u2019int\u00e9resse au langage du bonobo gr\u00e2ce \u00e0 l\u2019IA<\/em>, <a href=\"https:\/\/ici.radio-canada.ca\/ohdio\/premiere\/emissions\/place-publique\/episodes\/724612\/rattrapage-jeudi-6-juillet-2023\/13\" target=\"_blank\" rel=\"noopener\">\u00c9mission \u00ab\u00a0Place publique\u00a0\u00bb<\/a>, Ici Radio-Canada Saguenay (diffusion r\u00e9gionale).<\/p>\n<!--[if lt IE 9]><script>document.createElement('audio');<\/script><![endif]-->\n<audio class=\"wp-audio-shortcode\" id=\"audio-562-1\" preload=\"none\" style=\"width: 100%;\" controls=\"controls\"><source type=\"audio\/mpeg\" src=\"https:\/\/portfolio.uqac.ca\/vincentarnaud\/files\/2023\/07\/6-juillet-2023-Bonobo-Radio-Canada.mp3?_=1\" \/><a href=\"https:\/\/portfolio.uqac.ca\/vincentarnaud\/files\/2023\/07\/6-juillet-2023-Bonobo-Radio-Canada.mp3\">https:\/\/portfolio.uqac.ca\/vincentarnaud\/files\/2023\/07\/6-juillet-2023-Bonobo-Radio-Canada.mp3<\/a><\/audio>\n<p><strong>Juillet 2022<\/strong>, <a href=\"https:\/\/www.imdb.com\/name\/nm13599172\/?ref_=ttfc_fc_cl_t31\" target=\"_blank\" rel=\"noopener\">participation <\/a>\u00e0 l&#8217;<a href=\"https:\/\/www.tfo.org\/serie\/zik\/002463963\" target=\"_blank\" rel=\"noopener\">\u00e9pisode 9 de l&#8217;\u00e9mission Zik<\/a> consacr\u00e9 au clic en musique et&#8230; en parole. L&#8217;\u00e9mission jeunesse Zik diffus\u00e9e sur TFO (T\u00e9l\u00e9vision fran\u00e7aise de l&#8217;Ontario) et produite par Moi &amp; Dave explore le monde sonore de fa\u00e7on ludique.<\/p>\n<p><a href=\"https:\/\/portfolio.uqac.ca\/vincentarnaud\/files\/2019\/03\/screenshots.zik_.jpg\"><img loading=\"lazy\" decoding=\"async\" class=\"aligncenter size-large wp-image-877\" src=\"https:\/\/portfolio.uqac.ca\/vincentarnaud\/files\/2019\/03\/screenshots.zik_-1024x576.jpg\" alt=\"\" width=\"474\" height=\"267\" srcset=\"https:\/\/portfolio.uqac.ca\/vincentarnaud\/files\/2019\/03\/screenshots.zik_-1024x576.jpg 1024w, https:\/\/portfolio.uqac.ca\/vincentarnaud\/files\/2019\/03\/screenshots.zik_-150x84.jpg 150w, https:\/\/portfolio.uqac.ca\/vincentarnaud\/files\/2019\/03\/screenshots.zik_-300x169.jpg 300w, https:\/\/portfolio.uqac.ca\/vincentarnaud\/files\/2019\/03\/screenshots.zik_-768x432.jpg 768w, https:\/\/portfolio.uqac.ca\/vincentarnaud\/files\/2019\/03\/screenshots.zik_.jpg 1280w\" sizes=\"(max-width: 474px) 100vw, 474px\" \/><\/a><\/p>\n<p><strong>14 septembre 2021<\/strong>, Entrevue radiophonique avec Catherine Doucet, <em>Antidote au C\u00e9gep pour faire baisser les \u00e9checs en fran\u00e7ais ?<\/em>, <a href=\"https:\/\/ici.radio-canada.ca\/ohdio\/premiere\/emissions\/place-publique\/episodes\/570370\/rattrapage-du-mardi-14-septembre-2021\/1\" target=\"_blank\" rel=\"noopener\">\u00c9mission \u00ab Place publique \u00bb<\/a>, Ici Radio-Canada Saguenay (diffusion r\u00e9gionale).<\/p>\n<audio class=\"wp-audio-shortcode\" id=\"audio-562-2\" preload=\"none\" style=\"width: 100%;\" controls=\"controls\"><source type=\"audio\/mpeg\" src=\"https:\/\/portfolio.uqac.ca\/vincentarnaud\/files\/2022\/08\/14-septembre-2021-Antidote-Radio-Canada.mp3?_=2\" \/><a href=\"https:\/\/portfolio.uqac.ca\/vincentarnaud\/files\/2022\/08\/14-septembre-2021-Antidote-Radio-Canada.mp3\">https:\/\/portfolio.uqac.ca\/vincentarnaud\/files\/2022\/08\/14-septembre-2021-Antidote-Radio-Canada.mp3<\/a><\/audio>\n<p><strong>2 ao\u00fbt 2020<\/strong>, Avec Marty Laforest de l\u2019UQTR, intervention dans la table ronde scientifique de l\u2019\u00e9mission radiophonique <a href=\"https:\/\/ici.radio-canada.ca\/premiere\/emissions\/ca-prend-un-village\/episodes\/466407\/rattrapage-du-dimanche-2-aout-2020\" target=\"_blank\" rel=\"noopener\">\u00c7a prend un village<\/a> anim\u00e9e par Vincent Graton et Marie Gr\u00e9goire, Ici Radio Canada Premi\u00e8re (diffusion nationale). Cette table ronde est suivie d\u2019une entrevue de Michel Tremblay durant laquelle il porte un regard d\u2019auteur sur les variations lexicales et phon\u00e9tiques du fran\u00e7ais du Qu\u00e9bec.<\/p>\n<p><strong>19-20 mars 2019<\/strong>, \u00e0 l&#8217;occasion de la Journ\u00e9e internationale de la Francophonie, participation \u00e0 deux reportages t\u00e9l\u00e9vis\u00e9s de Mireille Chayer, Ici Radio-Canada Saguenay.<\/p>\n<ul style=\"list-style-type: square\">\n<li><a href=\"https:\/\/ici.radio-canada.ca\/nouvelle\/1159147\/accent-saguenay-phonetique-vincent-arnaud\" target=\"_blank\" rel=\"noopener\">Pourquoi l&#8217;accent saguen\u00e9en est-il si rapidement d\u00e9masqu\u00e9 ?<\/a> (diffusion nationale, en date du 21 avril 2023 : 223 000 vues sur <em>Facebook<\/em>)<\/li>\n<li><a href=\"https:\/\/ici.radio-canada.ca\/nouvelle\/1159373\/accent-francais-quebecois-phonetique-vincent-arnaud\" target=\"_blank\" rel=\"noopener\">L\u2019accent qu\u00e9b\u00e9cois d\u00e9cortiqu\u00e9<\/a> (diffusion r\u00e9gionale, en date du 21 avril 2023 : 52 000 vues sur <em>Facebook<\/em>)<\/li>\n<\/ul>\n<p>Relais m\u00e9diatiques \u00e0 ces deux reportages :<\/p>\n<ul style=\"list-style-type: square\">\n<li>19 mars 2019, Entrevue radiophonique avec Jean-Pierre Girard, <a href=\"https:\/\/ici.radio-canada.ca\/premiere\/emissions\/ya-des-matins\/segments\/entrevue\/110496\/languefrancaise-regions\" target=\"_blank\" rel=\"noopener\">\u00c9mission \u00ab Y a des matins \u00bb<\/a>, Ici Radio-Canada Saguenay (diffusion r\u00e9gionale).<audio class=\"wp-audio-shortcode\" id=\"audio-562-3\" preload=\"none\" style=\"width: 100%;\" controls=\"controls\"><source type=\"audio\/mpeg\" src=\"https:\/\/portfolio.uqac.ca\/vincentarnaud\/files\/2019\/03\/20-mars-2019-Entrevue-Ya-des-matins.mp3?_=3\" \/><a href=\"https:\/\/portfolio.uqac.ca\/vincentarnaud\/files\/2019\/03\/20-mars-2019-Entrevue-Ya-des-matins.mp3\">https:\/\/portfolio.uqac.ca\/vincentarnaud\/files\/2019\/03\/20-mars-2019-Entrevue-Ya-des-matins.mp3<\/a><\/audio><\/li>\n<li>20 mars 2019, Entrevue radiophonique avec Vincent Desautels, Marie-\u00c8ve Jean et Julie Bergeron, <a href=\"https:\/\/www.iheartradio.ca\/rouge-fm\/rouge-fm-saguenay\/phoneticien-vincent-arnaud-1.9031663?mode=Article\" target=\"_blank\" rel=\"noopener\">\u00c9mission \u00ab On est tous debout avec Vincent, Marie-\u00c8ve et Julie \u00bb<\/a>, Rouge FM Saguenay (r\u00e9seau <em>iHeartRadio<\/em>) (diffusion r\u00e9gionale).<audio class=\"wp-audio-shortcode\" id=\"audio-562-4\" preload=\"none\" style=\"width: 100%;\" controls=\"controls\"><source type=\"audio\/mpeg\" src=\"https:\/\/portfolio.uqac.ca\/vincentarnaud\/files\/2019\/03\/20-mars-2019-Entrevue-Rouge-FM-4.mp3?_=4\" \/><a href=\"https:\/\/portfolio.uqac.ca\/vincentarnaud\/files\/2019\/03\/20-mars-2019-Entrevue-Rouge-FM-4.mp3\">https:\/\/portfolio.uqac.ca\/vincentarnaud\/files\/2019\/03\/20-mars-2019-Entrevue-Rouge-FM-4.mp3<\/a><\/audio><\/li>\n<li>20 mars 2019, Synth\u00e8se du reportage de Radio-Canada Saguenay consacr\u00e9 \u00e0 l&#8217;accent saguen\u00e9en, <a href=\"https:\/\/www.iheart.com\/podcast\/962-veronique-et-les-fantastiq-29867045\/\" target=\"_blank\" rel=\"noopener\">\u00c9mission \u00ab V\u00e9ronique et les Fantastiques \u00bb<\/a>, Rouge FM (r\u00e9seau <em>iHeartRadio<\/em>) (diffusion nationale).<audio class=\"wp-audio-shortcode\" id=\"audio-562-5\" preload=\"none\" style=\"width: 100%;\" controls=\"controls\"><source type=\"audio\/mpeg\" src=\"https:\/\/portfolio.uqac.ca\/vincentarnaud\/files\/2019\/03\/20-mars-2019-CITE-FM_2019-03-20_17-34_1028735.mp3?_=5\" \/><a href=\"https:\/\/portfolio.uqac.ca\/vincentarnaud\/files\/2019\/03\/20-mars-2019-CITE-FM_2019-03-20_17-34_1028735.mp3\">https:\/\/portfolio.uqac.ca\/vincentarnaud\/files\/2019\/03\/20-mars-2019-CITE-FM_2019-03-20_17-34_1028735.mp3<\/a><\/audio><\/li>\n<\/ul>\n<p><strong>Septembre 2017<\/strong>, Article de magazine, <a href=\"https:\/\/portfolio.uqac.ca\/vincentarnaud\/files\/2017\/09\/soucoupe_volant-sept-2017.pdf\">La recherche n&#8217;a pas de fronti\u00e8res<\/a>, <em>Soucoupe volante<\/em>, num\u00e9ro 3, Un magazine jeunesse pour les 8-10 ans diffus\u00e9 gratuitement, coordonn\u00e9 par <em>La Rotonde<\/em>, <em>Le Plan\u00e9tarium de Saint-\u00c9tienne<\/em> et le <em>Mus\u00e9e Redpath de l&#8217;Universit\u00e9 de McGill<\/em> (diffusion internationale).<\/p>\n<h2>\u00c0 propos des recherches des membres du laboratoire<\/h2>\n<p><strong>Avril &#8211; mai 2017<\/strong>, Article de presse, <a href=\"https:\/\/portfolio.uqac.ca\/vincentarnaud\/files\/2017\/04\/Qu\u00e9bec-Science-30-03-2017.pdf\">La maitrise du O<\/a> (projet de ma\u00eetrise de Xavier St-Gelais), <em>Qu\u00e9bec Science<\/em> (diffusion nationale).<\/p>\n<p><strong>20 f\u00e9vrier 2017<\/strong>, Article de presse <a href=\"https:\/\/www.lequotidien.com\/actualites\/mieux-se-connaitre-par-la-langue-dbbe8f9a61a13f97d9baa943ec59e9c6\" target=\"_blank\" rel=\"noopener\">Mieux se connaitre par la langue<\/a> (projet de ma\u00eetrise de Xavier St-Gelais), <em>Le Quotidien <\/em>(diffusion r\u00e9gionale).<\/p>\n<p><strong>1<sup>er<\/sup> avril 2016<\/strong>, Xavier St-Gelais, Article de blogue, <a href=\"https:\/\/www.sciencepresse.qc.ca\/blogue\/2016\/04\/01\/genese-dun-interet-pour-linguistique\" target=\"_blank\" rel=\"noopener\">Gen\u00e8se d\u2019un int\u00e9r\u00eat pour la linguistique<\/a>, <em>Blogue ta science<\/em>, Agence Science Presse.<\/p>\n<p><strong>2014-2015<\/strong>, Xavier St-Gelais, S\u00e9rie d&#8217;articles de blogue, <a href=\"https:\/\/blog.uqac.ca\/author\/xavier\/\" target=\"_blank\" rel=\"noopener\">Itin\u00e9raire d&#8217; \u00e9tudiant au baccalaur\u00e9at en linguistique et langue fran\u00e7aise<\/a>, <em>Le blogue des \u00e9tudiants<\/em>, UQAC.<\/p>\n<p><strong>14 mai 2014<\/strong>, Entrevue radiophonique de Josiane Riverin-Coutl\u00e9e avec Jean-Pierre Girard, <a href=\"https:\/\/ici.radio-canada.ca\/emissions\/lheure_de_pointe\/2013-2014\/archives.asp?date=2014\/05\/14&amp;indTime=945&amp;idmedia=7083931\" target=\"_blank\" rel=\"noopener\">\u00c9mission \u00ab L&#8217;heure de pointe \u00bb<\/a>, Ici Radio-Canada Saguenay (diffusion r\u00e9gionale).<\/p>\n<audio class=\"wp-audio-shortcode\" id=\"audio-562-6\" preload=\"none\" style=\"width: 100%;\" controls=\"controls\"><source type=\"audio\/mpeg\" src=\"https:\/\/portfolio.uqac.ca\/vincentarnaud\/files\/2016\/06\/2014_heure_pointe.mp3?_=6\" \/><a href=\"https:\/\/portfolio.uqac.ca\/vincentarnaud\/files\/2016\/06\/2014_heure_pointe.mp3\">https:\/\/portfolio.uqac.ca\/vincentarnaud\/files\/2016\/06\/2014_heure_pointe.mp3<\/a><\/audio>\n<p><strong>26 avril 2014<\/strong>, Entrevue radiophonique de Josiane Riverin-Coutl\u00e9e avec Jo\u00ebl Le Bigot, <a href=\"https:\/\/ici.radio-canada.ca\/emissions\/samedi_dimanche\/2013-2014\/archives.asp?date=2014\/04\/26&amp;indTime=1090&amp;idmedia=7071807\" target=\"_blank\" rel=\"noopener\">\u00c9mission \u00ab Samedi et rien d&#8217;autre \u00bb<\/a>, Ici Radio-Canada Montr\u00e9al (diffusion nationale).<\/p>\n<audio class=\"wp-audio-shortcode\" id=\"audio-562-7\" preload=\"none\" style=\"width: 100%;\" controls=\"controls\"><source type=\"audio\/mpeg\" src=\"https:\/\/portfolio.uqac.ca\/vincentarnaud\/files\/2016\/06\/2014_samedi_rien_autre.mp3?_=7\" \/><a href=\"https:\/\/portfolio.uqac.ca\/vincentarnaud\/files\/2016\/06\/2014_samedi_rien_autre.mp3\">https:\/\/portfolio.uqac.ca\/vincentarnaud\/files\/2016\/06\/2014_samedi_rien_autre.mp3<\/a><\/audio>\n<p><strong>24 avril 2010<\/strong>, Article de presse, <a href=\"https:\/\/portfolio.uqac.ca\/vincentarnaud\/files\/2016\/06\/Le-Quotidien-24-04-10.pdf\">UQAC : Arts et lettres et Sciences fondamentales : un partenariat rare<\/a>, <em>Le Quotidien<\/em> (diffusion r\u00e9gionale).<\/p>\n<p><strong>12 d\u00e9cembre 2009<\/strong>, Article de presse, <a href=\"https:\/\/portfolio.uqac.ca\/vincentarnaud\/files\/2016\/06\/Le-Quotidien-12-12-09.pdf\">UQAC : Vincent Arnaud, professeur \u00e0 l&#8217;Unit\u00e9 en linguistique et langues modernes, \u00ab La variation phon\u00e9tique, une partie de l&#8217;identit\u00e9 \u00bb<\/a>, <em>Le Quotidien<\/em> (diffusion r\u00e9gionale).<\/p>\n<h2>Divers<\/h2>\n<p><strong>14 septembre 2021<\/strong>, Entrevue radiophonique avec Catherine Doucet, <a href=\"https:\/\/ici.radio-canada.ca\/ohdio\/premiere\/emissions\/place-publique\/episodes\/570370\/rattrapage-du-mardi-14-septembre-2021\" target=\"_blank\" rel=\"noopener\">\u00c9mission \u00ab Place publique \u00bb<\/a>, <em>Antidote au c\u00e9gep pour faire baisser les \u00e9checs en fran\u00e7ais ?<\/em>, Ici Radio-Canada Saguenay (diffusion r\u00e9gionale).<\/p>\n<p><strong>Mai 2019<\/strong>, Article de presse, <a href=\"https:\/\/comm.cchic.ca\/oisif\/Journal_Oisif_Printemps_2019\/10\/\" target=\"_blank\" rel=\"noopener\">La f\u00e9minisation des mots : le reflet des changements de la soci\u00e9t\u00e9<\/a>, <em>L&#8217;Oisif : journal \u00e9tudiant du C\u00e9gep de Chicoutimi<\/em>, \u00c9dition printemps 2019, 10-11 (diffusion r\u00e9gionale).<\/p>\n<p><strong>7 septembre 2018<\/strong>, Entrevue radiophonique avec Doris Larouche, <a href=\"https:\/\/ici.radio-canada.ca\/premiere\/emissions\/style-libre\/segments\/entrevue\/86229\/vincent-arnaud-accord-participe-passe-avoir\" target=\"_blank\" rel=\"noopener\">\u00c9mission \u00ab Style libre \u00bb<\/a>, <em>Faut-il simplifier l&#8217;accord du participe pass\u00e9 avec avoir ?<\/em>, Ici Radio-Canada Saguenay (diffusion r\u00e9gionale).<\/p>\n<audio class=\"wp-audio-shortcode\" id=\"audio-562-8\" preload=\"none\" style=\"width: 100%;\" controls=\"controls\"><source type=\"audio\/mpeg\" src=\"https:\/\/portfolio.uqac.ca\/vincentarnaud\/files\/2018\/11\/2018_Style_libre.mp3?_=8\" \/><a href=\"https:\/\/portfolio.uqac.ca\/vincentarnaud\/files\/2018\/11\/2018_Style_libre.mp3\">https:\/\/portfolio.uqac.ca\/vincentarnaud\/files\/2018\/11\/2018_Style_libre.mp3<\/a><\/audio>\n<p><strong>17 f\u00e9vrier 2017<\/strong>, Entrevue radiophonique de Nadia Bolduc, dipl\u00f4m\u00e9e en orthophonie de l\u2019Universit\u00e9 Laval et ancienne \u00e9tudiante du baccalaur\u00e9at en linguistique \u00e0 l\u2019Universit\u00e9 du Qu\u00e9bec \u00e0 Chicoutimi, <a href=\"https:\/\/ceuc.ca\/ceucradio\/\" target=\"_blank\" rel=\"noopener\">CEUC-Radio<\/a>, radio universitaire. Elle souligne l&#8217;importance des savoirs acquis dans les cours de phon\u00e9tique pendant dans son cursus universitaire \u00e0 l&#8217;UQAC.<\/p>\n<audio class=\"wp-audio-shortcode\" id=\"audio-562-9\" preload=\"none\" style=\"width: 100%;\" controls=\"controls\"><source type=\"audio\/mpeg\" src=\"https:\/\/portfolio.uqac.ca\/vincentarnaud\/files\/2017\/03\/Portrait-Nadia-Bolduc-CEUC-radio.mp3?_=9\" \/><a href=\"https:\/\/portfolio.uqac.ca\/vincentarnaud\/files\/2017\/03\/Portrait-Nadia-Bolduc-CEUC-radio.mp3\">https:\/\/portfolio.uqac.ca\/vincentarnaud\/files\/2017\/03\/Portrait-Nadia-Bolduc-CEUC-radio.mp3<\/a><\/audio>\n<h2>Communiqu\u00e9s de presse<\/h2>\n<p>3 octobre 2025, Communiqu\u00e9 de presse, <a href=\"https:\/\/www.uqac.ca\/uqactualites\/2025\/10\/03\/lia-au-coeur-dun-colloque-international-en-linguistique-et-traduction-automatique\/\" target=\"_blank\" rel=\"noopener\">L\u2019IA au c\u0153ur d\u2019un colloque international en linguistique et traduction automatique<\/a>, <em>UQACtualit\u00e9 : le portail d&#8217;information de l&#8217;UQAC<\/em>.<\/p>\n<p>16 mai 2023, Communiqu\u00e9 de presse, <a href=\"https:\/\/portfolio.uqac.ca\/vincentarnaud\/files\/2023\/05\/CP-Le_langage_des_bonobos-decrypte-par-IA_15052023.pdf\">Une \u00e9quipe scientifique mondiale r\u00e9v\u00e8le comment l&#8217;IA d\u00e9m\u00eale le r\u00e9pertoire vocal complexe du bonobo<\/a>, Universit\u00e9 Jean Monnet, Saint-\u00c9tienne (France).<\/p>\n<p>10 janvier 2019, Communiqu\u00e9 de presse, <a href=\"https:\/\/www.uqac.ca\/blog\/2019\/01\/10\/le-professeur-vincent-arnaud-cosigne-une-etude-dans-la-revue-plos-one\/\" target=\"_blank\" rel=\"noopener\">Le professeur Vincent Arnaud cosigne une \u00e9tude dans la revue PLOS ONE<\/a>, <em>UQACtualit\u00e9 : le portail d&#8217;information de l&#8217;UQAC<\/em>.<\/p>\n<p>14 d\u00e9cembre 2017, Communiqu\u00e9 de presse, <a href=\"https:\/\/www.uqac.ca\/blog\/2017\/12\/14\/luqac-decerne-les-medailles-du-gouverneur-general-du-canada-2016-2017\/\" target=\"_blank\" rel=\"noopener\">Xavier St-Gelais : m\u00e9daille d&#8217;or du Gouverneur g\u00e9n\u00e9ral du Canada<\/a>, <em>UQACtualit\u00e9 : le portail d&#8217;information de l&#8217;UQAC<\/em>.<\/p>\n<p>12 octobre 2017, Communiqu\u00e9 de presse, <a href=\"https:\/\/www.uqac.ca\/blog\/2017\/10\/12\/luqac-soutient-une-conference-interdisciplinaire-consacree-a-la-modelisation-mathematique-de-la-vitalite-des-langues-du-monde\/\" target=\"_blank\" rel=\"noopener\">L&#8217;UQAC soutient une conf\u00e9rence interdisciplinaire consacr\u00e9e \u00e0 la mod\u00e9lisation math\u00e9matique de la vitalit\u00e9 des langues du monde<\/a>, <em>UQACtualit\u00e9 : le portail d&#8217;information de l&#8217;UQAC<\/em>.<\/p>\n<p><a href=\"https:\/\/portfolio.uqac.ca\/vincentarnaud\/files\/2016\/04\/xavier-crsh-uqac.jpg\"><img loading=\"lazy\" decoding=\"async\" class=\"alignright size-thumbnail wp-image-304\" src=\"https:\/\/portfolio.uqac.ca\/vincentarnaud\/files\/2016\/04\/xavier-crsh-uqac-150x150.jpg\" alt=\"\" width=\"150\" height=\"150\" \/><\/a>30 septembre 2016, <a href=\"https:\/\/www.uqac.ca\/blog\/2016\/09\/30\/le-crsh-et-la-ministre-lebouthillier-en-visite-a-luqac\/\" target=\"_blank\" rel=\"noopener\">Xavier St-Gelais pr\u00e9sente ses travaux \u00e0 la ministre Lebouthillier et aux repr\u00e9sentants du Conseil de recherche en sciences humaines<\/a>, <em>UQACtualit\u00e9 : le portail d&#8217;information de l&#8217;UQAC<\/em>.<\/p>\n<p>3 septembre 2014, Communiqu\u00e9 de presse, <a href=\"https:\/\/www.uqac.ca\/blog\/2014\/09\/03\/les-etudiants-en-phonetique-de-luqac-se-demarquent\/\" target=\"_blank\" rel=\"noopener\">Les \u00e9tudiants en phon\u00e9tique de l\u2019UQAC se d\u00e9marquent<\/a>, <em>UQACtualit\u00e9 : le portail d&#8217;information de l&#8217;UQAC<\/em>.<\/p>\n","protected":false},"excerpt":{"rendered":"<p>Vulgarisation scientifique 26 septembre 2025, Reportage consacr\u00e9 au colloque \u00ab Linguistique, traduction et humanit\u00e9s num\u00e9riques \u00e0 l&#8217;\u00e8re de l&#8217;intelligence artificielle \u00bb au t\u00e9l\u00e9journal r\u00e9gional, L\u2019IA au c\u0153ur d\u2019un colloque de linguistique \u00e0 l\u2019UQAC, Ici Radio-Canada Saguenay (diffusion r\u00e9gionale). 6 juillet 2023, Entrevue radiophonique avec Catherine Doucet, Un chercheur de l\u2019UQAC s\u2019int\u00e9resse au langage du bonobo &hellip; <a href=\"https:\/\/portfolio.uqac.ca\/vincentarnaud\/medias\/\" class=\"more-link\">Continuer la lecture de <span class=\"screen-reader-text\">Presse \/ M\u00e9dias<\/span>  <span class=\"meta-nav\">&rarr;<\/span><\/a><\/p>\n","protected":false},"author":129,"featured_media":0,"parent":0,"menu_order":0,"comment_status":"closed","ping_status":"closed","template":"","meta":{"footnotes":""},"tags":[],"_links":{"self":[{"href":"https:\/\/portfolio.uqac.ca\/vincentarnaud\/wp-json\/wp\/v2\/pages\/562"}],"collection":[{"href":"https:\/\/portfolio.uqac.ca\/vincentarnaud\/wp-json\/wp\/v2\/pages"}],"about":[{"href":"https:\/\/portfolio.uqac.ca\/vincentarnaud\/wp-json\/wp\/v2\/types\/page"}],"author":[{"embeddable":true,"href":"https:\/\/portfolio.uqac.ca\/vincentarnaud\/wp-json\/wp\/v2\/users\/129"}],"replies":[{"embeddable":true,"href":"https:\/\/portfolio.uqac.ca\/vincentarnaud\/wp-json\/wp\/v2\/comments?post=562"}],"version-history":[{"count":42,"href":"https:\/\/portfolio.uqac.ca\/vincentarnaud\/wp-json\/wp\/v2\/pages\/562\/revisions"}],"predecessor-version":[{"id":1101,"href":"https:\/\/portfolio.uqac.ca\/vincentarnaud\/wp-json\/wp\/v2\/pages\/562\/revisions\/1101"}],"wp:attachment":[{"href":"https:\/\/portfolio.uqac.ca\/vincentarnaud\/wp-json\/wp\/v2\/media?parent=562"}],"wp:term":[{"taxonomy":"post_tag","embeddable":true,"href":"https:\/\/portfolio.uqac.ca\/vincentarnaud\/wp-json\/wp\/v2\/tags?post=562"}],"curies":[{"name":"wp","href":"https:\/\/api.w.org\/{rel}","templated":true}]}}